{"id":381384,"date":"2023-07-06T02:00:00","date_gmt":"2022-12-14T00:00:00","guid":{"rendered":""},"modified":"2023-07-06T09:47:30","modified_gmt":"2023-07-06T07:47:30","slug":"hbt-gateway-fr_fr","status":"publish","type":"product","link":"https:\/\/www.calibereurope.com\/fr\/produit\/hbt-gateway-fr_fr\/","title":{"rendered":"Ampoule intelligente &#8211; Passerelle (HBT-GATEWAY)"},"content":{"rendered":"<p>Les ampoules connect\u00e9es ne peuvent pas \u00eatre r\u00e9gl\u00e9es avec un variateur mural traditionnel. Mais vous pouvez le faire tr\u00e8s facilement via notre application. Vous pr\u00e9f\u00e9rez ne pas faire fonctionner vos ampoules connect\u00e9es via l&#39;application ? Dans ce cas, utilisez notre variateur de lumi\u00e8re intelligent sans fil. Ce variateur se connecte \u00e0 l&#39;\u00e9clairage via le r\u00e9seau &#39;Bluetooth Low Energy Mesh&#39;. Vous n&#39;avez pas besoin d&#39;un signal Wi-Fi pour cela. Avec le variateur, vous pouvez bien s\u00fbr faire varier l&#39;intensit\u00e9 de l&#39;\u00e9clairage, mais vous pouvez aussi allumer et \u00e9teindre les lampes connect\u00e9es et en changer la couleur. <\/p>\n<p> Reliez le variateur aux lumi\u00e8res intelligentes via l&#39;application, puis contr\u00f4lez-les sans avoir besoin d&#39;un smartphone ou d&#39;une tablette connect\u00e9e. Ainsi, m\u00eame les personnes qui n&#39;ont pas acc\u00e8s \u00e0 l&#39;appli peuvent facilement faire fonctionner les lumi\u00e8res. Pensez \u00e0 la femme de m\u00e9nage, par exemple. Placez-la \u00e0 un endroit bien en vue. Au mur ? Fixez-la au mur avec du ruban adh\u00e9sif double face pour ne pas avoir \u00e0 percer.<\/p>\n","protected":false},"excerpt":{"rendered":"<ul>\n<li>Ampoule LED avec culot E27<\/li>\n<li>Mod\u00e8le d&#8217;ampoule A19 &#8216;poire&#8217;<\/li>\n<li>Ensemble de 3 ampoules + Passerelle<\/li>\n<li>8 watts et 850 lumen<\/li>\n<li>Temp\u00e9rature de couleur 2700K \u00e0 6500K<\/li>\n<li>Ampoule RGB : toutes les couleurs possibles<\/li>\n<li>Compatible avec les articles connect\u00e9s Caliber HBT<\/li>\n<li>Compatible avec Alexa, Siri et Google<\/li>\n<li>Contr\u00f4lable via l&#8217;application gratuite Caliber Smart Home<\/li>\n<li>Fonctionne en WiFi et Bluetooth<\/li>\n<\/ul>\n","protected":false},"featured_media":1502730,"comment_status":"open","ping_status":"closed","template":"","meta":{"inline_featured_image":false},"product_brand":[],"product_cat":[6373,6361],"product_tag":[],"class_list":{"0":"post-381384","1":"product","2":"type-product","3":"status-publish","4":"has-post-thumbnail","6":"product_cat-lampen_fr_FR","7":"product_cat-smarthome_fr_FR","9":"first","10":"instock","11":"taxable","12":"shipping-taxable","13":"purchasable","14":"product-type-simple"},"yoast_head":"<!-- This site is optimized with the Yoast SEO plugin v24.4 - https:\/\/yoast.com\/wordpress\/plugins\/seo\/ -->\n<title>Ampoule intelligente - Passerelle (HBT-GATEWAY) | Caliber<\/title>\n<meta name=\"robots\" content=\"index, follow, max-snippet:-1, max-image-preview:large, max-video-preview:-1\" \/>\n<link rel=\"canonical\" href=\"https:\/\/www.calibereurope.com\/fr\/produit\/hbt-gateway-fr_fr\/\" \/>\n<meta property=\"og:locale\" content=\"fr_FR\" \/>\n<meta property=\"og:type\" content=\"article\" \/>\n<meta property=\"og:title\" content=\"Ampoule intelligente - Passerelle (HBT-GATEWAY) | Caliber\" \/>\n<meta property=\"og:description\" content=\"Ampoule LED avec culot E27Mod\u00e8le d&#039;ampoule A19 &#039;poire&#039;Ensemble de 3 ampoules + Passerelle8 watts et 850 lumenTemp\u00e9rature de couleur 2700K \u00e0 6500KAmpoule RGB : toutes les couleurs possiblesCompatible avec les articles connect\u00e9s Caliber HBTCompatible avec Alexa, Siri et GoogleContr\u00f4lable via l&#039;application gratuite Caliber Smart HomeFonctionne en WiFi et Bluetooth\" \/>\n<meta property=\"og:url\" content=\"https:\/\/www.calibereurope.com\/fr\/produit\/hbt-gateway-fr_fr\/\" \/>\n<meta property=\"og:site_name\" content=\"Caliber\" \/>\n<meta property=\"article:publisher\" content=\"https:\/\/facebook.com\/CaliberEurope\/\" \/>\n<meta property=\"article:modified_time\" content=\"2023-07-06T07:47:30+00:00\" \/>\n<meta property=\"og:image\" content=\"https:\/\/www.calibereurope.com\/wp-content\/uploads\/2023\/01\/bebad2819813e2e2052e7a84138ea1bd91e3bad9_HBT_Gateway_verpakking2-6.jpg\" \/>\n\t<meta property=\"og:image:width\" content=\"1024\" \/>\n\t<meta property=\"og:image:height\" content=\"768\" \/>\n\t<meta property=\"og:image:type\" content=\"image\/jpeg\" \/>\n<meta name=\"twitter:card\" content=\"summary_large_image\" \/>\n<meta name=\"twitter:site\" content=\"@calibereurope\" \/>\n<meta name=\"twitter:label1\" content=\"Prix\" \/>\n\t<meta name=\"twitter:data1\" content=\"24,95\" \/>\n\t<meta name=\"twitter:label2\" content=\"Availability\" \/>\n\t<meta name=\"twitter:data2\" content=\"In stock\" \/>\n<script type=\"application\/ld+json\" class=\"yoast-schema-graph\">{\"@context\":\"https:\/\/schema.org\",\"@graph\":[{\"@type\":\"WebPage\",\"@id\":\"https:\/\/www.calibereurope.com\/fr\/produit\/hbt-gateway-fr_fr\/\",\"url\":\"https:\/\/www.calibereurope.com\/fr\/produit\/hbt-gateway-fr_fr\/\",\"name\":\"Ampoule intelligente - Passerelle (HBT-GATEWAY) | Caliber\",\"isPartOf\":{\"@id\":\"https:\/\/www.calibereurope.com\/fr\/#website\"},\"primaryImageOfPage\":{\"@id\":\"https:\/\/www.calibereurope.com\/fr\/produit\/hbt-gateway-fr_fr\/#primaryimage\"},\"image\":{\"@id\":\"https:\/\/www.calibereurope.com\/fr\/produit\/hbt-gateway-fr_fr\/#primaryimage\"},\"thumbnailUrl\":\"https:\/\/www.calibereurope.com\/wp-content\/uploads\/2023\/07\/bebad2819813e2e2052e7a84138ea1bd91e3bad9_HBT_Gateway_verpakking2.jpg\",\"datePublished\":\"2022-12-14T00:00:00+00:00\",\"dateModified\":\"2023-07-06T07:47:30+00:00\",\"breadcrumb\":{\"@id\":\"https:\/\/www.calibereurope.com\/fr\/produit\/hbt-gateway-fr_fr\/#breadcrumb\"},\"inLanguage\":\"fr-FR\",\"potentialAction\":[{\"@type\":\"ReadAction\",\"target\":[\"https:\/\/www.calibereurope.com\/fr\/produit\/hbt-gateway-fr_fr\/\"]}]},{\"@type\":\"ImageObject\",\"inLanguage\":\"fr-FR\",\"@id\":\"https:\/\/www.calibereurope.com\/fr\/produit\/hbt-gateway-fr_fr\/#primaryimage\",\"url\":\"https:\/\/www.calibereurope.com\/wp-content\/uploads\/2023\/07\/bebad2819813e2e2052e7a84138ea1bd91e3bad9_HBT_Gateway_verpakking2.jpg\",\"contentUrl\":\"https:\/\/www.calibereurope.com\/wp-content\/uploads\/2023\/07\/bebad2819813e2e2052e7a84138ea1bd91e3bad9_HBT_Gateway_verpakking2.jpg\",\"width\":1024,\"height\":768},{\"@type\":\"BreadcrumbList\",\"@id\":\"https:\/\/www.calibereurope.com\/fr\/produit\/hbt-gateway-fr_fr\/#breadcrumb\",\"itemListElement\":[{\"@type\":\"ListItem\",\"position\":1,\"name\":\"Home\",\"item\":\"https:\/\/www.calibereurope.com\/fr\/\"},{\"@type\":\"ListItem\",\"position\":2,\"name\":\"Boutique en ligne\",\"item\":\"https:\/\/www.calibereurope.com\/fr\/boutique-en-ligne\/\"},{\"@type\":\"ListItem\",\"position\":3,\"name\":\"Maison intelligente\",\"item\":\"https:\/\/www.calibereurope.com\/fr\/smarthome_fr_FR\/\"},{\"@type\":\"ListItem\",\"position\":4,\"name\":\"Lampes\",\"item\":\"https:\/\/www.calibereurope.com\/fr\/smarthome_fr_FR\/lampen_fr_FR\/\"},{\"@type\":\"ListItem\",\"position\":5,\"name\":\"Ampoule intelligente &#8211; Passerelle (HBT-GATEWAY)\"}]},{\"@type\":\"WebSite\",\"@id\":\"https:\/\/www.calibereurope.com\/fr\/#website\",\"url\":\"https:\/\/www.calibereurope.com\/fr\/\",\"name\":\"Caliber\",\"description\":\"Sounds good!\",\"publisher\":{\"@id\":\"https:\/\/www.calibereurope.com\/fr\/#organization\"},\"potentialAction\":[{\"@type\":\"SearchAction\",\"target\":{\"@type\":\"EntryPoint\",\"urlTemplate\":\"https:\/\/www.calibereurope.com\/fr\/?s={search_term_string}\"},\"query-input\":{\"@type\":\"PropertyValueSpecification\",\"valueRequired\":true,\"valueName\":\"search_term_string\"}}],\"inLanguage\":\"fr-FR\"},{\"@type\":\"Organization\",\"@id\":\"https:\/\/www.calibereurope.com\/fr\/#organization\",\"name\":\"Caliber Europe B.V.\",\"url\":\"https:\/\/www.calibereurope.com\/fr\/\",\"logo\":{\"@type\":\"ImageObject\",\"inLanguage\":\"fr-FR\",\"@id\":\"https:\/\/www.calibereurope.com\/fr\/#\/schema\/logo\/image\/\",\"url\":\"https:\/\/www.calibereurope.com\/wp-content\/uploads\/2019\/11\/Logo-Caliber-e1574846289621.png\",\"contentUrl\":\"https:\/\/www.calibereurope.com\/wp-content\/uploads\/2019\/11\/Logo-Caliber-e1574846289621.png\",\"width\":400,\"height\":69,\"caption\":\"Caliber Europe B.V.\"},\"image\":{\"@id\":\"https:\/\/www.calibereurope.com\/fr\/#\/schema\/logo\/image\/\"},\"sameAs\":[\"https:\/\/facebook.com\/CaliberEurope\/\",\"https:\/\/x.com\/calibereurope\",\"https:\/\/www.instagram.com\/calibereurope\/\"]}]}<\/script>\n<meta property=\"product:price:amount\" content=\"24.95\" \/>\n<meta property=\"product:price:currency\" content=\"EUR\" \/>\n<meta property=\"og:availability\" content=\"instock\" \/>\n<meta property=\"product:availability\" content=\"instock\" \/>\n<meta property=\"product:retailer_item_id\" content=\"HBT-GATEWAY\" \/>\n<meta property=\"product:condition\" content=\"new\" \/>\n<!-- \/ Yoast SEO plugin. -->","yoast_head_json":{"title":"Ampoule intelligente - Passerelle (HBT-GATEWAY) | Caliber","robots":{"index":"index","follow":"follow","max-snippet":"max-snippet:-1","max-image-preview":"max-image-preview:large","max-video-preview":"max-video-preview:-1"},"canonical":"https:\/\/www.calibereurope.com\/fr\/produit\/hbt-gateway-fr_fr\/","og_locale":"fr_FR","og_type":"article","og_title":"Ampoule intelligente - Passerelle (HBT-GATEWAY) | Caliber","og_description":"Ampoule LED avec culot E27Mod\u00e8le d'ampoule A19 'poire'Ensemble de 3 ampoules + Passerelle8 watts et 850 lumenTemp\u00e9rature de couleur 2700K \u00e0 6500KAmpoule RGB : toutes les couleurs possiblesCompatible avec les articles connect\u00e9s Caliber HBTCompatible avec Alexa, Siri et GoogleContr\u00f4lable via l'application gratuite Caliber Smart HomeFonctionne en WiFi et Bluetooth","og_url":"https:\/\/www.calibereurope.com\/fr\/produit\/hbt-gateway-fr_fr\/","og_site_name":"Caliber","article_publisher":"https:\/\/facebook.com\/CaliberEurope\/","article_modified_time":"2023-07-06T07:47:30+00:00","og_image":[{"width":1024,"height":768,"url":"https:\/\/www.calibereurope.com\/wp-content\/uploads\/2023\/01\/bebad2819813e2e2052e7a84138ea1bd91e3bad9_HBT_Gateway_verpakking2-6.jpg","type":"image\/jpeg"}],"twitter_card":"summary_large_image","twitter_site":"@calibereurope","twitter_misc":{"Prix":"24,95","Availability":"In stock"},"schema":{"@context":"https:\/\/schema.org","@graph":[{"@type":"WebPage","@id":"https:\/\/www.calibereurope.com\/fr\/produit\/hbt-gateway-fr_fr\/","url":"https:\/\/www.calibereurope.com\/fr\/produit\/hbt-gateway-fr_fr\/","name":"Ampoule intelligente - Passerelle (HBT-GATEWAY) | Caliber","isPartOf":{"@id":"https:\/\/www.calibereurope.com\/fr\/#website"},"primaryImageOfPage":{"@id":"https:\/\/www.calibereurope.com\/fr\/produit\/hbt-gateway-fr_fr\/#primaryimage"},"image":{"@id":"https:\/\/www.calibereurope.com\/fr\/produit\/hbt-gateway-fr_fr\/#primaryimage"},"thumbnailUrl":"https:\/\/www.calibereurope.com\/wp-content\/uploads\/2023\/07\/bebad2819813e2e2052e7a84138ea1bd91e3bad9_HBT_Gateway_verpakking2.jpg","datePublished":"2022-12-14T00:00:00+00:00","dateModified":"2023-07-06T07:47:30+00:00","breadcrumb":{"@id":"https:\/\/www.calibereurope.com\/fr\/produit\/hbt-gateway-fr_fr\/#breadcrumb"},"inLanguage":"fr-FR","potentialAction":[{"@type":"ReadAction","target":["https:\/\/www.calibereurope.com\/fr\/produit\/hbt-gateway-fr_fr\/"]}]},{"@type":"ImageObject","inLanguage":"fr-FR","@id":"https:\/\/www.calibereurope.com\/fr\/produit\/hbt-gateway-fr_fr\/#primaryimage","url":"https:\/\/www.calibereurope.com\/wp-content\/uploads\/2023\/07\/bebad2819813e2e2052e7a84138ea1bd91e3bad9_HBT_Gateway_verpakking2.jpg","contentUrl":"https:\/\/www.calibereurope.com\/wp-content\/uploads\/2023\/07\/bebad2819813e2e2052e7a84138ea1bd91e3bad9_HBT_Gateway_verpakking2.jpg","width":1024,"height":768},{"@type":"BreadcrumbList","@id":"https:\/\/www.calibereurope.com\/fr\/produit\/hbt-gateway-fr_fr\/#breadcrumb","itemListElement":[{"@type":"ListItem","position":1,"name":"Home","item":"https:\/\/www.calibereurope.com\/fr\/"},{"@type":"ListItem","position":2,"name":"Boutique en ligne","item":"https:\/\/www.calibereurope.com\/fr\/boutique-en-ligne\/"},{"@type":"ListItem","position":3,"name":"Maison intelligente","item":"https:\/\/www.calibereurope.com\/fr\/smarthome_fr_FR\/"},{"@type":"ListItem","position":4,"name":"Lampes","item":"https:\/\/www.calibereurope.com\/fr\/smarthome_fr_FR\/lampen_fr_FR\/"},{"@type":"ListItem","position":5,"name":"Ampoule intelligente &#8211; Passerelle (HBT-GATEWAY)"}]},{"@type":"WebSite","@id":"https:\/\/www.calibereurope.com\/fr\/#website","url":"https:\/\/www.calibereurope.com\/fr\/","name":"Caliber","description":"Sounds good!","publisher":{"@id":"https:\/\/www.calibereurope.com\/fr\/#organization"},"potentialAction":[{"@type":"SearchAction","target":{"@type":"EntryPoint","urlTemplate":"https:\/\/www.calibereurope.com\/fr\/?s={search_term_string}"},"query-input":{"@type":"PropertyValueSpecification","valueRequired":true,"valueName":"search_term_string"}}],"inLanguage":"fr-FR"},{"@type":"Organization","@id":"https:\/\/www.calibereurope.com\/fr\/#organization","name":"Caliber Europe B.V.","url":"https:\/\/www.calibereurope.com\/fr\/","logo":{"@type":"ImageObject","inLanguage":"fr-FR","@id":"https:\/\/www.calibereurope.com\/fr\/#\/schema\/logo\/image\/","url":"https:\/\/www.calibereurope.com\/wp-content\/uploads\/2019\/11\/Logo-Caliber-e1574846289621.png","contentUrl":"https:\/\/www.calibereurope.com\/wp-content\/uploads\/2019\/11\/Logo-Caliber-e1574846289621.png","width":400,"height":69,"caption":"Caliber Europe B.V."},"image":{"@id":"https:\/\/www.calibereurope.com\/fr\/#\/schema\/logo\/image\/"},"sameAs":["https:\/\/facebook.com\/CaliberEurope\/","https:\/\/x.com\/calibereurope","https:\/\/www.instagram.com\/calibereurope\/"]}]},"product_price_amount":"24.95","product_price_currency":"EUR","og_availability":"instock","product_availability":"instock","product_retailer_item_id":"HBT-GATEWAY","product_condition":"new"},"_links":{"self":[{"href":"https:\/\/www.calibereurope.com\/fr\/wp-json\/wp\/v2\/product\/381384","targetHints":{"allow":["GET"]}}],"collection":[{"href":"https:\/\/www.calibereurope.com\/fr\/wp-json\/wp\/v2\/product"}],"about":[{"href":"https:\/\/www.calibereurope.com\/fr\/wp-json\/wp\/v2\/types\/product"}],"replies":[{"embeddable":true,"href":"https:\/\/www.calibereurope.com\/fr\/wp-json\/wp\/v2\/comments?post=381384"}],"wp:featuredmedia":[{"embeddable":true,"href":"https:\/\/www.calibereurope.com\/fr\/wp-json\/wp\/v2\/media\/1502730"}],"wp:attachment":[{"href":"https:\/\/www.calibereurope.com\/fr\/wp-json\/wp\/v2\/media?parent=381384"}],"wp:term":[{"taxonomy":"product_brand","embeddable":true,"href":"https:\/\/www.calibereurope.com\/fr\/wp-json\/wp\/v2\/product_brand?post=381384"},{"taxonomy":"product_cat","embeddable":true,"href":"https:\/\/www.calibereurope.com\/fr\/wp-json\/wp\/v2\/product_cat?post=381384"},{"taxonomy":"product_tag","embeddable":true,"href":"https:\/\/www.calibereurope.com\/fr\/wp-json\/wp\/v2\/product_tag?post=381384"}],"curies":[{"name":"wp","href":"https:\/\/api.w.org\/{rel}","templated":true}]}}