{"id":381829,"date":"2026-04-12T00:00:00","date_gmt":"2026-04-12T00:00:00","guid":{"rendered":"0"},"modified":"2026-04-12T11:38:02","modified_gmt":"2026-04-12T09:38:02","slug":"HCG019QI-PB-fr_FR","status":"publish","type":"product","link":"https:\/\/www.calibereurope.com\/fr\/produit\/HCG019QI-PB-fr_FR\/","title":{"rendered":"R\u00e9veil Num\u00e9rique avec Chargeur Sans Fil &#8211; Double R\u00e9veil avec Lumi\u00e8re de R\u00e9veil &#8211; Pacific Blue (HCG019QI-PB)"},"content":{"rendered":"<p>Vous et votre t\u00e9l\u00e9phone d\u00e9marrez la journ\u00e9e recharg\u00e9s \u00e0 fond avec ce r\u00e9veil num\u00e9rique Caliber HCG019QI-PB avec <strong>chargeur sans fil<\/strong>. Cet appareil est dot\u00e9 d&#39;un <strong>grand \u00e9cran blanc<\/strong> avec <strong>fonction de graduation<\/strong> et est fabriqu\u00e9 dans la <strong>couleur de l&#39;iPhone Pacific Blue<\/strong>. Il est possible de r\u00e9gler <strong>2 heures d&#39;alarme<\/strong> et une fonction <strong>snooze<\/strong> est \u00e9galement disponible, afin que vous puissiez vous r\u00e9veiller exactement comme vous le souhaitez. Ce r\u00e9veil de Caliber est dot\u00e9 d&#39;une <strong>veilleuse<\/strong> dont <strong>la couleur est r\u00e9glable<\/strong> et d&#39;une lumi\u00e8re de r\u00e9veil. Gr\u00e2ce \u00e0 la batterie de secours, vous ne risquez plus de vous dormir trop longtemps. <\/p>\n<p><strong>Caract\u00e9ristiques :<\/strong><\/p>\n<ul>\n<li>Avec chargeur de t\u00e9l\u00e9phone sans fil <\/li>\n<li>Grand \u00e9cran blanc <\/li>\n<li>possibilit\u00e9 de r\u00e9gler 2 heures d&#39;alarme<\/li>\n<li>\u00c9cran \u00e0 gradation <\/li>\n<li>Fonction Snooze <\/li>\n<li>Veilleuse en plusieurs couleurs <\/li>\n<li>Lumi\u00e8re de r\u00e9veil <\/li>\n<li>Batterie de secours <\/li>\n<li>Couleur : iPhone pacific blue <\/li>\n<li>Pas de fonction FM <\/li>\n<\/ul>\n<h3>R\u00e9veil num\u00e9rique multifonction <\/h3>\n<p>Ce r\u00e9veil num\u00e9rique de Caliber a tout ce dont vous avez besoin. Il comprend \u00e0 la fois un chargeur sans fil pour votre t\u00e9l\u00e9phone et une veilleuse. Le r\u00e9veil prend en charge la recharge via la technologie Qi de charge rapide. Votre t\u00e9l\u00e9phone est-il compatible ? Vous pourrez alors le recharger sans fil via le r\u00e9veil ! Ce n\u2019est pas le cas ? Vous pouvez alors charger votre t\u00e9l\u00e9phone via la sortie USB disponible. En outre, le r\u00e9veil est dot\u00e9 d&#39;une veilleuse aux couleurs d&#39;ambiance vari\u00e9es. <\/p>\n<h3>Ce r\u00e9veil vous permet de vous r\u00e9veiller comme vous le souhaitez <\/h3>\n<p>Il est possible de r\u00e9gler deux heures d&#39;alarme sur le r\u00e9veil de cet appareil. Id\u00e9al pour utiliser le m\u00eame r\u00e9veil lorsque vous et votre partenaire vous levez \u00e0 des heures diff\u00e9rentes ! Vous pouvez \u00e9galement d\u00e9finir une fonction snooze, afin de pouvoir vous retourner lorsque le r\u00e9veil sonne sans pour autant vous endormir instantan\u00e9ment. Vous serez r\u00e9veill\u00e9 par un signal sonore. Bon \u00e0 savoir : ce r\u00e9veil num\u00e9rique avec chargeur sans fil de Caliber n&#39;a pas de fonction radio. <\/p>\n<h3>R\u00e9veil pratique \u00e0 utiliser <\/h3>\n<p>Le design \u00e9l\u00e9gant de ce r\u00e9veil pr\u00e9sente un grand \u00e9cran blanc. Gr\u00e2ce \u00e0 la fonction de gradation automatique, la luminosit\u00e9 s&#39;adapte \u00e0 l&#39;environnement. L&#39;\u00e9cran devient moins lumineux vers minuit et redevient compl\u00e8tement lumineux au petit matin. De cette fa\u00e7on, le r\u00e9veil num\u00e9rique agit comme une lumi\u00e8re de r\u00e9veil et vous vous r\u00e9veillez agr\u00e9ablement. Vous pouvez r\u00e9gler la luminosit\u00e9 de l&#39;\u00e9cran \u00e0 tout moment. Comme tous les r\u00e9veils modernes, ce r\u00e9veil dispose d&#39;une batterie de secours. De cette mani\u00e8re, le r\u00e9veil vous r\u00e9veillera toujours \u00e0 l&#39;heure, m\u00eame en cas de panne de courant soudaine. <\/p>\n","protected":false},"excerpt":{"rendered":"<ul>\n<li>Avec chargeur de t\u00e9l\u00e9phone sans fil<\/li>\n<li>Grand \u00e9cran blanc<\/li>\n<li>possibilit\u00e9 de r\u00e9gler 2 heures d&#8217;alarme<\/li>\n<li>\u00c9cran \u00e0 gradation<\/li>\n<li>Fonction Snooze<\/li>\n<li>Veilleuse en plusieurs couleurs<\/li>\n<li>Lumi\u00e8re de r\u00e9veil<\/li>\n<li>Batterie de secours<\/li>\n<li>Couleur : iPhone pacific blue<\/li>\n<li>Pas de fonction FM<\/li>\n<\/ul>\n","protected":false},"featured_media":1688381,"comment_status":"open","ping_status":"open","template":"","meta":{"inline_featured_image":false},"product_brand":[],"product_cat":[7902,7884],"product_tag":[],"class_list":{"0":"post-381829","1":"product","2":"type-product","3":"status-publish","4":"has-post-thumbnail","6":"product_cat-wekker_radios_fr_FR","7":"product_cat-wonen_fr_FR","9":"first","10":"instock","11":"taxable","12":"shipping-taxable","13":"purchasable","14":"product-type-simple"},"yoast_head":"<!-- This site is optimized with the Yoast SEO plugin v24.4 - https:\/\/yoast.com\/wordpress\/plugins\/seo\/ -->\n<title>R\u00e9veil Num\u00e9rique avec Chargeur Sans Fil - Double R\u00e9veil avec Lumi\u00e8re de R\u00e9veil - Pacific Blue (HCG019QI-PB) | Caliber<\/title>\n<meta name=\"robots\" content=\"index, follow, max-snippet:-1, max-image-preview:large, max-video-preview:-1\" \/>\n<link rel=\"canonical\" href=\"https:\/\/www.calibereurope.com\/fr\/produit\/HCG019QI-PB-fr_FR\/\" \/>\n<meta property=\"og:locale\" content=\"fr_FR\" \/>\n<meta property=\"og:type\" content=\"article\" \/>\n<meta property=\"og:title\" content=\"R\u00e9veil Num\u00e9rique avec Chargeur Sans Fil - Double R\u00e9veil avec Lumi\u00e8re de R\u00e9veil - Pacific Blue (HCG019QI-PB) | Caliber\" \/>\n<meta property=\"og:description\" content=\"Avec chargeur de t\u00e9l\u00e9phone sans filGrand \u00e9cran blancpossibilit\u00e9 de r\u00e9gler 2 heures d&#039;alarme\u00c9cran \u00e0 gradationFonction SnoozeVeilleuse en plusieurs couleursLumi\u00e8re de r\u00e9veilBatterie de secoursCouleur : iPhone pacific bluePas de fonction FM\" \/>\n<meta property=\"og:url\" content=\"https:\/\/www.calibereurope.com\/fr\/produit\/HCG019QI-PB-fr_FR\/\" \/>\n<meta property=\"og:site_name\" content=\"Caliber\" \/>\n<meta property=\"article:publisher\" content=\"https:\/\/facebook.com\/CaliberEurope\/\" \/>\n<meta property=\"article:modified_time\" content=\"2026-04-12T09:38:02+00:00\" \/>\n<meta property=\"og:image\" content=\"https:\/\/www.calibereurope.com\/wp-content\/uploads\/2023\/06\/0534654c67d816ac040d3f7b1293928c11bbe92d_HCG019Qi_PB_iPhone.jpg\" \/>\n\t<meta property=\"og:image:width\" content=\"1024\" \/>\n\t<meta property=\"og:image:height\" content=\"768\" \/>\n\t<meta property=\"og:image:type\" content=\"image\/jpeg\" \/>\n<meta name=\"twitter:card\" content=\"summary_large_image\" \/>\n<meta name=\"twitter:site\" content=\"@calibereurope\" \/>\n<meta name=\"twitter:label1\" content=\"Prix\" \/>\n\t<meta name=\"twitter:data1\" content=\"37,95\" \/>\n\t<meta name=\"twitter:label2\" content=\"Availability\" \/>\n\t<meta name=\"twitter:data2\" content=\"In stock\" \/>\n<script type=\"application\/ld+json\" class=\"yoast-schema-graph\">{\"@context\":\"https:\/\/schema.org\",\"@graph\":[{\"@type\":\"WebPage\",\"@id\":\"https:\/\/www.calibereurope.com\/fr\/produit\/HCG019QI-PB-fr_FR\/\",\"url\":\"https:\/\/www.calibereurope.com\/fr\/produit\/HCG019QI-PB-fr_FR\/\",\"name\":\"R\u00e9veil Num\u00e9rique avec Chargeur Sans Fil - Double R\u00e9veil avec Lumi\u00e8re de R\u00e9veil - Pacific Blue (HCG019QI-PB) | Caliber\",\"isPartOf\":{\"@id\":\"https:\/\/www.calibereurope.com\/fr\/#website\"},\"primaryImageOfPage\":{\"@id\":\"https:\/\/www.calibereurope.com\/fr\/produit\/HCG019QI-PB-fr_FR\/#primaryimage\"},\"image\":{\"@id\":\"https:\/\/www.calibereurope.com\/fr\/produit\/HCG019QI-PB-fr_FR\/#primaryimage\"},\"thumbnailUrl\":\"https:\/\/www.calibereurope.com\/wp-content\/uploads\/2026\/04\/3bc3b27b16075aafd80659b15641d1ab41b6c2c6_HCG019QI_PB-2.jpg\",\"datePublished\":\"2026-04-12T00:00:00+00:00\",\"dateModified\":\"2026-04-12T09:38:02+00:00\",\"breadcrumb\":{\"@id\":\"https:\/\/www.calibereurope.com\/fr\/produit\/HCG019QI-PB-fr_FR\/#breadcrumb\"},\"inLanguage\":\"fr-FR\",\"potentialAction\":[{\"@type\":\"ReadAction\",\"target\":[\"https:\/\/www.calibereurope.com\/fr\/produit\/HCG019QI-PB-fr_FR\/\"]}]},{\"@type\":\"ImageObject\",\"inLanguage\":\"fr-FR\",\"@id\":\"https:\/\/www.calibereurope.com\/fr\/produit\/HCG019QI-PB-fr_FR\/#primaryimage\",\"url\":\"https:\/\/www.calibereurope.com\/wp-content\/uploads\/2026\/04\/3bc3b27b16075aafd80659b15641d1ab41b6c2c6_HCG019QI_PB-2.jpg\",\"contentUrl\":\"https:\/\/www.calibereurope.com\/wp-content\/uploads\/2026\/04\/3bc3b27b16075aafd80659b15641d1ab41b6c2c6_HCG019QI_PB-2.jpg\",\"width\":2500,\"height\":2500},{\"@type\":\"BreadcrumbList\",\"@id\":\"https:\/\/www.calibereurope.com\/fr\/produit\/HCG019QI-PB-fr_FR\/#breadcrumb\",\"itemListElement\":[{\"@type\":\"ListItem\",\"position\":1,\"name\":\"Home\",\"item\":\"https:\/\/www.calibereurope.com\/fr\/\"},{\"@type\":\"ListItem\",\"position\":2,\"name\":\"Boutique en ligne\",\"item\":\"https:\/\/www.calibereurope.com\/fr\/boutique-en-ligne\/\"},{\"@type\":\"ListItem\",\"position\":3,\"name\":\"Vivre\",\"item\":\"https:\/\/www.calibereurope.com\/fr\/wonen_fr_FR\/\"},{\"@type\":\"ListItem\",\"position\":4,\"name\":\"R\u00e9veil (radios)\",\"item\":\"https:\/\/www.calibereurope.com\/fr\/wonen_fr_FR\/wekker_radios_fr_FR\/\"},{\"@type\":\"ListItem\",\"position\":5,\"name\":\"R\u00e9veil Num\u00e9rique avec Chargeur Sans Fil &#8211; Double R\u00e9veil avec Lumi\u00e8re de R\u00e9veil &#8211; Pacific Blue (HCG019QI-PB)\"}]},{\"@type\":\"WebSite\",\"@id\":\"https:\/\/www.calibereurope.com\/fr\/#website\",\"url\":\"https:\/\/www.calibereurope.com\/fr\/\",\"name\":\"Caliber\",\"description\":\"Sounds good!\",\"publisher\":{\"@id\":\"https:\/\/www.calibereurope.com\/fr\/#organization\"},\"potentialAction\":[{\"@type\":\"SearchAction\",\"target\":{\"@type\":\"EntryPoint\",\"urlTemplate\":\"https:\/\/www.calibereurope.com\/fr\/?s={search_term_string}\"},\"query-input\":{\"@type\":\"PropertyValueSpecification\",\"valueRequired\":true,\"valueName\":\"search_term_string\"}}],\"inLanguage\":\"fr-FR\"},{\"@type\":\"Organization\",\"@id\":\"https:\/\/www.calibereurope.com\/fr\/#organization\",\"name\":\"Caliber Europe B.V.\",\"url\":\"https:\/\/www.calibereurope.com\/fr\/\",\"logo\":{\"@type\":\"ImageObject\",\"inLanguage\":\"fr-FR\",\"@id\":\"https:\/\/www.calibereurope.com\/fr\/#\/schema\/logo\/image\/\",\"url\":\"https:\/\/www.calibereurope.com\/wp-content\/uploads\/2019\/11\/Logo-Caliber-e1574846289621.png\",\"contentUrl\":\"https:\/\/www.calibereurope.com\/wp-content\/uploads\/2019\/11\/Logo-Caliber-e1574846289621.png\",\"width\":400,\"height\":69,\"caption\":\"Caliber Europe B.V.\"},\"image\":{\"@id\":\"https:\/\/www.calibereurope.com\/fr\/#\/schema\/logo\/image\/\"},\"sameAs\":[\"https:\/\/facebook.com\/CaliberEurope\/\",\"https:\/\/x.com\/calibereurope\",\"https:\/\/www.instagram.com\/calibereurope\/\"]}]}<\/script>\n<meta property=\"product:price:amount\" content=\"37.95\" \/>\n<meta property=\"product:price:currency\" content=\"EUR\" \/>\n<meta property=\"og:availability\" content=\"instock\" \/>\n<meta property=\"product:availability\" content=\"instock\" \/>\n<meta property=\"product:retailer_item_id\" content=\"HCG019QI-PB\" \/>\n<meta property=\"product:condition\" content=\"new\" \/>\n<!-- \/ Yoast SEO plugin. -->","yoast_head_json":{"title":"R\u00e9veil Num\u00e9rique avec Chargeur Sans Fil - Double R\u00e9veil avec Lumi\u00e8re de R\u00e9veil - Pacific Blue (HCG019QI-PB) | Caliber","robots":{"index":"index","follow":"follow","max-snippet":"max-snippet:-1","max-image-preview":"max-image-preview:large","max-video-preview":"max-video-preview:-1"},"canonical":"https:\/\/www.calibereurope.com\/fr\/produit\/HCG019QI-PB-fr_FR\/","og_locale":"fr_FR","og_type":"article","og_title":"R\u00e9veil Num\u00e9rique avec Chargeur Sans Fil - Double R\u00e9veil avec Lumi\u00e8re de R\u00e9veil - Pacific Blue (HCG019QI-PB) | Caliber","og_description":"Avec chargeur de t\u00e9l\u00e9phone sans filGrand \u00e9cran blancpossibilit\u00e9 de r\u00e9gler 2 heures d'alarme\u00c9cran \u00e0 gradationFonction SnoozeVeilleuse en plusieurs couleursLumi\u00e8re de r\u00e9veilBatterie de secoursCouleur : iPhone pacific bluePas de fonction FM","og_url":"https:\/\/www.calibereurope.com\/fr\/produit\/HCG019QI-PB-fr_FR\/","og_site_name":"Caliber","article_publisher":"https:\/\/facebook.com\/CaliberEurope\/","article_modified_time":"2026-04-12T09:38:02+00:00","og_image":[{"width":1024,"height":768,"url":"https:\/\/www.calibereurope.com\/wp-content\/uploads\/2023\/06\/0534654c67d816ac040d3f7b1293928c11bbe92d_HCG019Qi_PB_iPhone.jpg","type":"image\/jpeg"}],"twitter_card":"summary_large_image","twitter_site":"@calibereurope","twitter_misc":{"Prix":"37,95","Availability":"In stock"},"schema":{"@context":"https:\/\/schema.org","@graph":[{"@type":"WebPage","@id":"https:\/\/www.calibereurope.com\/fr\/produit\/HCG019QI-PB-fr_FR\/","url":"https:\/\/www.calibereurope.com\/fr\/produit\/HCG019QI-PB-fr_FR\/","name":"R\u00e9veil Num\u00e9rique avec Chargeur Sans Fil - Double R\u00e9veil avec Lumi\u00e8re de R\u00e9veil - Pacific Blue (HCG019QI-PB) | Caliber","isPartOf":{"@id":"https:\/\/www.calibereurope.com\/fr\/#website"},"primaryImageOfPage":{"@id":"https:\/\/www.calibereurope.com\/fr\/produit\/HCG019QI-PB-fr_FR\/#primaryimage"},"image":{"@id":"https:\/\/www.calibereurope.com\/fr\/produit\/HCG019QI-PB-fr_FR\/#primaryimage"},"thumbnailUrl":"https:\/\/www.calibereurope.com\/wp-content\/uploads\/2026\/04\/3bc3b27b16075aafd80659b15641d1ab41b6c2c6_HCG019QI_PB-2.jpg","datePublished":"2026-04-12T00:00:00+00:00","dateModified":"2026-04-12T09:38:02+00:00","breadcrumb":{"@id":"https:\/\/www.calibereurope.com\/fr\/produit\/HCG019QI-PB-fr_FR\/#breadcrumb"},"inLanguage":"fr-FR","potentialAction":[{"@type":"ReadAction","target":["https:\/\/www.calibereurope.com\/fr\/produit\/HCG019QI-PB-fr_FR\/"]}]},{"@type":"ImageObject","inLanguage":"fr-FR","@id":"https:\/\/www.calibereurope.com\/fr\/produit\/HCG019QI-PB-fr_FR\/#primaryimage","url":"https:\/\/www.calibereurope.com\/wp-content\/uploads\/2026\/04\/3bc3b27b16075aafd80659b15641d1ab41b6c2c6_HCG019QI_PB-2.jpg","contentUrl":"https:\/\/www.calibereurope.com\/wp-content\/uploads\/2026\/04\/3bc3b27b16075aafd80659b15641d1ab41b6c2c6_HCG019QI_PB-2.jpg","width":2500,"height":2500},{"@type":"BreadcrumbList","@id":"https:\/\/www.calibereurope.com\/fr\/produit\/HCG019QI-PB-fr_FR\/#breadcrumb","itemListElement":[{"@type":"ListItem","position":1,"name":"Home","item":"https:\/\/www.calibereurope.com\/fr\/"},{"@type":"ListItem","position":2,"name":"Boutique en ligne","item":"https:\/\/www.calibereurope.com\/fr\/boutique-en-ligne\/"},{"@type":"ListItem","position":3,"name":"Vivre","item":"https:\/\/www.calibereurope.com\/fr\/wonen_fr_FR\/"},{"@type":"ListItem","position":4,"name":"R\u00e9veil (radios)","item":"https:\/\/www.calibereurope.com\/fr\/wonen_fr_FR\/wekker_radios_fr_FR\/"},{"@type":"ListItem","position":5,"name":"R\u00e9veil Num\u00e9rique avec Chargeur Sans Fil &#8211; Double R\u00e9veil avec Lumi\u00e8re de R\u00e9veil &#8211; Pacific Blue (HCG019QI-PB)"}]},{"@type":"WebSite","@id":"https:\/\/www.calibereurope.com\/fr\/#website","url":"https:\/\/www.calibereurope.com\/fr\/","name":"Caliber","description":"Sounds good!","publisher":{"@id":"https:\/\/www.calibereurope.com\/fr\/#organization"},"potentialAction":[{"@type":"SearchAction","target":{"@type":"EntryPoint","urlTemplate":"https:\/\/www.calibereurope.com\/fr\/?s={search_term_string}"},"query-input":{"@type":"PropertyValueSpecification","valueRequired":true,"valueName":"search_term_string"}}],"inLanguage":"fr-FR"},{"@type":"Organization","@id":"https:\/\/www.calibereurope.com\/fr\/#organization","name":"Caliber Europe B.V.","url":"https:\/\/www.calibereurope.com\/fr\/","logo":{"@type":"ImageObject","inLanguage":"fr-FR","@id":"https:\/\/www.calibereurope.com\/fr\/#\/schema\/logo\/image\/","url":"https:\/\/www.calibereurope.com\/wp-content\/uploads\/2019\/11\/Logo-Caliber-e1574846289621.png","contentUrl":"https:\/\/www.calibereurope.com\/wp-content\/uploads\/2019\/11\/Logo-Caliber-e1574846289621.png","width":400,"height":69,"caption":"Caliber Europe B.V."},"image":{"@id":"https:\/\/www.calibereurope.com\/fr\/#\/schema\/logo\/image\/"},"sameAs":["https:\/\/facebook.com\/CaliberEurope\/","https:\/\/x.com\/calibereurope","https:\/\/www.instagram.com\/calibereurope\/"]}]},"product_price_amount":"37.95","product_price_currency":"EUR","og_availability":"instock","product_availability":"instock","product_retailer_item_id":"HCG019QI-PB","product_condition":"new"},"_links":{"self":[{"href":"https:\/\/www.calibereurope.com\/fr\/wp-json\/wp\/v2\/product\/381829","targetHints":{"allow":["GET"]}}],"collection":[{"href":"https:\/\/www.calibereurope.com\/fr\/wp-json\/wp\/v2\/product"}],"about":[{"href":"https:\/\/www.calibereurope.com\/fr\/wp-json\/wp\/v2\/types\/product"}],"replies":[{"embeddable":true,"href":"https:\/\/www.calibereurope.com\/fr\/wp-json\/wp\/v2\/comments?post=381829"}],"wp:featuredmedia":[{"embeddable":true,"href":"https:\/\/www.calibereurope.com\/fr\/wp-json\/wp\/v2\/media\/1688381"}],"wp:attachment":[{"href":"https:\/\/www.calibereurope.com\/fr\/wp-json\/wp\/v2\/media?parent=381829"}],"wp:term":[{"taxonomy":"product_brand","embeddable":true,"href":"https:\/\/www.calibereurope.com\/fr\/wp-json\/wp\/v2\/product_brand?post=381829"},{"taxonomy":"product_cat","embeddable":true,"href":"https:\/\/www.calibereurope.com\/fr\/wp-json\/wp\/v2\/product_cat?post=381829"},{"taxonomy":"product_tag","embeddable":true,"href":"https:\/\/www.calibereurope.com\/fr\/wp-json\/wp\/v2\/product_tag?post=381829"}],"curies":[{"name":"wp","href":"https:\/\/api.w.org\/{rel}","templated":true}]}}