{"id":381965,"date":"2026-04-12T02:00:00","date_gmt":"2026-04-12T00:00:00","guid":{"rendered":"0"},"modified":"2026-04-12T11:38:33","modified_gmt":"2026-04-12T09:38:33","slug":"HCG019QI-BA-fr_FR","status":"publish","type":"product","link":"https:\/\/www.calibereurope.com\/fr\/produit\/HCG019QI-BA-fr_FR\/","title":{"rendered":"R\u00e9veil Num\u00e9rique avec chargeur sans fil &#8211; Double R\u00e9veil &#8211; Veilleuse et Lumi\u00e8re de R\u00e9veil (HCG019QI-BA)"},"content":{"rendered":"<p> Le r\u00e9veil num\u00e9rique Caliber HCG019QI-BA avec chargeur sans fil est id\u00e9al pour tous ceux qui aiment la technologie moderne. Vous pouvez r\u00e9gler <strong>2 heures d&#39;alarme <\/strong>, recharger votre t\u00e9l\u00e9phone avec le <strong> chargeur sans fil <\/strong> et il y a une <strong> veilleuse <\/strong>avec <strong> avec diff\u00e9rentes couleurs d&#39;ambiance <\/strong> dans ce r\u00e9veil. Le <strong> grand \u00e9cran blanc <\/strong>est <strong> r\u00e9glable <\/strong>. Gr\u00e2ce \u00e0 la <strong> lumi\u00e8re de r\u00e9veil <\/strong> et \u00e0 la <strong> fonction &#8220;snooze&#8221;<\/strong>, se lever est beaucoup plus facile ! Ce chargeur de r\u00e9veil num\u00e9rique est <strong> assorti \u00e0 la couleur noire de l&#39;iPhone <\/strong> et la <strong> batterie de secours <\/strong> vous permet de toujours disposer d\u2019une alarme ! <\/p>\n<p> <strong>Caract\u00e9ristiques :<\/strong> <\/p>\n<ul>\n<li>R\u00e9veil et chargeur de t\u00e9l\u00e9phone sans fil 2 en 1<\/li>\n<li>Lumi\u00e8re de r\u00e9veil<\/li>\n<li>2 heures d&#39;alarme<\/li>\n<li>Fonction snooze<\/li>\n<li>Grand \u00e9cran blanc<\/li>\n<li>R\u00e9glable<\/li>\n<li> Veilleuse en plusieurs couleurs<\/li>\n<li>Batterie de secours<\/li>\n<li>De couleur noire assortie \u00e0 l&#39;iPhone<\/li>\n<\/ul>\n<p> <strong>Attention : <\/strong> Pas de fonction FM\/radio <\/p>\n<h3> Les meilleures caract\u00e9ristiques de ce r\u00e9veil <\/h3>\n<p> Ce r\u00e9veil num\u00e9rique de Caliber est exactement ce dont vous avez besoin. Gr\u00e2ce \u00e0 ses diff\u00e9rentes fonctionnalit\u00e9s, vous pouvez vous r\u00e9veiller comme vous le souhaitez. Par exemple, d\u00e9finissez une heure d&#39;alarme distincte pour vous et votre partenaire. La fonction de double alarme vous permet de r\u00e9gler deux r\u00e9veils en m\u00eame temps. Utilisez la fameuse fonction &#8220;snooze&#8221; pour rester au lit un peu plus longtemps sans risquer de trop vous rendormir. Gr\u00e2ce au grand \u00e9cran blanc, l&#39;heure est toujours facile \u00e0 lire. Il n&#39;y a pas de fonction radio sur ce r\u00e9veil Caliber. Vous vous r\u00e9veillez avec un signal sonore.   <\/p>\n<h3> Une alarme de r\u00e9veil avec une technologie intelligente <\/h3>\n<p> Ce r\u00e9veil Caliber est \u00e9galement un chargeur pour votre t\u00e9l\u00e9phone. Avec le chargeur de r\u00e9veil, vous pouvez charger votre iPhone ou autre smartphone sans fil. En effet, le r\u00e9veil est dot\u00e9 de la technologie Qi, qui permet une recharge rapide. Si votre t\u00e9l\u00e9phone le prend en charge, vous pourrez vous recharger sans fil en un rien de temps. Ce n\u2019est pas le cas ? Vous pouvez alors facilement charger votre t\u00e9l\u00e9phone via le port USB du chargeur de r\u00e9veil. Ce r\u00e9veil num\u00e9rique dispose \u00e9galement d&#39;une fonction de gradation intelligente. La nuit, la lumi\u00e8re diminue automatiquement jusqu&#39;\u00e0 ce qu&#39;elle soit la plus douce vers minuit, avant de redevenir plus brillante vers le matin. Ainsi, ce r\u00e9veil Caliber fait aussi directement office de lampe de r\u00e9veil, ce qui facilite le r\u00e9veil.  <\/p>\n<h3> Extras pratiques <\/h3>\n<p> Outre toutes ces fonctions et caract\u00e9ristiques, ce r\u00e9veil Caliber avec chargeur sans fil dispose \u00e9galement d&#39;une veilleuse de nuit de diff\u00e9rentes couleurs. Cela vous permet de cr\u00e9er vous-m\u00eame l&#39;ambiance de la pi\u00e8ce. Vous n&#39;avez donc besoin que d&#39;une seule prise pour votre r\u00e9veil, votre chargeur et votre veilleuse. Id\u00e9al ! De plus, ce magnifique r\u00e9veil noir dispose \u00e9galement d&#39;une batterie de secours, ce qui vous permet de toujours pouvoir compter sur votre alarme, m\u00eame si l&#39;\u00e9lectricit\u00e9 est bri\u00e8vement coup\u00e9e. <\/p>\n","protected":false},"excerpt":{"rendered":"<ul>\n<li>R\u00e9veil et chargeur de t\u00e9l\u00e9phone sans fil 2 en 1<\/li>\n<li>Lumi\u00e8re de r\u00e9veil<\/li>\n<li>2 heures d&#8217;alarme<\/li>\n<li>Fonction snooze<\/li>\n<li>Grand \u00e9cran blanc<\/li>\n<li>R\u00e9glable<\/li>\n<li>Veilleuse en plusieurs couleurs<\/li>\n<li>Batterie de secours<\/li>\n<li>De couleur noire assortie \u00e0 l&#8217;iPhone<\/li>\n<\/ul>\n","protected":false},"featured_media":1688407,"comment_status":"open","ping_status":"closed","template":"","meta":{"inline_featured_image":false},"product_brand":[],"product_cat":[7902,7884],"product_tag":[],"class_list":{"0":"post-381965","1":"product","2":"type-product","3":"status-publish","4":"has-post-thumbnail","6":"product_cat-wekker_radios_fr_FR","7":"product_cat-wonen_fr_FR","9":"first","10":"instock","11":"taxable","12":"shipping-taxable","13":"purchasable","14":"product-type-simple"},"yoast_head":"<!-- This site is optimized with the Yoast SEO plugin v24.4 - https:\/\/yoast.com\/wordpress\/plugins\/seo\/ -->\n<title>R\u00e9veil Num\u00e9rique avec chargeur sans fil - Double R\u00e9veil - Veilleuse et Lumi\u00e8re de R\u00e9veil (HCG019QI-BA) | Caliber<\/title>\n<meta name=\"robots\" content=\"index, follow, max-snippet:-1, max-image-preview:large, max-video-preview:-1\" \/>\n<link rel=\"canonical\" href=\"https:\/\/www.calibereurope.com\/fr\/produit\/HCG019QI-BA-fr_FR\/\" \/>\n<meta property=\"og:locale\" content=\"fr_FR\" \/>\n<meta property=\"og:type\" content=\"article\" \/>\n<meta property=\"og:title\" content=\"R\u00e9veil Num\u00e9rique avec chargeur sans fil - Double R\u00e9veil - Veilleuse et Lumi\u00e8re de R\u00e9veil (HCG019QI-BA) | Caliber\" \/>\n<meta property=\"og:description\" content=\"R\u00e9veil et chargeur de t\u00e9l\u00e9phone sans fil 2 en 1Lumi\u00e8re de r\u00e9veil2 heures d&#039;alarmeFonction snoozeGrand \u00e9cran blancR\u00e9glableVeilleuse en plusieurs couleursBatterie de secoursDe couleur noire assortie \u00e0 l&#039;iPhone\" \/>\n<meta property=\"og:url\" content=\"https:\/\/www.calibereurope.com\/fr\/produit\/HCG019QI-BA-fr_FR\/\" \/>\n<meta property=\"og:site_name\" content=\"Caliber\" \/>\n<meta property=\"article:publisher\" content=\"https:\/\/facebook.com\/CaliberEurope\/\" \/>\n<meta property=\"article:modified_time\" content=\"2026-04-12T09:38:33+00:00\" \/>\n<meta property=\"og:image\" content=\"https:\/\/www.calibereurope.com\/wp-content\/uploads\/2024\/03\/be99945668c8fda55b953d03e279accfbc267674_HCG019QI_BA_Enhanced_Images_BA_07.jpg\" \/>\n\t<meta property=\"og:image:width\" content=\"2500\" \/>\n\t<meta property=\"og:image:height\" content=\"2500\" \/>\n\t<meta property=\"og:image:type\" content=\"image\/jpeg\" \/>\n<meta name=\"twitter:card\" content=\"summary_large_image\" \/>\n<meta name=\"twitter:site\" content=\"@calibereurope\" \/>\n<meta name=\"twitter:label1\" content=\"Prix\" \/>\n\t<meta name=\"twitter:data1\" content=\"37,95\" \/>\n\t<meta name=\"twitter:label2\" content=\"Availability\" \/>\n\t<meta name=\"twitter:data2\" content=\"In stock\" \/>\n<script type=\"application\/ld+json\" class=\"yoast-schema-graph\">{\"@context\":\"https:\/\/schema.org\",\"@graph\":[{\"@type\":\"WebPage\",\"@id\":\"https:\/\/www.calibereurope.com\/fr\/produit\/HCG019QI-BA-fr_FR\/\",\"url\":\"https:\/\/www.calibereurope.com\/fr\/produit\/HCG019QI-BA-fr_FR\/\",\"name\":\"R\u00e9veil Num\u00e9rique avec chargeur sans fil - Double R\u00e9veil - Veilleuse et Lumi\u00e8re de R\u00e9veil (HCG019QI-BA) | Caliber\",\"isPartOf\":{\"@id\":\"https:\/\/www.calibereurope.com\/fr\/#website\"},\"primaryImageOfPage\":{\"@id\":\"https:\/\/www.calibereurope.com\/fr\/produit\/HCG019QI-BA-fr_FR\/#primaryimage\"},\"image\":{\"@id\":\"https:\/\/www.calibereurope.com\/fr\/produit\/HCG019QI-BA-fr_FR\/#primaryimage\"},\"thumbnailUrl\":\"https:\/\/www.calibereurope.com\/wp-content\/uploads\/2026\/04\/be99945668c8fda55b953d03e279accfbc267674_HCG019QI_BA_Enhanced_Images_BA_07.jpg\",\"datePublished\":\"2026-04-12T00:00:00+00:00\",\"dateModified\":\"2026-04-12T09:38:33+00:00\",\"breadcrumb\":{\"@id\":\"https:\/\/www.calibereurope.com\/fr\/produit\/HCG019QI-BA-fr_FR\/#breadcrumb\"},\"inLanguage\":\"fr-FR\",\"potentialAction\":[{\"@type\":\"ReadAction\",\"target\":[\"https:\/\/www.calibereurope.com\/fr\/produit\/HCG019QI-BA-fr_FR\/\"]}]},{\"@type\":\"ImageObject\",\"inLanguage\":\"fr-FR\",\"@id\":\"https:\/\/www.calibereurope.com\/fr\/produit\/HCG019QI-BA-fr_FR\/#primaryimage\",\"url\":\"https:\/\/www.calibereurope.com\/wp-content\/uploads\/2026\/04\/be99945668c8fda55b953d03e279accfbc267674_HCG019QI_BA_Enhanced_Images_BA_07.jpg\",\"contentUrl\":\"https:\/\/www.calibereurope.com\/wp-content\/uploads\/2026\/04\/be99945668c8fda55b953d03e279accfbc267674_HCG019QI_BA_Enhanced_Images_BA_07.jpg\",\"width\":2500,\"height\":2500},{\"@type\":\"BreadcrumbList\",\"@id\":\"https:\/\/www.calibereurope.com\/fr\/produit\/HCG019QI-BA-fr_FR\/#breadcrumb\",\"itemListElement\":[{\"@type\":\"ListItem\",\"position\":1,\"name\":\"Home\",\"item\":\"https:\/\/www.calibereurope.com\/fr\/\"},{\"@type\":\"ListItem\",\"position\":2,\"name\":\"Boutique en ligne\",\"item\":\"https:\/\/www.calibereurope.com\/fr\/boutique-en-ligne\/\"},{\"@type\":\"ListItem\",\"position\":3,\"name\":\"Vivre\",\"item\":\"https:\/\/www.calibereurope.com\/fr\/wonen_fr_FR\/\"},{\"@type\":\"ListItem\",\"position\":4,\"name\":\"R\u00e9veil (radios)\",\"item\":\"https:\/\/www.calibereurope.com\/fr\/wonen_fr_FR\/wekker_radios_fr_FR\/\"},{\"@type\":\"ListItem\",\"position\":5,\"name\":\"R\u00e9veil Num\u00e9rique avec chargeur sans fil &#8211; Double R\u00e9veil &#8211; Veilleuse et Lumi\u00e8re de R\u00e9veil (HCG019QI-BA)\"}]},{\"@type\":\"WebSite\",\"@id\":\"https:\/\/www.calibereurope.com\/fr\/#website\",\"url\":\"https:\/\/www.calibereurope.com\/fr\/\",\"name\":\"Caliber\",\"description\":\"Sounds good!\",\"publisher\":{\"@id\":\"https:\/\/www.calibereurope.com\/fr\/#organization\"},\"potentialAction\":[{\"@type\":\"SearchAction\",\"target\":{\"@type\":\"EntryPoint\",\"urlTemplate\":\"https:\/\/www.calibereurope.com\/fr\/?s={search_term_string}\"},\"query-input\":{\"@type\":\"PropertyValueSpecification\",\"valueRequired\":true,\"valueName\":\"search_term_string\"}}],\"inLanguage\":\"fr-FR\"},{\"@type\":\"Organization\",\"@id\":\"https:\/\/www.calibereurope.com\/fr\/#organization\",\"name\":\"Caliber Europe B.V.\",\"url\":\"https:\/\/www.calibereurope.com\/fr\/\",\"logo\":{\"@type\":\"ImageObject\",\"inLanguage\":\"fr-FR\",\"@id\":\"https:\/\/www.calibereurope.com\/fr\/#\/schema\/logo\/image\/\",\"url\":\"https:\/\/www.calibereurope.com\/wp-content\/uploads\/2019\/11\/Logo-Caliber-e1574846289621.png\",\"contentUrl\":\"https:\/\/www.calibereurope.com\/wp-content\/uploads\/2019\/11\/Logo-Caliber-e1574846289621.png\",\"width\":400,\"height\":69,\"caption\":\"Caliber Europe B.V.\"},\"image\":{\"@id\":\"https:\/\/www.calibereurope.com\/fr\/#\/schema\/logo\/image\/\"},\"sameAs\":[\"https:\/\/facebook.com\/CaliberEurope\/\",\"https:\/\/x.com\/calibereurope\",\"https:\/\/www.instagram.com\/calibereurope\/\"]}]}<\/script>\n<meta property=\"product:price:amount\" content=\"37.95\" \/>\n<meta property=\"product:price:currency\" content=\"EUR\" \/>\n<meta property=\"og:availability\" content=\"instock\" \/>\n<meta property=\"product:availability\" content=\"instock\" \/>\n<meta property=\"product:retailer_item_id\" content=\"HCG019QI-BA\" \/>\n<meta property=\"product:condition\" content=\"new\" \/>\n<!-- \/ Yoast SEO plugin. -->","yoast_head_json":{"title":"R\u00e9veil Num\u00e9rique avec chargeur sans fil - Double R\u00e9veil - Veilleuse et Lumi\u00e8re de R\u00e9veil (HCG019QI-BA) | Caliber","robots":{"index":"index","follow":"follow","max-snippet":"max-snippet:-1","max-image-preview":"max-image-preview:large","max-video-preview":"max-video-preview:-1"},"canonical":"https:\/\/www.calibereurope.com\/fr\/produit\/HCG019QI-BA-fr_FR\/","og_locale":"fr_FR","og_type":"article","og_title":"R\u00e9veil Num\u00e9rique avec chargeur sans fil - Double R\u00e9veil - Veilleuse et Lumi\u00e8re de R\u00e9veil (HCG019QI-BA) | Caliber","og_description":"R\u00e9veil et chargeur de t\u00e9l\u00e9phone sans fil 2 en 1Lumi\u00e8re de r\u00e9veil2 heures d'alarmeFonction snoozeGrand \u00e9cran blancR\u00e9glableVeilleuse en plusieurs couleursBatterie de secoursDe couleur noire assortie \u00e0 l'iPhone","og_url":"https:\/\/www.calibereurope.com\/fr\/produit\/HCG019QI-BA-fr_FR\/","og_site_name":"Caliber","article_publisher":"https:\/\/facebook.com\/CaliberEurope\/","article_modified_time":"2026-04-12T09:38:33+00:00","og_image":[{"width":2500,"height":2500,"url":"https:\/\/www.calibereurope.com\/wp-content\/uploads\/2024\/03\/be99945668c8fda55b953d03e279accfbc267674_HCG019QI_BA_Enhanced_Images_BA_07.jpg","type":"image\/jpeg"}],"twitter_card":"summary_large_image","twitter_site":"@calibereurope","twitter_misc":{"Prix":"37,95","Availability":"In stock"},"schema":{"@context":"https:\/\/schema.org","@graph":[{"@type":"WebPage","@id":"https:\/\/www.calibereurope.com\/fr\/produit\/HCG019QI-BA-fr_FR\/","url":"https:\/\/www.calibereurope.com\/fr\/produit\/HCG019QI-BA-fr_FR\/","name":"R\u00e9veil Num\u00e9rique avec chargeur sans fil - Double R\u00e9veil - Veilleuse et Lumi\u00e8re de R\u00e9veil (HCG019QI-BA) | Caliber","isPartOf":{"@id":"https:\/\/www.calibereurope.com\/fr\/#website"},"primaryImageOfPage":{"@id":"https:\/\/www.calibereurope.com\/fr\/produit\/HCG019QI-BA-fr_FR\/#primaryimage"},"image":{"@id":"https:\/\/www.calibereurope.com\/fr\/produit\/HCG019QI-BA-fr_FR\/#primaryimage"},"thumbnailUrl":"https:\/\/www.calibereurope.com\/wp-content\/uploads\/2026\/04\/be99945668c8fda55b953d03e279accfbc267674_HCG019QI_BA_Enhanced_Images_BA_07.jpg","datePublished":"2026-04-12T00:00:00+00:00","dateModified":"2026-04-12T09:38:33+00:00","breadcrumb":{"@id":"https:\/\/www.calibereurope.com\/fr\/produit\/HCG019QI-BA-fr_FR\/#breadcrumb"},"inLanguage":"fr-FR","potentialAction":[{"@type":"ReadAction","target":["https:\/\/www.calibereurope.com\/fr\/produit\/HCG019QI-BA-fr_FR\/"]}]},{"@type":"ImageObject","inLanguage":"fr-FR","@id":"https:\/\/www.calibereurope.com\/fr\/produit\/HCG019QI-BA-fr_FR\/#primaryimage","url":"https:\/\/www.calibereurope.com\/wp-content\/uploads\/2026\/04\/be99945668c8fda55b953d03e279accfbc267674_HCG019QI_BA_Enhanced_Images_BA_07.jpg","contentUrl":"https:\/\/www.calibereurope.com\/wp-content\/uploads\/2026\/04\/be99945668c8fda55b953d03e279accfbc267674_HCG019QI_BA_Enhanced_Images_BA_07.jpg","width":2500,"height":2500},{"@type":"BreadcrumbList","@id":"https:\/\/www.calibereurope.com\/fr\/produit\/HCG019QI-BA-fr_FR\/#breadcrumb","itemListElement":[{"@type":"ListItem","position":1,"name":"Home","item":"https:\/\/www.calibereurope.com\/fr\/"},{"@type":"ListItem","position":2,"name":"Boutique en ligne","item":"https:\/\/www.calibereurope.com\/fr\/boutique-en-ligne\/"},{"@type":"ListItem","position":3,"name":"Vivre","item":"https:\/\/www.calibereurope.com\/fr\/wonen_fr_FR\/"},{"@type":"ListItem","position":4,"name":"R\u00e9veil (radios)","item":"https:\/\/www.calibereurope.com\/fr\/wonen_fr_FR\/wekker_radios_fr_FR\/"},{"@type":"ListItem","position":5,"name":"R\u00e9veil Num\u00e9rique avec chargeur sans fil &#8211; Double R\u00e9veil &#8211; Veilleuse et Lumi\u00e8re de R\u00e9veil (HCG019QI-BA)"}]},{"@type":"WebSite","@id":"https:\/\/www.calibereurope.com\/fr\/#website","url":"https:\/\/www.calibereurope.com\/fr\/","name":"Caliber","description":"Sounds good!","publisher":{"@id":"https:\/\/www.calibereurope.com\/fr\/#organization"},"potentialAction":[{"@type":"SearchAction","target":{"@type":"EntryPoint","urlTemplate":"https:\/\/www.calibereurope.com\/fr\/?s={search_term_string}"},"query-input":{"@type":"PropertyValueSpecification","valueRequired":true,"valueName":"search_term_string"}}],"inLanguage":"fr-FR"},{"@type":"Organization","@id":"https:\/\/www.calibereurope.com\/fr\/#organization","name":"Caliber Europe B.V.","url":"https:\/\/www.calibereurope.com\/fr\/","logo":{"@type":"ImageObject","inLanguage":"fr-FR","@id":"https:\/\/www.calibereurope.com\/fr\/#\/schema\/logo\/image\/","url":"https:\/\/www.calibereurope.com\/wp-content\/uploads\/2019\/11\/Logo-Caliber-e1574846289621.png","contentUrl":"https:\/\/www.calibereurope.com\/wp-content\/uploads\/2019\/11\/Logo-Caliber-e1574846289621.png","width":400,"height":69,"caption":"Caliber Europe B.V."},"image":{"@id":"https:\/\/www.calibereurope.com\/fr\/#\/schema\/logo\/image\/"},"sameAs":["https:\/\/facebook.com\/CaliberEurope\/","https:\/\/x.com\/calibereurope","https:\/\/www.instagram.com\/calibereurope\/"]}]},"product_price_amount":"37.95","product_price_currency":"EUR","og_availability":"instock","product_availability":"instock","product_retailer_item_id":"HCG019QI-BA","product_condition":"new"},"_links":{"self":[{"href":"https:\/\/www.calibereurope.com\/fr\/wp-json\/wp\/v2\/product\/381965","targetHints":{"allow":["GET"]}}],"collection":[{"href":"https:\/\/www.calibereurope.com\/fr\/wp-json\/wp\/v2\/product"}],"about":[{"href":"https:\/\/www.calibereurope.com\/fr\/wp-json\/wp\/v2\/types\/product"}],"replies":[{"embeddable":true,"href":"https:\/\/www.calibereurope.com\/fr\/wp-json\/wp\/v2\/comments?post=381965"}],"wp:featuredmedia":[{"embeddable":true,"href":"https:\/\/www.calibereurope.com\/fr\/wp-json\/wp\/v2\/media\/1688407"}],"wp:attachment":[{"href":"https:\/\/www.calibereurope.com\/fr\/wp-json\/wp\/v2\/media?parent=381965"}],"wp:term":[{"taxonomy":"product_brand","embeddable":true,"href":"https:\/\/www.calibereurope.com\/fr\/wp-json\/wp\/v2\/product_brand?post=381965"},{"taxonomy":"product_cat","embeddable":true,"href":"https:\/\/www.calibereurope.com\/fr\/wp-json\/wp\/v2\/product_cat?post=381965"},{"taxonomy":"product_tag","embeddable":true,"href":"https:\/\/www.calibereurope.com\/fr\/wp-json\/wp\/v2\/product_tag?post=381965"}],"curies":[{"name":"wp","href":"https:\/\/api.w.org\/{rel}","templated":true}]}}