{"id":447345,"date":"2025-01-15T01:00:00","date_gmt":"2023-01-12T00:00:00","guid":{"rendered":""},"modified":"2025-01-15T08:42:36","modified_gmt":"2025-01-15T07:42:36","slug":"hbt-e27-fr_fr","status":"publish","type":"product","link":"https:\/\/www.calibereurope.com\/fr\/produit\/hbt-e27-fr_fr\/","title":{"rendered":"Ampoule Connect\u00e9e E27 \u00e0 Graduation avec LED RGB &#8211; Ampoule Poire Connect\u00e9e \u00e0 LED A19 &#8211; 850 Lumen &#8211; 8 Watts &#8211; Application Pratique (HBT-E27)"},"content":{"rendered":"<p> L\u2019ampoule Caliber HBT E27 LED est le compl\u00e9ment parfait de votre \u00e9clairage domestique connect\u00e9. L&#39;\u00e9clairage est un \u00e9l\u00e9ment cl\u00e9 de l&#39;ambiance : choisissez des couleurs blanches chaudes et douces lors d&#39;un d\u00eener aux chandelles, ou alternez diff\u00e9rentes couleurs vives lors d&#39;une f\u00eate. L\u2019<strong> ampoule RGB <\/strong> a une <strong> luminosit\u00e9 de 850 lumen <\/strong> et une puissance de<strong> 8 watts.<\/strong> Vous pouvez \u00e9galement utiliser facilement cette ampoule connect\u00e9e avec d&#39;autres <strong> syst\u00e8mes domestiques intelligents tels que Siri, Alexa et Google.<\/strong> Utilis\u00e9e seule, cette ampoule peut id\u00e9alement \u00eatre utilis\u00e9e avec la passerelle Caliber <\/strong>. <\/p>\n<p> <strong> Caract\u00e9ristiques :<\/strong> <\/p>\n<ul>\n<li> Ampoule LED avec culot E27\n<li> Mod\u00e8le d&#39;ampoule A19 &#39;poire&#39;\n<li>8 Watt\n<li>850 lumen\n<li> Temp\u00e9rature de couleur 2700K \u00e0 6500K\n<li> Ampoule RGB : toutes les couleurs possibles\n<li>Peut \u00eatre reli\u00e9e \u00e0 d&#39;autres articles connect\u00e9s Caliber\n<li> Compatible avec Alexa, Siri et Google\n<li> Contr\u00f4lable via l&#39;application gratuite Caliber Smart Home\n<li> Dot\u00e9e d&#39;un maillage wifi et Bluetooth <\/li>\n<\/ul>\n<p> <strong> Remarque : le contr\u00f4le se fait via la passerelle Caliber HBT-Gateway disponible s\u00e9par\u00e9ment <\/p>\n<h3>L\u2019installation de ces ampoules connect\u00e9es est simple <\/h3>\n<p> Cette ampoule connect\u00e9e est pr\u00eate \u00e0 \u00eatre utilis\u00e9e en un rien de temps. Il suffit de coupler l\u2019ampoule E27 avec une passerelle HBT-Gateway de Caliber et de t\u00e9l\u00e9charger gratuitement l&#39;application Caliber Smart Home. De cette fa\u00e7on, vous pouvez \u00e9galement ajouter facilement l\u2019ampoule \u00e0 votre \u00e9clairage domestique intelligent existant. Profitez imm\u00e9diatement de diverses fonctions connect\u00e9es : enregistrez vos r\u00e9glages de couleurs pr\u00e9f\u00e9r\u00e9s, par exemple, ou demandez \u00e0 l\u2019ampoule de s&#39;allumer ou de s&#39;\u00e9teindre automatiquement \u00e0 certaines heures. Voil\u00e0 ce qu&#39;est un \u00e9clairage vraiment intelligent. <\/p>\n<h3> Ampoule connect\u00e9e o\u00f9 que vous soyez <\/h3>\n<p> .  Il y a des jours comme \u00e7a : vous quittez votre domicile et vous vous rendez compte que vous avez laiss\u00e9 les lumi\u00e8res allum\u00e9es. Ce n&#39;est plus un probl\u00e8me avec cette ampoule LED E27. En effet, associ\u00e9 \u00e0 la passerelle Caliber, vous pouvez contr\u00f4ler l\u2019ampoule o\u00f9 que vous soyez. Cela est possible gr\u00e2ce \u00e0 la fonction de maillage Bluetooth, qui se connecte facilement \u00e0 vos ampoules connect\u00e9es via la passerelle \u00e0 la maison. La passerelle Caliber est disponible s\u00e9par\u00e9ment.<\/p>\n<h3> L\u2019ampoule connect\u00e9e peut diffuser toutes les couleurs de l&#39;arc-en-ciel <\/h3>\n<p> Avec cette ampoule RGB dot\u00e9e d&#39;un culot E27, l&#39;atmosph\u00e8re de la maison est facilement r\u00e9gl\u00e9e. Vous avez le choix entre toutes les couleurs imaginables et diff\u00e9rentes luminosit\u00e9s. M\u00eame les couleurs du blanc peuvent \u00eatre r\u00e9gl\u00e9es selon votre choix. Choisissez parmi les teintes chaudes ou froides du blanc. La temp\u00e9rature de couleur peut \u00eatre r\u00e9gl\u00e9e de 2700K \u00e0 6500K. Vous pouvez donc adapter parfaitement l\u2019ampoule connect\u00e9e \u00e0 ce que vous faites : des couleurs chaudes et douces pour une soir\u00e9e agr\u00e9able \u00e0 l&#39;int\u00e9rieur ou un blanc plus lumineux pour une journ\u00e9e de travail. <\/p>\n<p> <strong>Inclus :<\/strong> <\/p>\n<p> 1x ampoule Caliber E27 LED <\/p>\n","protected":false},"excerpt":{"rendered":"<ul>\n<li>Radio DAB+\/FM avec RDS<\/li>\n<li>Ecran LCD avec r\u00e9tro-\u00e9clairage<\/li>\n<li>Batterie rechargeable int\u00e9gr\u00e9e<\/li>\n<li>Autonomie de 8 heures<\/li>\n<li>Antenne m\u00e9tallique t\u00e9lescopique<\/li>\n<li>Fonction r\u00e9veil<\/li>\n<li>Fonction heure de sommeil<\/li>\n<li>10 pr\u00e9s\u00e9lections<\/li>\n<li>Rechargeable par USB<\/li>\n<li>Utilisation facile<\/li>\n<\/ul>\n","protected":false},"featured_media":1670446,"comment_status":"open","ping_status":"closed","template":"","meta":{"inline_featured_image":false},"product_brand":[],"product_cat":[6373,6361],"product_tag":[],"class_list":{"0":"post-447345","1":"product","2":"type-product","3":"status-publish","4":"has-post-thumbnail","6":"product_cat-lampen_fr_FR","7":"product_cat-smarthome_fr_FR","9":"first","10":"instock","11":"taxable","12":"shipping-taxable","13":"purchasable","14":"product-type-simple"},"yoast_head":"<!-- This site is optimized with the Yoast SEO plugin v24.4 - https:\/\/yoast.com\/wordpress\/plugins\/seo\/ -->\n<title>Ampoule Connect\u00e9e E27 \u00e0 Graduation avec LED RGB - Ampoule Poire Connect\u00e9e \u00e0 LED A19 - 850 Lumen - 8 Watts - Application Pratique (HBT-E27) | Caliber<\/title>\n<meta name=\"robots\" content=\"index, follow, max-snippet:-1, max-image-preview:large, max-video-preview:-1\" \/>\n<link rel=\"canonical\" href=\"https:\/\/www.calibereurope.com\/fr\/produit\/hbt-e27-fr_fr\/\" \/>\n<meta property=\"og:locale\" content=\"fr_FR\" \/>\n<meta property=\"og:type\" content=\"article\" \/>\n<meta property=\"og:title\" content=\"Ampoule Connect\u00e9e E27 \u00e0 Graduation avec LED RGB - Ampoule Poire Connect\u00e9e \u00e0 LED A19 - 850 Lumen - 8 Watts - Application Pratique (HBT-E27) | Caliber\" \/>\n<meta property=\"og:description\" content=\"Radio DAB+\/FM avec RDSEcran LCD avec r\u00e9tro-\u00e9clairageBatterie rechargeable int\u00e9gr\u00e9eAutonomie de 8 heuresAntenne m\u00e9tallique t\u00e9lescopiqueFonction r\u00e9veilFonction heure de sommeil10 pr\u00e9s\u00e9lectionsRechargeable par USBUtilisation facile\" \/>\n<meta property=\"og:url\" content=\"https:\/\/www.calibereurope.com\/fr\/produit\/hbt-e27-fr_fr\/\" \/>\n<meta property=\"og:site_name\" content=\"Caliber\" \/>\n<meta property=\"article:publisher\" content=\"https:\/\/facebook.com\/CaliberEurope\/\" \/>\n<meta property=\"article:modified_time\" content=\"2025-01-15T07:42:36+00:00\" \/>\n<meta property=\"og:image\" content=\"https:\/\/www.calibereurope.com\/wp-content\/uploads\/2023\/01\/1751c60ff920694e3fec0d8795e8ce4735095b15_HBT_E27_verpakking-4.jpg\" \/>\n\t<meta property=\"og:image:width\" content=\"1024\" \/>\n\t<meta property=\"og:image:height\" content=\"768\" \/>\n\t<meta property=\"og:image:type\" content=\"image\/jpeg\" \/>\n<meta name=\"twitter:card\" content=\"summary_large_image\" \/>\n<meta name=\"twitter:site\" content=\"@calibereurope\" \/>\n<meta name=\"twitter:label1\" content=\"Prix\" \/>\n\t<meta name=\"twitter:data1\" content=\"9,95\" \/>\n\t<meta name=\"twitter:label2\" content=\"Availability\" \/>\n\t<meta name=\"twitter:data2\" content=\"In stock\" \/>\n<script type=\"application\/ld+json\" class=\"yoast-schema-graph\">{\"@context\":\"https:\/\/schema.org\",\"@graph\":[{\"@type\":\"WebPage\",\"@id\":\"https:\/\/www.calibereurope.com\/fr\/produit\/hbt-e27-fr_fr\/\",\"url\":\"https:\/\/www.calibereurope.com\/fr\/produit\/hbt-e27-fr_fr\/\",\"name\":\"Ampoule Connect\u00e9e E27 \u00e0 Graduation avec LED RGB - Ampoule Poire Connect\u00e9e \u00e0 LED A19 - 850 Lumen - 8 Watts - Application Pratique (HBT-E27) | Caliber\",\"isPartOf\":{\"@id\":\"https:\/\/www.calibereurope.com\/fr\/#website\"},\"primaryImageOfPage\":{\"@id\":\"https:\/\/www.calibereurope.com\/fr\/produit\/hbt-e27-fr_fr\/#primaryimage\"},\"image\":{\"@id\":\"https:\/\/www.calibereurope.com\/fr\/produit\/hbt-e27-fr_fr\/#primaryimage\"},\"thumbnailUrl\":\"https:\/\/www.calibereurope.com\/wp-content\/uploads\/2025\/01\/1751c60ff920694e3fec0d8795e8ce4735095b15_HBT_E27_verpakking.jpg\",\"datePublished\":\"2023-01-12T00:00:00+00:00\",\"dateModified\":\"2025-01-15T07:42:36+00:00\",\"breadcrumb\":{\"@id\":\"https:\/\/www.calibereurope.com\/fr\/produit\/hbt-e27-fr_fr\/#breadcrumb\"},\"inLanguage\":\"fr-FR\",\"potentialAction\":[{\"@type\":\"ReadAction\",\"target\":[\"https:\/\/www.calibereurope.com\/fr\/produit\/hbt-e27-fr_fr\/\"]}]},{\"@type\":\"ImageObject\",\"inLanguage\":\"fr-FR\",\"@id\":\"https:\/\/www.calibereurope.com\/fr\/produit\/hbt-e27-fr_fr\/#primaryimage\",\"url\":\"https:\/\/www.calibereurope.com\/wp-content\/uploads\/2025\/01\/1751c60ff920694e3fec0d8795e8ce4735095b15_HBT_E27_verpakking.jpg\",\"contentUrl\":\"https:\/\/www.calibereurope.com\/wp-content\/uploads\/2025\/01\/1751c60ff920694e3fec0d8795e8ce4735095b15_HBT_E27_verpakking.jpg\",\"width\":1024,\"height\":768},{\"@type\":\"BreadcrumbList\",\"@id\":\"https:\/\/www.calibereurope.com\/fr\/produit\/hbt-e27-fr_fr\/#breadcrumb\",\"itemListElement\":[{\"@type\":\"ListItem\",\"position\":1,\"name\":\"Home\",\"item\":\"https:\/\/www.calibereurope.com\/fr\/\"},{\"@type\":\"ListItem\",\"position\":2,\"name\":\"Boutique en ligne\",\"item\":\"https:\/\/www.calibereurope.com\/fr\/boutique-en-ligne\/\"},{\"@type\":\"ListItem\",\"position\":3,\"name\":\"Maison intelligente\",\"item\":\"https:\/\/www.calibereurope.com\/fr\/smarthome_fr_FR\/\"},{\"@type\":\"ListItem\",\"position\":4,\"name\":\"Lampes\",\"item\":\"https:\/\/www.calibereurope.com\/fr\/smarthome_fr_FR\/lampen_fr_FR\/\"},{\"@type\":\"ListItem\",\"position\":5,\"name\":\"Ampoule Connect\u00e9e E27 \u00e0 Graduation avec LED RGB &#8211; Ampoule Poire Connect\u00e9e \u00e0 LED A19 &#8211; 850 Lumen &#8211; 8 Watts &#8211; Application Pratique (HBT-E27)\"}]},{\"@type\":\"WebSite\",\"@id\":\"https:\/\/www.calibereurope.com\/fr\/#website\",\"url\":\"https:\/\/www.calibereurope.com\/fr\/\",\"name\":\"Caliber\",\"description\":\"Sounds good!\",\"publisher\":{\"@id\":\"https:\/\/www.calibereurope.com\/fr\/#organization\"},\"potentialAction\":[{\"@type\":\"SearchAction\",\"target\":{\"@type\":\"EntryPoint\",\"urlTemplate\":\"https:\/\/www.calibereurope.com\/fr\/?s={search_term_string}\"},\"query-input\":{\"@type\":\"PropertyValueSpecification\",\"valueRequired\":true,\"valueName\":\"search_term_string\"}}],\"inLanguage\":\"fr-FR\"},{\"@type\":\"Organization\",\"@id\":\"https:\/\/www.calibereurope.com\/fr\/#organization\",\"name\":\"Caliber Europe B.V.\",\"url\":\"https:\/\/www.calibereurope.com\/fr\/\",\"logo\":{\"@type\":\"ImageObject\",\"inLanguage\":\"fr-FR\",\"@id\":\"https:\/\/www.calibereurope.com\/fr\/#\/schema\/logo\/image\/\",\"url\":\"https:\/\/www.calibereurope.com\/wp-content\/uploads\/2019\/11\/Logo-Caliber-e1574846289621.png\",\"contentUrl\":\"https:\/\/www.calibereurope.com\/wp-content\/uploads\/2019\/11\/Logo-Caliber-e1574846289621.png\",\"width\":400,\"height\":69,\"caption\":\"Caliber Europe B.V.\"},\"image\":{\"@id\":\"https:\/\/www.calibereurope.com\/fr\/#\/schema\/logo\/image\/\"},\"sameAs\":[\"https:\/\/facebook.com\/CaliberEurope\/\",\"https:\/\/x.com\/calibereurope\",\"https:\/\/www.instagram.com\/calibereurope\/\"]}]}<\/script>\n<meta property=\"product:price:amount\" content=\"9.95\" \/>\n<meta property=\"product:price:currency\" content=\"EUR\" \/>\n<meta property=\"og:availability\" content=\"instock\" \/>\n<meta property=\"product:availability\" content=\"instock\" \/>\n<meta property=\"product:retailer_item_id\" content=\"HBT-E27\" \/>\n<meta property=\"product:condition\" content=\"new\" \/>\n<!-- \/ Yoast SEO plugin. -->","yoast_head_json":{"title":"Ampoule Connect\u00e9e E27 \u00e0 Graduation avec LED RGB - Ampoule Poire Connect\u00e9e \u00e0 LED A19 - 850 Lumen - 8 Watts - Application Pratique (HBT-E27) | Caliber","robots":{"index":"index","follow":"follow","max-snippet":"max-snippet:-1","max-image-preview":"max-image-preview:large","max-video-preview":"max-video-preview:-1"},"canonical":"https:\/\/www.calibereurope.com\/fr\/produit\/hbt-e27-fr_fr\/","og_locale":"fr_FR","og_type":"article","og_title":"Ampoule Connect\u00e9e E27 \u00e0 Graduation avec LED RGB - Ampoule Poire Connect\u00e9e \u00e0 LED A19 - 850 Lumen - 8 Watts - Application Pratique (HBT-E27) | Caliber","og_description":"Radio DAB+\/FM avec RDSEcran LCD avec r\u00e9tro-\u00e9clairageBatterie rechargeable int\u00e9gr\u00e9eAutonomie de 8 heuresAntenne m\u00e9tallique t\u00e9lescopiqueFonction r\u00e9veilFonction heure de sommeil10 pr\u00e9s\u00e9lectionsRechargeable par USBUtilisation facile","og_url":"https:\/\/www.calibereurope.com\/fr\/produit\/hbt-e27-fr_fr\/","og_site_name":"Caliber","article_publisher":"https:\/\/facebook.com\/CaliberEurope\/","article_modified_time":"2025-01-15T07:42:36+00:00","og_image":[{"width":1024,"height":768,"url":"https:\/\/www.calibereurope.com\/wp-content\/uploads\/2023\/01\/1751c60ff920694e3fec0d8795e8ce4735095b15_HBT_E27_verpakking-4.jpg","type":"image\/jpeg"}],"twitter_card":"summary_large_image","twitter_site":"@calibereurope","twitter_misc":{"Prix":"9,95","Availability":"In stock"},"schema":{"@context":"https:\/\/schema.org","@graph":[{"@type":"WebPage","@id":"https:\/\/www.calibereurope.com\/fr\/produit\/hbt-e27-fr_fr\/","url":"https:\/\/www.calibereurope.com\/fr\/produit\/hbt-e27-fr_fr\/","name":"Ampoule Connect\u00e9e E27 \u00e0 Graduation avec LED RGB - Ampoule Poire Connect\u00e9e \u00e0 LED A19 - 850 Lumen - 8 Watts - Application Pratique (HBT-E27) | Caliber","isPartOf":{"@id":"https:\/\/www.calibereurope.com\/fr\/#website"},"primaryImageOfPage":{"@id":"https:\/\/www.calibereurope.com\/fr\/produit\/hbt-e27-fr_fr\/#primaryimage"},"image":{"@id":"https:\/\/www.calibereurope.com\/fr\/produit\/hbt-e27-fr_fr\/#primaryimage"},"thumbnailUrl":"https:\/\/www.calibereurope.com\/wp-content\/uploads\/2025\/01\/1751c60ff920694e3fec0d8795e8ce4735095b15_HBT_E27_verpakking.jpg","datePublished":"2023-01-12T00:00:00+00:00","dateModified":"2025-01-15T07:42:36+00:00","breadcrumb":{"@id":"https:\/\/www.calibereurope.com\/fr\/produit\/hbt-e27-fr_fr\/#breadcrumb"},"inLanguage":"fr-FR","potentialAction":[{"@type":"ReadAction","target":["https:\/\/www.calibereurope.com\/fr\/produit\/hbt-e27-fr_fr\/"]}]},{"@type":"ImageObject","inLanguage":"fr-FR","@id":"https:\/\/www.calibereurope.com\/fr\/produit\/hbt-e27-fr_fr\/#primaryimage","url":"https:\/\/www.calibereurope.com\/wp-content\/uploads\/2025\/01\/1751c60ff920694e3fec0d8795e8ce4735095b15_HBT_E27_verpakking.jpg","contentUrl":"https:\/\/www.calibereurope.com\/wp-content\/uploads\/2025\/01\/1751c60ff920694e3fec0d8795e8ce4735095b15_HBT_E27_verpakking.jpg","width":1024,"height":768},{"@type":"BreadcrumbList","@id":"https:\/\/www.calibereurope.com\/fr\/produit\/hbt-e27-fr_fr\/#breadcrumb","itemListElement":[{"@type":"ListItem","position":1,"name":"Home","item":"https:\/\/www.calibereurope.com\/fr\/"},{"@type":"ListItem","position":2,"name":"Boutique en ligne","item":"https:\/\/www.calibereurope.com\/fr\/boutique-en-ligne\/"},{"@type":"ListItem","position":3,"name":"Maison intelligente","item":"https:\/\/www.calibereurope.com\/fr\/smarthome_fr_FR\/"},{"@type":"ListItem","position":4,"name":"Lampes","item":"https:\/\/www.calibereurope.com\/fr\/smarthome_fr_FR\/lampen_fr_FR\/"},{"@type":"ListItem","position":5,"name":"Ampoule Connect\u00e9e E27 \u00e0 Graduation avec LED RGB &#8211; Ampoule Poire Connect\u00e9e \u00e0 LED A19 &#8211; 850 Lumen &#8211; 8 Watts &#8211; Application Pratique (HBT-E27)"}]},{"@type":"WebSite","@id":"https:\/\/www.calibereurope.com\/fr\/#website","url":"https:\/\/www.calibereurope.com\/fr\/","name":"Caliber","description":"Sounds good!","publisher":{"@id":"https:\/\/www.calibereurope.com\/fr\/#organization"},"potentialAction":[{"@type":"SearchAction","target":{"@type":"EntryPoint","urlTemplate":"https:\/\/www.calibereurope.com\/fr\/?s={search_term_string}"},"query-input":{"@type":"PropertyValueSpecification","valueRequired":true,"valueName":"search_term_string"}}],"inLanguage":"fr-FR"},{"@type":"Organization","@id":"https:\/\/www.calibereurope.com\/fr\/#organization","name":"Caliber Europe B.V.","url":"https:\/\/www.calibereurope.com\/fr\/","logo":{"@type":"ImageObject","inLanguage":"fr-FR","@id":"https:\/\/www.calibereurope.com\/fr\/#\/schema\/logo\/image\/","url":"https:\/\/www.calibereurope.com\/wp-content\/uploads\/2019\/11\/Logo-Caliber-e1574846289621.png","contentUrl":"https:\/\/www.calibereurope.com\/wp-content\/uploads\/2019\/11\/Logo-Caliber-e1574846289621.png","width":400,"height":69,"caption":"Caliber Europe B.V."},"image":{"@id":"https:\/\/www.calibereurope.com\/fr\/#\/schema\/logo\/image\/"},"sameAs":["https:\/\/facebook.com\/CaliberEurope\/","https:\/\/x.com\/calibereurope","https:\/\/www.instagram.com\/calibereurope\/"]}]},"product_price_amount":"9.95","product_price_currency":"EUR","og_availability":"instock","product_availability":"instock","product_retailer_item_id":"HBT-E27","product_condition":"new"},"_links":{"self":[{"href":"https:\/\/www.calibereurope.com\/fr\/wp-json\/wp\/v2\/product\/447345","targetHints":{"allow":["GET"]}}],"collection":[{"href":"https:\/\/www.calibereurope.com\/fr\/wp-json\/wp\/v2\/product"}],"about":[{"href":"https:\/\/www.calibereurope.com\/fr\/wp-json\/wp\/v2\/types\/product"}],"replies":[{"embeddable":true,"href":"https:\/\/www.calibereurope.com\/fr\/wp-json\/wp\/v2\/comments?post=447345"}],"wp:featuredmedia":[{"embeddable":true,"href":"https:\/\/www.calibereurope.com\/fr\/wp-json\/wp\/v2\/media\/1670446"}],"wp:attachment":[{"href":"https:\/\/www.calibereurope.com\/fr\/wp-json\/wp\/v2\/media?parent=447345"}],"wp:term":[{"taxonomy":"product_brand","embeddable":true,"href":"https:\/\/www.calibereurope.com\/fr\/wp-json\/wp\/v2\/product_brand?post=447345"},{"taxonomy":"product_cat","embeddable":true,"href":"https:\/\/www.calibereurope.com\/fr\/wp-json\/wp\/v2\/product_cat?post=447345"},{"taxonomy":"product_tag","embeddable":true,"href":"https:\/\/www.calibereurope.com\/fr\/wp-json\/wp\/v2\/product_tag?post=447345"}],"curies":[{"name":"wp","href":"https:\/\/api.w.org\/{rel}","templated":true}]}}