{"id":66881,"date":"2025-01-15T01:00:00","date_gmt":"2025-01-15T00:00:00","guid":{"rendered":""},"modified":"2026-02-24T11:32:52","modified_gmt":"2026-02-24T10:32:52","slug":"HWP121E-fr_FR","status":"publish","type":"product","link":"https:\/\/www.calibereurope.com\/fr\/produit\/HWP121E-fr_FR\/","title":{"rendered":"Double Smart Plug &#8211; Smart Plug for Energy Saving &#8211; Google Home, Amazon Alexa et Siri (HWP121E)"},"content":{"rendered":"<p> Transformez une prise en deux sockets avec ce Caliber HWP121E Double Smart Plug. Gr\u00e2ce \u00e0 la prise WiFi, vous pouvez utiliser des appareils connect\u00e9s <strong> via l&#39;application gratuite <\/strong>. <strong> D\u00e9finissez les minuteries et les horaires <\/strong> pour activer ou \u00e9teindre vos lampes ou votre cafeti\u00e8re. Les deux prises de la fiche intelligente peuvent \u00e9galement \u00eatre exploit\u00e9es <strong> s\u00e9par\u00e9ment <\/strong> via l&#39;application gratuite et les interrupteurs <strong> deux activit\u00e9s physiques ON \/ OFF. <\/strong> L&#39;application garantit \u00e9galement que vous pouvez surveiller et g\u00e9rer votre <strong> consommation d&#39;\u00e9nergie <\/strong>. <\/p>\n<p> <strong> Propri\u00e9t\u00e9s: <\/strong> <\/p>\n<ul>\n<li> Double plug avec 2 sockets\n<li> Fonctionnement s\u00e9par\u00e9ment via l&#39;application gratuite\n<li> Timer \/ D\u00e9finissez le calendrier via l&#39;application\n<li> Surveillance de l&#39;\u00e9nergie via l&#39;application\n<li> Google Home, Amazon Alexa et Siri\n<li> 2 Boutons physiques ON \/ Out\n<li> Protection de l&#39;enfance\n<li> Hackerproof (ISO27017: 2015) <\/li>\n<p> <\/ Ul> <H3> Fonctionner \u00e0 distance <\/h3>\n<p> La fiche intelligente peut \u00eatre contr\u00f4l\u00e9e \u00e0 distance via l&#39;application gratuite de Caliber Smart Home. Via WiFi, vous contr\u00f4lez s\u00e9par\u00e9ment les deux prises de la fiche. Vous pouvez \u00e9galement d\u00e9finir un calendrier, afin que la prise intelligente fonctionne comme un interrupteur temporel pour, par exemple, une lampe. De plus, vous pouvez \u00e9galement utiliser le capteur du lever du soleil et du coucher du soleil pour que les appareils soient allum\u00e9s en ce qui concerne le cr\u00e9puscule. Avez-vous plusieurs appareils de maison intelligente de Caliber? Ensuite, vous pouvez le lier pour qu&#39;ils d\u00e9clenchent des actions ensemble, comme une lampe qui saute apr\u00e8s avoir d\u00e9tect\u00e9 le mouvement. <\/p>\n<h3> G\u00e9rez votre consommation d&#39;\u00e9nergie <\/h3>\n<p> Curieux quels appareils utilisent le plus de puissance? Avec cette double prise intelligente, vous le d\u00e9couvrez. Vous pouvez afficher la consommation d&#39;\u00e9nergie des prises intelligentes via l&#39;application. Cela vous donne un aper\u00e7u de la structure de vos co\u00fbts \u00e9nerg\u00e9tiques et de la fa\u00e7on dont vous pouvez les r\u00e9duire. Gr\u00e2ce aux diff\u00e9rentes options de l&#39;application, vous pouvez ensuite d\u00e9finir imm\u00e9diatement les horaires pour r\u00e9duire votre consommation d&#39;\u00e9nergie. Bon pour l&#39;environnement et pour votre portefeuille! <\/p>\n<h3> Deux gars intelligents en un <\/h3>\n<p> Avec cette prise intelligente, vous passez d&#39;un simple \u00e0 une double prise. Toutes les fonctions intelligentes peuvent \u00eatre g\u00e9r\u00e9es s\u00e9par\u00e9ment, vous donnant deux prises compl\u00e8tes. De plus, la prise intelligente est \u00e9quip\u00e9e de deux interrupteurs physiques en marche \/ arr\u00eat, vous les exploitez donc \u00e9galement lorsque votre smartphone n&#39;est pas \u00e0 proximit\u00e9. <\/p>\n","protected":false},"excerpt":{"rendered":"<p>Transformez une prise en deux sockets avec ce Caliber HWP121E Double Smart Plug. Gr\u00e2ce \u00e0 la prise WiFi, vous pouvez utiliser des appareils connect\u00e9s via l&#39;application gratuite . D\u00e9finissez les minuteries et les horaires pour activer ou \u00e9teindre vos lampes ou votre cafeti\u00e8re. Les deux prises de la fiche intelligente peuvent \u00e9galement \u00eatre exploit\u00e9es s\u00e9par\u00e9ment [&hellip;]<\/p>\n","protected":false},"featured_media":1670338,"comment_status":"open","ping_status":"closed","template":"","meta":{"inline_featured_image":false},"product_brand":[],"product_cat":[6379,6361],"product_tag":[],"class_list":{"0":"post-66881","1":"product","2":"type-product","3":"status-publish","4":"has-post-thumbnail","6":"product_cat-stekkers_fr_FR","7":"product_cat-smarthome_fr_FR","9":"first","10":"outofstock","11":"taxable","12":"shipping-taxable","13":"purchasable","14":"product-type-simple"},"yoast_head":"<!-- This site is optimized with the Yoast SEO plugin v24.4 - https:\/\/yoast.com\/wordpress\/plugins\/seo\/ -->\n<title>Double Smart Plug - Smart Plug for Energy Saving - Google Home, Amazon Alexa et Siri (HWP121E) | Caliber<\/title>\n<meta name=\"robots\" content=\"index, follow, max-snippet:-1, max-image-preview:large, max-video-preview:-1\" \/>\n<link rel=\"canonical\" href=\"https:\/\/www.calibereurope.com\/fr\/produit\/HWP121E-fr_FR\/\" \/>\n<meta property=\"og:locale\" content=\"fr_FR\" \/>\n<meta property=\"og:type\" content=\"article\" \/>\n<meta property=\"og:title\" content=\"Double Smart Plug - Smart Plug for Energy Saving - Google Home, Amazon Alexa et Siri (HWP121E) | Caliber\" \/>\n<meta property=\"og:description\" content=\"Transformez une prise en deux sockets avec ce Caliber HWP121E Double Smart Plug. Gr\u00e2ce \u00e0 la prise WiFi, vous pouvez utiliser des appareils connect\u00e9s via l&#039;application gratuite . D\u00e9finissez les minuteries et les horaires pour activer ou \u00e9teindre vos lampes ou votre cafeti\u00e8re. Les deux prises de la fiche intelligente peuvent \u00e9galement \u00eatre exploit\u00e9es s\u00e9par\u00e9ment [&hellip;]\" \/>\n<meta property=\"og:url\" content=\"https:\/\/www.calibereurope.com\/fr\/produit\/HWP121E-fr_FR\/\" \/>\n<meta property=\"og:site_name\" content=\"Caliber\" \/>\n<meta property=\"article:publisher\" content=\"https:\/\/facebook.com\/CaliberEurope\/\" \/>\n<meta property=\"article:modified_time\" content=\"2026-02-24T10:32:52+00:00\" \/>\n<meta property=\"og:image\" content=\"https:\/\/www.calibereurope.com\/wp-content\/uploads\/2022\/09\/e98075d2cfa89ca060bb9bda48cd624d6df51a3b_HWP121E-8.jpg\" \/>\n\t<meta property=\"og:image:width\" content=\"1024\" \/>\n\t<meta property=\"og:image:height\" content=\"768\" \/>\n\t<meta property=\"og:image:type\" content=\"image\/jpeg\" \/>\n<meta name=\"twitter:card\" content=\"summary_large_image\" \/>\n<meta name=\"twitter:site\" content=\"@calibereurope\" \/>\n<meta name=\"twitter:label1\" content=\"Prix\" \/>\n\t<meta name=\"twitter:data1\" content=\"19,95\" \/>\n\t<meta name=\"twitter:label2\" content=\"Availability\" \/>\n\t<meta name=\"twitter:data2\" content=\"Out of stock\" \/>\n<script type=\"application\/ld+json\" class=\"yoast-schema-graph\">{\"@context\":\"https:\/\/schema.org\",\"@graph\":[{\"@type\":\"WebPage\",\"@id\":\"https:\/\/www.calibereurope.com\/fr\/produit\/HWP121E-fr_FR\/\",\"url\":\"https:\/\/www.calibereurope.com\/fr\/produit\/HWP121E-fr_FR\/\",\"name\":\"Double Smart Plug - Smart Plug for Energy Saving - Google Home, Amazon Alexa et Siri (HWP121E) | Caliber\",\"isPartOf\":{\"@id\":\"https:\/\/www.calibereurope.com\/fr\/#website\"},\"primaryImageOfPage\":{\"@id\":\"https:\/\/www.calibereurope.com\/fr\/produit\/HWP121E-fr_FR\/#primaryimage\"},\"image\":{\"@id\":\"https:\/\/www.calibereurope.com\/fr\/produit\/HWP121E-fr_FR\/#primaryimage\"},\"thumbnailUrl\":\"https:\/\/www.calibereurope.com\/wp-content\/uploads\/2025\/01\/e98075d2cfa89ca060bb9bda48cd624d6df51a3b_HWP121E.jpg\",\"datePublished\":\"2025-01-15T00:00:00+00:00\",\"dateModified\":\"2026-02-24T10:32:52+00:00\",\"breadcrumb\":{\"@id\":\"https:\/\/www.calibereurope.com\/fr\/produit\/HWP121E-fr_FR\/#breadcrumb\"},\"inLanguage\":\"fr-FR\",\"potentialAction\":[{\"@type\":\"ReadAction\",\"target\":[\"https:\/\/www.calibereurope.com\/fr\/produit\/HWP121E-fr_FR\/\"]}]},{\"@type\":\"ImageObject\",\"inLanguage\":\"fr-FR\",\"@id\":\"https:\/\/www.calibereurope.com\/fr\/produit\/HWP121E-fr_FR\/#primaryimage\",\"url\":\"https:\/\/www.calibereurope.com\/wp-content\/uploads\/2025\/01\/e98075d2cfa89ca060bb9bda48cd624d6df51a3b_HWP121E.jpg\",\"contentUrl\":\"https:\/\/www.calibereurope.com\/wp-content\/uploads\/2025\/01\/e98075d2cfa89ca060bb9bda48cd624d6df51a3b_HWP121E.jpg\",\"width\":1024,\"height\":768},{\"@type\":\"BreadcrumbList\",\"@id\":\"https:\/\/www.calibereurope.com\/fr\/produit\/HWP121E-fr_FR\/#breadcrumb\",\"itemListElement\":[{\"@type\":\"ListItem\",\"position\":1,\"name\":\"Home\",\"item\":\"https:\/\/www.calibereurope.com\/fr\/\"},{\"@type\":\"ListItem\",\"position\":2,\"name\":\"Boutique en ligne\",\"item\":\"https:\/\/www.calibereurope.com\/fr\/boutique-en-ligne\/\"},{\"@type\":\"ListItem\",\"position\":3,\"name\":\"Maison intelligente\",\"item\":\"https:\/\/www.calibereurope.com\/fr\/smarthome_fr_FR\/\"},{\"@type\":\"ListItem\",\"position\":4,\"name\":\"Bouchons\",\"item\":\"https:\/\/www.calibereurope.com\/fr\/smarthome_fr_FR\/stekkers_fr_FR\/\"},{\"@type\":\"ListItem\",\"position\":5,\"name\":\"Double Smart Plug &#8211; Smart Plug for Energy Saving &#8211; Google Home, Amazon Alexa et Siri (HWP121E)\"}]},{\"@type\":\"WebSite\",\"@id\":\"https:\/\/www.calibereurope.com\/fr\/#website\",\"url\":\"https:\/\/www.calibereurope.com\/fr\/\",\"name\":\"Caliber\",\"description\":\"Sounds good!\",\"publisher\":{\"@id\":\"https:\/\/www.calibereurope.com\/fr\/#organization\"},\"potentialAction\":[{\"@type\":\"SearchAction\",\"target\":{\"@type\":\"EntryPoint\",\"urlTemplate\":\"https:\/\/www.calibereurope.com\/fr\/?s={search_term_string}\"},\"query-input\":{\"@type\":\"PropertyValueSpecification\",\"valueRequired\":true,\"valueName\":\"search_term_string\"}}],\"inLanguage\":\"fr-FR\"},{\"@type\":\"Organization\",\"@id\":\"https:\/\/www.calibereurope.com\/fr\/#organization\",\"name\":\"Caliber Europe B.V.\",\"url\":\"https:\/\/www.calibereurope.com\/fr\/\",\"logo\":{\"@type\":\"ImageObject\",\"inLanguage\":\"fr-FR\",\"@id\":\"https:\/\/www.calibereurope.com\/fr\/#\/schema\/logo\/image\/\",\"url\":\"https:\/\/www.calibereurope.com\/wp-content\/uploads\/2019\/11\/Logo-Caliber-e1574846289621.png\",\"contentUrl\":\"https:\/\/www.calibereurope.com\/wp-content\/uploads\/2019\/11\/Logo-Caliber-e1574846289621.png\",\"width\":400,\"height\":69,\"caption\":\"Caliber Europe B.V.\"},\"image\":{\"@id\":\"https:\/\/www.calibereurope.com\/fr\/#\/schema\/logo\/image\/\"},\"sameAs\":[\"https:\/\/facebook.com\/CaliberEurope\/\",\"https:\/\/x.com\/calibereurope\",\"https:\/\/www.instagram.com\/calibereurope\/\"]}]}<\/script>\n<meta property=\"product:price:amount\" content=\"19.95\" \/>\n<meta property=\"product:price:currency\" content=\"EUR\" \/>\n<meta property=\"og:availability\" content=\"out of stock\" \/>\n<meta property=\"product:availability\" content=\"out of stock\" \/>\n<meta property=\"product:retailer_item_id\" content=\"HWP121E\" \/>\n<meta property=\"product:condition\" content=\"new\" \/>\n<!-- \/ Yoast SEO plugin. -->","yoast_head_json":{"title":"Double Smart Plug - Smart Plug for Energy Saving - Google Home, Amazon Alexa et Siri (HWP121E) | Caliber","robots":{"index":"index","follow":"follow","max-snippet":"max-snippet:-1","max-image-preview":"max-image-preview:large","max-video-preview":"max-video-preview:-1"},"canonical":"https:\/\/www.calibereurope.com\/fr\/produit\/HWP121E-fr_FR\/","og_locale":"fr_FR","og_type":"article","og_title":"Double Smart Plug - Smart Plug for Energy Saving - Google Home, Amazon Alexa et Siri (HWP121E) | Caliber","og_description":"Transformez une prise en deux sockets avec ce Caliber HWP121E Double Smart Plug. Gr\u00e2ce \u00e0 la prise WiFi, vous pouvez utiliser des appareils connect\u00e9s via l&#39;application gratuite . D\u00e9finissez les minuteries et les horaires pour activer ou \u00e9teindre vos lampes ou votre cafeti\u00e8re. Les deux prises de la fiche intelligente peuvent \u00e9galement \u00eatre exploit\u00e9es s\u00e9par\u00e9ment [&hellip;]","og_url":"https:\/\/www.calibereurope.com\/fr\/produit\/HWP121E-fr_FR\/","og_site_name":"Caliber","article_publisher":"https:\/\/facebook.com\/CaliberEurope\/","article_modified_time":"2026-02-24T10:32:52+00:00","og_image":[{"width":1024,"height":768,"url":"https:\/\/www.calibereurope.com\/wp-content\/uploads\/2022\/09\/e98075d2cfa89ca060bb9bda48cd624d6df51a3b_HWP121E-8.jpg","type":"image\/jpeg"}],"twitter_card":"summary_large_image","twitter_site":"@calibereurope","twitter_misc":{"Prix":"19,95","Availability":"Out of stock"},"schema":{"@context":"https:\/\/schema.org","@graph":[{"@type":"WebPage","@id":"https:\/\/www.calibereurope.com\/fr\/produit\/HWP121E-fr_FR\/","url":"https:\/\/www.calibereurope.com\/fr\/produit\/HWP121E-fr_FR\/","name":"Double Smart Plug - Smart Plug for Energy Saving - Google Home, Amazon Alexa et Siri (HWP121E) | Caliber","isPartOf":{"@id":"https:\/\/www.calibereurope.com\/fr\/#website"},"primaryImageOfPage":{"@id":"https:\/\/www.calibereurope.com\/fr\/produit\/HWP121E-fr_FR\/#primaryimage"},"image":{"@id":"https:\/\/www.calibereurope.com\/fr\/produit\/HWP121E-fr_FR\/#primaryimage"},"thumbnailUrl":"https:\/\/www.calibereurope.com\/wp-content\/uploads\/2025\/01\/e98075d2cfa89ca060bb9bda48cd624d6df51a3b_HWP121E.jpg","datePublished":"2025-01-15T00:00:00+00:00","dateModified":"2026-02-24T10:32:52+00:00","breadcrumb":{"@id":"https:\/\/www.calibereurope.com\/fr\/produit\/HWP121E-fr_FR\/#breadcrumb"},"inLanguage":"fr-FR","potentialAction":[{"@type":"ReadAction","target":["https:\/\/www.calibereurope.com\/fr\/produit\/HWP121E-fr_FR\/"]}]},{"@type":"ImageObject","inLanguage":"fr-FR","@id":"https:\/\/www.calibereurope.com\/fr\/produit\/HWP121E-fr_FR\/#primaryimage","url":"https:\/\/www.calibereurope.com\/wp-content\/uploads\/2025\/01\/e98075d2cfa89ca060bb9bda48cd624d6df51a3b_HWP121E.jpg","contentUrl":"https:\/\/www.calibereurope.com\/wp-content\/uploads\/2025\/01\/e98075d2cfa89ca060bb9bda48cd624d6df51a3b_HWP121E.jpg","width":1024,"height":768},{"@type":"BreadcrumbList","@id":"https:\/\/www.calibereurope.com\/fr\/produit\/HWP121E-fr_FR\/#breadcrumb","itemListElement":[{"@type":"ListItem","position":1,"name":"Home","item":"https:\/\/www.calibereurope.com\/fr\/"},{"@type":"ListItem","position":2,"name":"Boutique en ligne","item":"https:\/\/www.calibereurope.com\/fr\/boutique-en-ligne\/"},{"@type":"ListItem","position":3,"name":"Maison intelligente","item":"https:\/\/www.calibereurope.com\/fr\/smarthome_fr_FR\/"},{"@type":"ListItem","position":4,"name":"Bouchons","item":"https:\/\/www.calibereurope.com\/fr\/smarthome_fr_FR\/stekkers_fr_FR\/"},{"@type":"ListItem","position":5,"name":"Double Smart Plug &#8211; Smart Plug for Energy Saving &#8211; Google Home, Amazon Alexa et Siri (HWP121E)"}]},{"@type":"WebSite","@id":"https:\/\/www.calibereurope.com\/fr\/#website","url":"https:\/\/www.calibereurope.com\/fr\/","name":"Caliber","description":"Sounds good!","publisher":{"@id":"https:\/\/www.calibereurope.com\/fr\/#organization"},"potentialAction":[{"@type":"SearchAction","target":{"@type":"EntryPoint","urlTemplate":"https:\/\/www.calibereurope.com\/fr\/?s={search_term_string}"},"query-input":{"@type":"PropertyValueSpecification","valueRequired":true,"valueName":"search_term_string"}}],"inLanguage":"fr-FR"},{"@type":"Organization","@id":"https:\/\/www.calibereurope.com\/fr\/#organization","name":"Caliber Europe B.V.","url":"https:\/\/www.calibereurope.com\/fr\/","logo":{"@type":"ImageObject","inLanguage":"fr-FR","@id":"https:\/\/www.calibereurope.com\/fr\/#\/schema\/logo\/image\/","url":"https:\/\/www.calibereurope.com\/wp-content\/uploads\/2019\/11\/Logo-Caliber-e1574846289621.png","contentUrl":"https:\/\/www.calibereurope.com\/wp-content\/uploads\/2019\/11\/Logo-Caliber-e1574846289621.png","width":400,"height":69,"caption":"Caliber Europe B.V."},"image":{"@id":"https:\/\/www.calibereurope.com\/fr\/#\/schema\/logo\/image\/"},"sameAs":["https:\/\/facebook.com\/CaliberEurope\/","https:\/\/x.com\/calibereurope","https:\/\/www.instagram.com\/calibereurope\/"]}]},"product_price_amount":"19.95","product_price_currency":"EUR","og_availability":"out of stock","product_availability":"out of stock","product_retailer_item_id":"HWP121E","product_condition":"new"},"_links":{"self":[{"href":"https:\/\/www.calibereurope.com\/fr\/wp-json\/wp\/v2\/product\/66881","targetHints":{"allow":["GET"]}}],"collection":[{"href":"https:\/\/www.calibereurope.com\/fr\/wp-json\/wp\/v2\/product"}],"about":[{"href":"https:\/\/www.calibereurope.com\/fr\/wp-json\/wp\/v2\/types\/product"}],"replies":[{"embeddable":true,"href":"https:\/\/www.calibereurope.com\/fr\/wp-json\/wp\/v2\/comments?post=66881"}],"wp:featuredmedia":[{"embeddable":true,"href":"https:\/\/www.calibereurope.com\/fr\/wp-json\/wp\/v2\/media\/1670338"}],"wp:attachment":[{"href":"https:\/\/www.calibereurope.com\/fr\/wp-json\/wp\/v2\/media?parent=66881"}],"wp:term":[{"taxonomy":"product_brand","embeddable":true,"href":"https:\/\/www.calibereurope.com\/fr\/wp-json\/wp\/v2\/product_brand?post=66881"},{"taxonomy":"product_cat","embeddable":true,"href":"https:\/\/www.calibereurope.com\/fr\/wp-json\/wp\/v2\/product_cat?post=66881"},{"taxonomy":"product_tag","embeddable":true,"href":"https:\/\/www.calibereurope.com\/fr\/wp-json\/wp\/v2\/product_tag?post=66881"}],"curies":[{"name":"wp","href":"https:\/\/api.w.org\/{rel}","templated":true}]}}