{"id":67011,"date":"2023-07-06T02:00:00","date_gmt":"2023-07-06T00:00:00","guid":{"rendered":""},"modified":"2023-07-06T09:42:29","modified_gmt":"2023-07-06T07:42:29","slug":"HWP502SET-fr_FR","status":"publish","type":"product","link":"https:\/\/www.calibereurope.com\/fr\/produit\/HWP502SET-fr_FR\/","title":{"rendered":"Commutateur et r\u00e9cepteur connect\u00e9s &#8211; Blanc (HWP502SET)"},"content":{"rendered":"<p>Avec le kit d&#39;interrupteurs intelligents Caliber HWP502SET, vous pouvez transformer votre \u00e9clairage existant en \u00e9clairage intelligent. Placez le r\u00e9cepteur entre la connexion et le c\u00e2blage d&#39;une lampe. Ce commutateur intelligent est connect\u00e9 \u00e0 l&#39;application Caliber Smart Home App, vous pouvez donc le contr\u00f4ler avec votre smartphone. Non seulement via l&#39;application Caliber, mais m\u00eame le contr\u00f4le (vocal) via les raccourcis de Google Home, Amazon Alexa et Siri est possible. Les possibilit\u00e9s de r\u00e9glageVia l&#39;application Caliber Smart Home, les possibilit\u00e9s sont presque infinies. Le HWP a la fonction de s&#39;allumer et de s&#39;\u00e9teindre automatiquement selon un horaire (heures fixes), mais il est \u00e9galement possible de l&#39;allumer aux heures de lever et de coucher du soleil. De cette fa\u00e7on, vous n&#39;avez jamais \u00e0 ajuster les heures et la lampe ne br\u00fble pas inutilement. En combinaison avec d&#39;autres produits Caliber Smart, vous pouvez cr\u00e9er des sc\u00e9narios, de sorte que vous pouvez, par exemple, laisser la cam\u00e9ra intelligente (HWC) s&#39;allumer lorsqu&#39;un mouvement est d\u00e9tect\u00e9 par une cam\u00e9ra intelligente (HWC) ou un capteur intelligent (HWS). Interrupteur Avec l&#39;interrupteur HWP502SW inclus, vous pouvez \u00e9galement allumer ou \u00e9teindre physiquement la lumi\u00e8re. Collez ou vissez l&#39;interrupteur \u00e0 un endroit pratique devant vous. Il fonctionne sans fil et sans piles avec le HWP502SET. Branchez jusqu&#39;\u00e0 4 lampes avec un interrupteur ou 1 lampe avec 4 interrupteurs \u00e0 diff\u00e9rents endroits de la maison. Mais juste ce que vous voulez.<\/p>\n","protected":false},"excerpt":{"rendered":"<p>Avec le kit d&#39;interrupteurs intelligents Caliber HWP502SET, vous pouvez transformer votre \u00e9clairage existant en \u00e9clairage intelligent. Placez le r\u00e9cepteur entre la connexion et le c\u00e2blage d&#39;une lampe. Ce commutateur intelligent est connect\u00e9 \u00e0 l&#39;application Caliber Smart Home App, vous pouvez donc le contr\u00f4ler avec votre smartphone. Non seulement via l&#39;application Caliber, mais m\u00eame le contr\u00f4le [&hellip;]<\/p>\n","protected":false},"featured_media":1502045,"comment_status":"open","ping_status":"closed","template":"","meta":{"inline_featured_image":false},"product_brand":[],"product_cat":[6361,6364],"product_tag":[],"class_list":{"0":"post-67011","1":"product","2":"type-product","3":"status-publish","4":"has-post-thumbnail","6":"product_cat-smarthome_fr_FR","7":"product_cat-bediening_fr_FR","9":"first","10":"instock","11":"taxable","12":"shipping-taxable","13":"purchasable","14":"product-type-simple"},"yoast_head":"<!-- This site is optimized with the Yoast SEO plugin v24.4 - https:\/\/yoast.com\/wordpress\/plugins\/seo\/ -->\n<title>Commutateur et r\u00e9cepteur connect\u00e9s - Blanc (HWP502SET) | Caliber<\/title>\n<meta name=\"robots\" content=\"index, follow, max-snippet:-1, max-image-preview:large, max-video-preview:-1\" \/>\n<link rel=\"canonical\" href=\"https:\/\/www.calibereurope.com\/fr\/produit\/HWP502SET-fr_FR\/\" \/>\n<meta property=\"og:locale\" content=\"fr_FR\" \/>\n<meta property=\"og:type\" content=\"article\" \/>\n<meta property=\"og:title\" content=\"Commutateur et r\u00e9cepteur connect\u00e9s - Blanc (HWP502SET) | Caliber\" \/>\n<meta property=\"og:description\" content=\"Avec le kit d&#039;interrupteurs intelligents Caliber HWP502SET, vous pouvez transformer votre \u00e9clairage existant en \u00e9clairage intelligent. Placez le r\u00e9cepteur entre la connexion et le c\u00e2blage d&#039;une lampe. Ce commutateur intelligent est connect\u00e9 \u00e0 l&#039;application Caliber Smart Home App, vous pouvez donc le contr\u00f4ler avec votre smartphone. Non seulement via l&#039;application Caliber, mais m\u00eame le contr\u00f4le [&hellip;]\" \/>\n<meta property=\"og:url\" content=\"https:\/\/www.calibereurope.com\/fr\/produit\/HWP502SET-fr_FR\/\" \/>\n<meta property=\"og:site_name\" content=\"Caliber\" \/>\n<meta property=\"article:publisher\" content=\"https:\/\/facebook.com\/CaliberEurope\/\" \/>\n<meta property=\"article:modified_time\" content=\"2023-07-06T07:42:29+00:00\" \/>\n<meta property=\"og:image\" content=\"https:\/\/www.calibereurope.com\/wp-content\/uploads\/2022\/05\/d7a581bb3942ef8df2d20cd39057aab4a327e5d6_HWP502SET.jpg\" \/>\n\t<meta property=\"og:image:width\" content=\"800\" \/>\n\t<meta property=\"og:image:height\" content=\"600\" \/>\n\t<meta property=\"og:image:type\" content=\"image\/jpeg\" \/>\n<meta name=\"twitter:card\" content=\"summary_large_image\" \/>\n<meta name=\"twitter:site\" content=\"@calibereurope\" \/>\n<meta name=\"twitter:label1\" content=\"Prix\" \/>\n\t<meta name=\"twitter:data1\" content=\"29,95\" \/>\n\t<meta name=\"twitter:label2\" content=\"Availability\" \/>\n\t<meta name=\"twitter:data2\" content=\"In stock\" \/>\n<script type=\"application\/ld+json\" class=\"yoast-schema-graph\">{\"@context\":\"https:\/\/schema.org\",\"@graph\":[{\"@type\":\"WebPage\",\"@id\":\"https:\/\/www.calibereurope.com\/fr\/produit\/HWP502SET-fr_FR\/\",\"url\":\"https:\/\/www.calibereurope.com\/fr\/produit\/HWP502SET-fr_FR\/\",\"name\":\"Commutateur et r\u00e9cepteur connect\u00e9s - Blanc (HWP502SET) | Caliber\",\"isPartOf\":{\"@id\":\"https:\/\/www.calibereurope.com\/fr\/#website\"},\"primaryImageOfPage\":{\"@id\":\"https:\/\/www.calibereurope.com\/fr\/produit\/HWP502SET-fr_FR\/#primaryimage\"},\"image\":{\"@id\":\"https:\/\/www.calibereurope.com\/fr\/produit\/HWP502SET-fr_FR\/#primaryimage\"},\"thumbnailUrl\":\"https:\/\/www.calibereurope.com\/wp-content\/uploads\/2023\/07\/d7a581bb3942ef8df2d20cd39057aab4a327e5d6_HWP502SET.jpg\",\"datePublished\":\"2023-07-06T00:00:00+00:00\",\"dateModified\":\"2023-07-06T07:42:29+00:00\",\"breadcrumb\":{\"@id\":\"https:\/\/www.calibereurope.com\/fr\/produit\/HWP502SET-fr_FR\/#breadcrumb\"},\"inLanguage\":\"fr-FR\",\"potentialAction\":[{\"@type\":\"ReadAction\",\"target\":[\"https:\/\/www.calibereurope.com\/fr\/produit\/HWP502SET-fr_FR\/\"]}]},{\"@type\":\"ImageObject\",\"inLanguage\":\"fr-FR\",\"@id\":\"https:\/\/www.calibereurope.com\/fr\/produit\/HWP502SET-fr_FR\/#primaryimage\",\"url\":\"https:\/\/www.calibereurope.com\/wp-content\/uploads\/2023\/07\/d7a581bb3942ef8df2d20cd39057aab4a327e5d6_HWP502SET.jpg\",\"contentUrl\":\"https:\/\/www.calibereurope.com\/wp-content\/uploads\/2023\/07\/d7a581bb3942ef8df2d20cd39057aab4a327e5d6_HWP502SET.jpg\",\"width\":800,\"height\":600},{\"@type\":\"BreadcrumbList\",\"@id\":\"https:\/\/www.calibereurope.com\/fr\/produit\/HWP502SET-fr_FR\/#breadcrumb\",\"itemListElement\":[{\"@type\":\"ListItem\",\"position\":1,\"name\":\"Home\",\"item\":\"https:\/\/www.calibereurope.com\/fr\/\"},{\"@type\":\"ListItem\",\"position\":2,\"name\":\"Boutique en ligne\",\"item\":\"https:\/\/www.calibereurope.com\/fr\/boutique-en-ligne\/\"},{\"@type\":\"ListItem\",\"position\":3,\"name\":\"Maison intelligente\",\"item\":\"https:\/\/www.calibereurope.com\/fr\/smarthome_fr_FR\/\"},{\"@type\":\"ListItem\",\"position\":4,\"name\":\"Op\u00e9ration\",\"item\":\"https:\/\/www.calibereurope.com\/fr\/smarthome_fr_FR\/bediening_fr_FR\/\"},{\"@type\":\"ListItem\",\"position\":5,\"name\":\"Commutateur et r\u00e9cepteur intelligents (HWP502SET)\"}]},{\"@type\":\"WebSite\",\"@id\":\"https:\/\/www.calibereurope.com\/fr\/#website\",\"url\":\"https:\/\/www.calibereurope.com\/fr\/\",\"name\":\"Caliber\",\"description\":\"Sounds good!\",\"publisher\":{\"@id\":\"https:\/\/www.calibereurope.com\/fr\/#organization\"},\"potentialAction\":[{\"@type\":\"SearchAction\",\"target\":{\"@type\":\"EntryPoint\",\"urlTemplate\":\"https:\/\/www.calibereurope.com\/fr\/?s={search_term_string}\"},\"query-input\":{\"@type\":\"PropertyValueSpecification\",\"valueRequired\":true,\"valueName\":\"search_term_string\"}}],\"inLanguage\":\"fr-FR\"},{\"@type\":\"Organization\",\"@id\":\"https:\/\/www.calibereurope.com\/fr\/#organization\",\"name\":\"Caliber Europe B.V.\",\"url\":\"https:\/\/www.calibereurope.com\/fr\/\",\"logo\":{\"@type\":\"ImageObject\",\"inLanguage\":\"fr-FR\",\"@id\":\"https:\/\/www.calibereurope.com\/fr\/#\/schema\/logo\/image\/\",\"url\":\"https:\/\/www.calibereurope.com\/wp-content\/uploads\/2019\/11\/Logo-Caliber-e1574846289621.png\",\"contentUrl\":\"https:\/\/www.calibereurope.com\/wp-content\/uploads\/2019\/11\/Logo-Caliber-e1574846289621.png\",\"width\":400,\"height\":69,\"caption\":\"Caliber Europe B.V.\"},\"image\":{\"@id\":\"https:\/\/www.calibereurope.com\/fr\/#\/schema\/logo\/image\/\"},\"sameAs\":[\"https:\/\/facebook.com\/CaliberEurope\/\",\"https:\/\/x.com\/calibereurope\",\"https:\/\/www.instagram.com\/calibereurope\/\"]}]}<\/script>\n<meta property=\"product:price:amount\" content=\"29.95\" \/>\n<meta property=\"product:price:currency\" content=\"EUR\" \/>\n<meta property=\"og:availability\" content=\"instock\" \/>\n<meta property=\"product:availability\" content=\"instock\" \/>\n<meta property=\"product:retailer_item_id\" content=\"HWP502SET\" \/>\n<meta property=\"product:condition\" content=\"new\" \/>\n<!-- \/ Yoast SEO plugin. -->","yoast_head_json":{"title":"Commutateur et r\u00e9cepteur connect\u00e9s - Blanc (HWP502SET) | Caliber","robots":{"index":"index","follow":"follow","max-snippet":"max-snippet:-1","max-image-preview":"max-image-preview:large","max-video-preview":"max-video-preview:-1"},"canonical":"https:\/\/www.calibereurope.com\/fr\/produit\/HWP502SET-fr_FR\/","og_locale":"fr_FR","og_type":"article","og_title":"Commutateur et r\u00e9cepteur connect\u00e9s - Blanc (HWP502SET) | Caliber","og_description":"Avec le kit d&#39;interrupteurs intelligents Caliber HWP502SET, vous pouvez transformer votre \u00e9clairage existant en \u00e9clairage intelligent. Placez le r\u00e9cepteur entre la connexion et le c\u00e2blage d&#39;une lampe. Ce commutateur intelligent est connect\u00e9 \u00e0 l&#39;application Caliber Smart Home App, vous pouvez donc le contr\u00f4ler avec votre smartphone. Non seulement via l&#39;application Caliber, mais m\u00eame le contr\u00f4le [&hellip;]","og_url":"https:\/\/www.calibereurope.com\/fr\/produit\/HWP502SET-fr_FR\/","og_site_name":"Caliber","article_publisher":"https:\/\/facebook.com\/CaliberEurope\/","article_modified_time":"2023-07-06T07:42:29+00:00","og_image":[{"width":800,"height":600,"url":"https:\/\/www.calibereurope.com\/wp-content\/uploads\/2022\/05\/d7a581bb3942ef8df2d20cd39057aab4a327e5d6_HWP502SET.jpg","type":"image\/jpeg"}],"twitter_card":"summary_large_image","twitter_site":"@calibereurope","twitter_misc":{"Prix":"29,95","Availability":"In stock"},"schema":{"@context":"https:\/\/schema.org","@graph":[{"@type":"WebPage","@id":"https:\/\/www.calibereurope.com\/fr\/produit\/HWP502SET-fr_FR\/","url":"https:\/\/www.calibereurope.com\/fr\/produit\/HWP502SET-fr_FR\/","name":"Commutateur et r\u00e9cepteur connect\u00e9s - Blanc (HWP502SET) | Caliber","isPartOf":{"@id":"https:\/\/www.calibereurope.com\/fr\/#website"},"primaryImageOfPage":{"@id":"https:\/\/www.calibereurope.com\/fr\/produit\/HWP502SET-fr_FR\/#primaryimage"},"image":{"@id":"https:\/\/www.calibereurope.com\/fr\/produit\/HWP502SET-fr_FR\/#primaryimage"},"thumbnailUrl":"https:\/\/www.calibereurope.com\/wp-content\/uploads\/2023\/07\/d7a581bb3942ef8df2d20cd39057aab4a327e5d6_HWP502SET.jpg","datePublished":"2023-07-06T00:00:00+00:00","dateModified":"2023-07-06T07:42:29+00:00","breadcrumb":{"@id":"https:\/\/www.calibereurope.com\/fr\/produit\/HWP502SET-fr_FR\/#breadcrumb"},"inLanguage":"fr-FR","potentialAction":[{"@type":"ReadAction","target":["https:\/\/www.calibereurope.com\/fr\/produit\/HWP502SET-fr_FR\/"]}]},{"@type":"ImageObject","inLanguage":"fr-FR","@id":"https:\/\/www.calibereurope.com\/fr\/produit\/HWP502SET-fr_FR\/#primaryimage","url":"https:\/\/www.calibereurope.com\/wp-content\/uploads\/2023\/07\/d7a581bb3942ef8df2d20cd39057aab4a327e5d6_HWP502SET.jpg","contentUrl":"https:\/\/www.calibereurope.com\/wp-content\/uploads\/2023\/07\/d7a581bb3942ef8df2d20cd39057aab4a327e5d6_HWP502SET.jpg","width":800,"height":600},{"@type":"BreadcrumbList","@id":"https:\/\/www.calibereurope.com\/fr\/produit\/HWP502SET-fr_FR\/#breadcrumb","itemListElement":[{"@type":"ListItem","position":1,"name":"Home","item":"https:\/\/www.calibereurope.com\/fr\/"},{"@type":"ListItem","position":2,"name":"Boutique en ligne","item":"https:\/\/www.calibereurope.com\/fr\/boutique-en-ligne\/"},{"@type":"ListItem","position":3,"name":"Maison intelligente","item":"https:\/\/www.calibereurope.com\/fr\/smarthome_fr_FR\/"},{"@type":"ListItem","position":4,"name":"Op\u00e9ration","item":"https:\/\/www.calibereurope.com\/fr\/smarthome_fr_FR\/bediening_fr_FR\/"},{"@type":"ListItem","position":5,"name":"Commutateur et r\u00e9cepteur intelligents (HWP502SET)"}]},{"@type":"WebSite","@id":"https:\/\/www.calibereurope.com\/fr\/#website","url":"https:\/\/www.calibereurope.com\/fr\/","name":"Caliber","description":"Sounds good!","publisher":{"@id":"https:\/\/www.calibereurope.com\/fr\/#organization"},"potentialAction":[{"@type":"SearchAction","target":{"@type":"EntryPoint","urlTemplate":"https:\/\/www.calibereurope.com\/fr\/?s={search_term_string}"},"query-input":{"@type":"PropertyValueSpecification","valueRequired":true,"valueName":"search_term_string"}}],"inLanguage":"fr-FR"},{"@type":"Organization","@id":"https:\/\/www.calibereurope.com\/fr\/#organization","name":"Caliber Europe B.V.","url":"https:\/\/www.calibereurope.com\/fr\/","logo":{"@type":"ImageObject","inLanguage":"fr-FR","@id":"https:\/\/www.calibereurope.com\/fr\/#\/schema\/logo\/image\/","url":"https:\/\/www.calibereurope.com\/wp-content\/uploads\/2019\/11\/Logo-Caliber-e1574846289621.png","contentUrl":"https:\/\/www.calibereurope.com\/wp-content\/uploads\/2019\/11\/Logo-Caliber-e1574846289621.png","width":400,"height":69,"caption":"Caliber Europe B.V."},"image":{"@id":"https:\/\/www.calibereurope.com\/fr\/#\/schema\/logo\/image\/"},"sameAs":["https:\/\/facebook.com\/CaliberEurope\/","https:\/\/x.com\/calibereurope","https:\/\/www.instagram.com\/calibereurope\/"]}]},"product_price_amount":"29.95","product_price_currency":"EUR","og_availability":"instock","product_availability":"instock","product_retailer_item_id":"HWP502SET","product_condition":"new"},"_links":{"self":[{"href":"https:\/\/www.calibereurope.com\/fr\/wp-json\/wp\/v2\/product\/67011","targetHints":{"allow":["GET"]}}],"collection":[{"href":"https:\/\/www.calibereurope.com\/fr\/wp-json\/wp\/v2\/product"}],"about":[{"href":"https:\/\/www.calibereurope.com\/fr\/wp-json\/wp\/v2\/types\/product"}],"replies":[{"embeddable":true,"href":"https:\/\/www.calibereurope.com\/fr\/wp-json\/wp\/v2\/comments?post=67011"}],"wp:featuredmedia":[{"embeddable":true,"href":"https:\/\/www.calibereurope.com\/fr\/wp-json\/wp\/v2\/media\/1502045"}],"wp:attachment":[{"href":"https:\/\/www.calibereurope.com\/fr\/wp-json\/wp\/v2\/media?parent=67011"}],"wp:term":[{"taxonomy":"product_brand","embeddable":true,"href":"https:\/\/www.calibereurope.com\/fr\/wp-json\/wp\/v2\/product_brand?post=67011"},{"taxonomy":"product_cat","embeddable":true,"href":"https:\/\/www.calibereurope.com\/fr\/wp-json\/wp\/v2\/product_cat?post=67011"},{"taxonomy":"product_tag","embeddable":true,"href":"https:\/\/www.calibereurope.com\/fr\/wp-json\/wp\/v2\/product_tag?post=67011"}],"curies":[{"name":"wp","href":"https:\/\/api.w.org\/{rel}","templated":true}]}}