{"id":67275,"date":"2023-01-12T01:00:00","date_gmt":"2023-01-12T00:00:00","guid":{"rendered":""},"modified":"2025-10-27T12:37:51","modified_gmt":"2025-10-27T11:37:51","slug":"hwc202pt-fr_fr","status":"publish","type":"product","link":"https:\/\/www.calibereurope.com\/fr\/produit\/hwc202pt-fr_fr\/","title":{"rendered":"Cam\u00e9ra de Surveillance Int\u00e9rieure &#8211; WiFi et Application Smart Home &#8211; Cam\u00e9ra Connect\u00e9e 1080P avec Vision Nocturne (HWC202PT)"},"content":{"rendered":"<p> Gardez un \u0153il sur les enfants et les animaux domestiques lorsque vous n&#39;\u00eates pas chez vous gr\u00e2ce \u00e0 la cam\u00e9ra de surveillance int\u00e9rieure Caliber HWC202PT. La cam\u00e9ra peut \u00eatre facilement contr\u00f4l\u00e9e par<strong>WiFi <\/strong> avec <strong> l&#39;application Caliber Smart Home <\/strong>, afin que vous puissiez voir exactement ce qui se passe dans votre maison sur votre smartphone. Gr\u00e2ce \u00e0 la <strong> fonction de vision nocturne <\/strong> vous pouvez toujours voir ce qui se passe m\u00eame dans l&#39;obscurit\u00e9. La<strong> fonction de d\u00e9tection de mouvement <\/strong>vous permet de recevoir une notification instantan\u00e9e lorsqu&#39;un mouvement est d\u00e9tect\u00e9. Associez la cam\u00e9ra \u00e0 d&#39;autres produits Smart Home pour d\u00e9finir des <strong> d\u00e9clencheurs <\/strong> pratiques. <\/p>\n<p> <strong> Caract\u00e9ristiques : <\/strong> <\/p>\n<ul>\n<li> Cam\u00e9ra de surveillance 1080P\n<li> Fonctionne via l&#39;application gratuite Caliber Smart Home\n<li> D\u00e9placement vertical et horizontal\n<li> Fonction interphone\n<li> Vision nocturne\n<li> D\u00e9clenchement de sc\u00e9narios\n<li> Connexion via WiFi (2.4G)\n<li> D\u00e9tection de mouvement\n<li> Alimentation secteur 230V\n<li> Anti-piratage (ISO27017:2015) <\/li>\n<\/ul>\n<h3> Cam\u00e9ra de surveillance id\u00e9ale pour les enfants et les animaux domestiques <\/h3>\n<p> Vous laissez vos enfants ou vos animaux domestiques seuls \u00e0 la maison pendant un certain temps ou vous vous absentez pour la journ\u00e9e ? Vous pourrez alors partir l&#39;esprit tranquille gr\u00e2ce \u00e0 la cam\u00e9ra connect\u00e9e. Gr\u00e2ce \u00e0 l&#39;application Caliber Smart Home, vous gardez un \u0153il sur ce qui se passe dans le salon. C&#39;est parfait lorsque vous laissez vos enfants seuls \u00e0 la maison pour la premi\u00e8re fois. La cam\u00e9ra int\u00e9rieure dispose d&#39;une fonction panoramique et d&#39;inclinaison. Cela signifie que la cam\u00e9ra peut se d\u00e9placer verticalement et horizontalement. Horizontalement, la cam\u00e9ra se d\u00e9place jusqu&#39;\u00e0 350 degr\u00e9s et verticalement, elle peut se d\u00e9placer de 75 degr\u00e9s. Vous pouvez donc garder un \u0153il sur chaque coin de la pi\u00e8ce. <\/p>\n<h3> La cam\u00e9ra de surveillance vous tient inform\u00e9 des mouvements <\/h3>\n<p> La cam\u00e9ra est \u00e9quip\u00e9e d&#39;un syst\u00e8me de d\u00e9tection des mouvements. Lorsque la cam\u00e9ra d\u00e9tecte un mouvement, vous en \u00eates automatiquement inform\u00e9 via l&#39;application. Vous pouvez donc v\u00e9rifier imm\u00e9diatement ce qui se passe. Vous pouvez \u00e9galement d\u00e9finir des alarmes lorsque vous utilisez la cam\u00e9ra avec d&#39;autres produits Smart Home. Par exemple, d\u00e9clenchez une lampe lorsque le capteur d\u00e9tecte un mouvement. Gr\u00e2ce \u00e0 la fonction audio bidirectionnelle, le son est enregistr\u00e9 dans la pi\u00e8ce o\u00f9 se trouve la cam\u00e9ra, mais vous pouvez \u00e9galement utiliser la cam\u00e9ra comme interphone. Cela vous permet de communiquer avec les personnes pr\u00e9sentes dans la pi\u00e8ce lorsque vous n&#39;\u00eates pas vous-m\u00eame \u00e0 la maison. <\/p>\n<h3> Cam\u00e9ra de surveillance facile \u00e0 utiliser <\/h3>\n<p> La cam\u00e9ra de surveillance est facile \u00e0 utiliser. Il suffit de connecter la cam\u00e9ra par WiFi \u00e0 l&#39;application pour recevoir imm\u00e9diatement toutes les images. Toutes les images sont transmises via une connexion s\u00e9curis\u00e9e. En effet, la cam\u00e9ra de s\u00e9curit\u00e9 int\u00e9rieure est \u00e0 l&#39;\u00e9preuve des pirates et certifi\u00e9e ISO27017:2015. Vous voulez enregistrer des images ? Avec une carte micro SD de 128 Go, les images sont enregistr\u00e9es avec une fonction de boucle, de sorte que vous pouvez toujours voir les derni\u00e8res s\u00e9quences. <\/p>\n<p> <strong><br \/> Inclus :<\/strong> <\/p>\n<ul>\n<li>Cam\u00e9ra de surveillance int\u00e9rieure Caliber HWC202P\n<li>C\u00e2ble\n<li>Adaptateur\n<li><\/li>\n","protected":false},"excerpt":{"rendered":"<ul>\n<li>Cam\u00e9ra de surveillance 1080P<\/li>\n<li>Fonctionne via l&#8217;application gratuite Caliber Smart Home<\/li>\n<li>D\u00e9placement vertical et horizontal<\/li>\n<li>Fonction interphone<\/li>\n<li>Vision nocturne<\/li>\n<li>D\u00e9clenchement de sc\u00e9narios<\/li>\n<li>Connexion via WiFi (2.4G)<\/li>\n<li>D\u00e9tection de mouvement<\/li>\n<li>Alimentation secteur 230V<\/li>\n<li>Anti-piratage (ISO27017:2015)<\/li>\n<\/ul>\n","protected":false},"featured_media":1680867,"comment_status":"open","ping_status":"closed","template":"","meta":{"inline_featured_image":false},"product_brand":[],"product_cat":[6382,6361],"product_tag":[],"class_list":{"0":"post-67275","1":"product","2":"type-product","3":"status-publish","4":"has-post-thumbnail","6":"product_cat-cameras_fr_FR","7":"product_cat-smarthome_fr_FR","9":"first","10":"instock","11":"taxable","12":"shipping-taxable","13":"purchasable","14":"product-type-simple"},"yoast_head":"<!-- This site is optimized with the Yoast SEO plugin v24.4 - https:\/\/yoast.com\/wordpress\/plugins\/seo\/ -->\n<title>Cam\u00e9ra de Surveillance Int\u00e9rieure - WiFi et Application Smart Home - Cam\u00e9ra Connect\u00e9e 1080P avec Vision Nocturne (HWC202PT) | Caliber<\/title>\n<meta name=\"robots\" content=\"index, follow, max-snippet:-1, max-image-preview:large, max-video-preview:-1\" \/>\n<link rel=\"canonical\" href=\"https:\/\/www.calibereurope.com\/fr\/produit\/hwc202pt-fr_fr\/\" \/>\n<meta property=\"og:locale\" content=\"fr_FR\" \/>\n<meta property=\"og:type\" content=\"article\" \/>\n<meta property=\"og:title\" content=\"Cam\u00e9ra de Surveillance Int\u00e9rieure - WiFi et Application Smart Home - Cam\u00e9ra Connect\u00e9e 1080P avec Vision Nocturne (HWC202PT) | Caliber\" \/>\n<meta property=\"og:description\" content=\"Cam\u00e9ra de surveillance 1080PFonctionne via l&#039;application gratuite Caliber Smart HomeD\u00e9placement vertical et horizontalFonction interphoneVision nocturneD\u00e9clenchement de sc\u00e9nariosConnexion via WiFi (2.4G)D\u00e9tection de mouvementAlimentation secteur 230VAnti-piratage (ISO27017:2015)\" \/>\n<meta property=\"og:url\" content=\"https:\/\/www.calibereurope.com\/fr\/produit\/hwc202pt-fr_fr\/\" \/>\n<meta property=\"og:site_name\" content=\"Caliber\" \/>\n<meta property=\"article:publisher\" content=\"https:\/\/facebook.com\/CaliberEurope\/\" \/>\n<meta property=\"article:modified_time\" content=\"2025-10-27T11:37:51+00:00\" \/>\n<meta property=\"og:image\" content=\"https:\/\/www.calibereurope.com\/wp-content\/uploads\/2023\/01\/6d919782a0e428bf3bf2ecdecd30457f6a80c818_HWC202PT_front_web-4.jpg\" \/>\n\t<meta property=\"og:image:width\" content=\"1024\" \/>\n\t<meta property=\"og:image:height\" content=\"768\" \/>\n\t<meta property=\"og:image:type\" content=\"image\/jpeg\" \/>\n<meta name=\"twitter:card\" content=\"summary_large_image\" \/>\n<meta name=\"twitter:site\" content=\"@calibereurope\" \/>\n<meta name=\"twitter:label1\" content=\"Prix\" \/>\n\t<meta name=\"twitter:data1\" content=\"39,00\" \/>\n\t<meta name=\"twitter:label2\" content=\"Availability\" \/>\n\t<meta name=\"twitter:data2\" content=\"In stock\" \/>\n<script type=\"application\/ld+json\" class=\"yoast-schema-graph\">{\"@context\":\"https:\/\/schema.org\",\"@graph\":[{\"@type\":\"WebPage\",\"@id\":\"https:\/\/www.calibereurope.com\/fr\/produit\/hwc202pt-fr_fr\/\",\"url\":\"https:\/\/www.calibereurope.com\/fr\/produit\/hwc202pt-fr_fr\/\",\"name\":\"Cam\u00e9ra de Surveillance Int\u00e9rieure - WiFi et Application Smart Home - Cam\u00e9ra Connect\u00e9e 1080P avec Vision Nocturne (HWC202PT) | Caliber\",\"isPartOf\":{\"@id\":\"https:\/\/www.calibereurope.com\/fr\/#website\"},\"primaryImageOfPage\":{\"@id\":\"https:\/\/www.calibereurope.com\/fr\/produit\/hwc202pt-fr_fr\/#primaryimage\"},\"image\":{\"@id\":\"https:\/\/www.calibereurope.com\/fr\/produit\/hwc202pt-fr_fr\/#primaryimage\"},\"thumbnailUrl\":\"https:\/\/www.calibereurope.com\/wp-content\/uploads\/2025\/10\/6d919782a0e428bf3bf2ecdecd30457f6a80c818_HWC202PT_front_web.jpg\",\"datePublished\":\"2023-01-12T00:00:00+00:00\",\"dateModified\":\"2025-10-27T11:37:51+00:00\",\"breadcrumb\":{\"@id\":\"https:\/\/www.calibereurope.com\/fr\/produit\/hwc202pt-fr_fr\/#breadcrumb\"},\"inLanguage\":\"fr-FR\",\"potentialAction\":[{\"@type\":\"ReadAction\",\"target\":[\"https:\/\/www.calibereurope.com\/fr\/produit\/hwc202pt-fr_fr\/\"]}]},{\"@type\":\"ImageObject\",\"inLanguage\":\"fr-FR\",\"@id\":\"https:\/\/www.calibereurope.com\/fr\/produit\/hwc202pt-fr_fr\/#primaryimage\",\"url\":\"https:\/\/www.calibereurope.com\/wp-content\/uploads\/2025\/10\/6d919782a0e428bf3bf2ecdecd30457f6a80c818_HWC202PT_front_web.jpg\",\"contentUrl\":\"https:\/\/www.calibereurope.com\/wp-content\/uploads\/2025\/10\/6d919782a0e428bf3bf2ecdecd30457f6a80c818_HWC202PT_front_web.jpg\",\"width\":1024,\"height\":768},{\"@type\":\"BreadcrumbList\",\"@id\":\"https:\/\/www.calibereurope.com\/fr\/produit\/hwc202pt-fr_fr\/#breadcrumb\",\"itemListElement\":[{\"@type\":\"ListItem\",\"position\":1,\"name\":\"Home\",\"item\":\"https:\/\/www.calibereurope.com\/fr\/\"},{\"@type\":\"ListItem\",\"position\":2,\"name\":\"Boutique en ligne\",\"item\":\"https:\/\/www.calibereurope.com\/fr\/boutique-en-ligne\/\"},{\"@type\":\"ListItem\",\"position\":3,\"name\":\"Maison intelligente\",\"item\":\"https:\/\/www.calibereurope.com\/fr\/smarthome_fr_FR\/\"},{\"@type\":\"ListItem\",\"position\":4,\"name\":\"Cam\u00e9ras\",\"item\":\"https:\/\/www.calibereurope.com\/fr\/smarthome_fr_FR\/cameras_fr_FR\/\"},{\"@type\":\"ListItem\",\"position\":5,\"name\":\"Cam\u00e9ra de Surveillance Int\u00e9rieure &#8211; WiFi et Application Smart Home &#8211; Cam\u00e9ra Connect\u00e9e 1080P avec Vision Nocturne (HWC202PT)\"}]},{\"@type\":\"WebSite\",\"@id\":\"https:\/\/www.calibereurope.com\/fr\/#website\",\"url\":\"https:\/\/www.calibereurope.com\/fr\/\",\"name\":\"Caliber\",\"description\":\"Sounds good!\",\"publisher\":{\"@id\":\"https:\/\/www.calibereurope.com\/fr\/#organization\"},\"potentialAction\":[{\"@type\":\"SearchAction\",\"target\":{\"@type\":\"EntryPoint\",\"urlTemplate\":\"https:\/\/www.calibereurope.com\/fr\/?s={search_term_string}\"},\"query-input\":{\"@type\":\"PropertyValueSpecification\",\"valueRequired\":true,\"valueName\":\"search_term_string\"}}],\"inLanguage\":\"fr-FR\"},{\"@type\":\"Organization\",\"@id\":\"https:\/\/www.calibereurope.com\/fr\/#organization\",\"name\":\"Caliber Europe B.V.\",\"url\":\"https:\/\/www.calibereurope.com\/fr\/\",\"logo\":{\"@type\":\"ImageObject\",\"inLanguage\":\"fr-FR\",\"@id\":\"https:\/\/www.calibereurope.com\/fr\/#\/schema\/logo\/image\/\",\"url\":\"https:\/\/www.calibereurope.com\/wp-content\/uploads\/2019\/11\/Logo-Caliber-e1574846289621.png\",\"contentUrl\":\"https:\/\/www.calibereurope.com\/wp-content\/uploads\/2019\/11\/Logo-Caliber-e1574846289621.png\",\"width\":400,\"height\":69,\"caption\":\"Caliber Europe B.V.\"},\"image\":{\"@id\":\"https:\/\/www.calibereurope.com\/fr\/#\/schema\/logo\/image\/\"},\"sameAs\":[\"https:\/\/facebook.com\/CaliberEurope\/\",\"https:\/\/x.com\/calibereurope\",\"https:\/\/www.instagram.com\/calibereurope\/\"]}]}<\/script>\n<meta property=\"product:price:amount\" content=\"39.00\" \/>\n<meta property=\"product:price:currency\" content=\"EUR\" \/>\n<meta property=\"og:availability\" content=\"instock\" \/>\n<meta property=\"product:availability\" content=\"instock\" \/>\n<meta property=\"product:retailer_item_id\" content=\"HWC202PT\" \/>\n<meta property=\"product:condition\" content=\"new\" \/>\n<!-- \/ Yoast SEO plugin. -->","yoast_head_json":{"title":"Cam\u00e9ra de Surveillance Int\u00e9rieure - WiFi et Application Smart Home - Cam\u00e9ra Connect\u00e9e 1080P avec Vision Nocturne (HWC202PT) | Caliber","robots":{"index":"index","follow":"follow","max-snippet":"max-snippet:-1","max-image-preview":"max-image-preview:large","max-video-preview":"max-video-preview:-1"},"canonical":"https:\/\/www.calibereurope.com\/fr\/produit\/hwc202pt-fr_fr\/","og_locale":"fr_FR","og_type":"article","og_title":"Cam\u00e9ra de Surveillance Int\u00e9rieure - WiFi et Application Smart Home - Cam\u00e9ra Connect\u00e9e 1080P avec Vision Nocturne (HWC202PT) | Caliber","og_description":"Cam\u00e9ra de surveillance 1080PFonctionne via l'application gratuite Caliber Smart HomeD\u00e9placement vertical et horizontalFonction interphoneVision nocturneD\u00e9clenchement de sc\u00e9nariosConnexion via WiFi (2.4G)D\u00e9tection de mouvementAlimentation secteur 230VAnti-piratage (ISO27017:2015)","og_url":"https:\/\/www.calibereurope.com\/fr\/produit\/hwc202pt-fr_fr\/","og_site_name":"Caliber","article_publisher":"https:\/\/facebook.com\/CaliberEurope\/","article_modified_time":"2025-10-27T11:37:51+00:00","og_image":[{"width":1024,"height":768,"url":"https:\/\/www.calibereurope.com\/wp-content\/uploads\/2023\/01\/6d919782a0e428bf3bf2ecdecd30457f6a80c818_HWC202PT_front_web-4.jpg","type":"image\/jpeg"}],"twitter_card":"summary_large_image","twitter_site":"@calibereurope","twitter_misc":{"Prix":"39,00","Availability":"In stock"},"schema":{"@context":"https:\/\/schema.org","@graph":[{"@type":"WebPage","@id":"https:\/\/www.calibereurope.com\/fr\/produit\/hwc202pt-fr_fr\/","url":"https:\/\/www.calibereurope.com\/fr\/produit\/hwc202pt-fr_fr\/","name":"Cam\u00e9ra de Surveillance Int\u00e9rieure - WiFi et Application Smart Home - Cam\u00e9ra Connect\u00e9e 1080P avec Vision Nocturne (HWC202PT) | Caliber","isPartOf":{"@id":"https:\/\/www.calibereurope.com\/fr\/#website"},"primaryImageOfPage":{"@id":"https:\/\/www.calibereurope.com\/fr\/produit\/hwc202pt-fr_fr\/#primaryimage"},"image":{"@id":"https:\/\/www.calibereurope.com\/fr\/produit\/hwc202pt-fr_fr\/#primaryimage"},"thumbnailUrl":"https:\/\/www.calibereurope.com\/wp-content\/uploads\/2025\/10\/6d919782a0e428bf3bf2ecdecd30457f6a80c818_HWC202PT_front_web.jpg","datePublished":"2023-01-12T00:00:00+00:00","dateModified":"2025-10-27T11:37:51+00:00","breadcrumb":{"@id":"https:\/\/www.calibereurope.com\/fr\/produit\/hwc202pt-fr_fr\/#breadcrumb"},"inLanguage":"fr-FR","potentialAction":[{"@type":"ReadAction","target":["https:\/\/www.calibereurope.com\/fr\/produit\/hwc202pt-fr_fr\/"]}]},{"@type":"ImageObject","inLanguage":"fr-FR","@id":"https:\/\/www.calibereurope.com\/fr\/produit\/hwc202pt-fr_fr\/#primaryimage","url":"https:\/\/www.calibereurope.com\/wp-content\/uploads\/2025\/10\/6d919782a0e428bf3bf2ecdecd30457f6a80c818_HWC202PT_front_web.jpg","contentUrl":"https:\/\/www.calibereurope.com\/wp-content\/uploads\/2025\/10\/6d919782a0e428bf3bf2ecdecd30457f6a80c818_HWC202PT_front_web.jpg","width":1024,"height":768},{"@type":"BreadcrumbList","@id":"https:\/\/www.calibereurope.com\/fr\/produit\/hwc202pt-fr_fr\/#breadcrumb","itemListElement":[{"@type":"ListItem","position":1,"name":"Home","item":"https:\/\/www.calibereurope.com\/fr\/"},{"@type":"ListItem","position":2,"name":"Boutique en ligne","item":"https:\/\/www.calibereurope.com\/fr\/boutique-en-ligne\/"},{"@type":"ListItem","position":3,"name":"Maison intelligente","item":"https:\/\/www.calibereurope.com\/fr\/smarthome_fr_FR\/"},{"@type":"ListItem","position":4,"name":"Cam\u00e9ras","item":"https:\/\/www.calibereurope.com\/fr\/smarthome_fr_FR\/cameras_fr_FR\/"},{"@type":"ListItem","position":5,"name":"Cam\u00e9ra de Surveillance Int\u00e9rieure &#8211; WiFi et Application Smart Home &#8211; Cam\u00e9ra Connect\u00e9e 1080P avec Vision Nocturne (HWC202PT)"}]},{"@type":"WebSite","@id":"https:\/\/www.calibereurope.com\/fr\/#website","url":"https:\/\/www.calibereurope.com\/fr\/","name":"Caliber","description":"Sounds good!","publisher":{"@id":"https:\/\/www.calibereurope.com\/fr\/#organization"},"potentialAction":[{"@type":"SearchAction","target":{"@type":"EntryPoint","urlTemplate":"https:\/\/www.calibereurope.com\/fr\/?s={search_term_string}"},"query-input":{"@type":"PropertyValueSpecification","valueRequired":true,"valueName":"search_term_string"}}],"inLanguage":"fr-FR"},{"@type":"Organization","@id":"https:\/\/www.calibereurope.com\/fr\/#organization","name":"Caliber Europe B.V.","url":"https:\/\/www.calibereurope.com\/fr\/","logo":{"@type":"ImageObject","inLanguage":"fr-FR","@id":"https:\/\/www.calibereurope.com\/fr\/#\/schema\/logo\/image\/","url":"https:\/\/www.calibereurope.com\/wp-content\/uploads\/2019\/11\/Logo-Caliber-e1574846289621.png","contentUrl":"https:\/\/www.calibereurope.com\/wp-content\/uploads\/2019\/11\/Logo-Caliber-e1574846289621.png","width":400,"height":69,"caption":"Caliber Europe B.V."},"image":{"@id":"https:\/\/www.calibereurope.com\/fr\/#\/schema\/logo\/image\/"},"sameAs":["https:\/\/facebook.com\/CaliberEurope\/","https:\/\/x.com\/calibereurope","https:\/\/www.instagram.com\/calibereurope\/"]}]},"product_price_amount":"39.00","product_price_currency":"EUR","og_availability":"instock","product_availability":"instock","product_retailer_item_id":"HWC202PT","product_condition":"new"},"_links":{"self":[{"href":"https:\/\/www.calibereurope.com\/fr\/wp-json\/wp\/v2\/product\/67275","targetHints":{"allow":["GET"]}}],"collection":[{"href":"https:\/\/www.calibereurope.com\/fr\/wp-json\/wp\/v2\/product"}],"about":[{"href":"https:\/\/www.calibereurope.com\/fr\/wp-json\/wp\/v2\/types\/product"}],"replies":[{"embeddable":true,"href":"https:\/\/www.calibereurope.com\/fr\/wp-json\/wp\/v2\/comments?post=67275"}],"wp:featuredmedia":[{"embeddable":true,"href":"https:\/\/www.calibereurope.com\/fr\/wp-json\/wp\/v2\/media\/1680867"}],"wp:attachment":[{"href":"https:\/\/www.calibereurope.com\/fr\/wp-json\/wp\/v2\/media?parent=67275"}],"wp:term":[{"taxonomy":"product_brand","embeddable":true,"href":"https:\/\/www.calibereurope.com\/fr\/wp-json\/wp\/v2\/product_brand?post=67275"},{"taxonomy":"product_cat","embeddable":true,"href":"https:\/\/www.calibereurope.com\/fr\/wp-json\/wp\/v2\/product_cat?post=67275"},{"taxonomy":"product_tag","embeddable":true,"href":"https:\/\/www.calibereurope.com\/fr\/wp-json\/wp\/v2\/product_tag?post=67275"}],"curies":[{"name":"wp","href":"https:\/\/api.w.org\/{rel}","templated":true}]}}