{"id":67979,"date":"2023-10-04T02:00:00","date_gmt":"2023-10-04T00:00:00","guid":{"rendered":""},"modified":"2025-08-27T15:22:57","modified_gmt":"2025-08-27T13:22:57","slug":"HWS900-SET-fr_FR","status":"publish","type":"product","link":"https:\/\/www.calibereurope.com\/fr\/produit\/HWS900-SET-fr_FR\/","title":{"rendered":"Ensemble avec capteur de mouvement et porte fen\u00eatre (HWS900-SET)"},"content":{"rendered":"<p>Description du produit<\/p>\n<p> Cet ensemble contient tout ce dont vous avez besoin pour s\u00e9curiser votre maison de mani\u00e8re optimale. Par exemple, avec 2 capteurs de porte, vous s\u00e9curisez la porte avant et la porte arri\u00e8re ! Les capteurs peuvent bien s\u00fbr aussi \u00eatre plac\u00e9s sur une fen\u00eatre. Le d\u00e9tecteur de mouvement peut facilement \u00eatre dissimul\u00e9 dans une pi\u00e8ce o\u00f9 se trouvent vos occupations les plus pr\u00e9cieuses. De cette fa\u00e7on, vous serez toujours averti lorsqu&#39;il y aura des intrus ind\u00e9sirables dans votre maison. Les avantages en un coup d&#39;\u0153il : &#8211; Pas besoin de pont &#8211; fonctionne avec n&#39;importe quel routeur WiFi (2,4 GHz) &#8211; facile \u00e0 utiliser avec l&#39;application gratuite &#8211; fonctionne avec l&#39;assistant Google, Amazon Alexa et les capteurs IFTTT sur la porte et les fen\u00eatres &#8211; facile \u00e0 utiliser &#8211; le capteur de mouvement peut \u00eatre orient\u00e9 selon diff\u00e9rents angles Connexion Contrairement \u00e0 la plupart des produits intelligents, les produits Caliber Smart Home ne n\u00e9cessitent pas de pont. Les produits communiquent via votre propre signal WiFi (2,4Ghz). Apr\u00e8s avoir install\u00e9 l&#39;application gratuite, suivez les instructions simples pour connecter un produit et vous pourrez bient\u00f4t profiter de votre achat. Caliber Smart Home App La Caliber Smart Home App vous offre de nombreuses possibilit\u00e9s pour rendre votre maison aussi agr\u00e9able et relaxante que possible. L&#39;application est conviviale et vous aide \u00e0 simplifier l&#39;installation de vos produits. Assistant(s) vocal(aux) Les produits Caliber Smart Home fonctionnent en collaboration avec l&#39;assistant Google, Amazon Alexa. Tous les produits sont faciles \u00e0 ajouter \u00e0 votre assistant \u00e0 commande vocale. Donnez des commandes vocales pour rendre vos produits encore plus faciles \u00e0 utiliser. . . Certifications : les produits de calibrage portent toujours les certifications requises et sont conformes aux exigences de l&#39;UE en mati\u00e8re de produits \u00e9lectriques. L&#39;utilisation de produits \u00e9lectriques non certifi\u00e9s peut entra\u00eener un danger\/une blessure pour l&#39;utilisateur et\/ou son environnement. L&#39;utilisation de produits non certifi\u00e9s peut entra\u00eener l&#39;exclusion de la couverture et\/ou le paiement de votre assurance. Faites attention \u00e0 cela lorsque vous achetez un produit.<\/p>\n","protected":false},"excerpt":{"rendered":"<p>Description du produit Cet ensemble contient tout ce dont vous avez besoin pour s\u00e9curiser votre maison de mani\u00e8re optimale. Par exemple, avec 2 capteurs de porte, vous s\u00e9curisez la porte avant et la porte arri\u00e8re ! Les capteurs peuvent bien s\u00fbr aussi \u00eatre plac\u00e9s sur une fen\u00eatre. Le d\u00e9tecteur de mouvement peut facilement \u00eatre dissimul\u00e9 [&hellip;]<\/p>\n","protected":false},"featured_media":1524886,"comment_status":"open","ping_status":"closed","template":"","meta":{"inline_featured_image":false},"product_brand":[],"product_cat":[6376,6361],"product_tag":[],"class_list":{"0":"post-67979","1":"product","2":"type-product","3":"status-publish","4":"has-post-thumbnail","6":"product_cat-sensoren_fr_FR","7":"product_cat-smarthome_fr_FR","9":"first","10":"outofstock","11":"taxable","12":"shipping-taxable","13":"purchasable","14":"product-type-simple"},"yoast_head":"<!-- This site is optimized with the Yoast SEO plugin v24.4 - https:\/\/yoast.com\/wordpress\/plugins\/seo\/ -->\n<title>Ensemble avec capteur de mouvement et porte fen\u00eatre (HWS900-SET) | Caliber<\/title>\n<meta name=\"robots\" content=\"index, follow, max-snippet:-1, max-image-preview:large, max-video-preview:-1\" \/>\n<link rel=\"canonical\" href=\"https:\/\/www.calibereurope.com\/fr\/produit\/HWS900-SET-fr_FR\/\" \/>\n<meta property=\"og:locale\" content=\"fr_FR\" \/>\n<meta property=\"og:type\" content=\"article\" \/>\n<meta property=\"og:title\" content=\"Ensemble avec capteur de mouvement et porte fen\u00eatre (HWS900-SET) | Caliber\" \/>\n<meta property=\"og:description\" content=\"Description du produit Cet ensemble contient tout ce dont vous avez besoin pour s\u00e9curiser votre maison de mani\u00e8re optimale. Par exemple, avec 2 capteurs de porte, vous s\u00e9curisez la porte avant et la porte arri\u00e8re ! Les capteurs peuvent bien s\u00fbr aussi \u00eatre plac\u00e9s sur une fen\u00eatre. Le d\u00e9tecteur de mouvement peut facilement \u00eatre dissimul\u00e9 [&hellip;]\" \/>\n<meta property=\"og:url\" content=\"https:\/\/www.calibereurope.com\/fr\/produit\/HWS900-SET-fr_FR\/\" \/>\n<meta property=\"og:site_name\" content=\"Caliber\" \/>\n<meta property=\"article:publisher\" content=\"https:\/\/facebook.com\/CaliberEurope\/\" \/>\n<meta property=\"article:modified_time\" content=\"2025-08-27T13:22:57+00:00\" \/>\n<meta property=\"og:image\" content=\"https:\/\/www.calibereurope.com\/wp-content\/uploads\/2022\/05\/961f652429fab51950611e9e84e9a3bda06e627e_7b56ae5ef6bf74991d6cc4f3e560f98d0d233c69_HWS900__1_.jpg\" \/>\n\t<meta property=\"og:image:width\" content=\"1200\" \/>\n\t<meta property=\"og:image:height\" content=\"1018\" \/>\n\t<meta property=\"og:image:type\" content=\"image\/jpeg\" \/>\n<meta name=\"twitter:card\" content=\"summary_large_image\" \/>\n<meta name=\"twitter:site\" content=\"@calibereurope\" \/>\n<meta name=\"twitter:label1\" content=\"Prix\" \/>\n\t<meta name=\"twitter:data1\" content=\"59,95\" \/>\n\t<meta name=\"twitter:label2\" content=\"Availability\" \/>\n\t<meta name=\"twitter:data2\" content=\"Out of stock\" \/>\n<script type=\"application\/ld+json\" class=\"yoast-schema-graph\">{\"@context\":\"https:\/\/schema.org\",\"@graph\":[{\"@type\":\"WebPage\",\"@id\":\"https:\/\/www.calibereurope.com\/fr\/produit\/HWS900-SET-fr_FR\/\",\"url\":\"https:\/\/www.calibereurope.com\/fr\/produit\/HWS900-SET-fr_FR\/\",\"name\":\"Ensemble avec capteur de mouvement et porte fen\u00eatre (HWS900-SET) | Caliber\",\"isPartOf\":{\"@id\":\"https:\/\/www.calibereurope.com\/fr\/#website\"},\"primaryImageOfPage\":{\"@id\":\"https:\/\/www.calibereurope.com\/fr\/produit\/HWS900-SET-fr_FR\/#primaryimage\"},\"image\":{\"@id\":\"https:\/\/www.calibereurope.com\/fr\/produit\/HWS900-SET-fr_FR\/#primaryimage\"},\"thumbnailUrl\":\"https:\/\/www.calibereurope.com\/wp-content\/uploads\/2023\/10\/961f652429fab51950611e9e84e9a3bda06e627e_7b56ae5ef6bf74991d6cc4f3e560f98d0d233c69_HWS900__1_.jpg\",\"datePublished\":\"2023-10-04T00:00:00+00:00\",\"dateModified\":\"2025-08-27T13:22:57+00:00\",\"breadcrumb\":{\"@id\":\"https:\/\/www.calibereurope.com\/fr\/produit\/HWS900-SET-fr_FR\/#breadcrumb\"},\"inLanguage\":\"fr-FR\",\"potentialAction\":[{\"@type\":\"ReadAction\",\"target\":[\"https:\/\/www.calibereurope.com\/fr\/produit\/HWS900-SET-fr_FR\/\"]}]},{\"@type\":\"ImageObject\",\"inLanguage\":\"fr-FR\",\"@id\":\"https:\/\/www.calibereurope.com\/fr\/produit\/HWS900-SET-fr_FR\/#primaryimage\",\"url\":\"https:\/\/www.calibereurope.com\/wp-content\/uploads\/2023\/10\/961f652429fab51950611e9e84e9a3bda06e627e_7b56ae5ef6bf74991d6cc4f3e560f98d0d233c69_HWS900__1_.jpg\",\"contentUrl\":\"https:\/\/www.calibereurope.com\/wp-content\/uploads\/2023\/10\/961f652429fab51950611e9e84e9a3bda06e627e_7b56ae5ef6bf74991d6cc4f3e560f98d0d233c69_HWS900__1_.jpg\",\"width\":1200,\"height\":1018},{\"@type\":\"BreadcrumbList\",\"@id\":\"https:\/\/www.calibereurope.com\/fr\/produit\/HWS900-SET-fr_FR\/#breadcrumb\",\"itemListElement\":[{\"@type\":\"ListItem\",\"position\":1,\"name\":\"Home\",\"item\":\"https:\/\/www.calibereurope.com\/fr\/\"},{\"@type\":\"ListItem\",\"position\":2,\"name\":\"Boutique en ligne\",\"item\":\"https:\/\/www.calibereurope.com\/fr\/boutique-en-ligne\/\"},{\"@type\":\"ListItem\",\"position\":3,\"name\":\"Maison intelligente\",\"item\":\"https:\/\/www.calibereurope.com\/fr\/smarthome_fr_FR\/\"},{\"@type\":\"ListItem\",\"position\":4,\"name\":\"Capteurs\",\"item\":\"https:\/\/www.calibereurope.com\/fr\/smarthome_fr_FR\/sensoren_fr_FR\/\"},{\"@type\":\"ListItem\",\"position\":5,\"name\":\"Ensemble avec capteur de mouvement et capteur de porte et fen\u00eatre (HWS900-SET)\"}]},{\"@type\":\"WebSite\",\"@id\":\"https:\/\/www.calibereurope.com\/fr\/#website\",\"url\":\"https:\/\/www.calibereurope.com\/fr\/\",\"name\":\"Caliber\",\"description\":\"Sounds good!\",\"publisher\":{\"@id\":\"https:\/\/www.calibereurope.com\/fr\/#organization\"},\"potentialAction\":[{\"@type\":\"SearchAction\",\"target\":{\"@type\":\"EntryPoint\",\"urlTemplate\":\"https:\/\/www.calibereurope.com\/fr\/?s={search_term_string}\"},\"query-input\":{\"@type\":\"PropertyValueSpecification\",\"valueRequired\":true,\"valueName\":\"search_term_string\"}}],\"inLanguage\":\"fr-FR\"},{\"@type\":\"Organization\",\"@id\":\"https:\/\/www.calibereurope.com\/fr\/#organization\",\"name\":\"Caliber Europe B.V.\",\"url\":\"https:\/\/www.calibereurope.com\/fr\/\",\"logo\":{\"@type\":\"ImageObject\",\"inLanguage\":\"fr-FR\",\"@id\":\"https:\/\/www.calibereurope.com\/fr\/#\/schema\/logo\/image\/\",\"url\":\"https:\/\/www.calibereurope.com\/wp-content\/uploads\/2019\/11\/Logo-Caliber-e1574846289621.png\",\"contentUrl\":\"https:\/\/www.calibereurope.com\/wp-content\/uploads\/2019\/11\/Logo-Caliber-e1574846289621.png\",\"width\":400,\"height\":69,\"caption\":\"Caliber Europe B.V.\"},\"image\":{\"@id\":\"https:\/\/www.calibereurope.com\/fr\/#\/schema\/logo\/image\/\"},\"sameAs\":[\"https:\/\/facebook.com\/CaliberEurope\/\",\"https:\/\/x.com\/calibereurope\",\"https:\/\/www.instagram.com\/calibereurope\/\"]}]}<\/script>\n<meta property=\"product:price:amount\" content=\"59.95\" \/>\n<meta property=\"product:price:currency\" content=\"EUR\" \/>\n<meta property=\"og:availability\" content=\"out of stock\" \/>\n<meta property=\"product:availability\" content=\"out of stock\" \/>\n<meta property=\"product:retailer_item_id\" content=\"HWS900-SET\" \/>\n<meta property=\"product:condition\" content=\"new\" \/>\n<!-- \/ Yoast SEO plugin. -->","yoast_head_json":{"title":"Ensemble avec capteur de mouvement et porte fen\u00eatre (HWS900-SET) | Caliber","robots":{"index":"index","follow":"follow","max-snippet":"max-snippet:-1","max-image-preview":"max-image-preview:large","max-video-preview":"max-video-preview:-1"},"canonical":"https:\/\/www.calibereurope.com\/fr\/produit\/HWS900-SET-fr_FR\/","og_locale":"fr_FR","og_type":"article","og_title":"Ensemble avec capteur de mouvement et porte fen\u00eatre (HWS900-SET) | Caliber","og_description":"Description du produit Cet ensemble contient tout ce dont vous avez besoin pour s\u00e9curiser votre maison de mani\u00e8re optimale. Par exemple, avec 2 capteurs de porte, vous s\u00e9curisez la porte avant et la porte arri\u00e8re ! Les capteurs peuvent bien s\u00fbr aussi \u00eatre plac\u00e9s sur une fen\u00eatre. Le d\u00e9tecteur de mouvement peut facilement \u00eatre dissimul\u00e9 [&hellip;]","og_url":"https:\/\/www.calibereurope.com\/fr\/produit\/HWS900-SET-fr_FR\/","og_site_name":"Caliber","article_publisher":"https:\/\/facebook.com\/CaliberEurope\/","article_modified_time":"2025-08-27T13:22:57+00:00","og_image":[{"width":1200,"height":1018,"url":"https:\/\/www.calibereurope.com\/wp-content\/uploads\/2022\/05\/961f652429fab51950611e9e84e9a3bda06e627e_7b56ae5ef6bf74991d6cc4f3e560f98d0d233c69_HWS900__1_.jpg","type":"image\/jpeg"}],"twitter_card":"summary_large_image","twitter_site":"@calibereurope","twitter_misc":{"Prix":"59,95","Availability":"Out of stock"},"schema":{"@context":"https:\/\/schema.org","@graph":[{"@type":"WebPage","@id":"https:\/\/www.calibereurope.com\/fr\/produit\/HWS900-SET-fr_FR\/","url":"https:\/\/www.calibereurope.com\/fr\/produit\/HWS900-SET-fr_FR\/","name":"Ensemble avec capteur de mouvement et porte fen\u00eatre (HWS900-SET) | Caliber","isPartOf":{"@id":"https:\/\/www.calibereurope.com\/fr\/#website"},"primaryImageOfPage":{"@id":"https:\/\/www.calibereurope.com\/fr\/produit\/HWS900-SET-fr_FR\/#primaryimage"},"image":{"@id":"https:\/\/www.calibereurope.com\/fr\/produit\/HWS900-SET-fr_FR\/#primaryimage"},"thumbnailUrl":"https:\/\/www.calibereurope.com\/wp-content\/uploads\/2023\/10\/961f652429fab51950611e9e84e9a3bda06e627e_7b56ae5ef6bf74991d6cc4f3e560f98d0d233c69_HWS900__1_.jpg","datePublished":"2023-10-04T00:00:00+00:00","dateModified":"2025-08-27T13:22:57+00:00","breadcrumb":{"@id":"https:\/\/www.calibereurope.com\/fr\/produit\/HWS900-SET-fr_FR\/#breadcrumb"},"inLanguage":"fr-FR","potentialAction":[{"@type":"ReadAction","target":["https:\/\/www.calibereurope.com\/fr\/produit\/HWS900-SET-fr_FR\/"]}]},{"@type":"ImageObject","inLanguage":"fr-FR","@id":"https:\/\/www.calibereurope.com\/fr\/produit\/HWS900-SET-fr_FR\/#primaryimage","url":"https:\/\/www.calibereurope.com\/wp-content\/uploads\/2023\/10\/961f652429fab51950611e9e84e9a3bda06e627e_7b56ae5ef6bf74991d6cc4f3e560f98d0d233c69_HWS900__1_.jpg","contentUrl":"https:\/\/www.calibereurope.com\/wp-content\/uploads\/2023\/10\/961f652429fab51950611e9e84e9a3bda06e627e_7b56ae5ef6bf74991d6cc4f3e560f98d0d233c69_HWS900__1_.jpg","width":1200,"height":1018},{"@type":"BreadcrumbList","@id":"https:\/\/www.calibereurope.com\/fr\/produit\/HWS900-SET-fr_FR\/#breadcrumb","itemListElement":[{"@type":"ListItem","position":1,"name":"Home","item":"https:\/\/www.calibereurope.com\/fr\/"},{"@type":"ListItem","position":2,"name":"Boutique en ligne","item":"https:\/\/www.calibereurope.com\/fr\/boutique-en-ligne\/"},{"@type":"ListItem","position":3,"name":"Maison intelligente","item":"https:\/\/www.calibereurope.com\/fr\/smarthome_fr_FR\/"},{"@type":"ListItem","position":4,"name":"Capteurs","item":"https:\/\/www.calibereurope.com\/fr\/smarthome_fr_FR\/sensoren_fr_FR\/"},{"@type":"ListItem","position":5,"name":"Ensemble avec capteur de mouvement et capteur de porte et fen\u00eatre (HWS900-SET)"}]},{"@type":"WebSite","@id":"https:\/\/www.calibereurope.com\/fr\/#website","url":"https:\/\/www.calibereurope.com\/fr\/","name":"Caliber","description":"Sounds good!","publisher":{"@id":"https:\/\/www.calibereurope.com\/fr\/#organization"},"potentialAction":[{"@type":"SearchAction","target":{"@type":"EntryPoint","urlTemplate":"https:\/\/www.calibereurope.com\/fr\/?s={search_term_string}"},"query-input":{"@type":"PropertyValueSpecification","valueRequired":true,"valueName":"search_term_string"}}],"inLanguage":"fr-FR"},{"@type":"Organization","@id":"https:\/\/www.calibereurope.com\/fr\/#organization","name":"Caliber Europe B.V.","url":"https:\/\/www.calibereurope.com\/fr\/","logo":{"@type":"ImageObject","inLanguage":"fr-FR","@id":"https:\/\/www.calibereurope.com\/fr\/#\/schema\/logo\/image\/","url":"https:\/\/www.calibereurope.com\/wp-content\/uploads\/2019\/11\/Logo-Caliber-e1574846289621.png","contentUrl":"https:\/\/www.calibereurope.com\/wp-content\/uploads\/2019\/11\/Logo-Caliber-e1574846289621.png","width":400,"height":69,"caption":"Caliber Europe B.V."},"image":{"@id":"https:\/\/www.calibereurope.com\/fr\/#\/schema\/logo\/image\/"},"sameAs":["https:\/\/facebook.com\/CaliberEurope\/","https:\/\/x.com\/calibereurope","https:\/\/www.instagram.com\/calibereurope\/"]}]},"product_price_amount":"59.95","product_price_currency":"EUR","og_availability":"out of stock","product_availability":"out of stock","product_retailer_item_id":"HWS900-SET","product_condition":"new"},"_links":{"self":[{"href":"https:\/\/www.calibereurope.com\/fr\/wp-json\/wp\/v2\/product\/67979","targetHints":{"allow":["GET"]}}],"collection":[{"href":"https:\/\/www.calibereurope.com\/fr\/wp-json\/wp\/v2\/product"}],"about":[{"href":"https:\/\/www.calibereurope.com\/fr\/wp-json\/wp\/v2\/types\/product"}],"replies":[{"embeddable":true,"href":"https:\/\/www.calibereurope.com\/fr\/wp-json\/wp\/v2\/comments?post=67979"}],"wp:featuredmedia":[{"embeddable":true,"href":"https:\/\/www.calibereurope.com\/fr\/wp-json\/wp\/v2\/media\/1524886"}],"wp:attachment":[{"href":"https:\/\/www.calibereurope.com\/fr\/wp-json\/wp\/v2\/media?parent=67979"}],"wp:term":[{"taxonomy":"product_brand","embeddable":true,"href":"https:\/\/www.calibereurope.com\/fr\/wp-json\/wp\/v2\/product_brand?post=67979"},{"taxonomy":"product_cat","embeddable":true,"href":"https:\/\/www.calibereurope.com\/fr\/wp-json\/wp\/v2\/product_cat?post=67979"},{"taxonomy":"product_tag","embeddable":true,"href":"https:\/\/www.calibereurope.com\/fr\/wp-json\/wp\/v2\/product_tag?post=67979"}],"curies":[{"name":"wp","href":"https:\/\/api.w.org\/{rel}","templated":true}]}}