{"id":68089,"date":"2025-10-27T01:00:00","date_gmt":"2023-01-12T00:00:00","guid":{"rendered":""},"modified":"2025-10-27T12:39:13","modified_gmt":"2025-10-27T11:39:13","slug":"hwc403pt-fr_fr","status":"publish","type":"product","link":"https:\/\/www.calibereurope.com\/fr\/produit\/hwc403pt-fr_fr\/","title":{"rendered":"Cam\u00e9ra de Surveillance Ext\u00e9rieure &#8211; Vision Nocturne &#8211; WiFi &#8211; Panoramique\/Inclinaison &#8211; Application Caliber Smart Home &#8211; \u00c9tanche (HWC403PT)"},"content":{"rendered":"<p> Gardez votre environnement \u00e0 l\u2019\u0153il avec la cam\u00e9ra de surveillance ext\u00e9rieure Caliber HWC403PT. La <strong> cam\u00e9ra Full HD <\/strong vous permet de toujours avoir une vue sur ce qui se passe \u00e0 l&#39;ext\u00e9rieur de votre maison ou de votre bureau. M\u00eame la nuit, vous pouvez voir exactement ce qui se passe gr\u00e2ce \u00e0 la <strong> vision nocturne jusqu&#39;\u00e0 10 m\u00e8tres <\/strong>. Vous pouvez facilement contr\u00f4ler la cam\u00e9ra ext\u00e9rieure avec le <strong>WiFi <\/strong> sans fil via <strong> l&#39;application Caliber Smart Home <\/strong>. Gr\u00e2ce \u00e0 <strong> la d\u00e9tection de mouvement <\/strong> vous recevez imm\u00e9diatement une notification sur votre smartphone lorsqu&#39;un mouvement est d\u00e9tect\u00e9. Gr\u00e2ce \u00e0 la <strong> fonction de suivi intelligent <\/strong> les mouvements sont m\u00eame suivis. <\/p>\n<p> <strong> Caract\u00e9ristiques :<\/strong> <\/p>\n<ul>\n<li> Cam\u00e9ra Full HD (1080P)\n<li> Contr\u00f4le via l&#39;application gratuite Caliber Smart Home\n<li> \u00c9tanche (IP65)\n<li> Vision nocturne jusqu&#39;\u00e0 10 m\u00e8tres\n<li> Filtre IR-CUT int\u00e9gr\u00e9\n<li> Connexion via WiFi (2.4G) ou c\u00e2ble\n<li> Fonction Pan\/tilt\n<li> D\u00e9tection de mouvement\n<li> Fonction Smart follow\n<li> Fonction double conversation <\/li>\n<\/ul>\n<h3> Cette cam\u00e9ra de surveillance rend votre environnement s\u00fbr <\/h3>\n<p> Cette cam\u00e9ra de surveillance est \u00e9quip\u00e9e d&#39;une cam\u00e9ra Full HD. Cela vous permet de voir tous les d\u00e9tails, afin que vous soyez pleinement conscient de ce qui se passe \u00e0 l&#39;ext\u00e9rieur de votre maison. La fonction panoramique\/inclinaison permet \u00e0 la cam\u00e9ra de se d\u00e9placer verticalement et horizontalement. Horizontalement, la cam\u00e9ra peut se d\u00e9placer de 350 degr\u00e9s. Verticalement, elle peut se d\u00e9placer entre 5 et 95 degr\u00e9s. De cette fa\u00e7on, la cam\u00e9ra est toujours orient\u00e9e vers le bon angle. Gr\u00e2ce \u00e0 la fonction de double conversation, la cam\u00e9ra ext\u00e9rieure fait \u00e9galement office d&#39;interphone. <\/p>\n<h3> La cam\u00e9ra de surveillance suit chaque mouvement <\/h3>\n<p> Gr\u00e2ce \u00e0 la fonction connect\u00e9e de d\u00e9tection de mouvement, la cam\u00e9ra ext\u00e9rieure surveille de pr\u00e8s chaque mouvement. D\u00e8s qu&#39;un mouvement est d\u00e9tect\u00e9, les images sont automatiquement captur\u00e9es et vous en \u00eates inform\u00e9 sur votre smartphone. La cam\u00e9ra ext\u00e9rieure est connect\u00e9e \u00e0 l&#39;application sans fil via le WiFi, et gr\u00e2ce \u00e0 la fonction de suivi intelligent, la cam\u00e9ra peut m\u00eame suivre les mouvements. De cette fa\u00e7on, la cam\u00e9ra ext\u00e9rieure enregistre chaque mouvement. Vous voulez enregistrer des images ? Vous pouvez alors ins\u00e9rer une carte micro SD de 128 Go dans la cam\u00e9ra, qui stocke toujours les derni\u00e8res s\u00e9quences gr\u00e2ce \u00e0 la fonction d&#39;enregistrement en boucle. <\/p>\n<h3> La cam\u00e9ra connect\u00e9e vous fournit la meilleure image <\/h3>\n<p> La cam\u00e9ra peut \u00e9galement \u00eatre utilis\u00e9e apr\u00e8s le coucher du soleil. La nuit, la cam\u00e9ra ext\u00e9rieure avec vision nocturne permet de voir jusqu&#39;\u00e0 10 m\u00e8tres. Cela se fait \u00e0 l&#39;aide de 10 lumi\u00e8res infrarouges. Le filtre IR-CUT int\u00e9gr\u00e9 permet de r\u00e9duire la dispersion des couleurs et d&#39;am\u00e9liorer la vision nocturne. Il n&#39;y a pas non plus de probl\u00e8me en cas de mauvais temps. En effet, la cam\u00e9ra ext\u00e9rieure sans fil avec WiFi est \u00e9tanche, vous pouvez donc vous y fier dans toutes les conditions. <\/p>\n<p> <strong><br \/> Inclus :<\/strong> <\/p>\n<ul>\n<li> Cam\u00e9ra de surveillance ext\u00e9rieure Caliber HWC403PT\n<li> Adaptateur 230V\n<li> Cordon d&#39;alimentation<br \/>\n","protected":false},"excerpt":{"rendered":"<ul>\n<li>Cam\u00e9ra Full HD 1080P<\/li>\n<li>Contr\u00f4le via l&#8217;application gratuite Smart Home<\/li>\n<li>\u00c9tanche (IP66)<\/li>\n<li>Bo\u00eetier m\u00e9tallique<\/li>\n<li>Enregistrement automatique, photos et notifications<\/li>\n<li>Convient pour une carte SD de 128 Go<\/li>\n<li>Anti-hacker (ISO27017:2015)<\/li>\n<li>Spot LED blanc avec d\u00e9tection de mouvement<\/li>\n<li>Vision nocturne jusqu&#8217;\u00e0 15 m\u00e8tres<\/li>\n<li>Connexion via Wifi ou c\u00e2blage UTP Gardez un \u0153il sur tout<\/li>\n<li>Alimentation secteur 230V<\/li>\n<\/ul>\n","protected":false},"featured_media":1681047,"comment_status":"open","ping_status":"closed","template":"","meta":{"inline_featured_image":false},"product_brand":[],"product_cat":[6382,6361],"product_tag":[],"class_list":{"0":"post-68089","1":"product","2":"type-product","3":"status-publish","4":"has-post-thumbnail","6":"product_cat-cameras_fr_FR","7":"product_cat-smarthome_fr_FR","9":"first","10":"outofstock","11":"taxable","12":"shipping-taxable","13":"purchasable","14":"product-type-simple"},"yoast_head":"<!-- This site is optimized with the Yoast SEO plugin v24.4 - https:\/\/yoast.com\/wordpress\/plugins\/seo\/ -->\n<title>Cam\u00e9ra de Surveillance Ext\u00e9rieure - Vision Nocturne - WiFi - Panoramique\/Inclinaison - Application Caliber Smart Home - \u00c9tanche (HWC403PT) | Caliber<\/title>\n<meta name=\"robots\" content=\"index, follow, max-snippet:-1, max-image-preview:large, max-video-preview:-1\" \/>\n<link rel=\"canonical\" href=\"https:\/\/www.calibereurope.com\/fr\/produit\/hwc403pt-fr_fr\/\" \/>\n<meta property=\"og:locale\" content=\"fr_FR\" \/>\n<meta property=\"og:type\" content=\"article\" \/>\n<meta property=\"og:title\" content=\"Cam\u00e9ra de Surveillance Ext\u00e9rieure - Vision Nocturne - WiFi - Panoramique\/Inclinaison - Application Caliber Smart Home - \u00c9tanche (HWC403PT) | Caliber\" \/>\n<meta property=\"og:description\" content=\"Cam\u00e9ra Full HD 1080PContr\u00f4le via l&#039;application gratuite Smart Home\u00c9tanche (IP66)Bo\u00eetier m\u00e9talliqueEnregistrement automatique, photos et notificationsConvient pour une carte SD de 128 GoAnti-hacker (ISO27017:2015)Spot LED blanc avec d\u00e9tection de mouvementVision nocturne jusqu&#039;\u00e0 15 m\u00e8tresConnexion via Wifi ou c\u00e2blage UTP Gardez un \u0153il sur toutAlimentation secteur 230V\" \/>\n<meta property=\"og:url\" content=\"https:\/\/www.calibereurope.com\/fr\/produit\/hwc403pt-fr_fr\/\" \/>\n<meta property=\"og:site_name\" content=\"Caliber\" \/>\n<meta property=\"article:publisher\" content=\"https:\/\/facebook.com\/CaliberEurope\/\" \/>\n<meta property=\"article:modified_time\" content=\"2025-10-27T11:39:13+00:00\" \/>\n<meta property=\"og:image\" content=\"https:\/\/www.calibereurope.com\/wp-content\/uploads\/2023\/01\/5352749dfb292e6586128e04843daa004ec33c4b_HWC403PT_YOU-4.jpg\" \/>\n\t<meta property=\"og:image:width\" content=\"1024\" \/>\n\t<meta property=\"og:image:height\" content=\"768\" \/>\n\t<meta property=\"og:image:type\" content=\"image\/jpeg\" \/>\n<meta name=\"twitter:card\" content=\"summary_large_image\" \/>\n<meta name=\"twitter:site\" content=\"@calibereurope\" \/>\n<meta name=\"twitter:label1\" content=\"Prix\" \/>\n\t<meta name=\"twitter:data1\" content=\"79,00\" \/>\n\t<meta name=\"twitter:label2\" content=\"Availability\" \/>\n\t<meta name=\"twitter:data2\" content=\"Out of stock\" \/>\n<script type=\"application\/ld+json\" class=\"yoast-schema-graph\">{\"@context\":\"https:\/\/schema.org\",\"@graph\":[{\"@type\":\"WebPage\",\"@id\":\"https:\/\/www.calibereurope.com\/fr\/produit\/hwc403pt-fr_fr\/\",\"url\":\"https:\/\/www.calibereurope.com\/fr\/produit\/hwc403pt-fr_fr\/\",\"name\":\"Cam\u00e9ra de Surveillance Ext\u00e9rieure - Vision Nocturne - WiFi - Panoramique\/Inclinaison - Application Caliber Smart Home - \u00c9tanche (HWC403PT) | Caliber\",\"isPartOf\":{\"@id\":\"https:\/\/www.calibereurope.com\/fr\/#website\"},\"primaryImageOfPage\":{\"@id\":\"https:\/\/www.calibereurope.com\/fr\/produit\/hwc403pt-fr_fr\/#primaryimage\"},\"image\":{\"@id\":\"https:\/\/www.calibereurope.com\/fr\/produit\/hwc403pt-fr_fr\/#primaryimage\"},\"thumbnailUrl\":\"https:\/\/www.calibereurope.com\/wp-content\/uploads\/2025\/10\/5352749dfb292e6586128e04843daa004ec33c4b_HWC403PT_YOU.jpg\",\"datePublished\":\"2023-01-12T00:00:00+00:00\",\"dateModified\":\"2025-10-27T11:39:13+00:00\",\"breadcrumb\":{\"@id\":\"https:\/\/www.calibereurope.com\/fr\/produit\/hwc403pt-fr_fr\/#breadcrumb\"},\"inLanguage\":\"fr-FR\",\"potentialAction\":[{\"@type\":\"ReadAction\",\"target\":[\"https:\/\/www.calibereurope.com\/fr\/produit\/hwc403pt-fr_fr\/\"]}]},{\"@type\":\"ImageObject\",\"inLanguage\":\"fr-FR\",\"@id\":\"https:\/\/www.calibereurope.com\/fr\/produit\/hwc403pt-fr_fr\/#primaryimage\",\"url\":\"https:\/\/www.calibereurope.com\/wp-content\/uploads\/2025\/10\/5352749dfb292e6586128e04843daa004ec33c4b_HWC403PT_YOU.jpg\",\"contentUrl\":\"https:\/\/www.calibereurope.com\/wp-content\/uploads\/2025\/10\/5352749dfb292e6586128e04843daa004ec33c4b_HWC403PT_YOU.jpg\",\"width\":1024,\"height\":768},{\"@type\":\"BreadcrumbList\",\"@id\":\"https:\/\/www.calibereurope.com\/fr\/produit\/hwc403pt-fr_fr\/#breadcrumb\",\"itemListElement\":[{\"@type\":\"ListItem\",\"position\":1,\"name\":\"Home\",\"item\":\"https:\/\/www.calibereurope.com\/fr\/\"},{\"@type\":\"ListItem\",\"position\":2,\"name\":\"Boutique en ligne\",\"item\":\"https:\/\/www.calibereurope.com\/fr\/boutique-en-ligne\/\"},{\"@type\":\"ListItem\",\"position\":3,\"name\":\"Maison intelligente\",\"item\":\"https:\/\/www.calibereurope.com\/fr\/smarthome_fr_FR\/\"},{\"@type\":\"ListItem\",\"position\":4,\"name\":\"Cam\u00e9ras\",\"item\":\"https:\/\/www.calibereurope.com\/fr\/smarthome_fr_FR\/cameras_fr_FR\/\"},{\"@type\":\"ListItem\",\"position\":5,\"name\":\"Cam\u00e9ra de Surveillance Ext\u00e9rieure &#8211; Vision Nocturne &#8211; WiFi &#8211; Panoramique\/Inclinaison &#8211; Application Caliber Smart Home &#8211; \u00c9tanche (HWC403PT)\"}]},{\"@type\":\"WebSite\",\"@id\":\"https:\/\/www.calibereurope.com\/fr\/#website\",\"url\":\"https:\/\/www.calibereurope.com\/fr\/\",\"name\":\"Caliber\",\"description\":\"Sounds good!\",\"publisher\":{\"@id\":\"https:\/\/www.calibereurope.com\/fr\/#organization\"},\"potentialAction\":[{\"@type\":\"SearchAction\",\"target\":{\"@type\":\"EntryPoint\",\"urlTemplate\":\"https:\/\/www.calibereurope.com\/fr\/?s={search_term_string}\"},\"query-input\":{\"@type\":\"PropertyValueSpecification\",\"valueRequired\":true,\"valueName\":\"search_term_string\"}}],\"inLanguage\":\"fr-FR\"},{\"@type\":\"Organization\",\"@id\":\"https:\/\/www.calibereurope.com\/fr\/#organization\",\"name\":\"Caliber Europe B.V.\",\"url\":\"https:\/\/www.calibereurope.com\/fr\/\",\"logo\":{\"@type\":\"ImageObject\",\"inLanguage\":\"fr-FR\",\"@id\":\"https:\/\/www.calibereurope.com\/fr\/#\/schema\/logo\/image\/\",\"url\":\"https:\/\/www.calibereurope.com\/wp-content\/uploads\/2019\/11\/Logo-Caliber-e1574846289621.png\",\"contentUrl\":\"https:\/\/www.calibereurope.com\/wp-content\/uploads\/2019\/11\/Logo-Caliber-e1574846289621.png\",\"width\":400,\"height\":69,\"caption\":\"Caliber Europe B.V.\"},\"image\":{\"@id\":\"https:\/\/www.calibereurope.com\/fr\/#\/schema\/logo\/image\/\"},\"sameAs\":[\"https:\/\/facebook.com\/CaliberEurope\/\",\"https:\/\/x.com\/calibereurope\",\"https:\/\/www.instagram.com\/calibereurope\/\"]}]}<\/script>\n<meta property=\"product:price:amount\" content=\"79.00\" \/>\n<meta property=\"product:price:currency\" content=\"EUR\" \/>\n<meta property=\"og:availability\" content=\"out of stock\" \/>\n<meta property=\"product:availability\" content=\"out of stock\" \/>\n<meta property=\"product:retailer_item_id\" content=\"HWC403PT\" \/>\n<meta property=\"product:condition\" content=\"new\" \/>\n<!-- \/ Yoast SEO plugin. -->","yoast_head_json":{"title":"Cam\u00e9ra de Surveillance Ext\u00e9rieure - Vision Nocturne - WiFi - Panoramique\/Inclinaison - Application Caliber Smart Home - \u00c9tanche (HWC403PT) | Caliber","robots":{"index":"index","follow":"follow","max-snippet":"max-snippet:-1","max-image-preview":"max-image-preview:large","max-video-preview":"max-video-preview:-1"},"canonical":"https:\/\/www.calibereurope.com\/fr\/produit\/hwc403pt-fr_fr\/","og_locale":"fr_FR","og_type":"article","og_title":"Cam\u00e9ra de Surveillance Ext\u00e9rieure - Vision Nocturne - WiFi - Panoramique\/Inclinaison - Application Caliber Smart Home - \u00c9tanche (HWC403PT) | Caliber","og_description":"Cam\u00e9ra Full HD 1080PContr\u00f4le via l'application gratuite Smart Home\u00c9tanche (IP66)Bo\u00eetier m\u00e9talliqueEnregistrement automatique, photos et notificationsConvient pour une carte SD de 128 GoAnti-hacker (ISO27017:2015)Spot LED blanc avec d\u00e9tection de mouvementVision nocturne jusqu'\u00e0 15 m\u00e8tresConnexion via Wifi ou c\u00e2blage UTP Gardez un \u0153il sur toutAlimentation secteur 230V","og_url":"https:\/\/www.calibereurope.com\/fr\/produit\/hwc403pt-fr_fr\/","og_site_name":"Caliber","article_publisher":"https:\/\/facebook.com\/CaliberEurope\/","article_modified_time":"2025-10-27T11:39:13+00:00","og_image":[{"width":1024,"height":768,"url":"https:\/\/www.calibereurope.com\/wp-content\/uploads\/2023\/01\/5352749dfb292e6586128e04843daa004ec33c4b_HWC403PT_YOU-4.jpg","type":"image\/jpeg"}],"twitter_card":"summary_large_image","twitter_site":"@calibereurope","twitter_misc":{"Prix":"79,00","Availability":"Out of stock"},"schema":{"@context":"https:\/\/schema.org","@graph":[{"@type":"WebPage","@id":"https:\/\/www.calibereurope.com\/fr\/produit\/hwc403pt-fr_fr\/","url":"https:\/\/www.calibereurope.com\/fr\/produit\/hwc403pt-fr_fr\/","name":"Cam\u00e9ra de Surveillance Ext\u00e9rieure - Vision Nocturne - WiFi - Panoramique\/Inclinaison - Application Caliber Smart Home - \u00c9tanche (HWC403PT) | Caliber","isPartOf":{"@id":"https:\/\/www.calibereurope.com\/fr\/#website"},"primaryImageOfPage":{"@id":"https:\/\/www.calibereurope.com\/fr\/produit\/hwc403pt-fr_fr\/#primaryimage"},"image":{"@id":"https:\/\/www.calibereurope.com\/fr\/produit\/hwc403pt-fr_fr\/#primaryimage"},"thumbnailUrl":"https:\/\/www.calibereurope.com\/wp-content\/uploads\/2025\/10\/5352749dfb292e6586128e04843daa004ec33c4b_HWC403PT_YOU.jpg","datePublished":"2023-01-12T00:00:00+00:00","dateModified":"2025-10-27T11:39:13+00:00","breadcrumb":{"@id":"https:\/\/www.calibereurope.com\/fr\/produit\/hwc403pt-fr_fr\/#breadcrumb"},"inLanguage":"fr-FR","potentialAction":[{"@type":"ReadAction","target":["https:\/\/www.calibereurope.com\/fr\/produit\/hwc403pt-fr_fr\/"]}]},{"@type":"ImageObject","inLanguage":"fr-FR","@id":"https:\/\/www.calibereurope.com\/fr\/produit\/hwc403pt-fr_fr\/#primaryimage","url":"https:\/\/www.calibereurope.com\/wp-content\/uploads\/2025\/10\/5352749dfb292e6586128e04843daa004ec33c4b_HWC403PT_YOU.jpg","contentUrl":"https:\/\/www.calibereurope.com\/wp-content\/uploads\/2025\/10\/5352749dfb292e6586128e04843daa004ec33c4b_HWC403PT_YOU.jpg","width":1024,"height":768},{"@type":"BreadcrumbList","@id":"https:\/\/www.calibereurope.com\/fr\/produit\/hwc403pt-fr_fr\/#breadcrumb","itemListElement":[{"@type":"ListItem","position":1,"name":"Home","item":"https:\/\/www.calibereurope.com\/fr\/"},{"@type":"ListItem","position":2,"name":"Boutique en ligne","item":"https:\/\/www.calibereurope.com\/fr\/boutique-en-ligne\/"},{"@type":"ListItem","position":3,"name":"Maison intelligente","item":"https:\/\/www.calibereurope.com\/fr\/smarthome_fr_FR\/"},{"@type":"ListItem","position":4,"name":"Cam\u00e9ras","item":"https:\/\/www.calibereurope.com\/fr\/smarthome_fr_FR\/cameras_fr_FR\/"},{"@type":"ListItem","position":5,"name":"Cam\u00e9ra de Surveillance Ext\u00e9rieure &#8211; Vision Nocturne &#8211; WiFi &#8211; Panoramique\/Inclinaison &#8211; Application Caliber Smart Home &#8211; \u00c9tanche (HWC403PT)"}]},{"@type":"WebSite","@id":"https:\/\/www.calibereurope.com\/fr\/#website","url":"https:\/\/www.calibereurope.com\/fr\/","name":"Caliber","description":"Sounds good!","publisher":{"@id":"https:\/\/www.calibereurope.com\/fr\/#organization"},"potentialAction":[{"@type":"SearchAction","target":{"@type":"EntryPoint","urlTemplate":"https:\/\/www.calibereurope.com\/fr\/?s={search_term_string}"},"query-input":{"@type":"PropertyValueSpecification","valueRequired":true,"valueName":"search_term_string"}}],"inLanguage":"fr-FR"},{"@type":"Organization","@id":"https:\/\/www.calibereurope.com\/fr\/#organization","name":"Caliber Europe B.V.","url":"https:\/\/www.calibereurope.com\/fr\/","logo":{"@type":"ImageObject","inLanguage":"fr-FR","@id":"https:\/\/www.calibereurope.com\/fr\/#\/schema\/logo\/image\/","url":"https:\/\/www.calibereurope.com\/wp-content\/uploads\/2019\/11\/Logo-Caliber-e1574846289621.png","contentUrl":"https:\/\/www.calibereurope.com\/wp-content\/uploads\/2019\/11\/Logo-Caliber-e1574846289621.png","width":400,"height":69,"caption":"Caliber Europe B.V."},"image":{"@id":"https:\/\/www.calibereurope.com\/fr\/#\/schema\/logo\/image\/"},"sameAs":["https:\/\/facebook.com\/CaliberEurope\/","https:\/\/x.com\/calibereurope","https:\/\/www.instagram.com\/calibereurope\/"]}]},"product_price_amount":"79.00","product_price_currency":"EUR","og_availability":"out of stock","product_availability":"out of stock","product_retailer_item_id":"HWC403PT","product_condition":"new"},"_links":{"self":[{"href":"https:\/\/www.calibereurope.com\/fr\/wp-json\/wp\/v2\/product\/68089","targetHints":{"allow":["GET"]}}],"collection":[{"href":"https:\/\/www.calibereurope.com\/fr\/wp-json\/wp\/v2\/product"}],"about":[{"href":"https:\/\/www.calibereurope.com\/fr\/wp-json\/wp\/v2\/types\/product"}],"replies":[{"embeddable":true,"href":"https:\/\/www.calibereurope.com\/fr\/wp-json\/wp\/v2\/comments?post=68089"}],"wp:featuredmedia":[{"embeddable":true,"href":"https:\/\/www.calibereurope.com\/fr\/wp-json\/wp\/v2\/media\/1681047"}],"wp:attachment":[{"href":"https:\/\/www.calibereurope.com\/fr\/wp-json\/wp\/v2\/media?parent=68089"}],"wp:term":[{"taxonomy":"product_brand","embeddable":true,"href":"https:\/\/www.calibereurope.com\/fr\/wp-json\/wp\/v2\/product_brand?post=68089"},{"taxonomy":"product_cat","embeddable":true,"href":"https:\/\/www.calibereurope.com\/fr\/wp-json\/wp\/v2\/product_cat?post=68089"},{"taxonomy":"product_tag","embeddable":true,"href":"https:\/\/www.calibereurope.com\/fr\/wp-json\/wp\/v2\/product_tag?post=68089"}],"curies":[{"name":"wp","href":"https:\/\/api.w.org\/{rel}","templated":true}]}}