{"id":69036,"date":"2024-06-11T02:00:00","date_gmt":"2024-06-11T00:00:00","guid":{"rendered":""},"modified":"2024-06-11T10:29:22","modified_gmt":"2024-06-11T08:29:22","slug":"HPS2301U-fr_FR","status":"publish","type":"product","link":"https:\/\/www.calibereurope.com\/fr\/produit\/HPS2301U-fr_FR\/","title":{"rendered":"Bloc de prises 3 Connexions &#8211; Avec 2 X USB &#8211; Blanc (HPS2301U)"},"content":{"rendered":"<p>Fiche EU \u00e0 3 voies &#8211; Prises \u00e0 un angle de 45\u00ba &#8211; Bo\u00eetier r\u00e9fractaire &#8211; Conducteur en cuivre &#8211; Protection enfant &#8211; Protection contre les surtensions &#8211; Chaque prise max. 10A &#8211; Total Max. 250V, 10A (2300 Watt)- 2x sortie de charge USB Chaque sortie USB : 5.0V DC 1A max.Total toutes les sorties USB : 5.0V DC 2.1A max.- Longueur du c\u00e2ble : 2 m\u00e8tres. Certifications : les produits de calibrage sont toujours munis des certifications requises et r\u00e9pondent aux exigences de l&#39;UE en mati\u00e8re de produits \u00e9lectriques. L&#39;utilisation de produits \u00e9lectriques non certifi\u00e9s peut entra\u00eener un danger\/une blessure pour l&#39;utilisateur et\/ou son environnement. L&#39;utilisation de produits non certifi\u00e9s peut entra\u00eener l&#39;exclusion de la couverture et\/ou le paiement de votre assurance. Faites-y attention lorsque vous achetez un produit.<\/p>\n","protected":false},"excerpt":{"rendered":"<p>Fiche EU \u00e0 3 voies &#8211; Prises \u00e0 un angle de 45\u00ba &#8211; Bo\u00eetier r\u00e9fractaire &#8211; Conducteur en cuivre &#8211; Protection enfant &#8211; Protection contre les surtensions &#8211; Chaque prise max. 10A &#8211; Total Max. 250V, 10A (2300 Watt)- 2x sortie de charge USB Chaque sortie USB : 5.0V DC 1A max.Total toutes les sorties [&hellip;]<\/p>\n","protected":false},"featured_media":1600866,"comment_status":"open","ping_status":"closed","template":"","meta":{"inline_featured_image":false},"product_brand":[],"product_cat":[7899,7884],"product_tag":[],"class_list":{"0":"post-69036","1":"product","2":"type-product","3":"status-publish","4":"has-post-thumbnail","6":"product_cat-voeding_en_opladen_fr_FR","7":"product_cat-wonen_fr_FR","9":"first","10":"outofstock","11":"taxable","12":"shipping-taxable","13":"purchasable","14":"product-type-simple"},"yoast_head":"<!-- This site is optimized with the Yoast SEO plugin v24.4 - https:\/\/yoast.com\/wordpress\/plugins\/seo\/ -->\n<title>Bloc de prises 3 Connexions - Avec 2 X USB - Blanc (HPS2301U) | Caliber<\/title>\n<meta name=\"robots\" content=\"index, follow, max-snippet:-1, max-image-preview:large, max-video-preview:-1\" \/>\n<link rel=\"canonical\" href=\"https:\/\/www.calibereurope.com\/fr\/produit\/HPS2301U-fr_FR\/\" \/>\n<meta property=\"og:locale\" content=\"fr_FR\" \/>\n<meta property=\"og:type\" content=\"article\" \/>\n<meta property=\"og:title\" content=\"Bloc de prises 3 Connexions - Avec 2 X USB - Blanc (HPS2301U) | Caliber\" \/>\n<meta property=\"og:description\" content=\"Fiche EU \u00e0 3 voies &#8211; Prises \u00e0 un angle de 45\u00ba &#8211; Bo\u00eetier r\u00e9fractaire &#8211; Conducteur en cuivre &#8211; Protection enfant &#8211; Protection contre les surtensions &#8211; Chaque prise max. 10A &#8211; Total Max. 250V, 10A (2300 Watt)- 2x sortie de charge USB Chaque sortie USB : 5.0V DC 1A max.Total toutes les sorties [&hellip;]\" \/>\n<meta property=\"og:url\" content=\"https:\/\/www.calibereurope.com\/fr\/produit\/HPS2301U-fr_FR\/\" \/>\n<meta property=\"og:site_name\" content=\"Caliber\" \/>\n<meta property=\"article:publisher\" content=\"https:\/\/facebook.com\/CaliberEurope\/\" \/>\n<meta property=\"article:modified_time\" content=\"2024-06-11T08:29:22+00:00\" \/>\n<meta property=\"og:image\" content=\"https:\/\/www.calibereurope.com\/wp-content\/uploads\/2023\/01\/fc7c9ce0e1d123cfb523d854b850b016b2413e5f_HPS2301U_web.jpg\" \/>\n\t<meta property=\"og:image:width\" content=\"1024\" \/>\n\t<meta property=\"og:image:height\" content=\"768\" \/>\n\t<meta property=\"og:image:type\" content=\"image\/jpeg\" \/>\n<meta name=\"twitter:card\" content=\"summary_large_image\" \/>\n<meta name=\"twitter:site\" content=\"@calibereurope\" \/>\n<meta name=\"twitter:label1\" content=\"Prix\" \/>\n\t<meta name=\"twitter:data1\" content=\"14,95\" \/>\n\t<meta name=\"twitter:label2\" content=\"Availability\" \/>\n\t<meta name=\"twitter:data2\" content=\"Out of stock\" \/>\n<script type=\"application\/ld+json\" class=\"yoast-schema-graph\">{\"@context\":\"https:\/\/schema.org\",\"@graph\":[{\"@type\":\"WebPage\",\"@id\":\"https:\/\/www.calibereurope.com\/fr\/produit\/HPS2301U-fr_FR\/\",\"url\":\"https:\/\/www.calibereurope.com\/fr\/produit\/HPS2301U-fr_FR\/\",\"name\":\"Bloc de prises 3 Connexions - Avec 2 X USB - Blanc (HPS2301U) | Caliber\",\"isPartOf\":{\"@id\":\"https:\/\/www.calibereurope.com\/fr\/#website\"},\"primaryImageOfPage\":{\"@id\":\"https:\/\/www.calibereurope.com\/fr\/produit\/HPS2301U-fr_FR\/#primaryimage\"},\"image\":{\"@id\":\"https:\/\/www.calibereurope.com\/fr\/produit\/HPS2301U-fr_FR\/#primaryimage\"},\"thumbnailUrl\":\"https:\/\/www.calibereurope.com\/wp-content\/uploads\/2024\/06\/fc7c9ce0e1d123cfb523d854b850b016b2413e5f_HPS2301U_web.jpg\",\"datePublished\":\"2024-06-11T00:00:00+00:00\",\"dateModified\":\"2024-06-11T08:29:22+00:00\",\"breadcrumb\":{\"@id\":\"https:\/\/www.calibereurope.com\/fr\/produit\/HPS2301U-fr_FR\/#breadcrumb\"},\"inLanguage\":\"fr-FR\",\"potentialAction\":[{\"@type\":\"ReadAction\",\"target\":[\"https:\/\/www.calibereurope.com\/fr\/produit\/HPS2301U-fr_FR\/\"]}]},{\"@type\":\"ImageObject\",\"inLanguage\":\"fr-FR\",\"@id\":\"https:\/\/www.calibereurope.com\/fr\/produit\/HPS2301U-fr_FR\/#primaryimage\",\"url\":\"https:\/\/www.calibereurope.com\/wp-content\/uploads\/2024\/06\/fc7c9ce0e1d123cfb523d854b850b016b2413e5f_HPS2301U_web.jpg\",\"contentUrl\":\"https:\/\/www.calibereurope.com\/wp-content\/uploads\/2024\/06\/fc7c9ce0e1d123cfb523d854b850b016b2413e5f_HPS2301U_web.jpg\",\"width\":1024,\"height\":768},{\"@type\":\"BreadcrumbList\",\"@id\":\"https:\/\/www.calibereurope.com\/fr\/produit\/HPS2301U-fr_FR\/#breadcrumb\",\"itemListElement\":[{\"@type\":\"ListItem\",\"position\":1,\"name\":\"Home\",\"item\":\"https:\/\/www.calibereurope.com\/fr\/\"},{\"@type\":\"ListItem\",\"position\":2,\"name\":\"Boutique en ligne\",\"item\":\"https:\/\/www.calibereurope.com\/fr\/boutique-en-ligne\/\"},{\"@type\":\"ListItem\",\"position\":3,\"name\":\"Vivre\",\"item\":\"https:\/\/www.calibereurope.com\/fr\/wonen_fr_FR\/\"},{\"@type\":\"ListItem\",\"position\":4,\"name\":\"Alimentation et charge\",\"item\":\"https:\/\/www.calibereurope.com\/fr\/wonen_fr_FR\/voeding_en_opladen_fr_FR\/\"},{\"@type\":\"ListItem\",\"position\":5,\"name\":\"Bloc de prises 3 Connexions &#8211; Avec 2 X USB &#8211; Blanc (HPS2301U)\"}]},{\"@type\":\"WebSite\",\"@id\":\"https:\/\/www.calibereurope.com\/fr\/#website\",\"url\":\"https:\/\/www.calibereurope.com\/fr\/\",\"name\":\"Caliber\",\"description\":\"Sounds good!\",\"publisher\":{\"@id\":\"https:\/\/www.calibereurope.com\/fr\/#organization\"},\"potentialAction\":[{\"@type\":\"SearchAction\",\"target\":{\"@type\":\"EntryPoint\",\"urlTemplate\":\"https:\/\/www.calibereurope.com\/fr\/?s={search_term_string}\"},\"query-input\":{\"@type\":\"PropertyValueSpecification\",\"valueRequired\":true,\"valueName\":\"search_term_string\"}}],\"inLanguage\":\"fr-FR\"},{\"@type\":\"Organization\",\"@id\":\"https:\/\/www.calibereurope.com\/fr\/#organization\",\"name\":\"Caliber Europe B.V.\",\"url\":\"https:\/\/www.calibereurope.com\/fr\/\",\"logo\":{\"@type\":\"ImageObject\",\"inLanguage\":\"fr-FR\",\"@id\":\"https:\/\/www.calibereurope.com\/fr\/#\/schema\/logo\/image\/\",\"url\":\"https:\/\/www.calibereurope.com\/wp-content\/uploads\/2019\/11\/Logo-Caliber-e1574846289621.png\",\"contentUrl\":\"https:\/\/www.calibereurope.com\/wp-content\/uploads\/2019\/11\/Logo-Caliber-e1574846289621.png\",\"width\":400,\"height\":69,\"caption\":\"Caliber Europe B.V.\"},\"image\":{\"@id\":\"https:\/\/www.calibereurope.com\/fr\/#\/schema\/logo\/image\/\"},\"sameAs\":[\"https:\/\/facebook.com\/CaliberEurope\/\",\"https:\/\/x.com\/calibereurope\",\"https:\/\/www.instagram.com\/calibereurope\/\"]}]}<\/script>\n<meta property=\"product:price:amount\" content=\"14.95\" \/>\n<meta property=\"product:price:currency\" content=\"EUR\" \/>\n<meta property=\"og:availability\" content=\"out of stock\" \/>\n<meta property=\"product:availability\" content=\"out of stock\" \/>\n<meta property=\"product:retailer_item_id\" content=\"HPS2301U\" \/>\n<meta property=\"product:condition\" content=\"new\" \/>\n<!-- \/ Yoast SEO plugin. -->","yoast_head_json":{"title":"Bloc de prises 3 Connexions - Avec 2 X USB - Blanc (HPS2301U) | Caliber","robots":{"index":"index","follow":"follow","max-snippet":"max-snippet:-1","max-image-preview":"max-image-preview:large","max-video-preview":"max-video-preview:-1"},"canonical":"https:\/\/www.calibereurope.com\/fr\/produit\/HPS2301U-fr_FR\/","og_locale":"fr_FR","og_type":"article","og_title":"Bloc de prises 3 Connexions - Avec 2 X USB - Blanc (HPS2301U) | Caliber","og_description":"Fiche EU \u00e0 3 voies &#8211; Prises \u00e0 un angle de 45\u00ba &#8211; Bo\u00eetier r\u00e9fractaire &#8211; Conducteur en cuivre &#8211; Protection enfant &#8211; Protection contre les surtensions &#8211; Chaque prise max. 10A &#8211; Total Max. 250V, 10A (2300 Watt)- 2x sortie de charge USB Chaque sortie USB : 5.0V DC 1A max.Total toutes les sorties [&hellip;]","og_url":"https:\/\/www.calibereurope.com\/fr\/produit\/HPS2301U-fr_FR\/","og_site_name":"Caliber","article_publisher":"https:\/\/facebook.com\/CaliberEurope\/","article_modified_time":"2024-06-11T08:29:22+00:00","og_image":[{"width":1024,"height":768,"url":"https:\/\/www.calibereurope.com\/wp-content\/uploads\/2023\/01\/fc7c9ce0e1d123cfb523d854b850b016b2413e5f_HPS2301U_web.jpg","type":"image\/jpeg"}],"twitter_card":"summary_large_image","twitter_site":"@calibereurope","twitter_misc":{"Prix":"14,95","Availability":"Out of stock"},"schema":{"@context":"https:\/\/schema.org","@graph":[{"@type":"WebPage","@id":"https:\/\/www.calibereurope.com\/fr\/produit\/HPS2301U-fr_FR\/","url":"https:\/\/www.calibereurope.com\/fr\/produit\/HPS2301U-fr_FR\/","name":"Bloc de prises 3 Connexions - Avec 2 X USB - Blanc (HPS2301U) | Caliber","isPartOf":{"@id":"https:\/\/www.calibereurope.com\/fr\/#website"},"primaryImageOfPage":{"@id":"https:\/\/www.calibereurope.com\/fr\/produit\/HPS2301U-fr_FR\/#primaryimage"},"image":{"@id":"https:\/\/www.calibereurope.com\/fr\/produit\/HPS2301U-fr_FR\/#primaryimage"},"thumbnailUrl":"https:\/\/www.calibereurope.com\/wp-content\/uploads\/2024\/06\/fc7c9ce0e1d123cfb523d854b850b016b2413e5f_HPS2301U_web.jpg","datePublished":"2024-06-11T00:00:00+00:00","dateModified":"2024-06-11T08:29:22+00:00","breadcrumb":{"@id":"https:\/\/www.calibereurope.com\/fr\/produit\/HPS2301U-fr_FR\/#breadcrumb"},"inLanguage":"fr-FR","potentialAction":[{"@type":"ReadAction","target":["https:\/\/www.calibereurope.com\/fr\/produit\/HPS2301U-fr_FR\/"]}]},{"@type":"ImageObject","inLanguage":"fr-FR","@id":"https:\/\/www.calibereurope.com\/fr\/produit\/HPS2301U-fr_FR\/#primaryimage","url":"https:\/\/www.calibereurope.com\/wp-content\/uploads\/2024\/06\/fc7c9ce0e1d123cfb523d854b850b016b2413e5f_HPS2301U_web.jpg","contentUrl":"https:\/\/www.calibereurope.com\/wp-content\/uploads\/2024\/06\/fc7c9ce0e1d123cfb523d854b850b016b2413e5f_HPS2301U_web.jpg","width":1024,"height":768},{"@type":"BreadcrumbList","@id":"https:\/\/www.calibereurope.com\/fr\/produit\/HPS2301U-fr_FR\/#breadcrumb","itemListElement":[{"@type":"ListItem","position":1,"name":"Home","item":"https:\/\/www.calibereurope.com\/fr\/"},{"@type":"ListItem","position":2,"name":"Boutique en ligne","item":"https:\/\/www.calibereurope.com\/fr\/boutique-en-ligne\/"},{"@type":"ListItem","position":3,"name":"Vivre","item":"https:\/\/www.calibereurope.com\/fr\/wonen_fr_FR\/"},{"@type":"ListItem","position":4,"name":"Alimentation et charge","item":"https:\/\/www.calibereurope.com\/fr\/wonen_fr_FR\/voeding_en_opladen_fr_FR\/"},{"@type":"ListItem","position":5,"name":"Bloc de prises 3 Connexions &#8211; Avec 2 X USB &#8211; Blanc (HPS2301U)"}]},{"@type":"WebSite","@id":"https:\/\/www.calibereurope.com\/fr\/#website","url":"https:\/\/www.calibereurope.com\/fr\/","name":"Caliber","description":"Sounds good!","publisher":{"@id":"https:\/\/www.calibereurope.com\/fr\/#organization"},"potentialAction":[{"@type":"SearchAction","target":{"@type":"EntryPoint","urlTemplate":"https:\/\/www.calibereurope.com\/fr\/?s={search_term_string}"},"query-input":{"@type":"PropertyValueSpecification","valueRequired":true,"valueName":"search_term_string"}}],"inLanguage":"fr-FR"},{"@type":"Organization","@id":"https:\/\/www.calibereurope.com\/fr\/#organization","name":"Caliber Europe B.V.","url":"https:\/\/www.calibereurope.com\/fr\/","logo":{"@type":"ImageObject","inLanguage":"fr-FR","@id":"https:\/\/www.calibereurope.com\/fr\/#\/schema\/logo\/image\/","url":"https:\/\/www.calibereurope.com\/wp-content\/uploads\/2019\/11\/Logo-Caliber-e1574846289621.png","contentUrl":"https:\/\/www.calibereurope.com\/wp-content\/uploads\/2019\/11\/Logo-Caliber-e1574846289621.png","width":400,"height":69,"caption":"Caliber Europe B.V."},"image":{"@id":"https:\/\/www.calibereurope.com\/fr\/#\/schema\/logo\/image\/"},"sameAs":["https:\/\/facebook.com\/CaliberEurope\/","https:\/\/x.com\/calibereurope","https:\/\/www.instagram.com\/calibereurope\/"]}]},"product_price_amount":"14.95","product_price_currency":"EUR","og_availability":"out of stock","product_availability":"out of stock","product_retailer_item_id":"HPS2301U","product_condition":"new"},"_links":{"self":[{"href":"https:\/\/www.calibereurope.com\/fr\/wp-json\/wp\/v2\/product\/69036","targetHints":{"allow":["GET"]}}],"collection":[{"href":"https:\/\/www.calibereurope.com\/fr\/wp-json\/wp\/v2\/product"}],"about":[{"href":"https:\/\/www.calibereurope.com\/fr\/wp-json\/wp\/v2\/types\/product"}],"replies":[{"embeddable":true,"href":"https:\/\/www.calibereurope.com\/fr\/wp-json\/wp\/v2\/comments?post=69036"}],"wp:featuredmedia":[{"embeddable":true,"href":"https:\/\/www.calibereurope.com\/fr\/wp-json\/wp\/v2\/media\/1600866"}],"wp:attachment":[{"href":"https:\/\/www.calibereurope.com\/fr\/wp-json\/wp\/v2\/media?parent=69036"}],"wp:term":[{"taxonomy":"product_brand","embeddable":true,"href":"https:\/\/www.calibereurope.com\/fr\/wp-json\/wp\/v2\/product_brand?post=69036"},{"taxonomy":"product_cat","embeddable":true,"href":"https:\/\/www.calibereurope.com\/fr\/wp-json\/wp\/v2\/product_cat?post=69036"},{"taxonomy":"product_tag","embeddable":true,"href":"https:\/\/www.calibereurope.com\/fr\/wp-json\/wp\/v2\/product_tag?post=69036"}],"curies":[{"name":"wp","href":"https:\/\/api.w.org\/{rel}","templated":true}]}}