{"id":69713,"date":"2025-03-10T01:00:00","date_gmt":"2023-01-12T00:00:00","guid":{"rendered":""},"modified":"2026-02-17T13:46:15","modified_gmt":"2026-02-17T12:46:15","slug":"hcg007-fr_fr","status":"publish","type":"product","link":"https:\/\/www.calibereurope.com\/fr\/produit\/hcg007-fr_fr\/","title":{"rendered":"Radio r\u00e9veil num\u00e9rique &#8211; Double R\u00e9veil avec Radio FM &#8211; Grand \u00c9cran Rouge &#8211; graduable &#8211; noir (HCG007)"},"content":{"rendered":"<p>Assurez-vous de ne plus jamais vous rendormir en utilisant chaque jour le r\u00e9veil num\u00e9rique Caliber HCG007. Ce r\u00e9veil num\u00e9rique avec <strong>radio FM et FM-radio <\/strong> et <strong>fonction snooze<\/strong> vous r\u00e9veille \u00e0 l&#39;heure tous les jours. Les <strong>deux heures d&#39;alarme<\/strong> du radio-r\u00e9veil garantissent que votre partenaire soit \u00e9galement toujours \u00e0 l&#39;heure. La <strong>lumi\u00e8re rouge<\/strong> de l&#39;\u00e9cran vous aide \u00e0 vous endormir plus rapidement. Vous pr\u00e9f\u00e9rez l&#39;absence de lumi\u00e8re des radios-r\u00e9veils ? La lumi\u00e8re de l&#39;\u00e9cran est <strong>r\u00e9glable<\/strong>. Gr\u00e2ce \u00e0 la <strong>batterie de secours<\/strong> vous n&#39;avez pas non plus \u00e0 craindre de rater le r\u00e9veil en cas de coupure de courant. <\/p>\n<p><strong>Caract\u00e9ristiques :<\/strong><\/p>\n<ul>\n<li>\u00c9cran rouge\n<li>Radio FM\n<li>Deux heures d&#39;alarme\n<li>Alarme sonore\n<li>Fonction Snooze\n<li>R\u00e9glable\n<li>Batterie de secours en cas de panne de courant\n<li>2 piles AAA (non incluses)<\/li>\n<\/ul>\n<h3>Toutes vos stations de radio pr\u00e9f\u00e9r\u00e9es sur ce r\u00e9veil<\/h3>\n<p>Commencez la journ\u00e9e du bon pied avec la musique de votre cha\u00eene pr\u00e9f\u00e9r\u00e9e. Le r\u00e9glage d&#39;une station pr\u00e9r\u00e9gl\u00e9e est tr\u00e8s facile. Pour l\u2019endormissement en musique, il est \u00e9galement dot\u00e9 d&#39;une fonction qui \u00e9teint automatiquement la radio \u00e0 l&#39;heure que vous avez fix\u00e9e. Vous pouvez donc non seulement vous r\u00e9veiller, mais aussi vous endormir au son de vos chansons pr\u00e9f\u00e9r\u00e9es.<\/p>\n<h3>Ce r\u00e9veil dispose d\u2019une double alarme pour les couples<\/h3>\n<p>Une double alarme peut s&#39;av\u00e9rer pratique comme coup de pouce lorsque vous devez vous lever pour un examen ou une r\u00e9union importante. C&#39;est \u00e9galement une fonction pratique lorsque vous et votre partenaire souhaitez tous deux vous lever \u00e0 des heures diff\u00e9rentes. Alors que les r\u00e9veils traditionnels ne vous permettent de r\u00e9gler qu&#39;une seule alarme, ce r\u00e9veil num\u00e9rique vous permet d&#39;en r\u00e9gler deux. Les deux alarmes peuvent \u00eatre d\u00e9sactiv\u00e9es. <\/p>\n<h3>R\u00e9veil \u00e0 lumi\u00e8re rouge : id\u00e9al contre les probl\u00e8mes de sommeil <\/h3>\n<p>Vous avez souvent du mal \u00e0 vous endormir ou \u00e0 vous rendormir ? Selon le Brain Institute, la lumi\u00e8re rouge peut bien vous aider. En fait, un test a montr\u00e9 que la lumi\u00e8re rouge vous endort plus rapidement que les autres couleurs. Bien s\u00fbr, chaque personne est diff\u00e9rente, c&#39;est pourquoi il est toujours possible de couper la lumi\u00e8re si \u00e7a ne fonctionne pas bien pour vous. <\/p>\n","protected":false},"excerpt":{"rendered":"<ul>\n<li>C\u00e2ble d&#8217;alimentation<\/li>\n<li>C\u00e2ble de masse<\/li>\n<li>C\u00e2ble de t\u00e9l\u00e9commande<\/li>\n<li>C\u00e2ble de signal<\/li>\n<li>Trois \u0153illets de c\u00e2ble<\/li>\n<li>Dix attaches de c\u00e2ble<\/li>\n<li>1500 Watt<\/li>\n<li>5 m\u00e8tres<\/li>\n<\/ul>\n","protected":false},"featured_media":1451843,"comment_status":"open","ping_status":"closed","template":"","meta":{"inline_featured_image":false},"product_brand":[],"product_cat":[7902,7884],"product_tag":[],"class_list":{"0":"post-69713","1":"product","2":"type-product","3":"status-publish","4":"has-post-thumbnail","6":"product_cat-wekker_radios_fr_FR","7":"product_cat-wonen_fr_FR","9":"first","10":"outofstock","11":"taxable","12":"shipping-taxable","13":"purchasable","14":"product-type-simple"},"yoast_head":"<!-- This site is optimized with the Yoast SEO plugin v24.4 - https:\/\/yoast.com\/wordpress\/plugins\/seo\/ -->\n<title>Radio r\u00e9veil num\u00e9rique - Double R\u00e9veil avec Radio FM - Grand \u00c9cran Rouge - graduable - noir (HCG007) | Caliber<\/title>\n<meta name=\"robots\" content=\"index, follow, max-snippet:-1, max-image-preview:large, max-video-preview:-1\" \/>\n<link rel=\"canonical\" href=\"https:\/\/www.calibereurope.com\/fr\/produit\/hcg007-fr_fr\/\" \/>\n<meta property=\"og:locale\" content=\"fr_FR\" \/>\n<meta property=\"og:type\" content=\"article\" \/>\n<meta property=\"og:title\" content=\"Radio r\u00e9veil num\u00e9rique - Double R\u00e9veil avec Radio FM - Grand \u00c9cran Rouge - graduable - noir (HCG007) | Caliber\" \/>\n<meta property=\"og:description\" content=\"C\u00e2ble d&#039;alimentationC\u00e2ble de masseC\u00e2ble de t\u00e9l\u00e9commandeC\u00e2ble de signalTrois \u0153illets de c\u00e2bleDix attaches de c\u00e2ble1500 Watt5 m\u00e8tres\" \/>\n<meta property=\"og:url\" content=\"https:\/\/www.calibereurope.com\/fr\/produit\/hcg007-fr_fr\/\" \/>\n<meta property=\"og:site_name\" content=\"Caliber\" \/>\n<meta property=\"article:publisher\" content=\"https:\/\/facebook.com\/CaliberEurope\/\" \/>\n<meta property=\"article:modified_time\" content=\"2026-02-17T12:46:15+00:00\" \/>\n<meta property=\"og:image\" content=\"https:\/\/www.calibereurope.com\/wp-content\/uploads\/2023\/01\/29b43680a2d6c2203385cb2eb1a8823086a688b6_HCG007_WEB-6.jpg\" \/>\n\t<meta property=\"og:image:width\" content=\"1024\" \/>\n\t<meta property=\"og:image:height\" content=\"768\" \/>\n\t<meta property=\"og:image:type\" content=\"image\/jpeg\" \/>\n<meta name=\"twitter:card\" content=\"summary_large_image\" \/>\n<meta name=\"twitter:site\" content=\"@calibereurope\" \/>\n<meta name=\"twitter:label1\" content=\"Prix\" \/>\n\t<meta name=\"twitter:data1\" content=\"29,95\" \/>\n\t<meta name=\"twitter:label2\" content=\"Availability\" \/>\n\t<meta name=\"twitter:data2\" content=\"Out of stock\" \/>\n<script type=\"application\/ld+json\" class=\"yoast-schema-graph\">{\"@context\":\"https:\/\/schema.org\",\"@graph\":[{\"@type\":\"WebPage\",\"@id\":\"https:\/\/www.calibereurope.com\/fr\/produit\/hcg007-fr_fr\/\",\"url\":\"https:\/\/www.calibereurope.com\/fr\/produit\/hcg007-fr_fr\/\",\"name\":\"Radio r\u00e9veil num\u00e9rique - Double R\u00e9veil avec Radio FM - Grand \u00c9cran Rouge - graduable - noir (HCG007) | Caliber\",\"isPartOf\":{\"@id\":\"https:\/\/www.calibereurope.com\/fr\/#website\"},\"primaryImageOfPage\":{\"@id\":\"https:\/\/www.calibereurope.com\/fr\/produit\/hcg007-fr_fr\/#primaryimage\"},\"image\":{\"@id\":\"https:\/\/www.calibereurope.com\/fr\/produit\/hcg007-fr_fr\/#primaryimage\"},\"thumbnailUrl\":\"https:\/\/www.calibereurope.com\/wp-content\/uploads\/2023\/02\/29b43680a2d6c2203385cb2eb1a8823086a688b6_HCG007_WEB-2.jpg\",\"datePublished\":\"2023-01-12T00:00:00+00:00\",\"dateModified\":\"2026-02-17T12:46:15+00:00\",\"breadcrumb\":{\"@id\":\"https:\/\/www.calibereurope.com\/fr\/produit\/hcg007-fr_fr\/#breadcrumb\"},\"inLanguage\":\"fr-FR\",\"potentialAction\":[{\"@type\":\"ReadAction\",\"target\":[\"https:\/\/www.calibereurope.com\/fr\/produit\/hcg007-fr_fr\/\"]}]},{\"@type\":\"ImageObject\",\"inLanguage\":\"fr-FR\",\"@id\":\"https:\/\/www.calibereurope.com\/fr\/produit\/hcg007-fr_fr\/#primaryimage\",\"url\":\"https:\/\/www.calibereurope.com\/wp-content\/uploads\/2023\/02\/29b43680a2d6c2203385cb2eb1a8823086a688b6_HCG007_WEB-2.jpg\",\"contentUrl\":\"https:\/\/www.calibereurope.com\/wp-content\/uploads\/2023\/02\/29b43680a2d6c2203385cb2eb1a8823086a688b6_HCG007_WEB-2.jpg\",\"width\":1024,\"height\":768},{\"@type\":\"BreadcrumbList\",\"@id\":\"https:\/\/www.calibereurope.com\/fr\/produit\/hcg007-fr_fr\/#breadcrumb\",\"itemListElement\":[{\"@type\":\"ListItem\",\"position\":1,\"name\":\"Home\",\"item\":\"https:\/\/www.calibereurope.com\/fr\/\"},{\"@type\":\"ListItem\",\"position\":2,\"name\":\"Boutique en ligne\",\"item\":\"https:\/\/www.calibereurope.com\/fr\/boutique-en-ligne\/\"},{\"@type\":\"ListItem\",\"position\":3,\"name\":\"Vivre\",\"item\":\"https:\/\/www.calibereurope.com\/fr\/wonen_fr_FR\/\"},{\"@type\":\"ListItem\",\"position\":4,\"name\":\"R\u00e9veil (radios)\",\"item\":\"https:\/\/www.calibereurope.com\/fr\/wonen_fr_FR\/wekker_radios_fr_FR\/\"},{\"@type\":\"ListItem\",\"position\":5,\"name\":\"Radio r\u00e9veil num\u00e9rique &#8211; Double R\u00e9veil avec Radio FM &#8211; Grand \u00c9cran Rouge &#8211; graduable &#8211; noir (HCG007)\"}]},{\"@type\":\"WebSite\",\"@id\":\"https:\/\/www.calibereurope.com\/fr\/#website\",\"url\":\"https:\/\/www.calibereurope.com\/fr\/\",\"name\":\"Caliber\",\"description\":\"Sounds good!\",\"publisher\":{\"@id\":\"https:\/\/www.calibereurope.com\/fr\/#organization\"},\"potentialAction\":[{\"@type\":\"SearchAction\",\"target\":{\"@type\":\"EntryPoint\",\"urlTemplate\":\"https:\/\/www.calibereurope.com\/fr\/?s={search_term_string}\"},\"query-input\":{\"@type\":\"PropertyValueSpecification\",\"valueRequired\":true,\"valueName\":\"search_term_string\"}}],\"inLanguage\":\"fr-FR\"},{\"@type\":\"Organization\",\"@id\":\"https:\/\/www.calibereurope.com\/fr\/#organization\",\"name\":\"Caliber Europe B.V.\",\"url\":\"https:\/\/www.calibereurope.com\/fr\/\",\"logo\":{\"@type\":\"ImageObject\",\"inLanguage\":\"fr-FR\",\"@id\":\"https:\/\/www.calibereurope.com\/fr\/#\/schema\/logo\/image\/\",\"url\":\"https:\/\/www.calibereurope.com\/wp-content\/uploads\/2019\/11\/Logo-Caliber-e1574846289621.png\",\"contentUrl\":\"https:\/\/www.calibereurope.com\/wp-content\/uploads\/2019\/11\/Logo-Caliber-e1574846289621.png\",\"width\":400,\"height\":69,\"caption\":\"Caliber Europe B.V.\"},\"image\":{\"@id\":\"https:\/\/www.calibereurope.com\/fr\/#\/schema\/logo\/image\/\"},\"sameAs\":[\"https:\/\/facebook.com\/CaliberEurope\/\",\"https:\/\/x.com\/calibereurope\",\"https:\/\/www.instagram.com\/calibereurope\/\"]}]}<\/script>\n<meta property=\"product:price:amount\" content=\"29.95\" \/>\n<meta property=\"product:price:currency\" content=\"EUR\" \/>\n<meta property=\"og:availability\" content=\"out of stock\" \/>\n<meta property=\"product:availability\" content=\"out of stock\" \/>\n<meta property=\"product:retailer_item_id\" content=\"HCG007\" \/>\n<meta property=\"product:condition\" content=\"new\" \/>\n<!-- \/ Yoast SEO plugin. -->","yoast_head_json":{"title":"Radio r\u00e9veil num\u00e9rique - Double R\u00e9veil avec Radio FM - Grand \u00c9cran Rouge - graduable - noir (HCG007) | Caliber","robots":{"index":"index","follow":"follow","max-snippet":"max-snippet:-1","max-image-preview":"max-image-preview:large","max-video-preview":"max-video-preview:-1"},"canonical":"https:\/\/www.calibereurope.com\/fr\/produit\/hcg007-fr_fr\/","og_locale":"fr_FR","og_type":"article","og_title":"Radio r\u00e9veil num\u00e9rique - Double R\u00e9veil avec Radio FM - Grand \u00c9cran Rouge - graduable - noir (HCG007) | Caliber","og_description":"C\u00e2ble d'alimentationC\u00e2ble de masseC\u00e2ble de t\u00e9l\u00e9commandeC\u00e2ble de signalTrois \u0153illets de c\u00e2bleDix attaches de c\u00e2ble1500 Watt5 m\u00e8tres","og_url":"https:\/\/www.calibereurope.com\/fr\/produit\/hcg007-fr_fr\/","og_site_name":"Caliber","article_publisher":"https:\/\/facebook.com\/CaliberEurope\/","article_modified_time":"2026-02-17T12:46:15+00:00","og_image":[{"width":1024,"height":768,"url":"https:\/\/www.calibereurope.com\/wp-content\/uploads\/2023\/01\/29b43680a2d6c2203385cb2eb1a8823086a688b6_HCG007_WEB-6.jpg","type":"image\/jpeg"}],"twitter_card":"summary_large_image","twitter_site":"@calibereurope","twitter_misc":{"Prix":"29,95","Availability":"Out of stock"},"schema":{"@context":"https:\/\/schema.org","@graph":[{"@type":"WebPage","@id":"https:\/\/www.calibereurope.com\/fr\/produit\/hcg007-fr_fr\/","url":"https:\/\/www.calibereurope.com\/fr\/produit\/hcg007-fr_fr\/","name":"Radio r\u00e9veil num\u00e9rique - Double R\u00e9veil avec Radio FM - Grand \u00c9cran Rouge - graduable - noir (HCG007) | Caliber","isPartOf":{"@id":"https:\/\/www.calibereurope.com\/fr\/#website"},"primaryImageOfPage":{"@id":"https:\/\/www.calibereurope.com\/fr\/produit\/hcg007-fr_fr\/#primaryimage"},"image":{"@id":"https:\/\/www.calibereurope.com\/fr\/produit\/hcg007-fr_fr\/#primaryimage"},"thumbnailUrl":"https:\/\/www.calibereurope.com\/wp-content\/uploads\/2023\/02\/29b43680a2d6c2203385cb2eb1a8823086a688b6_HCG007_WEB-2.jpg","datePublished":"2023-01-12T00:00:00+00:00","dateModified":"2026-02-17T12:46:15+00:00","breadcrumb":{"@id":"https:\/\/www.calibereurope.com\/fr\/produit\/hcg007-fr_fr\/#breadcrumb"},"inLanguage":"fr-FR","potentialAction":[{"@type":"ReadAction","target":["https:\/\/www.calibereurope.com\/fr\/produit\/hcg007-fr_fr\/"]}]},{"@type":"ImageObject","inLanguage":"fr-FR","@id":"https:\/\/www.calibereurope.com\/fr\/produit\/hcg007-fr_fr\/#primaryimage","url":"https:\/\/www.calibereurope.com\/wp-content\/uploads\/2023\/02\/29b43680a2d6c2203385cb2eb1a8823086a688b6_HCG007_WEB-2.jpg","contentUrl":"https:\/\/www.calibereurope.com\/wp-content\/uploads\/2023\/02\/29b43680a2d6c2203385cb2eb1a8823086a688b6_HCG007_WEB-2.jpg","width":1024,"height":768},{"@type":"BreadcrumbList","@id":"https:\/\/www.calibereurope.com\/fr\/produit\/hcg007-fr_fr\/#breadcrumb","itemListElement":[{"@type":"ListItem","position":1,"name":"Home","item":"https:\/\/www.calibereurope.com\/fr\/"},{"@type":"ListItem","position":2,"name":"Boutique en ligne","item":"https:\/\/www.calibereurope.com\/fr\/boutique-en-ligne\/"},{"@type":"ListItem","position":3,"name":"Vivre","item":"https:\/\/www.calibereurope.com\/fr\/wonen_fr_FR\/"},{"@type":"ListItem","position":4,"name":"R\u00e9veil (radios)","item":"https:\/\/www.calibereurope.com\/fr\/wonen_fr_FR\/wekker_radios_fr_FR\/"},{"@type":"ListItem","position":5,"name":"Radio r\u00e9veil num\u00e9rique &#8211; Double R\u00e9veil avec Radio FM &#8211; Grand \u00c9cran Rouge &#8211; graduable &#8211; noir (HCG007)"}]},{"@type":"WebSite","@id":"https:\/\/www.calibereurope.com\/fr\/#website","url":"https:\/\/www.calibereurope.com\/fr\/","name":"Caliber","description":"Sounds good!","publisher":{"@id":"https:\/\/www.calibereurope.com\/fr\/#organization"},"potentialAction":[{"@type":"SearchAction","target":{"@type":"EntryPoint","urlTemplate":"https:\/\/www.calibereurope.com\/fr\/?s={search_term_string}"},"query-input":{"@type":"PropertyValueSpecification","valueRequired":true,"valueName":"search_term_string"}}],"inLanguage":"fr-FR"},{"@type":"Organization","@id":"https:\/\/www.calibereurope.com\/fr\/#organization","name":"Caliber Europe B.V.","url":"https:\/\/www.calibereurope.com\/fr\/","logo":{"@type":"ImageObject","inLanguage":"fr-FR","@id":"https:\/\/www.calibereurope.com\/fr\/#\/schema\/logo\/image\/","url":"https:\/\/www.calibereurope.com\/wp-content\/uploads\/2019\/11\/Logo-Caliber-e1574846289621.png","contentUrl":"https:\/\/www.calibereurope.com\/wp-content\/uploads\/2019\/11\/Logo-Caliber-e1574846289621.png","width":400,"height":69,"caption":"Caliber Europe B.V."},"image":{"@id":"https:\/\/www.calibereurope.com\/fr\/#\/schema\/logo\/image\/"},"sameAs":["https:\/\/facebook.com\/CaliberEurope\/","https:\/\/x.com\/calibereurope","https:\/\/www.instagram.com\/calibereurope\/"]}]},"product_price_amount":"29.95","product_price_currency":"EUR","og_availability":"out of stock","product_availability":"out of stock","product_retailer_item_id":"HCG007","product_condition":"new"},"_links":{"self":[{"href":"https:\/\/www.calibereurope.com\/fr\/wp-json\/wp\/v2\/product\/69713","targetHints":{"allow":["GET"]}}],"collection":[{"href":"https:\/\/www.calibereurope.com\/fr\/wp-json\/wp\/v2\/product"}],"about":[{"href":"https:\/\/www.calibereurope.com\/fr\/wp-json\/wp\/v2\/types\/product"}],"replies":[{"embeddable":true,"href":"https:\/\/www.calibereurope.com\/fr\/wp-json\/wp\/v2\/comments?post=69713"}],"wp:featuredmedia":[{"embeddable":true,"href":"https:\/\/www.calibereurope.com\/fr\/wp-json\/wp\/v2\/media\/1451843"}],"wp:attachment":[{"href":"https:\/\/www.calibereurope.com\/fr\/wp-json\/wp\/v2\/media?parent=69713"}],"wp:term":[{"taxonomy":"product_brand","embeddable":true,"href":"https:\/\/www.calibereurope.com\/fr\/wp-json\/wp\/v2\/product_brand?post=69713"},{"taxonomy":"product_cat","embeddable":true,"href":"https:\/\/www.calibereurope.com\/fr\/wp-json\/wp\/v2\/product_cat?post=69713"},{"taxonomy":"product_tag","embeddable":true,"href":"https:\/\/www.calibereurope.com\/fr\/wp-json\/wp\/v2\/product_tag?post=69713"}],"curies":[{"name":"wp","href":"https:\/\/api.w.org\/{rel}","templated":true}]}}