{"id":70113,"date":"2026-01-05T01:00:00","date_gmt":"2026-01-05T00:00:00","guid":{"rendered":"0"},"modified":"2026-01-05T14:16:32","modified_gmt":"2026-01-05T13:16:32","slug":"HCG201-fr_FR","status":"publish","type":"product","link":"https:\/\/www.calibereurope.com\/fr\/produit\/HCG201-fr_FR\/","title":{"rendered":"R\u00e9veil Caliber avec Projection &#8211; R\u00e9veil Num\u00e9rique &#8211; R\u00e9veil pour Enfants &#8211; Projection au Plafond ou sur le Mur &#8211; Projection d&#8217;Horloge (HCG201)"},"content":{"rendered":"<p><span>Commencez votre journ&eacute;e du bon pied avec le r&eacute;veil projecteur HCG201. Imaginez-vous r&eacute;veill&eacute;, levant les yeux et voyant imm&eacute;diatement l&rsquo;heure. Pas besoin de chercher votre t&eacute;l&eacute;phone ou d&rsquo;&ecirc;tre &eacute;bloui par un &eacute;cran lumineux. Gr&acirc;ce &agrave; la <\/span><b>projection de l&rsquo;heure<\/b><span> sur le mur ou le plafond, vous voyez l&rsquo;heure en un coup d&#39;&oelig;il. Le HCG201 est &eacute;quip&eacute; d&rsquo;un grand <\/span><b>&eacute;cran r&eacute;glable<\/b><span>, d&rsquo;une <\/span><b>fonction snooze ajustable<\/b><span> et d&rsquo;un <\/span><b>mode nuit personnalisable<\/b><span> pour un sommeil ininterrompu.<\/span><\/p>\n<p><span>De plus, ce r&eacute;veil num&eacute;rique propose des fonctionnalit&eacute;s utiles comme <\/span><b>l&rsquo;affichage de la temp&eacute;rature<\/b><span>, permettant de voir &agrave; la fois l&rsquo;heure et la temp&eacute;rature ambiante. De plus, la <\/span><b>batterie de secours int&eacute;gr&eacute;e<\/b><span> garantit que tous vos r&eacute;glages sont conserv&eacute;s, m&ecirc;me en cas de panne de courant.<\/span><\/p>\n<p><b>Caract&eacute;ristiques du produit :<\/b><\/p>\n<ul>\n<li><span>Type de r&eacute;veil : R&eacute;veil num&eacute;rique<\/span><\/li>\n<li><span>Dimensions &ndash; 185x40x91 mm<\/span><\/li>\n<li><span>Poids &ndash; 140 g<\/span><\/li>\n<li><span>&Eacute;cran &ndash; 60&#215;120 mm, 4 chiffres, affichage rouge<\/span><\/li>\n<li><span>Couleur du r&eacute;veil &ndash; Noir<\/span><\/li>\n<li><span>Grand &eacute;cran r&eacute;glable<\/span><\/li>\n<li><span>Projection de l&rsquo;heure sur le mur ou le plafond<\/span><\/li>\n<li><span>Alarme avec fonction snooze ajustable<\/span><\/li>\n<li><span>Mode nuit personnalisable<\/span><\/li>\n<li><span>Affichage de la temp&eacute;rature<\/span><\/li>\n<li><span>Alimentation &ndash; Fonctionne avec DC 5V<\/span><\/li>\n<li><span>Batterie de secours incluse<\/span><\/li>\n<li><span>Utilisation facile &ndash; Boutons intuitifs pour r&eacute;gler l&rsquo;heure, l&rsquo;alarme et la luminosit&eacute;.<\/span><\/li>\n<li><span>Inclus : Adaptateur USB, c&acirc;ble d&rsquo;alimentation, manuel d&#39;utilisation<\/span><\/li>\n<\/ul>\n<h3><b>Att&eacute;nuation automatique pour une nuit paisible<\/b><\/h3>\n<p><span>Le mode nuit att&eacute;nue automatiquement l&rsquo;&eacute;cran pour &eacute;viter que la lumi&egrave;re ne perturbe votre sommeil. Plus d&rsquo;&eacute;cran trop lumineux, seulement la quantit&eacute; de lumi&egrave;re n&eacute;cessaire. De plus, le r&eacute;veil projette discr&egrave;tement l&rsquo;heure sur le mur ou le plafond, vous permettant de la voir sans bouger ni &ecirc;tre &eacute;bloui.<\/span><\/p>\n<h3><b>Mode projection pratique<\/b><\/h3>\n<p><span>Le r&eacute;veil HCG201 est &eacute;quip&eacute; d&rsquo;un mode projection qui affiche l&rsquo;heure sur le plafond ou le mur. Gr&acirc;ce &agrave; la projection ajustable &agrave; 180 degr&eacute;s, vous pouvez facilement changer la direction pour une lisibilit&eacute; optimale.<\/span><\/p>\n<h3><b>Utilisation simple et sauvegarde m&eacute;moire<\/b><\/h3>\n<p><span>Le HCG201 est facile &agrave; utiliser gr&acirc;ce &agrave; ses boutons intuitifs. Que vous souhaitiez r&eacute;gler l&rsquo;heure, l&rsquo;alarme ou la luminosit&eacute;, tout se fait sans effort. En cas de panne de courant, la batterie de secours sauvegarde vos r&eacute;glages.<\/span><\/p>\n","protected":false},"excerpt":{"rendered":"<ul>\n<li>10 stations FM pr\u00e9r\u00e9gl\u00e9es<\/li>\n<li>Projection \u00e0 180 degr\u00e9s sur le mur ou le plafond<\/li>\n<li>Grand \u00e9cran LED avec \u00e9clairage rouge<\/li>\n<li>Double alarme<\/li>\n<li>Fonction &#8220;snooze&#8221;<\/li>\n<li>Minuterie de sommeil<\/li>\n<li>Fonctionne sur secteur 230V<\/li>\n<li>Alimentation de secours par piles AAA<\/li>\n<\/ul>\n","protected":false},"featured_media":1683652,"comment_status":"open","ping_status":"closed","template":"","meta":{"inline_featured_image":false},"product_brand":[],"product_cat":[7902,7884],"product_tag":[],"class_list":{"0":"post-70113","1":"product","2":"type-product","3":"status-publish","4":"has-post-thumbnail","6":"product_cat-wekker_radios_fr_FR","7":"product_cat-wonen_fr_FR","9":"first","10":"instock","11":"taxable","12":"shipping-taxable","13":"purchasable","14":"product-type-simple"},"yoast_head":"<!-- This site is optimized with the Yoast SEO plugin v24.4 - https:\/\/yoast.com\/wordpress\/plugins\/seo\/ -->\n<title>R\u00e9veil Caliber avec Projection - R\u00e9veil Num\u00e9rique - R\u00e9veil pour Enfants - Projection au Plafond ou sur le Mur - Projection d&#039;Horloge (HCG201) | Caliber<\/title>\n<meta name=\"robots\" content=\"index, follow, max-snippet:-1, max-image-preview:large, max-video-preview:-1\" \/>\n<link rel=\"canonical\" href=\"https:\/\/www.calibereurope.com\/fr\/produit\/HCG201-fr_FR\/\" \/>\n<meta property=\"og:locale\" content=\"fr_FR\" \/>\n<meta property=\"og:type\" content=\"article\" \/>\n<meta property=\"og:title\" content=\"R\u00e9veil Caliber avec Projection - R\u00e9veil Num\u00e9rique - R\u00e9veil pour Enfants - Projection au Plafond ou sur le Mur - Projection d&#039;Horloge (HCG201) | Caliber\" \/>\n<meta property=\"og:description\" content=\"10 stations FM pr\u00e9r\u00e9gl\u00e9esProjection \u00e0 180 degr\u00e9s sur le mur ou le plafondGrand \u00e9cran LED avec \u00e9clairage rougeDouble alarmeFonction &quot;snooze&quot;Minuterie de sommeilFonctionne sur secteur 230VAlimentation de secours par piles AAA\" \/>\n<meta property=\"og:url\" content=\"https:\/\/www.calibereurope.com\/fr\/produit\/HCG201-fr_FR\/\" \/>\n<meta property=\"og:site_name\" content=\"Caliber\" \/>\n<meta property=\"article:publisher\" content=\"https:\/\/facebook.com\/CaliberEurope\/\" \/>\n<meta property=\"article:modified_time\" content=\"2026-01-05T13:16:32+00:00\" \/>\n<meta property=\"og:image\" content=\"https:\/\/www.calibereurope.com\/wp-content\/uploads\/2023\/02\/49511146cef368b17d681bca9297b4307bbcf9ae_HCG201_E-2.jpg\" \/>\n\t<meta property=\"og:image:width\" content=\"1024\" \/>\n\t<meta property=\"og:image:height\" content=\"768\" \/>\n\t<meta property=\"og:image:type\" content=\"image\/jpeg\" \/>\n<meta name=\"twitter:card\" content=\"summary_large_image\" \/>\n<meta name=\"twitter:site\" content=\"@calibereurope\" \/>\n<meta name=\"twitter:label1\" content=\"Prix\" \/>\n\t<meta name=\"twitter:data1\" content=\"29,95\" \/>\n\t<meta name=\"twitter:label2\" content=\"Availability\" \/>\n\t<meta name=\"twitter:data2\" content=\"In stock\" \/>\n<script type=\"application\/ld+json\" class=\"yoast-schema-graph\">{\"@context\":\"https:\/\/schema.org\",\"@graph\":[{\"@type\":\"WebPage\",\"@id\":\"https:\/\/www.calibereurope.com\/fr\/produit\/HCG201-fr_FR\/\",\"url\":\"https:\/\/www.calibereurope.com\/fr\/produit\/HCG201-fr_FR\/\",\"name\":\"R\u00e9veil Caliber avec Projection - R\u00e9veil Num\u00e9rique - R\u00e9veil pour Enfants - Projection au Plafond ou sur le Mur - Projection d'Horloge (HCG201) | Caliber\",\"isPartOf\":{\"@id\":\"https:\/\/www.calibereurope.com\/fr\/#website\"},\"primaryImageOfPage\":{\"@id\":\"https:\/\/www.calibereurope.com\/fr\/produit\/HCG201-fr_FR\/#primaryimage\"},\"image\":{\"@id\":\"https:\/\/www.calibereurope.com\/fr\/produit\/HCG201-fr_FR\/#primaryimage\"},\"thumbnailUrl\":\"https:\/\/www.calibereurope.com\/wp-content\/uploads\/2026\/01\/5524f98f2c7bbfad1d67578e5e8f4bb5694b0704_HCG201_Projection_Right_Side_Amazon-2.jpg\",\"datePublished\":\"2026-01-05T00:00:00+00:00\",\"dateModified\":\"2026-01-05T13:16:32+00:00\",\"breadcrumb\":{\"@id\":\"https:\/\/www.calibereurope.com\/fr\/produit\/HCG201-fr_FR\/#breadcrumb\"},\"inLanguage\":\"fr-FR\",\"potentialAction\":[{\"@type\":\"ReadAction\",\"target\":[\"https:\/\/www.calibereurope.com\/fr\/produit\/HCG201-fr_FR\/\"]}]},{\"@type\":\"ImageObject\",\"inLanguage\":\"fr-FR\",\"@id\":\"https:\/\/www.calibereurope.com\/fr\/produit\/HCG201-fr_FR\/#primaryimage\",\"url\":\"https:\/\/www.calibereurope.com\/wp-content\/uploads\/2026\/01\/5524f98f2c7bbfad1d67578e5e8f4bb5694b0704_HCG201_Projection_Right_Side_Amazon-2.jpg\",\"contentUrl\":\"https:\/\/www.calibereurope.com\/wp-content\/uploads\/2026\/01\/5524f98f2c7bbfad1d67578e5e8f4bb5694b0704_HCG201_Projection_Right_Side_Amazon-2.jpg\",\"width\":2000,\"height\":2000},{\"@type\":\"BreadcrumbList\",\"@id\":\"https:\/\/www.calibereurope.com\/fr\/produit\/HCG201-fr_FR\/#breadcrumb\",\"itemListElement\":[{\"@type\":\"ListItem\",\"position\":1,\"name\":\"Home\",\"item\":\"https:\/\/www.calibereurope.com\/fr\/\"},{\"@type\":\"ListItem\",\"position\":2,\"name\":\"Boutique en ligne\",\"item\":\"https:\/\/www.calibereurope.com\/fr\/boutique-en-ligne\/\"},{\"@type\":\"ListItem\",\"position\":3,\"name\":\"Vivre\",\"item\":\"https:\/\/www.calibereurope.com\/fr\/wonen_fr_FR\/\"},{\"@type\":\"ListItem\",\"position\":4,\"name\":\"R\u00e9veil (radios)\",\"item\":\"https:\/\/www.calibereurope.com\/fr\/wonen_fr_FR\/wekker_radios_fr_FR\/\"},{\"@type\":\"ListItem\",\"position\":5,\"name\":\"R\u00e9veil Num\u00e9rique avec Projection &#8211; Radio-R\u00e9veil avec Radio FM &#8211; R\u00e9veil au Plafond (HCG201)\"}]},{\"@type\":\"WebSite\",\"@id\":\"https:\/\/www.calibereurope.com\/fr\/#website\",\"url\":\"https:\/\/www.calibereurope.com\/fr\/\",\"name\":\"Caliber\",\"description\":\"Sounds good!\",\"publisher\":{\"@id\":\"https:\/\/www.calibereurope.com\/fr\/#organization\"},\"potentialAction\":[{\"@type\":\"SearchAction\",\"target\":{\"@type\":\"EntryPoint\",\"urlTemplate\":\"https:\/\/www.calibereurope.com\/fr\/?s={search_term_string}\"},\"query-input\":{\"@type\":\"PropertyValueSpecification\",\"valueRequired\":true,\"valueName\":\"search_term_string\"}}],\"inLanguage\":\"fr-FR\"},{\"@type\":\"Organization\",\"@id\":\"https:\/\/www.calibereurope.com\/fr\/#organization\",\"name\":\"Caliber Europe B.V.\",\"url\":\"https:\/\/www.calibereurope.com\/fr\/\",\"logo\":{\"@type\":\"ImageObject\",\"inLanguage\":\"fr-FR\",\"@id\":\"https:\/\/www.calibereurope.com\/fr\/#\/schema\/logo\/image\/\",\"url\":\"https:\/\/www.calibereurope.com\/wp-content\/uploads\/2019\/11\/Logo-Caliber-e1574846289621.png\",\"contentUrl\":\"https:\/\/www.calibereurope.com\/wp-content\/uploads\/2019\/11\/Logo-Caliber-e1574846289621.png\",\"width\":400,\"height\":69,\"caption\":\"Caliber Europe B.V.\"},\"image\":{\"@id\":\"https:\/\/www.calibereurope.com\/fr\/#\/schema\/logo\/image\/\"},\"sameAs\":[\"https:\/\/facebook.com\/CaliberEurope\/\",\"https:\/\/x.com\/calibereurope\",\"https:\/\/www.instagram.com\/calibereurope\/\"]}]}<\/script>\n<meta property=\"product:price:amount\" content=\"29.95\" \/>\n<meta property=\"product:price:currency\" content=\"EUR\" \/>\n<meta property=\"og:availability\" content=\"instock\" \/>\n<meta property=\"product:availability\" content=\"instock\" \/>\n<meta property=\"product:retailer_item_id\" content=\"HCG201\" \/>\n<meta property=\"product:condition\" content=\"new\" \/>\n<!-- \/ Yoast SEO plugin. -->","yoast_head_json":{"title":"R\u00e9veil Caliber avec Projection - R\u00e9veil Num\u00e9rique - R\u00e9veil pour Enfants - Projection au Plafond ou sur le Mur - Projection d'Horloge (HCG201) | Caliber","robots":{"index":"index","follow":"follow","max-snippet":"max-snippet:-1","max-image-preview":"max-image-preview:large","max-video-preview":"max-video-preview:-1"},"canonical":"https:\/\/www.calibereurope.com\/fr\/produit\/HCG201-fr_FR\/","og_locale":"fr_FR","og_type":"article","og_title":"R\u00e9veil Caliber avec Projection - R\u00e9veil Num\u00e9rique - R\u00e9veil pour Enfants - Projection au Plafond ou sur le Mur - Projection d'Horloge (HCG201) | Caliber","og_description":"10 stations FM pr\u00e9r\u00e9gl\u00e9esProjection \u00e0 180 degr\u00e9s sur le mur ou le plafondGrand \u00e9cran LED avec \u00e9clairage rougeDouble alarmeFonction \"snooze\"Minuterie de sommeilFonctionne sur secteur 230VAlimentation de secours par piles AAA","og_url":"https:\/\/www.calibereurope.com\/fr\/produit\/HCG201-fr_FR\/","og_site_name":"Caliber","article_publisher":"https:\/\/facebook.com\/CaliberEurope\/","article_modified_time":"2026-01-05T13:16:32+00:00","og_image":[{"width":1024,"height":768,"url":"https:\/\/www.calibereurope.com\/wp-content\/uploads\/2023\/02\/49511146cef368b17d681bca9297b4307bbcf9ae_HCG201_E-2.jpg","type":"image\/jpeg"}],"twitter_card":"summary_large_image","twitter_site":"@calibereurope","twitter_misc":{"Prix":"29,95","Availability":"In stock"},"schema":{"@context":"https:\/\/schema.org","@graph":[{"@type":"WebPage","@id":"https:\/\/www.calibereurope.com\/fr\/produit\/HCG201-fr_FR\/","url":"https:\/\/www.calibereurope.com\/fr\/produit\/HCG201-fr_FR\/","name":"R\u00e9veil Caliber avec Projection - R\u00e9veil Num\u00e9rique - R\u00e9veil pour Enfants - Projection au Plafond ou sur le Mur - Projection d'Horloge (HCG201) | Caliber","isPartOf":{"@id":"https:\/\/www.calibereurope.com\/fr\/#website"},"primaryImageOfPage":{"@id":"https:\/\/www.calibereurope.com\/fr\/produit\/HCG201-fr_FR\/#primaryimage"},"image":{"@id":"https:\/\/www.calibereurope.com\/fr\/produit\/HCG201-fr_FR\/#primaryimage"},"thumbnailUrl":"https:\/\/www.calibereurope.com\/wp-content\/uploads\/2026\/01\/5524f98f2c7bbfad1d67578e5e8f4bb5694b0704_HCG201_Projection_Right_Side_Amazon-2.jpg","datePublished":"2026-01-05T00:00:00+00:00","dateModified":"2026-01-05T13:16:32+00:00","breadcrumb":{"@id":"https:\/\/www.calibereurope.com\/fr\/produit\/HCG201-fr_FR\/#breadcrumb"},"inLanguage":"fr-FR","potentialAction":[{"@type":"ReadAction","target":["https:\/\/www.calibereurope.com\/fr\/produit\/HCG201-fr_FR\/"]}]},{"@type":"ImageObject","inLanguage":"fr-FR","@id":"https:\/\/www.calibereurope.com\/fr\/produit\/HCG201-fr_FR\/#primaryimage","url":"https:\/\/www.calibereurope.com\/wp-content\/uploads\/2026\/01\/5524f98f2c7bbfad1d67578e5e8f4bb5694b0704_HCG201_Projection_Right_Side_Amazon-2.jpg","contentUrl":"https:\/\/www.calibereurope.com\/wp-content\/uploads\/2026\/01\/5524f98f2c7bbfad1d67578e5e8f4bb5694b0704_HCG201_Projection_Right_Side_Amazon-2.jpg","width":2000,"height":2000},{"@type":"BreadcrumbList","@id":"https:\/\/www.calibereurope.com\/fr\/produit\/HCG201-fr_FR\/#breadcrumb","itemListElement":[{"@type":"ListItem","position":1,"name":"Home","item":"https:\/\/www.calibereurope.com\/fr\/"},{"@type":"ListItem","position":2,"name":"Boutique en ligne","item":"https:\/\/www.calibereurope.com\/fr\/boutique-en-ligne\/"},{"@type":"ListItem","position":3,"name":"Vivre","item":"https:\/\/www.calibereurope.com\/fr\/wonen_fr_FR\/"},{"@type":"ListItem","position":4,"name":"R\u00e9veil (radios)","item":"https:\/\/www.calibereurope.com\/fr\/wonen_fr_FR\/wekker_radios_fr_FR\/"},{"@type":"ListItem","position":5,"name":"R\u00e9veil Num\u00e9rique avec Projection &#8211; Radio-R\u00e9veil avec Radio FM &#8211; R\u00e9veil au Plafond (HCG201)"}]},{"@type":"WebSite","@id":"https:\/\/www.calibereurope.com\/fr\/#website","url":"https:\/\/www.calibereurope.com\/fr\/","name":"Caliber","description":"Sounds good!","publisher":{"@id":"https:\/\/www.calibereurope.com\/fr\/#organization"},"potentialAction":[{"@type":"SearchAction","target":{"@type":"EntryPoint","urlTemplate":"https:\/\/www.calibereurope.com\/fr\/?s={search_term_string}"},"query-input":{"@type":"PropertyValueSpecification","valueRequired":true,"valueName":"search_term_string"}}],"inLanguage":"fr-FR"},{"@type":"Organization","@id":"https:\/\/www.calibereurope.com\/fr\/#organization","name":"Caliber Europe B.V.","url":"https:\/\/www.calibereurope.com\/fr\/","logo":{"@type":"ImageObject","inLanguage":"fr-FR","@id":"https:\/\/www.calibereurope.com\/fr\/#\/schema\/logo\/image\/","url":"https:\/\/www.calibereurope.com\/wp-content\/uploads\/2019\/11\/Logo-Caliber-e1574846289621.png","contentUrl":"https:\/\/www.calibereurope.com\/wp-content\/uploads\/2019\/11\/Logo-Caliber-e1574846289621.png","width":400,"height":69,"caption":"Caliber Europe B.V."},"image":{"@id":"https:\/\/www.calibereurope.com\/fr\/#\/schema\/logo\/image\/"},"sameAs":["https:\/\/facebook.com\/CaliberEurope\/","https:\/\/x.com\/calibereurope","https:\/\/www.instagram.com\/calibereurope\/"]}]},"product_price_amount":"29.95","product_price_currency":"EUR","og_availability":"instock","product_availability":"instock","product_retailer_item_id":"HCG201","product_condition":"new"},"_links":{"self":[{"href":"https:\/\/www.calibereurope.com\/fr\/wp-json\/wp\/v2\/product\/70113","targetHints":{"allow":["GET"]}}],"collection":[{"href":"https:\/\/www.calibereurope.com\/fr\/wp-json\/wp\/v2\/product"}],"about":[{"href":"https:\/\/www.calibereurope.com\/fr\/wp-json\/wp\/v2\/types\/product"}],"replies":[{"embeddable":true,"href":"https:\/\/www.calibereurope.com\/fr\/wp-json\/wp\/v2\/comments?post=70113"}],"wp:featuredmedia":[{"embeddable":true,"href":"https:\/\/www.calibereurope.com\/fr\/wp-json\/wp\/v2\/media\/1683652"}],"wp:attachment":[{"href":"https:\/\/www.calibereurope.com\/fr\/wp-json\/wp\/v2\/media?parent=70113"}],"wp:term":[{"taxonomy":"product_brand","embeddable":true,"href":"https:\/\/www.calibereurope.com\/fr\/wp-json\/wp\/v2\/product_brand?post=70113"},{"taxonomy":"product_cat","embeddable":true,"href":"https:\/\/www.calibereurope.com\/fr\/wp-json\/wp\/v2\/product_cat?post=70113"},{"taxonomy":"product_tag","embeddable":true,"href":"https:\/\/www.calibereurope.com\/fr\/wp-json\/wp\/v2\/product_tag?post=70113"}],"curies":[{"name":"wp","href":"https:\/\/api.w.org\/{rel}","templated":true}]}}