{"id":70293,"date":"2023-02-14T01:00:00","date_gmt":"2022-11-11T00:00:00","guid":{"rendered":""},"modified":"2023-10-04T08:53:01","modified_gmt":"2023-10-04T06:53:01","slug":"HCG101-fr_FR","status":"publish","type":"product","link":"https:\/\/www.calibereurope.com\/fr\/produit\/HCG101-fr_FR\/","title":{"rendered":"Radio-r\u00e9veil avec FM, double alarme et lumi\u00e8re de r\u00e9veil &#8211; Noir (HCG101)"},"content":{"rendered":"<p>Avec le Caliber HCG101 sur votre table de chevet, vous vous r\u00e9veillerez \u00e0 l&#39;heure et vous serez repos\u00e9. Il vous suffit de r\u00e9gler 2 alarmes sur ce r\u00e9veil ; 1 pour vous et 1 pour votre partenaire. Le HCG101 vous r\u00e9veille avec un buzzer ou avec les tubes du moment gr\u00e2ce au tuner FM. La fonction de r\u00e9veil lumineux vous permet de vous r\u00e9veiller de fa\u00e7on tr\u00e8s d\u00e9tendue. Il n&#39;est pas possible de d\u00e9clencher une alarme sans la fonction de r\u00e9veil lumineux. Cette lampe peut \u00e9galement \u00eatre utilis\u00e9e comme veilleuse lorsque vous devez vous lever la nuit. Pendant que vous vous chargez pour une nouvelle journ\u00e9e, vous rechargez \u00e9galement la batterie de votre t\u00e9l\u00e9phone en le connectant au r\u00e9veil. Et avec une pile 9V (6LR61) dans le r\u00e9veil, vos r\u00e9glages d&#39;alarme sont sauvegard\u00e9s en cas de panne de courant. Cette batterie n&#39;est pas incluse.<\/p>\n","protected":false},"excerpt":{"rendered":"<p>Avec le Caliber HCG101 sur votre table de chevet, vous vous r\u00e9veillerez \u00e0 l&#39;heure et vous serez repos\u00e9. Il vous suffit de r\u00e9gler 2 alarmes sur ce r\u00e9veil ; 1 pour vous et 1 pour votre partenaire. Le HCG101 vous r\u00e9veille avec un buzzer ou avec les tubes du moment gr\u00e2ce au tuner FM. La [&hellip;]<\/p>\n","protected":false},"featured_media":1453395,"comment_status":"open","ping_status":"closed","template":"","meta":{"inline_featured_image":false},"product_brand":[],"product_cat":[7902,7884],"product_tag":[],"class_list":{"0":"post-70293","1":"product","2":"type-product","3":"status-publish","4":"has-post-thumbnail","6":"product_cat-wekker_radios_fr_FR","7":"product_cat-wonen_fr_FR","9":"first","10":"outofstock","11":"taxable","12":"shipping-taxable","13":"purchasable","14":"product-type-simple"},"yoast_head":"<!-- This site is optimized with the Yoast SEO plugin v24.4 - https:\/\/yoast.com\/wordpress\/plugins\/seo\/ -->\n<title>Radio-r\u00e9veil avec FM, double alarme et lumi\u00e8re de r\u00e9veil - Noir (HCG101) | Caliber<\/title>\n<meta name=\"robots\" content=\"index, follow, max-snippet:-1, max-image-preview:large, max-video-preview:-1\" \/>\n<link rel=\"canonical\" href=\"https:\/\/www.calibereurope.com\/fr\/produit\/HCG101-fr_FR\/\" \/>\n<meta property=\"og:locale\" content=\"fr_FR\" \/>\n<meta property=\"og:type\" content=\"article\" \/>\n<meta property=\"og:title\" content=\"Radio-r\u00e9veil avec FM, double alarme et lumi\u00e8re de r\u00e9veil - Noir (HCG101) | Caliber\" \/>\n<meta property=\"og:description\" content=\"Avec le Caliber HCG101 sur votre table de chevet, vous vous r\u00e9veillerez \u00e0 l&#039;heure et vous serez repos\u00e9. Il vous suffit de r\u00e9gler 2 alarmes sur ce r\u00e9veil ; 1 pour vous et 1 pour votre partenaire. Le HCG101 vous r\u00e9veille avec un buzzer ou avec les tubes du moment gr\u00e2ce au tuner FM. La [&hellip;]\" \/>\n<meta property=\"og:url\" content=\"https:\/\/www.calibereurope.com\/fr\/produit\/HCG101-fr_FR\/\" \/>\n<meta property=\"og:site_name\" content=\"Caliber\" \/>\n<meta property=\"article:publisher\" content=\"https:\/\/facebook.com\/CaliberEurope\/\" \/>\n<meta property=\"article:modified_time\" content=\"2023-10-04T06:53:01+00:00\" \/>\n<meta property=\"og:image\" content=\"https:\/\/www.calibereurope.com\/wp-content\/uploads\/2022\/11\/1c0bfef5f45acbf3bac3d8fdb2a849b53f17350e_HCG101_front-2.jpg\" \/>\n\t<meta property=\"og:image:width\" content=\"1024\" \/>\n\t<meta property=\"og:image:height\" content=\"768\" \/>\n\t<meta property=\"og:image:type\" content=\"image\/jpeg\" \/>\n<meta name=\"twitter:card\" content=\"summary_large_image\" \/>\n<meta name=\"twitter:site\" content=\"@calibereurope\" \/>\n<meta name=\"twitter:label1\" content=\"Prix\" \/>\n\t<meta name=\"twitter:data1\" content=\"29,95\" \/>\n\t<meta name=\"twitter:label2\" content=\"Availability\" \/>\n\t<meta name=\"twitter:data2\" content=\"Out of stock\" \/>\n<script type=\"application\/ld+json\" class=\"yoast-schema-graph\">{\"@context\":\"https:\/\/schema.org\",\"@graph\":[{\"@type\":\"WebPage\",\"@id\":\"https:\/\/www.calibereurope.com\/fr\/produit\/HCG101-fr_FR\/\",\"url\":\"https:\/\/www.calibereurope.com\/fr\/produit\/HCG101-fr_FR\/\",\"name\":\"Radio-r\u00e9veil avec FM, double alarme et lumi\u00e8re de r\u00e9veil - Noir (HCG101) | Caliber\",\"isPartOf\":{\"@id\":\"https:\/\/www.calibereurope.com\/fr\/#website\"},\"primaryImageOfPage\":{\"@id\":\"https:\/\/www.calibereurope.com\/fr\/produit\/HCG101-fr_FR\/#primaryimage\"},\"image\":{\"@id\":\"https:\/\/www.calibereurope.com\/fr\/produit\/HCG101-fr_FR\/#primaryimage\"},\"thumbnailUrl\":\"https:\/\/www.calibereurope.com\/wp-content\/uploads\/2023\/02\/1c0bfef5f45acbf3bac3d8fdb2a849b53f17350e_HCG101_front-6.jpg\",\"datePublished\":\"2022-11-11T00:00:00+00:00\",\"dateModified\":\"2023-10-04T06:53:01+00:00\",\"breadcrumb\":{\"@id\":\"https:\/\/www.calibereurope.com\/fr\/produit\/HCG101-fr_FR\/#breadcrumb\"},\"inLanguage\":\"fr-FR\",\"potentialAction\":[{\"@type\":\"ReadAction\",\"target\":[\"https:\/\/www.calibereurope.com\/fr\/produit\/HCG101-fr_FR\/\"]}]},{\"@type\":\"ImageObject\",\"inLanguage\":\"fr-FR\",\"@id\":\"https:\/\/www.calibereurope.com\/fr\/produit\/HCG101-fr_FR\/#primaryimage\",\"url\":\"https:\/\/www.calibereurope.com\/wp-content\/uploads\/2023\/02\/1c0bfef5f45acbf3bac3d8fdb2a849b53f17350e_HCG101_front-6.jpg\",\"contentUrl\":\"https:\/\/www.calibereurope.com\/wp-content\/uploads\/2023\/02\/1c0bfef5f45acbf3bac3d8fdb2a849b53f17350e_HCG101_front-6.jpg\",\"width\":1024,\"height\":768},{\"@type\":\"BreadcrumbList\",\"@id\":\"https:\/\/www.calibereurope.com\/fr\/produit\/HCG101-fr_FR\/#breadcrumb\",\"itemListElement\":[{\"@type\":\"ListItem\",\"position\":1,\"name\":\"Home\",\"item\":\"https:\/\/www.calibereurope.com\/fr\/\"},{\"@type\":\"ListItem\",\"position\":2,\"name\":\"Boutique en ligne\",\"item\":\"https:\/\/www.calibereurope.com\/fr\/boutique-en-ligne\/\"},{\"@type\":\"ListItem\",\"position\":3,\"name\":\"Vivre\",\"item\":\"https:\/\/www.calibereurope.com\/fr\/wonen_fr_FR\/\"},{\"@type\":\"ListItem\",\"position\":4,\"name\":\"R\u00e9veil (radios)\",\"item\":\"https:\/\/www.calibereurope.com\/fr\/wonen_fr_FR\/wekker_radios_fr_FR\/\"},{\"@type\":\"ListItem\",\"position\":5,\"name\":\"Radio-r\u00e9veil avec FM, double alarme et lumi\u00e8re de r\u00e9veil &#8211; Noir (HCG101)\"}]},{\"@type\":\"WebSite\",\"@id\":\"https:\/\/www.calibereurope.com\/fr\/#website\",\"url\":\"https:\/\/www.calibereurope.com\/fr\/\",\"name\":\"Caliber\",\"description\":\"Sounds good!\",\"publisher\":{\"@id\":\"https:\/\/www.calibereurope.com\/fr\/#organization\"},\"potentialAction\":[{\"@type\":\"SearchAction\",\"target\":{\"@type\":\"EntryPoint\",\"urlTemplate\":\"https:\/\/www.calibereurope.com\/fr\/?s={search_term_string}\"},\"query-input\":{\"@type\":\"PropertyValueSpecification\",\"valueRequired\":true,\"valueName\":\"search_term_string\"}}],\"inLanguage\":\"fr-FR\"},{\"@type\":\"Organization\",\"@id\":\"https:\/\/www.calibereurope.com\/fr\/#organization\",\"name\":\"Caliber Europe B.V.\",\"url\":\"https:\/\/www.calibereurope.com\/fr\/\",\"logo\":{\"@type\":\"ImageObject\",\"inLanguage\":\"fr-FR\",\"@id\":\"https:\/\/www.calibereurope.com\/fr\/#\/schema\/logo\/image\/\",\"url\":\"https:\/\/www.calibereurope.com\/wp-content\/uploads\/2019\/11\/Logo-Caliber-e1574846289621.png\",\"contentUrl\":\"https:\/\/www.calibereurope.com\/wp-content\/uploads\/2019\/11\/Logo-Caliber-e1574846289621.png\",\"width\":400,\"height\":69,\"caption\":\"Caliber Europe B.V.\"},\"image\":{\"@id\":\"https:\/\/www.calibereurope.com\/fr\/#\/schema\/logo\/image\/\"},\"sameAs\":[\"https:\/\/facebook.com\/CaliberEurope\/\",\"https:\/\/x.com\/calibereurope\",\"https:\/\/www.instagram.com\/calibereurope\/\"]}]}<\/script>\n<meta property=\"product:price:amount\" content=\"29.95\" \/>\n<meta property=\"product:price:currency\" content=\"EUR\" \/>\n<meta property=\"og:availability\" content=\"out of stock\" \/>\n<meta property=\"product:availability\" content=\"out of stock\" \/>\n<meta property=\"product:retailer_item_id\" content=\"HCG101\" \/>\n<meta property=\"product:condition\" content=\"new\" \/>\n<!-- \/ Yoast SEO plugin. -->","yoast_head_json":{"title":"Radio-r\u00e9veil avec FM, double alarme et lumi\u00e8re de r\u00e9veil - Noir (HCG101) | Caliber","robots":{"index":"index","follow":"follow","max-snippet":"max-snippet:-1","max-image-preview":"max-image-preview:large","max-video-preview":"max-video-preview:-1"},"canonical":"https:\/\/www.calibereurope.com\/fr\/produit\/HCG101-fr_FR\/","og_locale":"fr_FR","og_type":"article","og_title":"Radio-r\u00e9veil avec FM, double alarme et lumi\u00e8re de r\u00e9veil - Noir (HCG101) | Caliber","og_description":"Avec le Caliber HCG101 sur votre table de chevet, vous vous r\u00e9veillerez \u00e0 l&#39;heure et vous serez repos\u00e9. Il vous suffit de r\u00e9gler 2 alarmes sur ce r\u00e9veil ; 1 pour vous et 1 pour votre partenaire. Le HCG101 vous r\u00e9veille avec un buzzer ou avec les tubes du moment gr\u00e2ce au tuner FM. La [&hellip;]","og_url":"https:\/\/www.calibereurope.com\/fr\/produit\/HCG101-fr_FR\/","og_site_name":"Caliber","article_publisher":"https:\/\/facebook.com\/CaliberEurope\/","article_modified_time":"2023-10-04T06:53:01+00:00","og_image":[{"width":1024,"height":768,"url":"https:\/\/www.calibereurope.com\/wp-content\/uploads\/2022\/11\/1c0bfef5f45acbf3bac3d8fdb2a849b53f17350e_HCG101_front-2.jpg","type":"image\/jpeg"}],"twitter_card":"summary_large_image","twitter_site":"@calibereurope","twitter_misc":{"Prix":"29,95","Availability":"Out of stock"},"schema":{"@context":"https:\/\/schema.org","@graph":[{"@type":"WebPage","@id":"https:\/\/www.calibereurope.com\/fr\/produit\/HCG101-fr_FR\/","url":"https:\/\/www.calibereurope.com\/fr\/produit\/HCG101-fr_FR\/","name":"Radio-r\u00e9veil avec FM, double alarme et lumi\u00e8re de r\u00e9veil - Noir (HCG101) | Caliber","isPartOf":{"@id":"https:\/\/www.calibereurope.com\/fr\/#website"},"primaryImageOfPage":{"@id":"https:\/\/www.calibereurope.com\/fr\/produit\/HCG101-fr_FR\/#primaryimage"},"image":{"@id":"https:\/\/www.calibereurope.com\/fr\/produit\/HCG101-fr_FR\/#primaryimage"},"thumbnailUrl":"https:\/\/www.calibereurope.com\/wp-content\/uploads\/2023\/02\/1c0bfef5f45acbf3bac3d8fdb2a849b53f17350e_HCG101_front-6.jpg","datePublished":"2022-11-11T00:00:00+00:00","dateModified":"2023-10-04T06:53:01+00:00","breadcrumb":{"@id":"https:\/\/www.calibereurope.com\/fr\/produit\/HCG101-fr_FR\/#breadcrumb"},"inLanguage":"fr-FR","potentialAction":[{"@type":"ReadAction","target":["https:\/\/www.calibereurope.com\/fr\/produit\/HCG101-fr_FR\/"]}]},{"@type":"ImageObject","inLanguage":"fr-FR","@id":"https:\/\/www.calibereurope.com\/fr\/produit\/HCG101-fr_FR\/#primaryimage","url":"https:\/\/www.calibereurope.com\/wp-content\/uploads\/2023\/02\/1c0bfef5f45acbf3bac3d8fdb2a849b53f17350e_HCG101_front-6.jpg","contentUrl":"https:\/\/www.calibereurope.com\/wp-content\/uploads\/2023\/02\/1c0bfef5f45acbf3bac3d8fdb2a849b53f17350e_HCG101_front-6.jpg","width":1024,"height":768},{"@type":"BreadcrumbList","@id":"https:\/\/www.calibereurope.com\/fr\/produit\/HCG101-fr_FR\/#breadcrumb","itemListElement":[{"@type":"ListItem","position":1,"name":"Home","item":"https:\/\/www.calibereurope.com\/fr\/"},{"@type":"ListItem","position":2,"name":"Boutique en ligne","item":"https:\/\/www.calibereurope.com\/fr\/boutique-en-ligne\/"},{"@type":"ListItem","position":3,"name":"Vivre","item":"https:\/\/www.calibereurope.com\/fr\/wonen_fr_FR\/"},{"@type":"ListItem","position":4,"name":"R\u00e9veil (radios)","item":"https:\/\/www.calibereurope.com\/fr\/wonen_fr_FR\/wekker_radios_fr_FR\/"},{"@type":"ListItem","position":5,"name":"Radio-r\u00e9veil avec FM, double alarme et lumi\u00e8re de r\u00e9veil &#8211; Noir (HCG101)"}]},{"@type":"WebSite","@id":"https:\/\/www.calibereurope.com\/fr\/#website","url":"https:\/\/www.calibereurope.com\/fr\/","name":"Caliber","description":"Sounds good!","publisher":{"@id":"https:\/\/www.calibereurope.com\/fr\/#organization"},"potentialAction":[{"@type":"SearchAction","target":{"@type":"EntryPoint","urlTemplate":"https:\/\/www.calibereurope.com\/fr\/?s={search_term_string}"},"query-input":{"@type":"PropertyValueSpecification","valueRequired":true,"valueName":"search_term_string"}}],"inLanguage":"fr-FR"},{"@type":"Organization","@id":"https:\/\/www.calibereurope.com\/fr\/#organization","name":"Caliber Europe B.V.","url":"https:\/\/www.calibereurope.com\/fr\/","logo":{"@type":"ImageObject","inLanguage":"fr-FR","@id":"https:\/\/www.calibereurope.com\/fr\/#\/schema\/logo\/image\/","url":"https:\/\/www.calibereurope.com\/wp-content\/uploads\/2019\/11\/Logo-Caliber-e1574846289621.png","contentUrl":"https:\/\/www.calibereurope.com\/wp-content\/uploads\/2019\/11\/Logo-Caliber-e1574846289621.png","width":400,"height":69,"caption":"Caliber Europe B.V."},"image":{"@id":"https:\/\/www.calibereurope.com\/fr\/#\/schema\/logo\/image\/"},"sameAs":["https:\/\/facebook.com\/CaliberEurope\/","https:\/\/x.com\/calibereurope","https:\/\/www.instagram.com\/calibereurope\/"]}]},"product_price_amount":"29.95","product_price_currency":"EUR","og_availability":"out of stock","product_availability":"out of stock","product_retailer_item_id":"HCG101","product_condition":"new"},"_links":{"self":[{"href":"https:\/\/www.calibereurope.com\/fr\/wp-json\/wp\/v2\/product\/70293","targetHints":{"allow":["GET"]}}],"collection":[{"href":"https:\/\/www.calibereurope.com\/fr\/wp-json\/wp\/v2\/product"}],"about":[{"href":"https:\/\/www.calibereurope.com\/fr\/wp-json\/wp\/v2\/types\/product"}],"replies":[{"embeddable":true,"href":"https:\/\/www.calibereurope.com\/fr\/wp-json\/wp\/v2\/comments?post=70293"}],"wp:featuredmedia":[{"embeddable":true,"href":"https:\/\/www.calibereurope.com\/fr\/wp-json\/wp\/v2\/media\/1453395"}],"wp:attachment":[{"href":"https:\/\/www.calibereurope.com\/fr\/wp-json\/wp\/v2\/media?parent=70293"}],"wp:term":[{"taxonomy":"product_brand","embeddable":true,"href":"https:\/\/www.calibereurope.com\/fr\/wp-json\/wp\/v2\/product_brand?post=70293"},{"taxonomy":"product_cat","embeddable":true,"href":"https:\/\/www.calibereurope.com\/fr\/wp-json\/wp\/v2\/product_cat?post=70293"},{"taxonomy":"product_tag","embeddable":true,"href":"https:\/\/www.calibereurope.com\/fr\/wp-json\/wp\/v2\/product_tag?post=70293"}],"curies":[{"name":"wp","href":"https:\/\/api.w.org\/{rel}","templated":true}]}}