{"id":70343,"date":"2026-01-05T01:00:00","date_gmt":"2026-01-05T00:00:00","guid":{"rendered":"0"},"modified":"2026-01-05T14:28:49","modified_gmt":"2026-01-05T13:28:49","slug":"CAM701-fr_FR","status":"publish","type":"product","link":"https:\/\/www.calibereurope.com\/fr\/produit\/CAM701-fr_FR\/","title":{"rendered":"Cam\u00e9ra de Recul Sans Fil pour Voiture et Camping-Car &#8211; 7 pouces &#8211; \u00c9tanche \u2013 Distance de transmission jusqu\u2019\u00e0 50m Sans Fil (CAM701)"},"content":{"rendered":"<p> Gardez un \u0153il sur chaque recoin de votre voiture, camping-car ou camion avec la cam\u00e9ra de recul sans fil Caliber CAM701. Sur l&#39; <strong> \u00e9cran couleur de 7 pouces <\/strong> vous pouvez voir en d\u00e9tail ce qui se passe autour de vous. Les <strong>800 x 480 pixels<\/strong> garantissent des images d&#39;une grande nettet\u00e9. Gr\u00e2ce, <strong> \u00e0 l&#39;option d&#39;\u00e9cran partag\u00e9 <\/strong> vous pouvez voir plusieurs images simultan\u00e9ment lorsqu&#39;une <strong> deuxi\u00e8me cam\u00e9ra <\/strong> est connect\u00e9e. Avec <strong> support pour tableau de bord <\/strong> le vous pouvez facilement placer la cam\u00e9ra sans fil o\u00f9 vous voulez dans votre voiture. La cam\u00e9ra est<strong> \u00e9tanche \u00e0 l&#39;eau et aux intemp\u00e9ries <\/strong>, ce qui vous permet de l&#39;utiliser dans d&#39;autres endroits \u00e9galement. <\/p>\n<p> <strong> Caract\u00e9ristiques : <\/strong> <\/p>\n<ul>\n<li> \u00e9cran couleur de 7 pouces avec cam\u00e9ra de recul <\/li>\n<li> \u00c9cran de r\u00e9solution : 800 x 480 <\/li>\n<li> Option \u00e9cran partag\u00e9 <\/li>\n<li> Prise 12 \/ 24 V pour voiture\/camion <\/li>\n<li> R\u00e9cepteur num\u00e9rique sans fil (2,4 GHz) <\/li>\n<li> Extensible avec une deuxi\u00e8me cam\u00e9ra <\/li>\n<li> Avec support pour tableau de bord <\/li>\n<li> Connexion sans fil jusqu&#39;\u00e0 50 m <\/li>\n<li> R\u00e9sistant \u00e0 l&#39;eau et aux intemp\u00e9ries <\/li>\n<li> Autofocus et balance des blancs <\/li>\n<\/ul>\n<h3> Cam\u00e9ra de recul pour utilisation sans fil <\/h3>\n<p> La cam\u00e9ra de recul peut \u00eatre utilis\u00e9e sans fil. La cam\u00e9ra se connecte sans fil \u00e0 l&#39;\u00e9cran. Gr\u00e2ce \u00e0 une connexion de 2,4 GHz, les images sont transmises en toute s\u00e9curit\u00e9 de la cam\u00e9ra \u00e0 l&#39;\u00e9cran. En effet, la cam\u00e9ra a une port\u00e9e de pas moins de 50 m\u00e8tres. Cela \u00e9vite un enchev\u00eatrement de cordons dans votre voiture. Il suffit d&#39;alimenter l&#39;\u00e9cran avec une tension de 12~24 V, via l&#39;allume-cigare, par exemple. Cela rend \u00e9galement l&#39;ensemble tr\u00e8s facile \u00e0 installer. <\/p>\n<h3> Garez-vous en toute s\u00e9curit\u00e9, partout et \u00e0 tout moment gr\u00e2ce \u00e0 cette cam\u00e9ra de recul <\/h3>\n<p> Vous cherchez r\u00e9guli\u00e8rement une place de parking qui ne soit pas trop \u00e9troite ? Avec cette cam\u00e9ra de recul sans fil tr\u00e8s pratique, m\u00eame se garer dans les endroits les plus \u00e9troits ne sera plus un probl\u00e8me ! Avec ses 800 x 480 pixels, la cam\u00e9ra fournit toujours une image nette. Sur l&#39;\u00e9cran couleur de 7 pouces, vous pouvez voir les moindres d\u00e9tails. En outre, vous pouvez connecter une deuxi\u00e8me cam\u00e9ra pour obtenir une vue encore meilleure. Gr\u00e2ce \u00e0 la fonction d&#39;\u00e9cran partag\u00e9, vous pouvez visualiser les images des deux cam\u00e9ras en m\u00eame temps. <\/p>\n<h3>Cam\u00e9ra de recul qui fonctionne quelles que soient les conditions m\u00e9t\u00e9orologiques <\/h3>\n<p> La cam\u00e9ra est dot\u00e9e d&#39;un bo\u00eetier solide. Il est r\u00e9sistant aux intemp\u00e9ries et \u00e0 l&#39;eau, ce qui vous permet de garer votre voiture en toute s\u00e9curit\u00e9 m\u00eame par mauvais temps. L&#39;autofocus et la balance des blancs vous permettent d&#39;obtenir de bonnes images m\u00eame par mauvais temps. <\/p>\n<p> <strong><br \/>Inclus :<\/strong> <\/p>\n<ul>\n<li> Cam\u00e9ra de recul sans fil Caliber CAM701 <\/li>\n<li> \u00c9cran<\/li>\n<li> Bras r\u00e9glable <\/li>\n<li>Raccourci \u00e9cran <\/li>\n<li> Sangles de fixation pour le placement, par exemple, sur le pare-soleil int\u00e9rieur<\/li>\n<\/ul>\n","protected":false},"excerpt":{"rendered":"<ul>\n<li>\u00e9cran couleur de 7 pouces avec cam\u00e9ra de recul<\/li>\n<li>\u00c9cran de r\u00e9solution : 800 x 480<\/li>\n<li>Option \u00e9cran partag\u00e9<\/li>\n<li>Prise 12 \/ 24 V pour voiture\/camion<\/li>\n<li>R\u00e9cepteur num\u00e9rique sans fil (2,4 GHz)<\/li>\n<li>Extensible avec une deuxi\u00e8me cam\u00e9ra<\/li>\n<li>Avec support pour tableau de bord<\/li>\n<li>Connexion sans fil jusqu&#8217;\u00e0 50 m<\/li>\n<li>R\u00e9sistant \u00e0 l&#8217;eau et aux intemp\u00e9ries<\/li>\n<li>Autofocus et balance des blancs<\/li>\n<\/ul>\n","protected":false},"featured_media":1684826,"comment_status":"open","ping_status":"closed","template":"","meta":{"inline_featured_image":false},"product_brand":[],"product_cat":[7824,7815],"product_tag":[],"class_list":{"0":"post-70343","1":"product","2":"type-product","3":"status-publish","4":"has-post-thumbnail","6":"product_cat-achteruitrijcameras_fr_FR","7":"product_cat-beeld_fr_FR","9":"first","10":"instock","11":"taxable","12":"shipping-taxable","13":"purchasable","14":"product-type-simple"},"yoast_head":"<!-- This site is optimized with the Yoast SEO plugin v24.4 - https:\/\/yoast.com\/wordpress\/plugins\/seo\/ -->\n<title>Cam\u00e9ra de Recul Sans Fil pour Voiture et Camping-Car - 7 pouces - \u00c9tanche \u2013 Distance de transmission jusqu\u2019\u00e0 50m Sans Fil (CAM701) | Caliber<\/title>\n<meta name=\"robots\" content=\"index, follow, max-snippet:-1, max-image-preview:large, max-video-preview:-1\" \/>\n<link rel=\"canonical\" href=\"https:\/\/www.calibereurope.com\/fr\/produit\/CAM701-fr_FR\/\" \/>\n<meta property=\"og:locale\" content=\"fr_FR\" \/>\n<meta property=\"og:type\" content=\"article\" \/>\n<meta property=\"og:title\" content=\"Cam\u00e9ra de Recul Sans Fil pour Voiture et Camping-Car - 7 pouces - \u00c9tanche \u2013 Distance de transmission jusqu\u2019\u00e0 50m Sans Fil (CAM701) | Caliber\" \/>\n<meta property=\"og:description\" content=\"\u00e9cran couleur de 7 pouces avec cam\u00e9ra de recul\u00c9cran de r\u00e9solution : 800 x 480Option \u00e9cran partag\u00e9Prise 12 \/ 24 V pour voiture\/camionR\u00e9cepteur num\u00e9rique sans fil (2,4 GHz)Extensible avec une deuxi\u00e8me cam\u00e9raAvec support pour tableau de bordConnexion sans fil jusqu&#039;\u00e0 50 mR\u00e9sistant \u00e0 l&#039;eau et aux intemp\u00e9riesAutofocus et balance des blancs\" \/>\n<meta property=\"og:url\" content=\"https:\/\/www.calibereurope.com\/fr\/produit\/CAM701-fr_FR\/\" \/>\n<meta property=\"og:site_name\" content=\"Caliber\" \/>\n<meta property=\"article:publisher\" content=\"https:\/\/facebook.com\/CaliberEurope\/\" \/>\n<meta property=\"article:modified_time\" content=\"2026-01-05T13:28:49+00:00\" \/>\n<meta property=\"og:image\" content=\"https:\/\/www.calibereurope.com\/wp-content\/uploads\/2023\/01\/8a618a11fcfeb065812e270cb0521e3989486dd5_CAM701_set-4.jpg\" \/>\n\t<meta property=\"og:image:width\" content=\"640\" \/>\n\t<meta property=\"og:image:height\" content=\"480\" \/>\n\t<meta property=\"og:image:type\" content=\"image\/jpeg\" \/>\n<meta name=\"twitter:card\" content=\"summary_large_image\" \/>\n<meta name=\"twitter:site\" content=\"@calibereurope\" \/>\n<meta name=\"twitter:label1\" content=\"Prix\" \/>\n\t<meta name=\"twitter:data1\" content=\"229,00\" \/>\n\t<meta name=\"twitter:label2\" content=\"Availability\" \/>\n\t<meta name=\"twitter:data2\" content=\"In stock\" \/>\n<script type=\"application\/ld+json\" class=\"yoast-schema-graph\">{\"@context\":\"https:\/\/schema.org\",\"@graph\":[{\"@type\":\"WebPage\",\"@id\":\"https:\/\/www.calibereurope.com\/fr\/produit\/CAM701-fr_FR\/\",\"url\":\"https:\/\/www.calibereurope.com\/fr\/produit\/CAM701-fr_FR\/\",\"name\":\"Cam\u00e9ra de Recul Sans Fil pour Voiture et Camping-Car - 7 pouces - \u00c9tanche \u2013 Distance de transmission jusqu\u2019\u00e0 50m Sans Fil (CAM701) | Caliber\",\"isPartOf\":{\"@id\":\"https:\/\/www.calibereurope.com\/fr\/#website\"},\"primaryImageOfPage\":{\"@id\":\"https:\/\/www.calibereurope.com\/fr\/produit\/CAM701-fr_FR\/#primaryimage\"},\"image\":{\"@id\":\"https:\/\/www.calibereurope.com\/fr\/produit\/CAM701-fr_FR\/#primaryimage\"},\"thumbnailUrl\":\"https:\/\/www.calibereurope.com\/wp-content\/uploads\/2026\/01\/8a618a11fcfeb065812e270cb0521e3989486dd5_CAM701_set.jpg\",\"datePublished\":\"2026-01-05T00:00:00+00:00\",\"dateModified\":\"2026-01-05T13:28:49+00:00\",\"breadcrumb\":{\"@id\":\"https:\/\/www.calibereurope.com\/fr\/produit\/CAM701-fr_FR\/#breadcrumb\"},\"inLanguage\":\"fr-FR\",\"potentialAction\":[{\"@type\":\"ReadAction\",\"target\":[\"https:\/\/www.calibereurope.com\/fr\/produit\/CAM701-fr_FR\/\"]}]},{\"@type\":\"ImageObject\",\"inLanguage\":\"fr-FR\",\"@id\":\"https:\/\/www.calibereurope.com\/fr\/produit\/CAM701-fr_FR\/#primaryimage\",\"url\":\"https:\/\/www.calibereurope.com\/wp-content\/uploads\/2026\/01\/8a618a11fcfeb065812e270cb0521e3989486dd5_CAM701_set.jpg\",\"contentUrl\":\"https:\/\/www.calibereurope.com\/wp-content\/uploads\/2026\/01\/8a618a11fcfeb065812e270cb0521e3989486dd5_CAM701_set.jpg\",\"width\":640,\"height\":480},{\"@type\":\"BreadcrumbList\",\"@id\":\"https:\/\/www.calibereurope.com\/fr\/produit\/CAM701-fr_FR\/#breadcrumb\",\"itemListElement\":[{\"@type\":\"ListItem\",\"position\":1,\"name\":\"Home\",\"item\":\"https:\/\/www.calibereurope.com\/fr\/\"},{\"@type\":\"ListItem\",\"position\":2,\"name\":\"Boutique en ligne\",\"item\":\"https:\/\/www.calibereurope.com\/fr\/boutique-en-ligne\/\"},{\"@type\":\"ListItem\",\"position\":3,\"name\":\"Image\",\"item\":\"https:\/\/www.calibereurope.com\/fr\/beeld_fr_FR\/\"},{\"@type\":\"ListItem\",\"position\":4,\"name\":\"Cam\u00e9ras de recul\",\"item\":\"https:\/\/www.calibereurope.com\/fr\/beeld_fr_FR\/achteruitrijcameras_fr_FR\/\"},{\"@type\":\"ListItem\",\"position\":5,\"name\":\"Cam\u00e9ra de Recul Sans Fil pour Voiture et Camping-Car &#8211; 7 pouces &#8211; \u00c9tanche \u2013 Distance de transmission jusqu\u2019\u00e0 50m Sans Fil (CAM701)\"}]},{\"@type\":\"WebSite\",\"@id\":\"https:\/\/www.calibereurope.com\/fr\/#website\",\"url\":\"https:\/\/www.calibereurope.com\/fr\/\",\"name\":\"Caliber\",\"description\":\"Sounds good!\",\"publisher\":{\"@id\":\"https:\/\/www.calibereurope.com\/fr\/#organization\"},\"potentialAction\":[{\"@type\":\"SearchAction\",\"target\":{\"@type\":\"EntryPoint\",\"urlTemplate\":\"https:\/\/www.calibereurope.com\/fr\/?s={search_term_string}\"},\"query-input\":{\"@type\":\"PropertyValueSpecification\",\"valueRequired\":true,\"valueName\":\"search_term_string\"}}],\"inLanguage\":\"fr-FR\"},{\"@type\":\"Organization\",\"@id\":\"https:\/\/www.calibereurope.com\/fr\/#organization\",\"name\":\"Caliber Europe B.V.\",\"url\":\"https:\/\/www.calibereurope.com\/fr\/\",\"logo\":{\"@type\":\"ImageObject\",\"inLanguage\":\"fr-FR\",\"@id\":\"https:\/\/www.calibereurope.com\/fr\/#\/schema\/logo\/image\/\",\"url\":\"https:\/\/www.calibereurope.com\/wp-content\/uploads\/2019\/11\/Logo-Caliber-e1574846289621.png\",\"contentUrl\":\"https:\/\/www.calibereurope.com\/wp-content\/uploads\/2019\/11\/Logo-Caliber-e1574846289621.png\",\"width\":400,\"height\":69,\"caption\":\"Caliber Europe B.V.\"},\"image\":{\"@id\":\"https:\/\/www.calibereurope.com\/fr\/#\/schema\/logo\/image\/\"},\"sameAs\":[\"https:\/\/facebook.com\/CaliberEurope\/\",\"https:\/\/x.com\/calibereurope\",\"https:\/\/www.instagram.com\/calibereurope\/\"]}]}<\/script>\n<meta property=\"product:price:amount\" content=\"229.00\" \/>\n<meta property=\"product:price:currency\" content=\"EUR\" \/>\n<meta property=\"og:availability\" content=\"instock\" \/>\n<meta property=\"product:availability\" content=\"instock\" \/>\n<meta property=\"product:retailer_item_id\" content=\"CAM701\" \/>\n<meta property=\"product:condition\" content=\"new\" \/>\n<!-- \/ Yoast SEO plugin. -->","yoast_head_json":{"title":"Cam\u00e9ra de Recul Sans Fil pour Voiture et Camping-Car - 7 pouces - \u00c9tanche \u2013 Distance de transmission jusqu\u2019\u00e0 50m Sans Fil (CAM701) | Caliber","robots":{"index":"index","follow":"follow","max-snippet":"max-snippet:-1","max-image-preview":"max-image-preview:large","max-video-preview":"max-video-preview:-1"},"canonical":"https:\/\/www.calibereurope.com\/fr\/produit\/CAM701-fr_FR\/","og_locale":"fr_FR","og_type":"article","og_title":"Cam\u00e9ra de Recul Sans Fil pour Voiture et Camping-Car - 7 pouces - \u00c9tanche \u2013 Distance de transmission jusqu\u2019\u00e0 50m Sans Fil (CAM701) | Caliber","og_description":"\u00e9cran couleur de 7 pouces avec cam\u00e9ra de recul\u00c9cran de r\u00e9solution : 800 x 480Option \u00e9cran partag\u00e9Prise 12 \/ 24 V pour voiture\/camionR\u00e9cepteur num\u00e9rique sans fil (2,4 GHz)Extensible avec une deuxi\u00e8me cam\u00e9raAvec support pour tableau de bordConnexion sans fil jusqu'\u00e0 50 mR\u00e9sistant \u00e0 l'eau et aux intemp\u00e9riesAutofocus et balance des blancs","og_url":"https:\/\/www.calibereurope.com\/fr\/produit\/CAM701-fr_FR\/","og_site_name":"Caliber","article_publisher":"https:\/\/facebook.com\/CaliberEurope\/","article_modified_time":"2026-01-05T13:28:49+00:00","og_image":[{"width":640,"height":480,"url":"https:\/\/www.calibereurope.com\/wp-content\/uploads\/2023\/01\/8a618a11fcfeb065812e270cb0521e3989486dd5_CAM701_set-4.jpg","type":"image\/jpeg"}],"twitter_card":"summary_large_image","twitter_site":"@calibereurope","twitter_misc":{"Prix":"229,00","Availability":"In stock"},"schema":{"@context":"https:\/\/schema.org","@graph":[{"@type":"WebPage","@id":"https:\/\/www.calibereurope.com\/fr\/produit\/CAM701-fr_FR\/","url":"https:\/\/www.calibereurope.com\/fr\/produit\/CAM701-fr_FR\/","name":"Cam\u00e9ra de Recul Sans Fil pour Voiture et Camping-Car - 7 pouces - \u00c9tanche \u2013 Distance de transmission jusqu\u2019\u00e0 50m Sans Fil (CAM701) | Caliber","isPartOf":{"@id":"https:\/\/www.calibereurope.com\/fr\/#website"},"primaryImageOfPage":{"@id":"https:\/\/www.calibereurope.com\/fr\/produit\/CAM701-fr_FR\/#primaryimage"},"image":{"@id":"https:\/\/www.calibereurope.com\/fr\/produit\/CAM701-fr_FR\/#primaryimage"},"thumbnailUrl":"https:\/\/www.calibereurope.com\/wp-content\/uploads\/2026\/01\/8a618a11fcfeb065812e270cb0521e3989486dd5_CAM701_set.jpg","datePublished":"2026-01-05T00:00:00+00:00","dateModified":"2026-01-05T13:28:49+00:00","breadcrumb":{"@id":"https:\/\/www.calibereurope.com\/fr\/produit\/CAM701-fr_FR\/#breadcrumb"},"inLanguage":"fr-FR","potentialAction":[{"@type":"ReadAction","target":["https:\/\/www.calibereurope.com\/fr\/produit\/CAM701-fr_FR\/"]}]},{"@type":"ImageObject","inLanguage":"fr-FR","@id":"https:\/\/www.calibereurope.com\/fr\/produit\/CAM701-fr_FR\/#primaryimage","url":"https:\/\/www.calibereurope.com\/wp-content\/uploads\/2026\/01\/8a618a11fcfeb065812e270cb0521e3989486dd5_CAM701_set.jpg","contentUrl":"https:\/\/www.calibereurope.com\/wp-content\/uploads\/2026\/01\/8a618a11fcfeb065812e270cb0521e3989486dd5_CAM701_set.jpg","width":640,"height":480},{"@type":"BreadcrumbList","@id":"https:\/\/www.calibereurope.com\/fr\/produit\/CAM701-fr_FR\/#breadcrumb","itemListElement":[{"@type":"ListItem","position":1,"name":"Home","item":"https:\/\/www.calibereurope.com\/fr\/"},{"@type":"ListItem","position":2,"name":"Boutique en ligne","item":"https:\/\/www.calibereurope.com\/fr\/boutique-en-ligne\/"},{"@type":"ListItem","position":3,"name":"Image","item":"https:\/\/www.calibereurope.com\/fr\/beeld_fr_FR\/"},{"@type":"ListItem","position":4,"name":"Cam\u00e9ras de recul","item":"https:\/\/www.calibereurope.com\/fr\/beeld_fr_FR\/achteruitrijcameras_fr_FR\/"},{"@type":"ListItem","position":5,"name":"Cam\u00e9ra de Recul Sans Fil pour Voiture et Camping-Car &#8211; 7 pouces &#8211; \u00c9tanche \u2013 Distance de transmission jusqu\u2019\u00e0 50m Sans Fil (CAM701)"}]},{"@type":"WebSite","@id":"https:\/\/www.calibereurope.com\/fr\/#website","url":"https:\/\/www.calibereurope.com\/fr\/","name":"Caliber","description":"Sounds good!","publisher":{"@id":"https:\/\/www.calibereurope.com\/fr\/#organization"},"potentialAction":[{"@type":"SearchAction","target":{"@type":"EntryPoint","urlTemplate":"https:\/\/www.calibereurope.com\/fr\/?s={search_term_string}"},"query-input":{"@type":"PropertyValueSpecification","valueRequired":true,"valueName":"search_term_string"}}],"inLanguage":"fr-FR"},{"@type":"Organization","@id":"https:\/\/www.calibereurope.com\/fr\/#organization","name":"Caliber Europe B.V.","url":"https:\/\/www.calibereurope.com\/fr\/","logo":{"@type":"ImageObject","inLanguage":"fr-FR","@id":"https:\/\/www.calibereurope.com\/fr\/#\/schema\/logo\/image\/","url":"https:\/\/www.calibereurope.com\/wp-content\/uploads\/2019\/11\/Logo-Caliber-e1574846289621.png","contentUrl":"https:\/\/www.calibereurope.com\/wp-content\/uploads\/2019\/11\/Logo-Caliber-e1574846289621.png","width":400,"height":69,"caption":"Caliber Europe B.V."},"image":{"@id":"https:\/\/www.calibereurope.com\/fr\/#\/schema\/logo\/image\/"},"sameAs":["https:\/\/facebook.com\/CaliberEurope\/","https:\/\/x.com\/calibereurope","https:\/\/www.instagram.com\/calibereurope\/"]}]},"product_price_amount":"229.00","product_price_currency":"EUR","og_availability":"instock","product_availability":"instock","product_retailer_item_id":"CAM701","product_condition":"new"},"_links":{"self":[{"href":"https:\/\/www.calibereurope.com\/fr\/wp-json\/wp\/v2\/product\/70343","targetHints":{"allow":["GET"]}}],"collection":[{"href":"https:\/\/www.calibereurope.com\/fr\/wp-json\/wp\/v2\/product"}],"about":[{"href":"https:\/\/www.calibereurope.com\/fr\/wp-json\/wp\/v2\/types\/product"}],"replies":[{"embeddable":true,"href":"https:\/\/www.calibereurope.com\/fr\/wp-json\/wp\/v2\/comments?post=70343"}],"wp:featuredmedia":[{"embeddable":true,"href":"https:\/\/www.calibereurope.com\/fr\/wp-json\/wp\/v2\/media\/1684826"}],"wp:attachment":[{"href":"https:\/\/www.calibereurope.com\/fr\/wp-json\/wp\/v2\/media?parent=70343"}],"wp:term":[{"taxonomy":"product_brand","embeddable":true,"href":"https:\/\/www.calibereurope.com\/fr\/wp-json\/wp\/v2\/product_brand?post=70343"},{"taxonomy":"product_cat","embeddable":true,"href":"https:\/\/www.calibereurope.com\/fr\/wp-json\/wp\/v2\/product_cat?post=70343"},{"taxonomy":"product_tag","embeddable":true,"href":"https:\/\/www.calibereurope.com\/fr\/wp-json\/wp\/v2\/product_tag?post=70343"}],"curies":[{"name":"wp","href":"https:\/\/api.w.org\/{rel}","templated":true}]}}