{"id":70741,"date":"2026-04-12T02:00:00","date_gmt":"2026-04-12T00:00:00","guid":{"rendered":"0"},"modified":"2026-04-12T11:35:34","modified_gmt":"2026-04-12T09:35:34","slug":"BC112SA-fr_FR","status":"publish","type":"product","link":"https:\/\/www.calibereurope.com\/fr\/produit\/BC112SA-fr_FR\/","title":{"rendered":"Subwoofer avec Amplificateur int\u00e9gr\u00e9 600 Watt &#8211; Woofer 30 cm &#8211; Filtre 25 \u00e0 3500 Hz &#8211; RCA (BC112SA)"},"content":{"rendered":"<p> Portez la musique de votre voiture au niveau sup\u00e9rieur avec ce subwoofer Caliber BC112SA. Il vous suffit de placer le subwoofer dans le <strong> coffre de votre voiture <\/strong> pour ressentir les basses de la musique avec une intensit\u00e9 suppl\u00e9mentaire. Vous pouvez r\u00e9gler les <strong> basses \u00e0 votre convenance <\/strong>avec le <strong> pr\u00e9amplificateur int\u00e9gr\u00e9. <\/strong> Ainsi, vous pouvez profiter de tous vos morceaux pr\u00e9f\u00e9r\u00e9s de mani\u00e8re optimale lorsque vous \u00eates en d\u00e9placement. Le subwoofer pour voiture a une puissance normale de 200 watts , qui peut atteindre 600 watts max . Le <strong>bouton cross-over<\/strong> permet au subwoofer de fonctionner facilement avec les enceintes de votre voiture. <\/p>\n<p> <strong>Caract\u00e9ristiques :<\/strong> <\/p>\n<ul>\n<li>Subwoofer 30cm<\/li>\n<li>200 watts RMS, 600 watts max<\/li>\n<li>Amplificateur int\u00e9gr\u00e9<\/li>\n<li>Plug-and-Play<\/li>\n<li>Entr\u00e9e RCA<\/li>\n<li>Connexion d&#39;alimentation rapide<\/li>\n<li>Fusible inclus<\/li>\n<li>Plage de fr\u00e9quences : 25 \u00e0 3500 Hz<\/li>\n<li>Filtres<\/li>\n<\/ul>\n<h3> Exp\u00e9rience sonore optimale avec ce subwoofer dans la voiture<\/h3>\n<p> Avec ce caisson actif, vous vivrez la musique d&#39;une nouvelle fa\u00e7on. La large gamme de fr\u00e9quences allant de 25 \u00e0 pas moins de 3500 Hz garantit un son d\u00e9fini. Les basses ressortent mieux, ce qui vous permet de d\u00e9couvrir de nouvelles choses m\u00eame dans vos morceaux favoris \u00e9cout\u00e9s encore et encore. Profitez de toute votre musique lorsque vous \u00eates en d\u00e9placement !  <\/p>\n<h3> Les meilleures basses <\/h3>\n<p> Pr\u00e9f\u00e9rez-vous \u00e9couter du hip-hop, de la house ou du hardstyle ? Ce caisson amplifi\u00e9 vous offre des basses tr\u00e8s profondes, vous permettant de vous immerger dans la musique. Vous pouvez r\u00e9gler l&#39;amplificateur int\u00e9gr\u00e9 \u00e0 votre convenance. Vous pouvez donc profiter des meilleurs rythmes.  <\/p>\n<h3> Un subwoofer facile \u00e0 installer <\/h3>\n<p> Ce subwoofer est adapt\u00e9 \u00e0 une utilisation en voiture. Placez-le dans le coffre, par exemple. Connectez les c\u00e2bles et vous \u00eates pr\u00eat \u00e0 jouer de la musique dans une nouvelle dimension. Gr\u00e2ce au bouton crossover, le woofer est correctement ajust\u00e9 aux autres enceintes de la voiture. Vous obtenez donc un son bien mix\u00e9 avec des basses fines. Vous avez besoin de plus d&#39;espace dans le coffre ? D\u00e9tachez alors facilement le subwoofer pour le retirer de la voiture et cr\u00e9er un espace suppl\u00e9mentaire. <\/p>\n","protected":false},"excerpt":{"rendered":"<ul>\n<li>Subwoofer 30cm<\/li>\n<li>200 watts RMS, 600 watts max<\/li>\n<li>Amplificateur int\u00e9gr\u00e9<\/li>\n<li>Plug-and-Play<\/li>\n<li>Entr\u00e9e RCA<\/li>\n<li>Connexion d&#8217;alimentation rapide<\/li>\n<li>Fusible inclus<\/li>\n<li>Plage de fr\u00e9quences : 25 \u00e0 3500 Hz<\/li>\n<li>Filtres<\/li>\n<\/ul>\n","protected":false},"featured_media":1687783,"comment_status":"open","ping_status":"closed","template":"","meta":{"inline_featured_image":false},"product_brand":[],"product_cat":[12360,7767],"product_tag":[],"class_list":{"0":"post-70741","1":"product","2":"type-product","3":"status-publish","4":"has-post-thumbnail","6":"product_cat-subwoofers_fr_FR","7":"product_cat-auto_fr_FR","9":"first","10":"instock","11":"featured","12":"taxable","13":"shipping-taxable","14":"purchasable","15":"product-type-simple"},"yoast_head":"<!-- This site is optimized with the Yoast SEO plugin v24.4 - https:\/\/yoast.com\/wordpress\/plugins\/seo\/ -->\n<title>Subwoofer avec Amplificateur int\u00e9gr\u00e9 600 Watt - Woofer 30 cm - Filtre 25 \u00e0 3500 Hz - RCA (BC112SA) | Caliber<\/title>\n<meta name=\"robots\" content=\"index, follow, max-snippet:-1, max-image-preview:large, max-video-preview:-1\" \/>\n<link rel=\"canonical\" href=\"https:\/\/www.calibereurope.com\/fr\/produit\/BC112SA-fr_FR\/\" \/>\n<meta property=\"og:locale\" content=\"fr_FR\" \/>\n<meta property=\"og:type\" content=\"article\" \/>\n<meta property=\"og:title\" content=\"Subwoofer avec Amplificateur int\u00e9gr\u00e9 600 Watt - Woofer 30 cm - Filtre 25 \u00e0 3500 Hz - RCA (BC112SA) | Caliber\" \/>\n<meta property=\"og:description\" content=\"Subwoofer 30cm200 watts RMS, 600 watts maxAmplificateur int\u00e9gr\u00e9Plug-and-PlayEntr\u00e9e RCAConnexion d&#039;alimentation rapideFusible inclusPlage de fr\u00e9quences : 25 \u00e0 3500 HzFiltres\" \/>\n<meta property=\"og:url\" content=\"https:\/\/www.calibereurope.com\/fr\/produit\/BC112SA-fr_FR\/\" \/>\n<meta property=\"og:site_name\" content=\"Caliber\" \/>\n<meta property=\"article:publisher\" content=\"https:\/\/facebook.com\/CaliberEurope\/\" \/>\n<meta property=\"article:modified_time\" content=\"2026-04-12T09:35:34+00:00\" \/>\n<meta property=\"og:image\" content=\"https:\/\/www.calibereurope.com\/wp-content\/uploads\/2023\/01\/199d0629f22e02e6ab9f8c2a5687bd64afb8002a_BC112SA_Prime-4.jpg\" \/>\n\t<meta property=\"og:image:width\" content=\"1024\" \/>\n\t<meta property=\"og:image:height\" content=\"768\" \/>\n\t<meta property=\"og:image:type\" content=\"image\/jpeg\" \/>\n<meta name=\"twitter:card\" content=\"summary_large_image\" \/>\n<meta name=\"twitter:site\" content=\"@calibereurope\" \/>\n<meta name=\"twitter:label1\" content=\"Prix\" \/>\n\t<meta name=\"twitter:data1\" content=\"109,00\" \/>\n\t<meta name=\"twitter:label2\" content=\"Availability\" \/>\n\t<meta name=\"twitter:data2\" content=\"In stock\" \/>\n<script type=\"application\/ld+json\" class=\"yoast-schema-graph\">{\"@context\":\"https:\/\/schema.org\",\"@graph\":[{\"@type\":\"WebPage\",\"@id\":\"https:\/\/www.calibereurope.com\/fr\/produit\/BC112SA-fr_FR\/\",\"url\":\"https:\/\/www.calibereurope.com\/fr\/produit\/BC112SA-fr_FR\/\",\"name\":\"Subwoofer avec Amplificateur int\u00e9gr\u00e9 600 Watt - Woofer 30 cm - Filtre 25 \u00e0 3500 Hz - RCA (BC112SA) | Caliber\",\"isPartOf\":{\"@id\":\"https:\/\/www.calibereurope.com\/fr\/#website\"},\"primaryImageOfPage\":{\"@id\":\"https:\/\/www.calibereurope.com\/fr\/produit\/BC112SA-fr_FR\/#primaryimage\"},\"image\":{\"@id\":\"https:\/\/www.calibereurope.com\/fr\/produit\/BC112SA-fr_FR\/#primaryimage\"},\"thumbnailUrl\":\"https:\/\/www.calibereurope.com\/wp-content\/uploads\/2026\/04\/199d0629f22e02e6ab9f8c2a5687bd64afb8002a_BC112SA_Prime.jpg\",\"datePublished\":\"2026-04-12T00:00:00+00:00\",\"dateModified\":\"2026-04-12T09:35:34+00:00\",\"breadcrumb\":{\"@id\":\"https:\/\/www.calibereurope.com\/fr\/produit\/BC112SA-fr_FR\/#breadcrumb\"},\"inLanguage\":\"fr-FR\",\"potentialAction\":[{\"@type\":\"ReadAction\",\"target\":[\"https:\/\/www.calibereurope.com\/fr\/produit\/BC112SA-fr_FR\/\"]}]},{\"@type\":\"ImageObject\",\"inLanguage\":\"fr-FR\",\"@id\":\"https:\/\/www.calibereurope.com\/fr\/produit\/BC112SA-fr_FR\/#primaryimage\",\"url\":\"https:\/\/www.calibereurope.com\/wp-content\/uploads\/2026\/04\/199d0629f22e02e6ab9f8c2a5687bd64afb8002a_BC112SA_Prime.jpg\",\"contentUrl\":\"https:\/\/www.calibereurope.com\/wp-content\/uploads\/2026\/04\/199d0629f22e02e6ab9f8c2a5687bd64afb8002a_BC112SA_Prime.jpg\",\"width\":1024,\"height\":768},{\"@type\":\"BreadcrumbList\",\"@id\":\"https:\/\/www.calibereurope.com\/fr\/produit\/BC112SA-fr_FR\/#breadcrumb\",\"itemListElement\":[{\"@type\":\"ListItem\",\"position\":1,\"name\":\"Home\",\"item\":\"https:\/\/www.calibereurope.com\/fr\/\"},{\"@type\":\"ListItem\",\"position\":2,\"name\":\"Boutique en ligne\",\"item\":\"https:\/\/www.calibereurope.com\/fr\/boutique-en-ligne\/\"},{\"@type\":\"ListItem\",\"position\":3,\"name\":\"Voiture\",\"item\":\"https:\/\/www.calibereurope.com\/fr\/auto_fr_FR\/\"},{\"@type\":\"ListItem\",\"position\":4,\"name\":\"Subwoofers\",\"item\":\"https:\/\/www.calibereurope.com\/fr\/auto_fr_FR\/subwoofers_fr_FR\/\"},{\"@type\":\"ListItem\",\"position\":5,\"name\":\"Subwoofer avec Amplificateur int\u00e9gr\u00e9 600 Watt &#8211; Woofer 30 cm &#8211; Filtre 25 \u00e0 3500 Hz &#8211; RCA (BC112SA)\"}]},{\"@type\":\"WebSite\",\"@id\":\"https:\/\/www.calibereurope.com\/fr\/#website\",\"url\":\"https:\/\/www.calibereurope.com\/fr\/\",\"name\":\"Caliber\",\"description\":\"Sounds good!\",\"publisher\":{\"@id\":\"https:\/\/www.calibereurope.com\/fr\/#organization\"},\"potentialAction\":[{\"@type\":\"SearchAction\",\"target\":{\"@type\":\"EntryPoint\",\"urlTemplate\":\"https:\/\/www.calibereurope.com\/fr\/?s={search_term_string}\"},\"query-input\":{\"@type\":\"PropertyValueSpecification\",\"valueRequired\":true,\"valueName\":\"search_term_string\"}}],\"inLanguage\":\"fr-FR\"},{\"@type\":\"Organization\",\"@id\":\"https:\/\/www.calibereurope.com\/fr\/#organization\",\"name\":\"Caliber Europe B.V.\",\"url\":\"https:\/\/www.calibereurope.com\/fr\/\",\"logo\":{\"@type\":\"ImageObject\",\"inLanguage\":\"fr-FR\",\"@id\":\"https:\/\/www.calibereurope.com\/fr\/#\/schema\/logo\/image\/\",\"url\":\"https:\/\/www.calibereurope.com\/wp-content\/uploads\/2019\/11\/Logo-Caliber-e1574846289621.png\",\"contentUrl\":\"https:\/\/www.calibereurope.com\/wp-content\/uploads\/2019\/11\/Logo-Caliber-e1574846289621.png\",\"width\":400,\"height\":69,\"caption\":\"Caliber Europe B.V.\"},\"image\":{\"@id\":\"https:\/\/www.calibereurope.com\/fr\/#\/schema\/logo\/image\/\"},\"sameAs\":[\"https:\/\/facebook.com\/CaliberEurope\/\",\"https:\/\/x.com\/calibereurope\",\"https:\/\/www.instagram.com\/calibereurope\/\"]}]}<\/script>\n<meta property=\"product:price:amount\" content=\"109.00\" \/>\n<meta property=\"product:price:currency\" content=\"EUR\" \/>\n<meta property=\"og:availability\" content=\"instock\" \/>\n<meta property=\"product:availability\" content=\"instock\" \/>\n<meta property=\"product:retailer_item_id\" content=\"BC112SA\" \/>\n<meta property=\"product:condition\" content=\"new\" \/>\n<!-- \/ Yoast SEO plugin. -->","yoast_head_json":{"title":"Subwoofer avec Amplificateur int\u00e9gr\u00e9 600 Watt - Woofer 30 cm - Filtre 25 \u00e0 3500 Hz - RCA (BC112SA) | Caliber","robots":{"index":"index","follow":"follow","max-snippet":"max-snippet:-1","max-image-preview":"max-image-preview:large","max-video-preview":"max-video-preview:-1"},"canonical":"https:\/\/www.calibereurope.com\/fr\/produit\/BC112SA-fr_FR\/","og_locale":"fr_FR","og_type":"article","og_title":"Subwoofer avec Amplificateur int\u00e9gr\u00e9 600 Watt - Woofer 30 cm - Filtre 25 \u00e0 3500 Hz - RCA (BC112SA) | Caliber","og_description":"Subwoofer 30cm200 watts RMS, 600 watts maxAmplificateur int\u00e9gr\u00e9Plug-and-PlayEntr\u00e9e RCAConnexion d'alimentation rapideFusible inclusPlage de fr\u00e9quences : 25 \u00e0 3500 HzFiltres","og_url":"https:\/\/www.calibereurope.com\/fr\/produit\/BC112SA-fr_FR\/","og_site_name":"Caliber","article_publisher":"https:\/\/facebook.com\/CaliberEurope\/","article_modified_time":"2026-04-12T09:35:34+00:00","og_image":[{"width":1024,"height":768,"url":"https:\/\/www.calibereurope.com\/wp-content\/uploads\/2023\/01\/199d0629f22e02e6ab9f8c2a5687bd64afb8002a_BC112SA_Prime-4.jpg","type":"image\/jpeg"}],"twitter_card":"summary_large_image","twitter_site":"@calibereurope","twitter_misc":{"Prix":"109,00","Availability":"In stock"},"schema":{"@context":"https:\/\/schema.org","@graph":[{"@type":"WebPage","@id":"https:\/\/www.calibereurope.com\/fr\/produit\/BC112SA-fr_FR\/","url":"https:\/\/www.calibereurope.com\/fr\/produit\/BC112SA-fr_FR\/","name":"Subwoofer avec Amplificateur int\u00e9gr\u00e9 600 Watt - Woofer 30 cm - Filtre 25 \u00e0 3500 Hz - RCA (BC112SA) | Caliber","isPartOf":{"@id":"https:\/\/www.calibereurope.com\/fr\/#website"},"primaryImageOfPage":{"@id":"https:\/\/www.calibereurope.com\/fr\/produit\/BC112SA-fr_FR\/#primaryimage"},"image":{"@id":"https:\/\/www.calibereurope.com\/fr\/produit\/BC112SA-fr_FR\/#primaryimage"},"thumbnailUrl":"https:\/\/www.calibereurope.com\/wp-content\/uploads\/2026\/04\/199d0629f22e02e6ab9f8c2a5687bd64afb8002a_BC112SA_Prime.jpg","datePublished":"2026-04-12T00:00:00+00:00","dateModified":"2026-04-12T09:35:34+00:00","breadcrumb":{"@id":"https:\/\/www.calibereurope.com\/fr\/produit\/BC112SA-fr_FR\/#breadcrumb"},"inLanguage":"fr-FR","potentialAction":[{"@type":"ReadAction","target":["https:\/\/www.calibereurope.com\/fr\/produit\/BC112SA-fr_FR\/"]}]},{"@type":"ImageObject","inLanguage":"fr-FR","@id":"https:\/\/www.calibereurope.com\/fr\/produit\/BC112SA-fr_FR\/#primaryimage","url":"https:\/\/www.calibereurope.com\/wp-content\/uploads\/2026\/04\/199d0629f22e02e6ab9f8c2a5687bd64afb8002a_BC112SA_Prime.jpg","contentUrl":"https:\/\/www.calibereurope.com\/wp-content\/uploads\/2026\/04\/199d0629f22e02e6ab9f8c2a5687bd64afb8002a_BC112SA_Prime.jpg","width":1024,"height":768},{"@type":"BreadcrumbList","@id":"https:\/\/www.calibereurope.com\/fr\/produit\/BC112SA-fr_FR\/#breadcrumb","itemListElement":[{"@type":"ListItem","position":1,"name":"Home","item":"https:\/\/www.calibereurope.com\/fr\/"},{"@type":"ListItem","position":2,"name":"Boutique en ligne","item":"https:\/\/www.calibereurope.com\/fr\/boutique-en-ligne\/"},{"@type":"ListItem","position":3,"name":"Voiture","item":"https:\/\/www.calibereurope.com\/fr\/auto_fr_FR\/"},{"@type":"ListItem","position":4,"name":"Subwoofers","item":"https:\/\/www.calibereurope.com\/fr\/auto_fr_FR\/subwoofers_fr_FR\/"},{"@type":"ListItem","position":5,"name":"Subwoofer avec Amplificateur int\u00e9gr\u00e9 600 Watt &#8211; Woofer 30 cm &#8211; Filtre 25 \u00e0 3500 Hz &#8211; RCA (BC112SA)"}]},{"@type":"WebSite","@id":"https:\/\/www.calibereurope.com\/fr\/#website","url":"https:\/\/www.calibereurope.com\/fr\/","name":"Caliber","description":"Sounds good!","publisher":{"@id":"https:\/\/www.calibereurope.com\/fr\/#organization"},"potentialAction":[{"@type":"SearchAction","target":{"@type":"EntryPoint","urlTemplate":"https:\/\/www.calibereurope.com\/fr\/?s={search_term_string}"},"query-input":{"@type":"PropertyValueSpecification","valueRequired":true,"valueName":"search_term_string"}}],"inLanguage":"fr-FR"},{"@type":"Organization","@id":"https:\/\/www.calibereurope.com\/fr\/#organization","name":"Caliber Europe B.V.","url":"https:\/\/www.calibereurope.com\/fr\/","logo":{"@type":"ImageObject","inLanguage":"fr-FR","@id":"https:\/\/www.calibereurope.com\/fr\/#\/schema\/logo\/image\/","url":"https:\/\/www.calibereurope.com\/wp-content\/uploads\/2019\/11\/Logo-Caliber-e1574846289621.png","contentUrl":"https:\/\/www.calibereurope.com\/wp-content\/uploads\/2019\/11\/Logo-Caliber-e1574846289621.png","width":400,"height":69,"caption":"Caliber Europe B.V."},"image":{"@id":"https:\/\/www.calibereurope.com\/fr\/#\/schema\/logo\/image\/"},"sameAs":["https:\/\/facebook.com\/CaliberEurope\/","https:\/\/x.com\/calibereurope","https:\/\/www.instagram.com\/calibereurope\/"]}]},"product_price_amount":"109.00","product_price_currency":"EUR","og_availability":"instock","product_availability":"instock","product_retailer_item_id":"BC112SA","product_condition":"new"},"_links":{"self":[{"href":"https:\/\/www.calibereurope.com\/fr\/wp-json\/wp\/v2\/product\/70741","targetHints":{"allow":["GET"]}}],"collection":[{"href":"https:\/\/www.calibereurope.com\/fr\/wp-json\/wp\/v2\/product"}],"about":[{"href":"https:\/\/www.calibereurope.com\/fr\/wp-json\/wp\/v2\/types\/product"}],"replies":[{"embeddable":true,"href":"https:\/\/www.calibereurope.com\/fr\/wp-json\/wp\/v2\/comments?post=70741"}],"wp:featuredmedia":[{"embeddable":true,"href":"https:\/\/www.calibereurope.com\/fr\/wp-json\/wp\/v2\/media\/1687783"}],"wp:attachment":[{"href":"https:\/\/www.calibereurope.com\/fr\/wp-json\/wp\/v2\/media?parent=70741"}],"wp:term":[{"taxonomy":"product_brand","embeddable":true,"href":"https:\/\/www.calibereurope.com\/fr\/wp-json\/wp\/v2\/product_brand?post=70741"},{"taxonomy":"product_cat","embeddable":true,"href":"https:\/\/www.calibereurope.com\/fr\/wp-json\/wp\/v2\/product_cat?post=70741"},{"taxonomy":"product_tag","embeddable":true,"href":"https:\/\/www.calibereurope.com\/fr\/wp-json\/wp\/v2\/product_tag?post=70741"}],"curies":[{"name":"wp","href":"https:\/\/api.w.org\/{rel}","templated":true}]}}