{"id":70913,"date":"2024-07-25T02:00:00","date_gmt":"2024-07-25T00:00:00","guid":{"rendered":""},"modified":"2024-07-25T15:49:16","modified_gmt":"2024-07-25T13:49:16","slug":"CDS13G-fr_FR","status":"publish","type":"product","link":"https:\/\/www.calibereurope.com\/fr\/produit\/CDS13G-fr_FR\/","title":{"rendered":"Haut-parleur de voiture &#8211; 13cm Avec Grill 100 Watt (CDS13G)"},"content":{"rendered":"<p>Le kit de haut-parleurs pour voiture Caliber CDS13G est un ensemble de 2 haut-parleurs de 5,25 pouces (13 centim\u00e8tres). Ces haut-parleurs ont chacun un woofer de 5 pouces et un tweeter de 30 millim\u00e8tres \u00e0 d\u00f4me en Mylar. Ainsi, vous pouvez profiter des d\u00e9tails de votre musique tout en conduisant.<\/p>\n<p> Syst\u00e8me \u00e0 double sens<\/p>\n<p> Le tweeter \u00e0 d\u00f4me en Mylar est solidement construit et donc r\u00e9sistant aux mouvements de la conduite. Les tweeters s\u00e9parent le son aigu de votre musique du son grave des woofers. Ce syst\u00e8me \u00e0 deux voies vous permet de profiter d&#39;un son pr\u00e9cis o\u00f9 les hautes et les basses sont bien m\u00e9lang\u00e9es. Pour des basses suppl\u00e9mentaires, vous ajoutez par exemple un subwoofer Caliber suppl\u00e9mentaire.<\/p>\n<p> Power<\/p>\n<p> Les haut-parleurs CDS13G peuvent supporter une puissance de 40 Watt RMS, avec un pic de 100 Watt. Avec un amplificateur jusqu&#39;\u00e0 100 watts dans votre voiture, c&#39;est parfait. Pour jouer de la musique pendant des heures, un amplificateur de 40 watts maximum est recommand\u00e9. La sensibilit\u00e9 de 88 dB des haut-parleurs est \u00e0 peu pr\u00e8s \u00e9gale au son d&#39;une tondeuse \u00e0 gazon \u00e9lectrique. Profitez donc de votre musique sur la route \u00e0 un volume audible.<\/p>\n<p> Construire en<\/p>\n<p> Le jeu de haut-parleurs CDS13G est facile \u00e0 assembler gr\u00e2ce \u00e0 sa profondeur int\u00e9gr\u00e9e de 49 millim\u00e8tres. Le diam\u00e8tre int\u00e9gr\u00e9 des haut-parleurs est de 11,5 centim\u00e8tres. Un manuel d&#39;installation est fourni en standard, ce qui vous permet de d\u00e9marrer en un rien de temps.<\/p>\n","protected":false},"excerpt":{"rendered":"<p>Le kit de haut-parleurs pour voiture Caliber CDS13G est un ensemble de 2 haut-parleurs de 5,25 pouces (13 centim\u00e8tres). Ces haut-parleurs ont chacun un woofer de 5 pouces et un tweeter de 30 millim\u00e8tres \u00e0 d\u00f4me en Mylar. Ainsi, vous pouvez profiter des d\u00e9tails de votre musique tout en conduisant. Syst\u00e8me \u00e0 double sens Le [&hellip;]<\/p>\n","protected":false},"featured_media":1615632,"comment_status":"open","ping_status":"closed","template":"","meta":{"inline_featured_image":false},"product_brand":[],"product_cat":[7803,7767],"product_tag":[],"class_list":{"0":"post-70913","1":"product","2":"type-product","3":"status-publish","4":"has-post-thumbnail","6":"product_cat-luidsprekers_auto_fr_FR","7":"product_cat-auto_fr_FR","9":"first","10":"outofstock","11":"taxable","12":"shipping-taxable","13":"purchasable","14":"product-type-simple"},"yoast_head":"<!-- This site is optimized with the Yoast SEO plugin v24.4 - https:\/\/yoast.com\/wordpress\/plugins\/seo\/ -->\n<title>Haut-parleur de voiture - 13cm Avec Grill 100 Watt (CDS13G) | Caliber<\/title>\n<meta name=\"robots\" content=\"index, follow, max-snippet:-1, max-image-preview:large, max-video-preview:-1\" \/>\n<link rel=\"canonical\" href=\"https:\/\/www.calibereurope.com\/fr\/produit\/CDS13G-fr_FR\/\" \/>\n<meta property=\"og:locale\" content=\"fr_FR\" \/>\n<meta property=\"og:type\" content=\"article\" \/>\n<meta property=\"og:title\" content=\"Haut-parleur de voiture - 13cm Avec Grill 100 Watt (CDS13G) | Caliber\" \/>\n<meta property=\"og:description\" content=\"Le kit de haut-parleurs pour voiture Caliber CDS13G est un ensemble de 2 haut-parleurs de 5,25 pouces (13 centim\u00e8tres). Ces haut-parleurs ont chacun un woofer de 5 pouces et un tweeter de 30 millim\u00e8tres \u00e0 d\u00f4me en Mylar. Ainsi, vous pouvez profiter des d\u00e9tails de votre musique tout en conduisant. Syst\u00e8me \u00e0 double sens Le [&hellip;]\" \/>\n<meta property=\"og:url\" content=\"https:\/\/www.calibereurope.com\/fr\/produit\/CDS13G-fr_FR\/\" \/>\n<meta property=\"og:site_name\" content=\"Caliber\" \/>\n<meta property=\"article:publisher\" content=\"https:\/\/facebook.com\/CaliberEurope\/\" \/>\n<meta property=\"article:modified_time\" content=\"2024-07-25T13:49:16+00:00\" \/>\n<meta property=\"og:image\" content=\"https:\/\/www.calibereurope.com\/wp-content\/uploads\/2022\/11\/4cb5b98c937e1e4492c57932df02fe08dd9f59f8_CDS13G-4-scaled.jpg\" \/>\n\t<meta property=\"og:image:width\" content=\"2560\" \/>\n\t<meta property=\"og:image:height\" content=\"1921\" \/>\n\t<meta property=\"og:image:type\" content=\"image\/jpeg\" \/>\n<meta name=\"twitter:card\" content=\"summary_large_image\" \/>\n<meta name=\"twitter:site\" content=\"@calibereurope\" \/>\n<meta name=\"twitter:label1\" content=\"Prix\" \/>\n\t<meta name=\"twitter:data1\" content=\"30,95\" \/>\n\t<meta name=\"twitter:label2\" content=\"Availability\" \/>\n\t<meta name=\"twitter:data2\" content=\"Out of stock\" \/>\n<script type=\"application\/ld+json\" class=\"yoast-schema-graph\">{\"@context\":\"https:\/\/schema.org\",\"@graph\":[{\"@type\":\"WebPage\",\"@id\":\"https:\/\/www.calibereurope.com\/fr\/produit\/CDS13G-fr_FR\/\",\"url\":\"https:\/\/www.calibereurope.com\/fr\/produit\/CDS13G-fr_FR\/\",\"name\":\"Haut-parleur de voiture - 13cm Avec Grill 100 Watt (CDS13G) | Caliber\",\"isPartOf\":{\"@id\":\"https:\/\/www.calibereurope.com\/fr\/#website\"},\"primaryImageOfPage\":{\"@id\":\"https:\/\/www.calibereurope.com\/fr\/produit\/CDS13G-fr_FR\/#primaryimage\"},\"image\":{\"@id\":\"https:\/\/www.calibereurope.com\/fr\/produit\/CDS13G-fr_FR\/#primaryimage\"},\"thumbnailUrl\":\"https:\/\/www.calibereurope.com\/wp-content\/uploads\/2024\/07\/4cb5b98c937e1e4492c57932df02fe08dd9f59f8_CDS13G-scaled.jpg\",\"datePublished\":\"2024-07-25T00:00:00+00:00\",\"dateModified\":\"2024-07-25T13:49:16+00:00\",\"breadcrumb\":{\"@id\":\"https:\/\/www.calibereurope.com\/fr\/produit\/CDS13G-fr_FR\/#breadcrumb\"},\"inLanguage\":\"fr-FR\",\"potentialAction\":[{\"@type\":\"ReadAction\",\"target\":[\"https:\/\/www.calibereurope.com\/fr\/produit\/CDS13G-fr_FR\/\"]}]},{\"@type\":\"ImageObject\",\"inLanguage\":\"fr-FR\",\"@id\":\"https:\/\/www.calibereurope.com\/fr\/produit\/CDS13G-fr_FR\/#primaryimage\",\"url\":\"https:\/\/www.calibereurope.com\/wp-content\/uploads\/2024\/07\/4cb5b98c937e1e4492c57932df02fe08dd9f59f8_CDS13G-scaled.jpg\",\"contentUrl\":\"https:\/\/www.calibereurope.com\/wp-content\/uploads\/2024\/07\/4cb5b98c937e1e4492c57932df02fe08dd9f59f8_CDS13G-scaled.jpg\",\"width\":2560,\"height\":1921},{\"@type\":\"BreadcrumbList\",\"@id\":\"https:\/\/www.calibereurope.com\/fr\/produit\/CDS13G-fr_FR\/#breadcrumb\",\"itemListElement\":[{\"@type\":\"ListItem\",\"position\":1,\"name\":\"Home\",\"item\":\"https:\/\/www.calibereurope.com\/fr\/\"},{\"@type\":\"ListItem\",\"position\":2,\"name\":\"Boutique en ligne\",\"item\":\"https:\/\/www.calibereurope.com\/fr\/boutique-en-ligne\/\"},{\"@type\":\"ListItem\",\"position\":3,\"name\":\"Voiture\",\"item\":\"https:\/\/www.calibereurope.com\/fr\/auto_fr_FR\/\"},{\"@type\":\"ListItem\",\"position\":4,\"name\":\"Intervenants\",\"item\":\"https:\/\/www.calibereurope.com\/fr\/auto_fr_FR\/luidsprekers_auto_fr_FR\/\"},{\"@type\":\"ListItem\",\"position\":5,\"name\":\"Haut-parleur de voiture &#8211; 13cm Avec Grill 100 Watt (CDS13G)\"}]},{\"@type\":\"WebSite\",\"@id\":\"https:\/\/www.calibereurope.com\/fr\/#website\",\"url\":\"https:\/\/www.calibereurope.com\/fr\/\",\"name\":\"Caliber\",\"description\":\"Sounds good!\",\"publisher\":{\"@id\":\"https:\/\/www.calibereurope.com\/fr\/#organization\"},\"potentialAction\":[{\"@type\":\"SearchAction\",\"target\":{\"@type\":\"EntryPoint\",\"urlTemplate\":\"https:\/\/www.calibereurope.com\/fr\/?s={search_term_string}\"},\"query-input\":{\"@type\":\"PropertyValueSpecification\",\"valueRequired\":true,\"valueName\":\"search_term_string\"}}],\"inLanguage\":\"fr-FR\"},{\"@type\":\"Organization\",\"@id\":\"https:\/\/www.calibereurope.com\/fr\/#organization\",\"name\":\"Caliber Europe B.V.\",\"url\":\"https:\/\/www.calibereurope.com\/fr\/\",\"logo\":{\"@type\":\"ImageObject\",\"inLanguage\":\"fr-FR\",\"@id\":\"https:\/\/www.calibereurope.com\/fr\/#\/schema\/logo\/image\/\",\"url\":\"https:\/\/www.calibereurope.com\/wp-content\/uploads\/2019\/11\/Logo-Caliber-e1574846289621.png\",\"contentUrl\":\"https:\/\/www.calibereurope.com\/wp-content\/uploads\/2019\/11\/Logo-Caliber-e1574846289621.png\",\"width\":400,\"height\":69,\"caption\":\"Caliber Europe B.V.\"},\"image\":{\"@id\":\"https:\/\/www.calibereurope.com\/fr\/#\/schema\/logo\/image\/\"},\"sameAs\":[\"https:\/\/facebook.com\/CaliberEurope\/\",\"https:\/\/x.com\/calibereurope\",\"https:\/\/www.instagram.com\/calibereurope\/\"]}]}<\/script>\n<meta property=\"product:price:amount\" content=\"30.95\" \/>\n<meta property=\"product:price:currency\" content=\"EUR\" \/>\n<meta property=\"og:availability\" content=\"out of stock\" \/>\n<meta property=\"product:availability\" content=\"out of stock\" \/>\n<meta property=\"product:retailer_item_id\" content=\"CDS13G\" \/>\n<meta property=\"product:condition\" content=\"new\" \/>\n<!-- \/ Yoast SEO plugin. -->","yoast_head_json":{"title":"Haut-parleur de voiture - 13cm Avec Grill 100 Watt (CDS13G) | Caliber","robots":{"index":"index","follow":"follow","max-snippet":"max-snippet:-1","max-image-preview":"max-image-preview:large","max-video-preview":"max-video-preview:-1"},"canonical":"https:\/\/www.calibereurope.com\/fr\/produit\/CDS13G-fr_FR\/","og_locale":"fr_FR","og_type":"article","og_title":"Haut-parleur de voiture - 13cm Avec Grill 100 Watt (CDS13G) | Caliber","og_description":"Le kit de haut-parleurs pour voiture Caliber CDS13G est un ensemble de 2 haut-parleurs de 5,25 pouces (13 centim\u00e8tres). Ces haut-parleurs ont chacun un woofer de 5 pouces et un tweeter de 30 millim\u00e8tres \u00e0 d\u00f4me en Mylar. Ainsi, vous pouvez profiter des d\u00e9tails de votre musique tout en conduisant. Syst\u00e8me \u00e0 double sens Le [&hellip;]","og_url":"https:\/\/www.calibereurope.com\/fr\/produit\/CDS13G-fr_FR\/","og_site_name":"Caliber","article_publisher":"https:\/\/facebook.com\/CaliberEurope\/","article_modified_time":"2024-07-25T13:49:16+00:00","og_image":[{"width":2560,"height":1921,"url":"https:\/\/www.calibereurope.com\/wp-content\/uploads\/2022\/11\/4cb5b98c937e1e4492c57932df02fe08dd9f59f8_CDS13G-4-scaled.jpg","type":"image\/jpeg"}],"twitter_card":"summary_large_image","twitter_site":"@calibereurope","twitter_misc":{"Prix":"30,95","Availability":"Out of stock"},"schema":{"@context":"https:\/\/schema.org","@graph":[{"@type":"WebPage","@id":"https:\/\/www.calibereurope.com\/fr\/produit\/CDS13G-fr_FR\/","url":"https:\/\/www.calibereurope.com\/fr\/produit\/CDS13G-fr_FR\/","name":"Haut-parleur de voiture - 13cm Avec Grill 100 Watt (CDS13G) | Caliber","isPartOf":{"@id":"https:\/\/www.calibereurope.com\/fr\/#website"},"primaryImageOfPage":{"@id":"https:\/\/www.calibereurope.com\/fr\/produit\/CDS13G-fr_FR\/#primaryimage"},"image":{"@id":"https:\/\/www.calibereurope.com\/fr\/produit\/CDS13G-fr_FR\/#primaryimage"},"thumbnailUrl":"https:\/\/www.calibereurope.com\/wp-content\/uploads\/2024\/07\/4cb5b98c937e1e4492c57932df02fe08dd9f59f8_CDS13G-scaled.jpg","datePublished":"2024-07-25T00:00:00+00:00","dateModified":"2024-07-25T13:49:16+00:00","breadcrumb":{"@id":"https:\/\/www.calibereurope.com\/fr\/produit\/CDS13G-fr_FR\/#breadcrumb"},"inLanguage":"fr-FR","potentialAction":[{"@type":"ReadAction","target":["https:\/\/www.calibereurope.com\/fr\/produit\/CDS13G-fr_FR\/"]}]},{"@type":"ImageObject","inLanguage":"fr-FR","@id":"https:\/\/www.calibereurope.com\/fr\/produit\/CDS13G-fr_FR\/#primaryimage","url":"https:\/\/www.calibereurope.com\/wp-content\/uploads\/2024\/07\/4cb5b98c937e1e4492c57932df02fe08dd9f59f8_CDS13G-scaled.jpg","contentUrl":"https:\/\/www.calibereurope.com\/wp-content\/uploads\/2024\/07\/4cb5b98c937e1e4492c57932df02fe08dd9f59f8_CDS13G-scaled.jpg","width":2560,"height":1921},{"@type":"BreadcrumbList","@id":"https:\/\/www.calibereurope.com\/fr\/produit\/CDS13G-fr_FR\/#breadcrumb","itemListElement":[{"@type":"ListItem","position":1,"name":"Home","item":"https:\/\/www.calibereurope.com\/fr\/"},{"@type":"ListItem","position":2,"name":"Boutique en ligne","item":"https:\/\/www.calibereurope.com\/fr\/boutique-en-ligne\/"},{"@type":"ListItem","position":3,"name":"Voiture","item":"https:\/\/www.calibereurope.com\/fr\/auto_fr_FR\/"},{"@type":"ListItem","position":4,"name":"Intervenants","item":"https:\/\/www.calibereurope.com\/fr\/auto_fr_FR\/luidsprekers_auto_fr_FR\/"},{"@type":"ListItem","position":5,"name":"Haut-parleur de voiture &#8211; 13cm Avec Grill 100 Watt (CDS13G)"}]},{"@type":"WebSite","@id":"https:\/\/www.calibereurope.com\/fr\/#website","url":"https:\/\/www.calibereurope.com\/fr\/","name":"Caliber","description":"Sounds good!","publisher":{"@id":"https:\/\/www.calibereurope.com\/fr\/#organization"},"potentialAction":[{"@type":"SearchAction","target":{"@type":"EntryPoint","urlTemplate":"https:\/\/www.calibereurope.com\/fr\/?s={search_term_string}"},"query-input":{"@type":"PropertyValueSpecification","valueRequired":true,"valueName":"search_term_string"}}],"inLanguage":"fr-FR"},{"@type":"Organization","@id":"https:\/\/www.calibereurope.com\/fr\/#organization","name":"Caliber Europe B.V.","url":"https:\/\/www.calibereurope.com\/fr\/","logo":{"@type":"ImageObject","inLanguage":"fr-FR","@id":"https:\/\/www.calibereurope.com\/fr\/#\/schema\/logo\/image\/","url":"https:\/\/www.calibereurope.com\/wp-content\/uploads\/2019\/11\/Logo-Caliber-e1574846289621.png","contentUrl":"https:\/\/www.calibereurope.com\/wp-content\/uploads\/2019\/11\/Logo-Caliber-e1574846289621.png","width":400,"height":69,"caption":"Caliber Europe B.V."},"image":{"@id":"https:\/\/www.calibereurope.com\/fr\/#\/schema\/logo\/image\/"},"sameAs":["https:\/\/facebook.com\/CaliberEurope\/","https:\/\/x.com\/calibereurope","https:\/\/www.instagram.com\/calibereurope\/"]}]},"product_price_amount":"30.95","product_price_currency":"EUR","og_availability":"out of stock","product_availability":"out of stock","product_retailer_item_id":"CDS13G","product_condition":"new"},"_links":{"self":[{"href":"https:\/\/www.calibereurope.com\/fr\/wp-json\/wp\/v2\/product\/70913","targetHints":{"allow":["GET"]}}],"collection":[{"href":"https:\/\/www.calibereurope.com\/fr\/wp-json\/wp\/v2\/product"}],"about":[{"href":"https:\/\/www.calibereurope.com\/fr\/wp-json\/wp\/v2\/types\/product"}],"replies":[{"embeddable":true,"href":"https:\/\/www.calibereurope.com\/fr\/wp-json\/wp\/v2\/comments?post=70913"}],"wp:featuredmedia":[{"embeddable":true,"href":"https:\/\/www.calibereurope.com\/fr\/wp-json\/wp\/v2\/media\/1615632"}],"wp:attachment":[{"href":"https:\/\/www.calibereurope.com\/fr\/wp-json\/wp\/v2\/media?parent=70913"}],"wp:term":[{"taxonomy":"product_brand","embeddable":true,"href":"https:\/\/www.calibereurope.com\/fr\/wp-json\/wp\/v2\/product_brand?post=70913"},{"taxonomy":"product_cat","embeddable":true,"href":"https:\/\/www.calibereurope.com\/fr\/wp-json\/wp\/v2\/product_cat?post=70913"},{"taxonomy":"product_tag","embeddable":true,"href":"https:\/\/www.calibereurope.com\/fr\/wp-json\/wp\/v2\/product_tag?post=70913"}],"curies":[{"name":"wp","href":"https:\/\/api.w.org\/{rel}","templated":true}]}}