{"id":71419,"date":"2024-09-04T02:00:00","date_gmt":"2022-09-12T00:00:00","guid":{"rendered":""},"modified":"2024-09-04T12:55:05","modified_gmt":"2024-09-04T10:55:05","slug":"HCG008Q-fr_FR","status":"publish","type":"product","link":"https:\/\/www.calibereurope.com\/fr\/produit\/HCG008Q-fr_FR\/","title":{"rendered":"Radio-r\u00e9veil avec chargement sans fil et FM radio &#8211; Noir (HCG008Q)"},"content":{"rendered":"<p>Le Caliber HCG008Q est un radio-r\u00e9veil avec un grand \u00e9cran lisible. Il fonctionne \u00e0 la fois sur secteur et sur piles. Il n&#39;est pas question d&#39;arriver trop tard, car m\u00eame en cas de panne de courant, le r\u00e9veil fonctionnera toujours. Vous serez r\u00e9veill\u00e9 par la radio ou un buzzer. La radio poss\u00e8de 10 pr\u00e9r\u00e9glages r\u00e9glables. En outre, le HCG008Q dispose d&#39;une fonction de r\u00e9p\u00e9tition, d&#39;une minuterie de sommeil et d&#39;une fonction de gradation. Le r\u00e9veil est \u00e9galement \u00e9quip\u00e9 d&#39;une fonction de recharge du Qi sans fil pour votre t\u00e9l\u00e9phone portable afin qu&#39;il se recharge pendant votre sommeil.<\/p>\n","protected":false},"excerpt":{"rendered":"<p>Le Caliber HCG008Q est un radio-r\u00e9veil avec un grand \u00e9cran lisible. Il fonctionne \u00e0 la fois sur secteur et sur piles. Il n&#39;est pas question d&#39;arriver trop tard, car m\u00eame en cas de panne de courant, le r\u00e9veil fonctionnera toujours. Vous serez r\u00e9veill\u00e9 par la radio ou un buzzer. La radio poss\u00e8de 10 pr\u00e9r\u00e9glages r\u00e9glables. [&hellip;]<\/p>\n","protected":false},"featured_media":1373231,"comment_status":"open","ping_status":"closed","template":"","meta":{"inline_featured_image":false},"product_brand":[],"product_cat":[7902,7884],"product_tag":[],"class_list":{"0":"post-71419","1":"product","2":"type-product","3":"status-publish","4":"has-post-thumbnail","6":"product_cat-wekker_radios_fr_FR","7":"product_cat-wonen_fr_FR","9":"first","10":"instock","11":"taxable","12":"shipping-taxable","13":"purchasable","14":"product-type-simple"},"yoast_head":"<!-- This site is optimized with the Yoast SEO plugin v24.4 - https:\/\/yoast.com\/wordpress\/plugins\/seo\/ -->\n<title>Radio-r\u00e9veil avec chargement sans fil et FM radio - Noir (HCG008Q) | Caliber<\/title>\n<meta name=\"robots\" content=\"index, follow, max-snippet:-1, max-image-preview:large, max-video-preview:-1\" \/>\n<link rel=\"canonical\" href=\"https:\/\/www.calibereurope.com\/fr\/produit\/HCG008Q-fr_FR\/\" \/>\n<meta property=\"og:locale\" content=\"fr_FR\" \/>\n<meta property=\"og:type\" content=\"article\" \/>\n<meta property=\"og:title\" content=\"Radio-r\u00e9veil avec chargement sans fil et FM radio - Noir (HCG008Q) | Caliber\" \/>\n<meta property=\"og:description\" content=\"Le Caliber HCG008Q est un radio-r\u00e9veil avec un grand \u00e9cran lisible. Il fonctionne \u00e0 la fois sur secteur et sur piles. Il n&#039;est pas question d&#039;arriver trop tard, car m\u00eame en cas de panne de courant, le r\u00e9veil fonctionnera toujours. Vous serez r\u00e9veill\u00e9 par la radio ou un buzzer. La radio poss\u00e8de 10 pr\u00e9r\u00e9glages r\u00e9glables. [&hellip;]\" \/>\n<meta property=\"og:url\" content=\"https:\/\/www.calibereurope.com\/fr\/produit\/HCG008Q-fr_FR\/\" \/>\n<meta property=\"og:site_name\" content=\"Caliber\" \/>\n<meta property=\"article:publisher\" content=\"https:\/\/facebook.com\/CaliberEurope\/\" \/>\n<meta property=\"article:modified_time\" content=\"2024-09-04T10:55:05+00:00\" \/>\n<meta property=\"og:image\" content=\"https:\/\/www.calibereurope.com\/wp-content\/uploads\/2022\/11\/a1c920381960c8d38666fb7e92040183c6fec858_HCG008Q_web-2.jpg\" \/>\n\t<meta property=\"og:image:width\" content=\"1024\" \/>\n\t<meta property=\"og:image:height\" content=\"768\" \/>\n\t<meta property=\"og:image:type\" content=\"image\/jpeg\" \/>\n<meta name=\"twitter:card\" content=\"summary_large_image\" \/>\n<meta name=\"twitter:site\" content=\"@calibereurope\" \/>\n<meta name=\"twitter:label1\" content=\"Prix\" \/>\n\t<meta name=\"twitter:data1\" content=\"34,95\" \/>\n\t<meta name=\"twitter:label2\" content=\"Availability\" \/>\n\t<meta name=\"twitter:data2\" content=\"In stock\" \/>\n<script type=\"application\/ld+json\" class=\"yoast-schema-graph\">{\"@context\":\"https:\/\/schema.org\",\"@graph\":[{\"@type\":\"WebPage\",\"@id\":\"https:\/\/www.calibereurope.com\/fr\/produit\/HCG008Q-fr_FR\/\",\"url\":\"https:\/\/www.calibereurope.com\/fr\/produit\/HCG008Q-fr_FR\/\",\"name\":\"Radio-r\u00e9veil avec chargement sans fil et FM radio - Noir (HCG008Q) | Caliber\",\"isPartOf\":{\"@id\":\"https:\/\/www.calibereurope.com\/fr\/#website\"},\"primaryImageOfPage\":{\"@id\":\"https:\/\/www.calibereurope.com\/fr\/produit\/HCG008Q-fr_FR\/#primaryimage\"},\"image\":{\"@id\":\"https:\/\/www.calibereurope.com\/fr\/produit\/HCG008Q-fr_FR\/#primaryimage\"},\"thumbnailUrl\":\"https:\/\/www.calibereurope.com\/wp-content\/uploads\/2022\/11\/a1c920381960c8d38666fb7e92040183c6fec858_HCG008Q_web-2.jpg\",\"datePublished\":\"2022-09-12T00:00:00+00:00\",\"dateModified\":\"2024-09-04T10:55:05+00:00\",\"breadcrumb\":{\"@id\":\"https:\/\/www.calibereurope.com\/fr\/produit\/HCG008Q-fr_FR\/#breadcrumb\"},\"inLanguage\":\"fr-FR\",\"potentialAction\":[{\"@type\":\"ReadAction\",\"target\":[\"https:\/\/www.calibereurope.com\/fr\/produit\/HCG008Q-fr_FR\/\"]}]},{\"@type\":\"ImageObject\",\"inLanguage\":\"fr-FR\",\"@id\":\"https:\/\/www.calibereurope.com\/fr\/produit\/HCG008Q-fr_FR\/#primaryimage\",\"url\":\"https:\/\/www.calibereurope.com\/wp-content\/uploads\/2022\/11\/a1c920381960c8d38666fb7e92040183c6fec858_HCG008Q_web-2.jpg\",\"contentUrl\":\"https:\/\/www.calibereurope.com\/wp-content\/uploads\/2022\/11\/a1c920381960c8d38666fb7e92040183c6fec858_HCG008Q_web-2.jpg\",\"width\":1024,\"height\":768},{\"@type\":\"BreadcrumbList\",\"@id\":\"https:\/\/www.calibereurope.com\/fr\/produit\/HCG008Q-fr_FR\/#breadcrumb\",\"itemListElement\":[{\"@type\":\"ListItem\",\"position\":1,\"name\":\"Home\",\"item\":\"https:\/\/www.calibereurope.com\/fr\/\"},{\"@type\":\"ListItem\",\"position\":2,\"name\":\"Boutique en ligne\",\"item\":\"https:\/\/www.calibereurope.com\/fr\/boutique-en-ligne\/\"},{\"@type\":\"ListItem\",\"position\":3,\"name\":\"Vivre\",\"item\":\"https:\/\/www.calibereurope.com\/fr\/wonen_fr_FR\/\"},{\"@type\":\"ListItem\",\"position\":4,\"name\":\"R\u00e9veil (radios)\",\"item\":\"https:\/\/www.calibereurope.com\/fr\/wonen_fr_FR\/wekker_radios_fr_FR\/\"},{\"@type\":\"ListItem\",\"position\":5,\"name\":\"Radio-r\u00e9veil avec chargement sans fil et FM radio &#8211; Noir (HCG008Q)\"}]},{\"@type\":\"WebSite\",\"@id\":\"https:\/\/www.calibereurope.com\/fr\/#website\",\"url\":\"https:\/\/www.calibereurope.com\/fr\/\",\"name\":\"Caliber\",\"description\":\"Sounds good!\",\"publisher\":{\"@id\":\"https:\/\/www.calibereurope.com\/fr\/#organization\"},\"potentialAction\":[{\"@type\":\"SearchAction\",\"target\":{\"@type\":\"EntryPoint\",\"urlTemplate\":\"https:\/\/www.calibereurope.com\/fr\/?s={search_term_string}\"},\"query-input\":{\"@type\":\"PropertyValueSpecification\",\"valueRequired\":true,\"valueName\":\"search_term_string\"}}],\"inLanguage\":\"fr-FR\"},{\"@type\":\"Organization\",\"@id\":\"https:\/\/www.calibereurope.com\/fr\/#organization\",\"name\":\"Caliber Europe B.V.\",\"url\":\"https:\/\/www.calibereurope.com\/fr\/\",\"logo\":{\"@type\":\"ImageObject\",\"inLanguage\":\"fr-FR\",\"@id\":\"https:\/\/www.calibereurope.com\/fr\/#\/schema\/logo\/image\/\",\"url\":\"https:\/\/www.calibereurope.com\/wp-content\/uploads\/2019\/11\/Logo-Caliber-e1574846289621.png\",\"contentUrl\":\"https:\/\/www.calibereurope.com\/wp-content\/uploads\/2019\/11\/Logo-Caliber-e1574846289621.png\",\"width\":400,\"height\":69,\"caption\":\"Caliber Europe B.V.\"},\"image\":{\"@id\":\"https:\/\/www.calibereurope.com\/fr\/#\/schema\/logo\/image\/\"},\"sameAs\":[\"https:\/\/facebook.com\/CaliberEurope\/\",\"https:\/\/x.com\/calibereurope\",\"https:\/\/www.instagram.com\/calibereurope\/\"]}]}<\/script>\n<meta property=\"product:price:amount\" content=\"34.95\" \/>\n<meta property=\"product:price:currency\" content=\"EUR\" \/>\n<meta property=\"og:availability\" content=\"instock\" \/>\n<meta property=\"product:availability\" content=\"instock\" \/>\n<meta property=\"product:retailer_item_id\" content=\"HCG008Q\" \/>\n<meta property=\"product:condition\" content=\"new\" \/>\n<!-- \/ Yoast SEO plugin. -->","yoast_head_json":{"title":"Radio-r\u00e9veil avec chargement sans fil et FM radio - Noir (HCG008Q) | Caliber","robots":{"index":"index","follow":"follow","max-snippet":"max-snippet:-1","max-image-preview":"max-image-preview:large","max-video-preview":"max-video-preview:-1"},"canonical":"https:\/\/www.calibereurope.com\/fr\/produit\/HCG008Q-fr_FR\/","og_locale":"fr_FR","og_type":"article","og_title":"Radio-r\u00e9veil avec chargement sans fil et FM radio - Noir (HCG008Q) | Caliber","og_description":"Le Caliber HCG008Q est un radio-r\u00e9veil avec un grand \u00e9cran lisible. Il fonctionne \u00e0 la fois sur secteur et sur piles. Il n&#39;est pas question d&#39;arriver trop tard, car m\u00eame en cas de panne de courant, le r\u00e9veil fonctionnera toujours. Vous serez r\u00e9veill\u00e9 par la radio ou un buzzer. La radio poss\u00e8de 10 pr\u00e9r\u00e9glages r\u00e9glables. [&hellip;]","og_url":"https:\/\/www.calibereurope.com\/fr\/produit\/HCG008Q-fr_FR\/","og_site_name":"Caliber","article_publisher":"https:\/\/facebook.com\/CaliberEurope\/","article_modified_time":"2024-09-04T10:55:05+00:00","og_image":[{"width":1024,"height":768,"url":"https:\/\/www.calibereurope.com\/wp-content\/uploads\/2022\/11\/a1c920381960c8d38666fb7e92040183c6fec858_HCG008Q_web-2.jpg","type":"image\/jpeg"}],"twitter_card":"summary_large_image","twitter_site":"@calibereurope","twitter_misc":{"Prix":"34,95","Availability":"In stock"},"schema":{"@context":"https:\/\/schema.org","@graph":[{"@type":"WebPage","@id":"https:\/\/www.calibereurope.com\/fr\/produit\/HCG008Q-fr_FR\/","url":"https:\/\/www.calibereurope.com\/fr\/produit\/HCG008Q-fr_FR\/","name":"Radio-r\u00e9veil avec chargement sans fil et FM radio - Noir (HCG008Q) | Caliber","isPartOf":{"@id":"https:\/\/www.calibereurope.com\/fr\/#website"},"primaryImageOfPage":{"@id":"https:\/\/www.calibereurope.com\/fr\/produit\/HCG008Q-fr_FR\/#primaryimage"},"image":{"@id":"https:\/\/www.calibereurope.com\/fr\/produit\/HCG008Q-fr_FR\/#primaryimage"},"thumbnailUrl":"https:\/\/www.calibereurope.com\/wp-content\/uploads\/2022\/11\/a1c920381960c8d38666fb7e92040183c6fec858_HCG008Q_web-2.jpg","datePublished":"2022-09-12T00:00:00+00:00","dateModified":"2024-09-04T10:55:05+00:00","breadcrumb":{"@id":"https:\/\/www.calibereurope.com\/fr\/produit\/HCG008Q-fr_FR\/#breadcrumb"},"inLanguage":"fr-FR","potentialAction":[{"@type":"ReadAction","target":["https:\/\/www.calibereurope.com\/fr\/produit\/HCG008Q-fr_FR\/"]}]},{"@type":"ImageObject","inLanguage":"fr-FR","@id":"https:\/\/www.calibereurope.com\/fr\/produit\/HCG008Q-fr_FR\/#primaryimage","url":"https:\/\/www.calibereurope.com\/wp-content\/uploads\/2022\/11\/a1c920381960c8d38666fb7e92040183c6fec858_HCG008Q_web-2.jpg","contentUrl":"https:\/\/www.calibereurope.com\/wp-content\/uploads\/2022\/11\/a1c920381960c8d38666fb7e92040183c6fec858_HCG008Q_web-2.jpg","width":1024,"height":768},{"@type":"BreadcrumbList","@id":"https:\/\/www.calibereurope.com\/fr\/produit\/HCG008Q-fr_FR\/#breadcrumb","itemListElement":[{"@type":"ListItem","position":1,"name":"Home","item":"https:\/\/www.calibereurope.com\/fr\/"},{"@type":"ListItem","position":2,"name":"Boutique en ligne","item":"https:\/\/www.calibereurope.com\/fr\/boutique-en-ligne\/"},{"@type":"ListItem","position":3,"name":"Vivre","item":"https:\/\/www.calibereurope.com\/fr\/wonen_fr_FR\/"},{"@type":"ListItem","position":4,"name":"R\u00e9veil (radios)","item":"https:\/\/www.calibereurope.com\/fr\/wonen_fr_FR\/wekker_radios_fr_FR\/"},{"@type":"ListItem","position":5,"name":"Radio-r\u00e9veil avec chargement sans fil et FM radio &#8211; Noir (HCG008Q)"}]},{"@type":"WebSite","@id":"https:\/\/www.calibereurope.com\/fr\/#website","url":"https:\/\/www.calibereurope.com\/fr\/","name":"Caliber","description":"Sounds good!","publisher":{"@id":"https:\/\/www.calibereurope.com\/fr\/#organization"},"potentialAction":[{"@type":"SearchAction","target":{"@type":"EntryPoint","urlTemplate":"https:\/\/www.calibereurope.com\/fr\/?s={search_term_string}"},"query-input":{"@type":"PropertyValueSpecification","valueRequired":true,"valueName":"search_term_string"}}],"inLanguage":"fr-FR"},{"@type":"Organization","@id":"https:\/\/www.calibereurope.com\/fr\/#organization","name":"Caliber Europe B.V.","url":"https:\/\/www.calibereurope.com\/fr\/","logo":{"@type":"ImageObject","inLanguage":"fr-FR","@id":"https:\/\/www.calibereurope.com\/fr\/#\/schema\/logo\/image\/","url":"https:\/\/www.calibereurope.com\/wp-content\/uploads\/2019\/11\/Logo-Caliber-e1574846289621.png","contentUrl":"https:\/\/www.calibereurope.com\/wp-content\/uploads\/2019\/11\/Logo-Caliber-e1574846289621.png","width":400,"height":69,"caption":"Caliber Europe B.V."},"image":{"@id":"https:\/\/www.calibereurope.com\/fr\/#\/schema\/logo\/image\/"},"sameAs":["https:\/\/facebook.com\/CaliberEurope\/","https:\/\/x.com\/calibereurope","https:\/\/www.instagram.com\/calibereurope\/"]}]},"product_price_amount":"34.95","product_price_currency":"EUR","og_availability":"instock","product_availability":"instock","product_retailer_item_id":"HCG008Q","product_condition":"new"},"_links":{"self":[{"href":"https:\/\/www.calibereurope.com\/fr\/wp-json\/wp\/v2\/product\/71419","targetHints":{"allow":["GET"]}}],"collection":[{"href":"https:\/\/www.calibereurope.com\/fr\/wp-json\/wp\/v2\/product"}],"about":[{"href":"https:\/\/www.calibereurope.com\/fr\/wp-json\/wp\/v2\/types\/product"}],"replies":[{"embeddable":true,"href":"https:\/\/www.calibereurope.com\/fr\/wp-json\/wp\/v2\/comments?post=71419"}],"wp:featuredmedia":[{"embeddable":true,"href":"https:\/\/www.calibereurope.com\/fr\/wp-json\/wp\/v2\/media\/1373231"}],"wp:attachment":[{"href":"https:\/\/www.calibereurope.com\/fr\/wp-json\/wp\/v2\/media?parent=71419"}],"wp:term":[{"taxonomy":"product_brand","embeddable":true,"href":"https:\/\/www.calibereurope.com\/fr\/wp-json\/wp\/v2\/product_brand?post=71419"},{"taxonomy":"product_cat","embeddable":true,"href":"https:\/\/www.calibereurope.com\/fr\/wp-json\/wp\/v2\/product_cat?post=71419"},{"taxonomy":"product_tag","embeddable":true,"href":"https:\/\/www.calibereurope.com\/fr\/wp-json\/wp\/v2\/product_tag?post=71419"}],"curies":[{"name":"wp","href":"https:\/\/api.w.org\/{rel}","templated":true}]}}