{"id":72774,"date":"2026-01-05T01:00:00","date_gmt":"2026-01-05T00:00:00","guid":{"rendered":"0"},"modified":"2026-03-12T13:03:08","modified_gmt":"2026-03-12T12:03:08","slug":"HFG411BT-fr_FR","status":"publish","type":"product","link":"https:\/\/www.calibereurope.com\/fr\/produit\/HFG411BT-fr_FR\/","title":{"rendered":"Haut-parleur Bluetooth\u00ae technologie &#8211; R\u00e9tro USB Noir (HFG411BT)"},"content":{"rendered":"<p>Le Caliber HFG411BT est un haut-parleur Bluetooth\u00ae technologie  avec un v\u00e9ritable look r\u00e9tro. Connectez votre smartphone, tablette ou ordinateur portable via Bluetooth\u00ae technologie  et \u00e9coutez votre musique pr\u00e9f\u00e9r\u00e9e \u00e0 la maison. Gr\u00e2ce aux profils Bluetooth\u00ae technologie  A2DP et AVRCP, la qualit\u00e9 de la connexion Bluetooth\u00ae technologie  est \u00e9lev\u00e9e, de sorte que vous pouvez entendre votre musique clairement et sans hoquet. Sa taille compacte permet de placer facilement cette enceinte sur la table, sur un placard ou sur le comptoir de la cuisine. Le haut-parleur a une puissance maximale de 45 Watt RMS. ConnexionsConnectez votre appareil via Bluetooth\u00ae technologie  et restez connect\u00e9 jusqu&#39;\u00e0 10 m\u00e8tres de distance. Vous voulez \u00e9couter votre musique autrement que par Bluetooth\u00ae technologie  ? C&#39;est possible aussi. Le HFG411BT est \u00e9quip\u00e9 d&#39;un connecteur jack de 3,5 mm, ce qui vous permet de brancher votre appareil \u00e0 une prise mini-jack standard. Le haut-parleur fonctionne \u00e9galement \u00e0 partir d&#39;une cl\u00e9 USB avec une capacit\u00e9 de stockage allant jusqu&#39;\u00e0 32 Go. Panneau de contr\u00f4le Sur le dessus du haut-parleur Bluetooth\u00ae technologie , vous trouverez les boutons que vous utilisez pour le contr\u00f4ler. Vous n&#39;avez donc pas besoin de tenir votre t\u00e9l\u00e9phone dans vos mains ou de vous asseoir derri\u00e8re votre ordinateur portable. Il y a des boutons pour la lecture\/pause, le rembobinage et l&#39;avance rapide. Les boutons &#8220;play&#8221; et &#8220;forward&#8221; servent simultan\u00e9ment de paire (pour Bluetooth\u00ae technologie ) et de bouton &#8220;wake&#8221;. R\u00e9glez le volume, les basses et les aigus \u00e0 l&#39;aide des boutons rotatifs faciles \u00e0 utiliser. Sur le panneau, vous verrez \u00e9galement des indicateurs LED pour voir si le haut-parleur est allum\u00e9 et connect\u00e9 via Bluetooth\u00ae technologie .<\/p>\n","protected":false},"excerpt":{"rendered":"<p>Le Caliber HFG411BT est un haut-parleur Bluetooth\u00ae technologie avec un v\u00e9ritable look r\u00e9tro. Connectez votre smartphone, tablette ou ordinateur portable via Bluetooth\u00ae technologie et \u00e9coutez votre musique pr\u00e9f\u00e9r\u00e9e \u00e0 la maison. Gr\u00e2ce aux profils Bluetooth\u00ae technologie A2DP et AVRCP, la qualit\u00e9 de la connexion Bluetooth\u00ae technologie est \u00e9lev\u00e9e, de sorte que vous pouvez entendre votre [&hellip;]<\/p>\n","protected":false},"featured_media":1685152,"comment_status":"open","ping_status":"closed","template":"","meta":{"inline_featured_image":false},"product_brand":[],"product_cat":[7875,7860],"product_tag":[],"class_list":{"0":"post-72774","1":"product","2":"type-product","3":"status-publish","4":"has-post-thumbnail","6":"product_cat-bluetooth_speakers_geluid_fr_FR","7":"product_cat-geluid_fr_FR","9":"first","10":"outofstock","11":"taxable","12":"shipping-taxable","13":"purchasable","14":"product-type-simple"},"yoast_head":"<!-- This site is optimized with the Yoast SEO plugin v24.4 - https:\/\/yoast.com\/wordpress\/plugins\/seo\/ -->\n<title>Haut-parleur Bluetooth\u00ae technologie - R\u00e9tro USB Noir (HFG411BT) | Caliber<\/title>\n<meta name=\"robots\" content=\"index, follow, max-snippet:-1, max-image-preview:large, max-video-preview:-1\" \/>\n<link rel=\"canonical\" href=\"https:\/\/www.calibereurope.com\/fr\/produit\/HFG411BT-fr_FR\/\" \/>\n<meta property=\"og:locale\" content=\"fr_FR\" \/>\n<meta property=\"og:type\" content=\"article\" \/>\n<meta property=\"og:title\" content=\"Haut-parleur Bluetooth\u00ae technologie - R\u00e9tro USB Noir (HFG411BT) | Caliber\" \/>\n<meta property=\"og:description\" content=\"Le Caliber HFG411BT est un haut-parleur Bluetooth\u00ae technologie avec un v\u00e9ritable look r\u00e9tro. Connectez votre smartphone, tablette ou ordinateur portable via Bluetooth\u00ae technologie et \u00e9coutez votre musique pr\u00e9f\u00e9r\u00e9e \u00e0 la maison. Gr\u00e2ce aux profils Bluetooth\u00ae technologie A2DP et AVRCP, la qualit\u00e9 de la connexion Bluetooth\u00ae technologie est \u00e9lev\u00e9e, de sorte que vous pouvez entendre votre [&hellip;]\" \/>\n<meta property=\"og:url\" content=\"https:\/\/www.calibereurope.com\/fr\/produit\/HFG411BT-fr_FR\/\" \/>\n<meta property=\"og:site_name\" content=\"Caliber\" \/>\n<meta property=\"article:publisher\" content=\"https:\/\/facebook.com\/CaliberEurope\/\" \/>\n<meta property=\"article:modified_time\" content=\"2026-03-12T12:03:08+00:00\" \/>\n<meta property=\"og:image\" content=\"https:\/\/www.calibereurope.com\/wp-content\/uploads\/2022\/06\/89bbc87760882613f35488286ced2ca995cfe86e_HFG411BT_front_web-2.jpg\" \/>\n\t<meta property=\"og:image:width\" content=\"1024\" \/>\n\t<meta property=\"og:image:height\" content=\"768\" \/>\n\t<meta property=\"og:image:type\" content=\"image\/jpeg\" \/>\n<meta name=\"twitter:card\" content=\"summary_large_image\" \/>\n<meta name=\"twitter:site\" content=\"@calibereurope\" \/>\n<meta name=\"twitter:label1\" content=\"Prix\" \/>\n\t<meta name=\"twitter:data1\" content=\"99,00\" \/>\n\t<meta name=\"twitter:label2\" content=\"Availability\" \/>\n\t<meta name=\"twitter:data2\" content=\"Out of stock\" \/>\n<script type=\"application\/ld+json\" class=\"yoast-schema-graph\">{\"@context\":\"https:\/\/schema.org\",\"@graph\":[{\"@type\":\"WebPage\",\"@id\":\"https:\/\/www.calibereurope.com\/fr\/produit\/HFG411BT-fr_FR\/\",\"url\":\"https:\/\/www.calibereurope.com\/fr\/produit\/HFG411BT-fr_FR\/\",\"name\":\"Haut-parleur Bluetooth\u00ae technologie - R\u00e9tro USB Noir (HFG411BT) | Caliber\",\"isPartOf\":{\"@id\":\"https:\/\/www.calibereurope.com\/fr\/#website\"},\"primaryImageOfPage\":{\"@id\":\"https:\/\/www.calibereurope.com\/fr\/produit\/HFG411BT-fr_FR\/#primaryimage\"},\"image\":{\"@id\":\"https:\/\/www.calibereurope.com\/fr\/produit\/HFG411BT-fr_FR\/#primaryimage\"},\"thumbnailUrl\":\"https:\/\/www.calibereurope.com\/wp-content\/uploads\/2026\/01\/0dd35dd0771899d19425a649103f32a1bd0c9f99_HFG411BT_left_front_top-2-scaled.jpg\",\"datePublished\":\"2026-01-05T00:00:00+00:00\",\"dateModified\":\"2026-03-12T12:03:08+00:00\",\"breadcrumb\":{\"@id\":\"https:\/\/www.calibereurope.com\/fr\/produit\/HFG411BT-fr_FR\/#breadcrumb\"},\"inLanguage\":\"fr-FR\",\"potentialAction\":[{\"@type\":\"ReadAction\",\"target\":[\"https:\/\/www.calibereurope.com\/fr\/produit\/HFG411BT-fr_FR\/\"]}]},{\"@type\":\"ImageObject\",\"inLanguage\":\"fr-FR\",\"@id\":\"https:\/\/www.calibereurope.com\/fr\/produit\/HFG411BT-fr_FR\/#primaryimage\",\"url\":\"https:\/\/www.calibereurope.com\/wp-content\/uploads\/2026\/01\/0dd35dd0771899d19425a649103f32a1bd0c9f99_HFG411BT_left_front_top-2-scaled.jpg\",\"contentUrl\":\"https:\/\/www.calibereurope.com\/wp-content\/uploads\/2026\/01\/0dd35dd0771899d19425a649103f32a1bd0c9f99_HFG411BT_left_front_top-2-scaled.jpg\",\"width\":2560,\"height\":2560},{\"@type\":\"BreadcrumbList\",\"@id\":\"https:\/\/www.calibereurope.com\/fr\/produit\/HFG411BT-fr_FR\/#breadcrumb\",\"itemListElement\":[{\"@type\":\"ListItem\",\"position\":1,\"name\":\"Home\",\"item\":\"https:\/\/www.calibereurope.com\/fr\/\"},{\"@type\":\"ListItem\",\"position\":2,\"name\":\"Boutique en ligne\",\"item\":\"https:\/\/www.calibereurope.com\/fr\/boutique-en-ligne\/\"},{\"@type\":\"ListItem\",\"position\":3,\"name\":\"Son\",\"item\":\"https:\/\/www.calibereurope.com\/fr\/geluid_fr_FR\/\"},{\"@type\":\"ListItem\",\"position\":4,\"name\":\"Haut-parleurs Bluetooth\",\"item\":\"https:\/\/www.calibereurope.com\/fr\/geluid_fr_FR\/bluetooth_speakers_geluid_fr_FR\/\"},{\"@type\":\"ListItem\",\"position\":5,\"name\":\"Haut-parleur Bluetooth\u00ae technologie &#8211; R\u00e9tro USB Noir (HFG411BT)\"}]},{\"@type\":\"WebSite\",\"@id\":\"https:\/\/www.calibereurope.com\/fr\/#website\",\"url\":\"https:\/\/www.calibereurope.com\/fr\/\",\"name\":\"Caliber\",\"description\":\"Sounds good!\",\"publisher\":{\"@id\":\"https:\/\/www.calibereurope.com\/fr\/#organization\"},\"potentialAction\":[{\"@type\":\"SearchAction\",\"target\":{\"@type\":\"EntryPoint\",\"urlTemplate\":\"https:\/\/www.calibereurope.com\/fr\/?s={search_term_string}\"},\"query-input\":{\"@type\":\"PropertyValueSpecification\",\"valueRequired\":true,\"valueName\":\"search_term_string\"}}],\"inLanguage\":\"fr-FR\"},{\"@type\":\"Organization\",\"@id\":\"https:\/\/www.calibereurope.com\/fr\/#organization\",\"name\":\"Caliber Europe B.V.\",\"url\":\"https:\/\/www.calibereurope.com\/fr\/\",\"logo\":{\"@type\":\"ImageObject\",\"inLanguage\":\"fr-FR\",\"@id\":\"https:\/\/www.calibereurope.com\/fr\/#\/schema\/logo\/image\/\",\"url\":\"https:\/\/www.calibereurope.com\/wp-content\/uploads\/2019\/11\/Logo-Caliber-e1574846289621.png\",\"contentUrl\":\"https:\/\/www.calibereurope.com\/wp-content\/uploads\/2019\/11\/Logo-Caliber-e1574846289621.png\",\"width\":400,\"height\":69,\"caption\":\"Caliber Europe B.V.\"},\"image\":{\"@id\":\"https:\/\/www.calibereurope.com\/fr\/#\/schema\/logo\/image\/\"},\"sameAs\":[\"https:\/\/facebook.com\/CaliberEurope\/\",\"https:\/\/x.com\/calibereurope\",\"https:\/\/www.instagram.com\/calibereurope\/\"]}]}<\/script>\n<meta property=\"product:price:amount\" content=\"99.00\" \/>\n<meta property=\"product:price:currency\" content=\"EUR\" \/>\n<meta property=\"og:availability\" content=\"out of stock\" \/>\n<meta property=\"product:availability\" content=\"out of stock\" \/>\n<meta property=\"product:retailer_item_id\" content=\"HFG411BT\" \/>\n<meta property=\"product:condition\" content=\"new\" \/>\n<!-- \/ Yoast SEO plugin. -->","yoast_head_json":{"title":"Haut-parleur Bluetooth\u00ae technologie - R\u00e9tro USB Noir (HFG411BT) | Caliber","robots":{"index":"index","follow":"follow","max-snippet":"max-snippet:-1","max-image-preview":"max-image-preview:large","max-video-preview":"max-video-preview:-1"},"canonical":"https:\/\/www.calibereurope.com\/fr\/produit\/HFG411BT-fr_FR\/","og_locale":"fr_FR","og_type":"article","og_title":"Haut-parleur Bluetooth\u00ae technologie - R\u00e9tro USB Noir (HFG411BT) | Caliber","og_description":"Le Caliber HFG411BT est un haut-parleur Bluetooth\u00ae technologie avec un v\u00e9ritable look r\u00e9tro. Connectez votre smartphone, tablette ou ordinateur portable via Bluetooth\u00ae technologie et \u00e9coutez votre musique pr\u00e9f\u00e9r\u00e9e \u00e0 la maison. Gr\u00e2ce aux profils Bluetooth\u00ae technologie A2DP et AVRCP, la qualit\u00e9 de la connexion Bluetooth\u00ae technologie est \u00e9lev\u00e9e, de sorte que vous pouvez entendre votre [&hellip;]","og_url":"https:\/\/www.calibereurope.com\/fr\/produit\/HFG411BT-fr_FR\/","og_site_name":"Caliber","article_publisher":"https:\/\/facebook.com\/CaliberEurope\/","article_modified_time":"2026-03-12T12:03:08+00:00","og_image":[{"width":1024,"height":768,"url":"https:\/\/www.calibereurope.com\/wp-content\/uploads\/2022\/06\/89bbc87760882613f35488286ced2ca995cfe86e_HFG411BT_front_web-2.jpg","type":"image\/jpeg"}],"twitter_card":"summary_large_image","twitter_site":"@calibereurope","twitter_misc":{"Prix":"99,00","Availability":"Out of stock"},"schema":{"@context":"https:\/\/schema.org","@graph":[{"@type":"WebPage","@id":"https:\/\/www.calibereurope.com\/fr\/produit\/HFG411BT-fr_FR\/","url":"https:\/\/www.calibereurope.com\/fr\/produit\/HFG411BT-fr_FR\/","name":"Haut-parleur Bluetooth\u00ae technologie - R\u00e9tro USB Noir (HFG411BT) | Caliber","isPartOf":{"@id":"https:\/\/www.calibereurope.com\/fr\/#website"},"primaryImageOfPage":{"@id":"https:\/\/www.calibereurope.com\/fr\/produit\/HFG411BT-fr_FR\/#primaryimage"},"image":{"@id":"https:\/\/www.calibereurope.com\/fr\/produit\/HFG411BT-fr_FR\/#primaryimage"},"thumbnailUrl":"https:\/\/www.calibereurope.com\/wp-content\/uploads\/2026\/01\/0dd35dd0771899d19425a649103f32a1bd0c9f99_HFG411BT_left_front_top-2-scaled.jpg","datePublished":"2026-01-05T00:00:00+00:00","dateModified":"2026-03-12T12:03:08+00:00","breadcrumb":{"@id":"https:\/\/www.calibereurope.com\/fr\/produit\/HFG411BT-fr_FR\/#breadcrumb"},"inLanguage":"fr-FR","potentialAction":[{"@type":"ReadAction","target":["https:\/\/www.calibereurope.com\/fr\/produit\/HFG411BT-fr_FR\/"]}]},{"@type":"ImageObject","inLanguage":"fr-FR","@id":"https:\/\/www.calibereurope.com\/fr\/produit\/HFG411BT-fr_FR\/#primaryimage","url":"https:\/\/www.calibereurope.com\/wp-content\/uploads\/2026\/01\/0dd35dd0771899d19425a649103f32a1bd0c9f99_HFG411BT_left_front_top-2-scaled.jpg","contentUrl":"https:\/\/www.calibereurope.com\/wp-content\/uploads\/2026\/01\/0dd35dd0771899d19425a649103f32a1bd0c9f99_HFG411BT_left_front_top-2-scaled.jpg","width":2560,"height":2560},{"@type":"BreadcrumbList","@id":"https:\/\/www.calibereurope.com\/fr\/produit\/HFG411BT-fr_FR\/#breadcrumb","itemListElement":[{"@type":"ListItem","position":1,"name":"Home","item":"https:\/\/www.calibereurope.com\/fr\/"},{"@type":"ListItem","position":2,"name":"Boutique en ligne","item":"https:\/\/www.calibereurope.com\/fr\/boutique-en-ligne\/"},{"@type":"ListItem","position":3,"name":"Son","item":"https:\/\/www.calibereurope.com\/fr\/geluid_fr_FR\/"},{"@type":"ListItem","position":4,"name":"Haut-parleurs Bluetooth","item":"https:\/\/www.calibereurope.com\/fr\/geluid_fr_FR\/bluetooth_speakers_geluid_fr_FR\/"},{"@type":"ListItem","position":5,"name":"Haut-parleur Bluetooth\u00ae technologie &#8211; R\u00e9tro USB Noir (HFG411BT)"}]},{"@type":"WebSite","@id":"https:\/\/www.calibereurope.com\/fr\/#website","url":"https:\/\/www.calibereurope.com\/fr\/","name":"Caliber","description":"Sounds good!","publisher":{"@id":"https:\/\/www.calibereurope.com\/fr\/#organization"},"potentialAction":[{"@type":"SearchAction","target":{"@type":"EntryPoint","urlTemplate":"https:\/\/www.calibereurope.com\/fr\/?s={search_term_string}"},"query-input":{"@type":"PropertyValueSpecification","valueRequired":true,"valueName":"search_term_string"}}],"inLanguage":"fr-FR"},{"@type":"Organization","@id":"https:\/\/www.calibereurope.com\/fr\/#organization","name":"Caliber Europe B.V.","url":"https:\/\/www.calibereurope.com\/fr\/","logo":{"@type":"ImageObject","inLanguage":"fr-FR","@id":"https:\/\/www.calibereurope.com\/fr\/#\/schema\/logo\/image\/","url":"https:\/\/www.calibereurope.com\/wp-content\/uploads\/2019\/11\/Logo-Caliber-e1574846289621.png","contentUrl":"https:\/\/www.calibereurope.com\/wp-content\/uploads\/2019\/11\/Logo-Caliber-e1574846289621.png","width":400,"height":69,"caption":"Caliber Europe B.V."},"image":{"@id":"https:\/\/www.calibereurope.com\/fr\/#\/schema\/logo\/image\/"},"sameAs":["https:\/\/facebook.com\/CaliberEurope\/","https:\/\/x.com\/calibereurope","https:\/\/www.instagram.com\/calibereurope\/"]}]},"product_price_amount":"99.00","product_price_currency":"EUR","og_availability":"out of stock","product_availability":"out of stock","product_retailer_item_id":"HFG411BT","product_condition":"new"},"_links":{"self":[{"href":"https:\/\/www.calibereurope.com\/fr\/wp-json\/wp\/v2\/product\/72774","targetHints":{"allow":["GET"]}}],"collection":[{"href":"https:\/\/www.calibereurope.com\/fr\/wp-json\/wp\/v2\/product"}],"about":[{"href":"https:\/\/www.calibereurope.com\/fr\/wp-json\/wp\/v2\/types\/product"}],"replies":[{"embeddable":true,"href":"https:\/\/www.calibereurope.com\/fr\/wp-json\/wp\/v2\/comments?post=72774"}],"wp:featuredmedia":[{"embeddable":true,"href":"https:\/\/www.calibereurope.com\/fr\/wp-json\/wp\/v2\/media\/1685152"}],"wp:attachment":[{"href":"https:\/\/www.calibereurope.com\/fr\/wp-json\/wp\/v2\/media?parent=72774"}],"wp:term":[{"taxonomy":"product_brand","embeddable":true,"href":"https:\/\/www.calibereurope.com\/fr\/wp-json\/wp\/v2\/product_brand?post=72774"},{"taxonomy":"product_cat","embeddable":true,"href":"https:\/\/www.calibereurope.com\/fr\/wp-json\/wp\/v2\/product_cat?post=72774"},{"taxonomy":"product_tag","embeddable":true,"href":"https:\/\/www.calibereurope.com\/fr\/wp-json\/wp\/v2\/product_tag?post=72774"}],"curies":[{"name":"wp","href":"https:\/\/api.w.org\/{rel}","templated":true}]}}