{"id":72834,"date":"2025-10-27T01:00:00","date_gmt":"2025-10-27T00:00:00","guid":{"rendered":""},"modified":"2025-10-27T12:37:21","modified_gmt":"2025-10-27T11:37:21","slug":"RDAB30-fr_FR","status":"publish","type":"product","link":"https:\/\/www.calibereurope.com\/fr\/produit\/RDAB30-fr_FR\/","title":{"rendered":"R\u00e9cepteur DAB+ via USB &#8211; Noir (RDAB30)"},"content":{"rendered":"<p>Connectez le r\u00e9cepteur Caliber RDAB30 DAB+ \u00e0 votre unit\u00e9 principale et profitez de la radio en haute qualit\u00e9 sonore. Votre autoradio actuel n&#39;a pas de r\u00e9ception DAB+ ? Il suffit ensuite de brancher ce r\u00e9cepteur \u00e0 l&#39;entr\u00e9e USB de la radio.<\/p>\n<p> Qualit\u00e9 DAB<\/p>\n<p> La DAB+ a une meilleure qualit\u00e9 sonore que l&#39;ancienne FM. La r\u00e9ception est meilleure et vous avez moins de bruit. La DAB+ donne plus de d\u00e9finition dans le son, ce qui vous permet de profiter davantage de vos tubes et \u00e9missions de radio pr\u00e9f\u00e9r\u00e9s. Le RDAB30 poss\u00e8de une antenne qui re\u00e7oit le signal DAB+. Utilisez le bouton de balayage pour trouver votre station pr\u00e9f\u00e9r\u00e9e.<\/p>\n","protected":false},"excerpt":{"rendered":"<p>Connectez le r\u00e9cepteur Caliber RDAB30 DAB+ \u00e0 votre unit\u00e9 principale et profitez de la radio en haute qualit\u00e9 sonore. Votre autoradio actuel n&#39;a pas de r\u00e9ception DAB+ ? Il suffit ensuite de brancher ce r\u00e9cepteur \u00e0 l&#39;entr\u00e9e USB de la radio. Qualit\u00e9 DAB La DAB+ a une meilleure qualit\u00e9 sonore que l&#39;ancienne FM. La r\u00e9ception [&hellip;]<\/p>\n","protected":false},"featured_media":1373455,"comment_status":"open","ping_status":"closed","template":"","meta":{"inline_featured_image":false},"product_brand":[],"product_cat":[7866,7860],"product_tag":[],"class_list":{"0":"post-72834","1":"product","2":"type-product","3":"status-publish","4":"has-post-thumbnail","6":"product_cat-multimedia_fr_FR","7":"product_cat-geluid_fr_FR","9":"first","10":"instock","11":"taxable","12":"shipping-taxable","13":"purchasable","14":"product-type-simple"},"yoast_head":"<!-- This site is optimized with the Yoast SEO plugin v24.4 - https:\/\/yoast.com\/wordpress\/plugins\/seo\/ -->\n<title>R\u00e9cepteur DAB+ via USB - Noir (RDAB30) | Caliber<\/title>\n<meta name=\"robots\" content=\"index, follow, max-snippet:-1, max-image-preview:large, max-video-preview:-1\" \/>\n<link rel=\"canonical\" href=\"https:\/\/www.calibereurope.com\/fr\/produit\/RDAB30-fr_FR\/\" \/>\n<meta property=\"og:locale\" content=\"fr_FR\" \/>\n<meta property=\"og:type\" content=\"article\" \/>\n<meta property=\"og:title\" content=\"R\u00e9cepteur DAB+ via USB - Noir (RDAB30) | Caliber\" \/>\n<meta property=\"og:description\" content=\"Connectez le r\u00e9cepteur Caliber RDAB30 DAB+ \u00e0 votre unit\u00e9 principale et profitez de la radio en haute qualit\u00e9 sonore. Votre autoradio actuel n&#039;a pas de r\u00e9ception DAB+ ? Il suffit ensuite de brancher ce r\u00e9cepteur \u00e0 l&#039;entr\u00e9e USB de la radio. Qualit\u00e9 DAB La DAB+ a une meilleure qualit\u00e9 sonore que l&#039;ancienne FM. La r\u00e9ception [&hellip;]\" \/>\n<meta property=\"og:url\" content=\"https:\/\/www.calibereurope.com\/fr\/produit\/RDAB30-fr_FR\/\" \/>\n<meta property=\"og:site_name\" content=\"Caliber\" \/>\n<meta property=\"article:publisher\" content=\"https:\/\/facebook.com\/CaliberEurope\/\" \/>\n<meta property=\"article:modified_time\" content=\"2025-10-27T11:37:21+00:00\" \/>\n<meta property=\"og:image\" content=\"https:\/\/www.calibereurope.com\/wp-content\/uploads\/2022\/11\/ca954c820d86428e40cbc42b87841f2cba5f14e9_RDAB30_AK-2.jpg\" \/>\n\t<meta property=\"og:image:width\" content=\"1024\" \/>\n\t<meta property=\"og:image:height\" content=\"768\" \/>\n\t<meta property=\"og:image:type\" content=\"image\/jpeg\" \/>\n<meta name=\"twitter:card\" content=\"summary_large_image\" \/>\n<meta name=\"twitter:site\" content=\"@calibereurope\" \/>\n<meta name=\"twitter:label1\" content=\"Prix\" \/>\n\t<meta name=\"twitter:data1\" content=\"99,95\" \/>\n\t<meta name=\"twitter:label2\" content=\"Availability\" \/>\n\t<meta name=\"twitter:data2\" content=\"In stock\" \/>\n<script type=\"application\/ld+json\" class=\"yoast-schema-graph\">{\"@context\":\"https:\/\/schema.org\",\"@graph\":[{\"@type\":\"WebPage\",\"@id\":\"https:\/\/www.calibereurope.com\/fr\/produit\/RDAB30-fr_FR\/\",\"url\":\"https:\/\/www.calibereurope.com\/fr\/produit\/RDAB30-fr_FR\/\",\"name\":\"R\u00e9cepteur DAB+ via USB - Noir (RDAB30) | Caliber\",\"isPartOf\":{\"@id\":\"https:\/\/www.calibereurope.com\/fr\/#website\"},\"primaryImageOfPage\":{\"@id\":\"https:\/\/www.calibereurope.com\/fr\/produit\/RDAB30-fr_FR\/#primaryimage\"},\"image\":{\"@id\":\"https:\/\/www.calibereurope.com\/fr\/produit\/RDAB30-fr_FR\/#primaryimage\"},\"thumbnailUrl\":\"https:\/\/www.calibereurope.com\/wp-content\/uploads\/2022\/11\/ca954c820d86428e40cbc42b87841f2cba5f14e9_RDAB30_AK-2.jpg\",\"datePublished\":\"2025-10-27T00:00:00+00:00\",\"dateModified\":\"2025-10-27T11:37:21+00:00\",\"breadcrumb\":{\"@id\":\"https:\/\/www.calibereurope.com\/fr\/produit\/RDAB30-fr_FR\/#breadcrumb\"},\"inLanguage\":\"fr-FR\",\"potentialAction\":[{\"@type\":\"ReadAction\",\"target\":[\"https:\/\/www.calibereurope.com\/fr\/produit\/RDAB30-fr_FR\/\"]}]},{\"@type\":\"ImageObject\",\"inLanguage\":\"fr-FR\",\"@id\":\"https:\/\/www.calibereurope.com\/fr\/produit\/RDAB30-fr_FR\/#primaryimage\",\"url\":\"https:\/\/www.calibereurope.com\/wp-content\/uploads\/2022\/11\/ca954c820d86428e40cbc42b87841f2cba5f14e9_RDAB30_AK-2.jpg\",\"contentUrl\":\"https:\/\/www.calibereurope.com\/wp-content\/uploads\/2022\/11\/ca954c820d86428e40cbc42b87841f2cba5f14e9_RDAB30_AK-2.jpg\",\"width\":1024,\"height\":768},{\"@type\":\"BreadcrumbList\",\"@id\":\"https:\/\/www.calibereurope.com\/fr\/produit\/RDAB30-fr_FR\/#breadcrumb\",\"itemListElement\":[{\"@type\":\"ListItem\",\"position\":1,\"name\":\"Home\",\"item\":\"https:\/\/www.calibereurope.com\/fr\/\"},{\"@type\":\"ListItem\",\"position\":2,\"name\":\"Boutique en ligne\",\"item\":\"https:\/\/www.calibereurope.com\/fr\/boutique-en-ligne\/\"},{\"@type\":\"ListItem\",\"position\":3,\"name\":\"Son\",\"item\":\"https:\/\/www.calibereurope.com\/fr\/geluid_fr_FR\/\"},{\"@type\":\"ListItem\",\"position\":4,\"name\":\"Multim\u00e9dia\",\"item\":\"https:\/\/www.calibereurope.com\/fr\/geluid_fr_FR\/multimedia_fr_FR\/\"},{\"@type\":\"ListItem\",\"position\":5,\"name\":\"R\u00e9cepteur DAB+ via USB &#8211; Noir (RDAB30)\"}]},{\"@type\":\"WebSite\",\"@id\":\"https:\/\/www.calibereurope.com\/fr\/#website\",\"url\":\"https:\/\/www.calibereurope.com\/fr\/\",\"name\":\"Caliber\",\"description\":\"Sounds good!\",\"publisher\":{\"@id\":\"https:\/\/www.calibereurope.com\/fr\/#organization\"},\"potentialAction\":[{\"@type\":\"SearchAction\",\"target\":{\"@type\":\"EntryPoint\",\"urlTemplate\":\"https:\/\/www.calibereurope.com\/fr\/?s={search_term_string}\"},\"query-input\":{\"@type\":\"PropertyValueSpecification\",\"valueRequired\":true,\"valueName\":\"search_term_string\"}}],\"inLanguage\":\"fr-FR\"},{\"@type\":\"Organization\",\"@id\":\"https:\/\/www.calibereurope.com\/fr\/#organization\",\"name\":\"Caliber Europe B.V.\",\"url\":\"https:\/\/www.calibereurope.com\/fr\/\",\"logo\":{\"@type\":\"ImageObject\",\"inLanguage\":\"fr-FR\",\"@id\":\"https:\/\/www.calibereurope.com\/fr\/#\/schema\/logo\/image\/\",\"url\":\"https:\/\/www.calibereurope.com\/wp-content\/uploads\/2019\/11\/Logo-Caliber-e1574846289621.png\",\"contentUrl\":\"https:\/\/www.calibereurope.com\/wp-content\/uploads\/2019\/11\/Logo-Caliber-e1574846289621.png\",\"width\":400,\"height\":69,\"caption\":\"Caliber Europe B.V.\"},\"image\":{\"@id\":\"https:\/\/www.calibereurope.com\/fr\/#\/schema\/logo\/image\/\"},\"sameAs\":[\"https:\/\/facebook.com\/CaliberEurope\/\",\"https:\/\/x.com\/calibereurope\",\"https:\/\/www.instagram.com\/calibereurope\/\"]}]}<\/script>\n<meta property=\"product:price:amount\" content=\"99.95\" \/>\n<meta property=\"product:price:currency\" content=\"EUR\" \/>\n<meta property=\"og:availability\" content=\"instock\" \/>\n<meta property=\"product:availability\" content=\"instock\" \/>\n<meta property=\"product:retailer_item_id\" content=\"RDAB30\" \/>\n<meta property=\"product:condition\" content=\"new\" \/>\n<!-- \/ Yoast SEO plugin. -->","yoast_head_json":{"title":"R\u00e9cepteur DAB+ via USB - Noir (RDAB30) | Caliber","robots":{"index":"index","follow":"follow","max-snippet":"max-snippet:-1","max-image-preview":"max-image-preview:large","max-video-preview":"max-video-preview:-1"},"canonical":"https:\/\/www.calibereurope.com\/fr\/produit\/RDAB30-fr_FR\/","og_locale":"fr_FR","og_type":"article","og_title":"R\u00e9cepteur DAB+ via USB - Noir (RDAB30) | Caliber","og_description":"Connectez le r\u00e9cepteur Caliber RDAB30 DAB+ \u00e0 votre unit\u00e9 principale et profitez de la radio en haute qualit\u00e9 sonore. Votre autoradio actuel n&#39;a pas de r\u00e9ception DAB+ ? Il suffit ensuite de brancher ce r\u00e9cepteur \u00e0 l&#39;entr\u00e9e USB de la radio. Qualit\u00e9 DAB La DAB+ a une meilleure qualit\u00e9 sonore que l&#39;ancienne FM. La r\u00e9ception [&hellip;]","og_url":"https:\/\/www.calibereurope.com\/fr\/produit\/RDAB30-fr_FR\/","og_site_name":"Caliber","article_publisher":"https:\/\/facebook.com\/CaliberEurope\/","article_modified_time":"2025-10-27T11:37:21+00:00","og_image":[{"width":1024,"height":768,"url":"https:\/\/www.calibereurope.com\/wp-content\/uploads\/2022\/11\/ca954c820d86428e40cbc42b87841f2cba5f14e9_RDAB30_AK-2.jpg","type":"image\/jpeg"}],"twitter_card":"summary_large_image","twitter_site":"@calibereurope","twitter_misc":{"Prix":"99,95","Availability":"In stock"},"schema":{"@context":"https:\/\/schema.org","@graph":[{"@type":"WebPage","@id":"https:\/\/www.calibereurope.com\/fr\/produit\/RDAB30-fr_FR\/","url":"https:\/\/www.calibereurope.com\/fr\/produit\/RDAB30-fr_FR\/","name":"R\u00e9cepteur DAB+ via USB - Noir (RDAB30) | Caliber","isPartOf":{"@id":"https:\/\/www.calibereurope.com\/fr\/#website"},"primaryImageOfPage":{"@id":"https:\/\/www.calibereurope.com\/fr\/produit\/RDAB30-fr_FR\/#primaryimage"},"image":{"@id":"https:\/\/www.calibereurope.com\/fr\/produit\/RDAB30-fr_FR\/#primaryimage"},"thumbnailUrl":"https:\/\/www.calibereurope.com\/wp-content\/uploads\/2022\/11\/ca954c820d86428e40cbc42b87841f2cba5f14e9_RDAB30_AK-2.jpg","datePublished":"2025-10-27T00:00:00+00:00","dateModified":"2025-10-27T11:37:21+00:00","breadcrumb":{"@id":"https:\/\/www.calibereurope.com\/fr\/produit\/RDAB30-fr_FR\/#breadcrumb"},"inLanguage":"fr-FR","potentialAction":[{"@type":"ReadAction","target":["https:\/\/www.calibereurope.com\/fr\/produit\/RDAB30-fr_FR\/"]}]},{"@type":"ImageObject","inLanguage":"fr-FR","@id":"https:\/\/www.calibereurope.com\/fr\/produit\/RDAB30-fr_FR\/#primaryimage","url":"https:\/\/www.calibereurope.com\/wp-content\/uploads\/2022\/11\/ca954c820d86428e40cbc42b87841f2cba5f14e9_RDAB30_AK-2.jpg","contentUrl":"https:\/\/www.calibereurope.com\/wp-content\/uploads\/2022\/11\/ca954c820d86428e40cbc42b87841f2cba5f14e9_RDAB30_AK-2.jpg","width":1024,"height":768},{"@type":"BreadcrumbList","@id":"https:\/\/www.calibereurope.com\/fr\/produit\/RDAB30-fr_FR\/#breadcrumb","itemListElement":[{"@type":"ListItem","position":1,"name":"Home","item":"https:\/\/www.calibereurope.com\/fr\/"},{"@type":"ListItem","position":2,"name":"Boutique en ligne","item":"https:\/\/www.calibereurope.com\/fr\/boutique-en-ligne\/"},{"@type":"ListItem","position":3,"name":"Son","item":"https:\/\/www.calibereurope.com\/fr\/geluid_fr_FR\/"},{"@type":"ListItem","position":4,"name":"Multim\u00e9dia","item":"https:\/\/www.calibereurope.com\/fr\/geluid_fr_FR\/multimedia_fr_FR\/"},{"@type":"ListItem","position":5,"name":"R\u00e9cepteur DAB+ via USB &#8211; Noir (RDAB30)"}]},{"@type":"WebSite","@id":"https:\/\/www.calibereurope.com\/fr\/#website","url":"https:\/\/www.calibereurope.com\/fr\/","name":"Caliber","description":"Sounds good!","publisher":{"@id":"https:\/\/www.calibereurope.com\/fr\/#organization"},"potentialAction":[{"@type":"SearchAction","target":{"@type":"EntryPoint","urlTemplate":"https:\/\/www.calibereurope.com\/fr\/?s={search_term_string}"},"query-input":{"@type":"PropertyValueSpecification","valueRequired":true,"valueName":"search_term_string"}}],"inLanguage":"fr-FR"},{"@type":"Organization","@id":"https:\/\/www.calibereurope.com\/fr\/#organization","name":"Caliber Europe B.V.","url":"https:\/\/www.calibereurope.com\/fr\/","logo":{"@type":"ImageObject","inLanguage":"fr-FR","@id":"https:\/\/www.calibereurope.com\/fr\/#\/schema\/logo\/image\/","url":"https:\/\/www.calibereurope.com\/wp-content\/uploads\/2019\/11\/Logo-Caliber-e1574846289621.png","contentUrl":"https:\/\/www.calibereurope.com\/wp-content\/uploads\/2019\/11\/Logo-Caliber-e1574846289621.png","width":400,"height":69,"caption":"Caliber Europe B.V."},"image":{"@id":"https:\/\/www.calibereurope.com\/fr\/#\/schema\/logo\/image\/"},"sameAs":["https:\/\/facebook.com\/CaliberEurope\/","https:\/\/x.com\/calibereurope","https:\/\/www.instagram.com\/calibereurope\/"]}]},"product_price_amount":"99.95","product_price_currency":"EUR","og_availability":"instock","product_availability":"instock","product_retailer_item_id":"RDAB30","product_condition":"new"},"_links":{"self":[{"href":"https:\/\/www.calibereurope.com\/fr\/wp-json\/wp\/v2\/product\/72834","targetHints":{"allow":["GET"]}}],"collection":[{"href":"https:\/\/www.calibereurope.com\/fr\/wp-json\/wp\/v2\/product"}],"about":[{"href":"https:\/\/www.calibereurope.com\/fr\/wp-json\/wp\/v2\/types\/product"}],"replies":[{"embeddable":true,"href":"https:\/\/www.calibereurope.com\/fr\/wp-json\/wp\/v2\/comments?post=72834"}],"wp:featuredmedia":[{"embeddable":true,"href":"https:\/\/www.calibereurope.com\/fr\/wp-json\/wp\/v2\/media\/1373455"}],"wp:attachment":[{"href":"https:\/\/www.calibereurope.com\/fr\/wp-json\/wp\/v2\/media?parent=72834"}],"wp:term":[{"taxonomy":"product_brand","embeddable":true,"href":"https:\/\/www.calibereurope.com\/fr\/wp-json\/wp\/v2\/product_brand?post=72834"},{"taxonomy":"product_cat","embeddable":true,"href":"https:\/\/www.calibereurope.com\/fr\/wp-json\/wp\/v2\/product_cat?post=72834"},{"taxonomy":"product_tag","embeddable":true,"href":"https:\/\/www.calibereurope.com\/fr\/wp-json\/wp\/v2\/product_tag?post=72834"}],"curies":[{"name":"wp","href":"https:\/\/api.w.org\/{rel}","templated":true}]}}