{"id":73231,"date":"2024-07-15T02:00:00","date_gmt":"2022-09-12T00:00:00","guid":{"rendered":""},"modified":"2024-07-15T08:35:35","modified_gmt":"2024-07-15T06:35:35","slug":"RMD030BT-fr_FR","status":"publish","type":"product","link":"https:\/\/www.calibereurope.com\/fr\/produit\/RMD030BT-fr_FR\/","title":{"rendered":"Autoradio &#8211; Radio FM avec Bluetooth\u00ae technologie,USB,SD 4x 55Watt &#8211; Noir (RMD030BT)"},"content":{"rendered":"<p>Le Caliber RMD030BT est un simple autoradio Bluetooth\u00ae technologie. \u00c9coutez la radio ou \u00e9coutez de la musique \u00e0 partir de votre smartphone en le connectant facilement \u00e0 l&#39;autoradio par Bluetooth\u00ae technologie. <\/p>\n<p> Jouer de la musique<\/p>\n<p> Cette radio a, outre le Bluetooth\u00ae technologie, des entr\u00e9es pour une cl\u00e9 usb et une carte SD, avec lesquelles vous pouvez lire des fichiers MP3 et MWA. Pour une connexion audio filaire directe, vous devez brancher un mini-jack \u00e0 l&#39;entr\u00e9e auxiliaire. Choisissez parmi 18 stations de radio pr\u00e9r\u00e9gl\u00e9es et profitez de vos \u00e9missions de radio pr\u00e9f\u00e9r\u00e9es en d\u00e9placement. Avec un volume de 4 x 55 watts, le RMD030BT a suffisamment de puissance pour s&#39;\u00e9lever au-dessus du son de votre voiture.<\/p>\n<p> Autres caract\u00e9ristiques<\/p>\n<p> Achetez un microphone s\u00e9par\u00e9 pour utiliser le RMD030BT comme kit mains libres. Vous pouvez facilement d\u00e9crocher le t\u00e9l\u00e9phone en conduisant en appuyant sur le bouton du t\u00e9l\u00e9phone. C&#39;est la m\u00eame chose que en avant&#8221;. De plus, une t\u00e9l\u00e9commande est fournie en standard pour faciliter l&#39;utilisation de la radio. La radio a la taille standard 1-DIN, ce qui permet de remplacer facilement votre ancien autoradio&#8221;.<\/p>\n","protected":false},"excerpt":{"rendered":"<p>Le Caliber RMD030BT est un simple autoradio Bluetooth\u00ae technologie. \u00c9coutez la radio ou \u00e9coutez de la musique \u00e0 partir de votre smartphone en le connectant facilement \u00e0 l&#39;autoradio par Bluetooth\u00ae technologie. Jouer de la musique Cette radio a, outre le Bluetooth\u00ae technologie, des entr\u00e9es pour une cl\u00e9 usb et une carte SD, avec lesquelles vous [&hellip;]<\/p>\n","protected":false},"featured_media":1448308,"comment_status":"open","ping_status":"closed","template":"","meta":{"inline_featured_image":false},"product_brand":[],"product_cat":[7806,7767],"product_tag":[],"class_list":{"0":"post-73231","1":"product","2":"type-product","3":"status-publish","4":"has-post-thumbnail","6":"product_cat-radios_auto_fr_FR","7":"product_cat-auto_fr_FR","9":"first","10":"outofstock","11":"taxable","12":"shipping-taxable","13":"purchasable","14":"product-type-simple"},"yoast_head":"<!-- This site is optimized with the Yoast SEO plugin v24.4 - https:\/\/yoast.com\/wordpress\/plugins\/seo\/ -->\n<title>Autoradio - Radio FM avec Bluetooth\u00ae technologie,USB,SD 4x 55Watt - Noir (RMD030BT) | Caliber<\/title>\n<meta name=\"robots\" content=\"index, follow, max-snippet:-1, max-image-preview:large, max-video-preview:-1\" \/>\n<link rel=\"canonical\" href=\"https:\/\/www.calibereurope.com\/fr\/produit\/RMD030BT-fr_FR\/\" \/>\n<meta property=\"og:locale\" content=\"fr_FR\" \/>\n<meta property=\"og:type\" content=\"article\" \/>\n<meta property=\"og:title\" content=\"Autoradio - Radio FM avec Bluetooth\u00ae technologie,USB,SD 4x 55Watt - Noir (RMD030BT) | Caliber\" \/>\n<meta property=\"og:description\" content=\"Le Caliber RMD030BT est un simple autoradio Bluetooth\u00ae technologie. \u00c9coutez la radio ou \u00e9coutez de la musique \u00e0 partir de votre smartphone en le connectant facilement \u00e0 l&#039;autoradio par Bluetooth\u00ae technologie. Jouer de la musique Cette radio a, outre le Bluetooth\u00ae technologie, des entr\u00e9es pour une cl\u00e9 usb et une carte SD, avec lesquelles vous [&hellip;]\" \/>\n<meta property=\"og:url\" content=\"https:\/\/www.calibereurope.com\/fr\/produit\/RMD030BT-fr_FR\/\" \/>\n<meta property=\"og:site_name\" content=\"Caliber\" \/>\n<meta property=\"article:publisher\" content=\"https:\/\/facebook.com\/CaliberEurope\/\" \/>\n<meta property=\"article:modified_time\" content=\"2024-07-15T06:35:35+00:00\" \/>\n<meta property=\"og:image\" content=\"https:\/\/www.calibereurope.com\/wp-content\/uploads\/2022\/11\/dcd30c15a712f6ba17b42a45ea2ca33b655b88cf_RMD030BT_web-2.jpg\" \/>\n\t<meta property=\"og:image:width\" content=\"1024\" \/>\n\t<meta property=\"og:image:height\" content=\"768\" \/>\n\t<meta property=\"og:image:type\" content=\"image\/jpeg\" \/>\n<meta name=\"twitter:card\" content=\"summary_large_image\" \/>\n<meta name=\"twitter:site\" content=\"@calibereurope\" \/>\n<meta name=\"twitter:label1\" content=\"Prix\" \/>\n\t<meta name=\"twitter:data1\" content=\"29,95\" \/>\n\t<meta name=\"twitter:label2\" content=\"Availability\" \/>\n\t<meta name=\"twitter:data2\" content=\"Out of stock\" \/>\n<script type=\"application\/ld+json\" class=\"yoast-schema-graph\">{\"@context\":\"https:\/\/schema.org\",\"@graph\":[{\"@type\":\"WebPage\",\"@id\":\"https:\/\/www.calibereurope.com\/fr\/produit\/RMD030BT-fr_FR\/\",\"url\":\"https:\/\/www.calibereurope.com\/fr\/produit\/RMD030BT-fr_FR\/\",\"name\":\"Autoradio - Radio FM avec Bluetooth\u00ae technologie,USB,SD 4x 55Watt - Noir (RMD030BT) | Caliber\",\"isPartOf\":{\"@id\":\"https:\/\/www.calibereurope.com\/fr\/#website\"},\"primaryImageOfPage\":{\"@id\":\"https:\/\/www.calibereurope.com\/fr\/produit\/RMD030BT-fr_FR\/#primaryimage\"},\"image\":{\"@id\":\"https:\/\/www.calibereurope.com\/fr\/produit\/RMD030BT-fr_FR\/#primaryimage\"},\"thumbnailUrl\":\"https:\/\/www.calibereurope.com\/wp-content\/uploads\/2023\/02\/dcd30c15a712f6ba17b42a45ea2ca33b655b88cf_RMD030BT_web-2.jpg\",\"datePublished\":\"2022-09-12T00:00:00+00:00\",\"dateModified\":\"2024-07-15T06:35:35+00:00\",\"breadcrumb\":{\"@id\":\"https:\/\/www.calibereurope.com\/fr\/produit\/RMD030BT-fr_FR\/#breadcrumb\"},\"inLanguage\":\"fr-FR\",\"potentialAction\":[{\"@type\":\"ReadAction\",\"target\":[\"https:\/\/www.calibereurope.com\/fr\/produit\/RMD030BT-fr_FR\/\"]}]},{\"@type\":\"ImageObject\",\"inLanguage\":\"fr-FR\",\"@id\":\"https:\/\/www.calibereurope.com\/fr\/produit\/RMD030BT-fr_FR\/#primaryimage\",\"url\":\"https:\/\/www.calibereurope.com\/wp-content\/uploads\/2023\/02\/dcd30c15a712f6ba17b42a45ea2ca33b655b88cf_RMD030BT_web-2.jpg\",\"contentUrl\":\"https:\/\/www.calibereurope.com\/wp-content\/uploads\/2023\/02\/dcd30c15a712f6ba17b42a45ea2ca33b655b88cf_RMD030BT_web-2.jpg\",\"width\":1024,\"height\":768},{\"@type\":\"BreadcrumbList\",\"@id\":\"https:\/\/www.calibereurope.com\/fr\/produit\/RMD030BT-fr_FR\/#breadcrumb\",\"itemListElement\":[{\"@type\":\"ListItem\",\"position\":1,\"name\":\"Home\",\"item\":\"https:\/\/www.calibereurope.com\/fr\/\"},{\"@type\":\"ListItem\",\"position\":2,\"name\":\"Boutique en ligne\",\"item\":\"https:\/\/www.calibereurope.com\/fr\/boutique-en-ligne\/\"},{\"@type\":\"ListItem\",\"position\":3,\"name\":\"Voiture\",\"item\":\"https:\/\/www.calibereurope.com\/fr\/auto_fr_FR\/\"},{\"@type\":\"ListItem\",\"position\":4,\"name\":\"Radios\",\"item\":\"https:\/\/www.calibereurope.com\/fr\/auto_fr_FR\/radios_auto_fr_FR\/\"},{\"@type\":\"ListItem\",\"position\":5,\"name\":\"Autoradio &#8211; Radio FM avec Bluetooth\u00ae technologie,USB,SD 4x 55Watt &#8211; Noir (RMD030BT)\"}]},{\"@type\":\"WebSite\",\"@id\":\"https:\/\/www.calibereurope.com\/fr\/#website\",\"url\":\"https:\/\/www.calibereurope.com\/fr\/\",\"name\":\"Caliber\",\"description\":\"Sounds good!\",\"publisher\":{\"@id\":\"https:\/\/www.calibereurope.com\/fr\/#organization\"},\"potentialAction\":[{\"@type\":\"SearchAction\",\"target\":{\"@type\":\"EntryPoint\",\"urlTemplate\":\"https:\/\/www.calibereurope.com\/fr\/?s={search_term_string}\"},\"query-input\":{\"@type\":\"PropertyValueSpecification\",\"valueRequired\":true,\"valueName\":\"search_term_string\"}}],\"inLanguage\":\"fr-FR\"},{\"@type\":\"Organization\",\"@id\":\"https:\/\/www.calibereurope.com\/fr\/#organization\",\"name\":\"Caliber Europe B.V.\",\"url\":\"https:\/\/www.calibereurope.com\/fr\/\",\"logo\":{\"@type\":\"ImageObject\",\"inLanguage\":\"fr-FR\",\"@id\":\"https:\/\/www.calibereurope.com\/fr\/#\/schema\/logo\/image\/\",\"url\":\"https:\/\/www.calibereurope.com\/wp-content\/uploads\/2019\/11\/Logo-Caliber-e1574846289621.png\",\"contentUrl\":\"https:\/\/www.calibereurope.com\/wp-content\/uploads\/2019\/11\/Logo-Caliber-e1574846289621.png\",\"width\":400,\"height\":69,\"caption\":\"Caliber Europe B.V.\"},\"image\":{\"@id\":\"https:\/\/www.calibereurope.com\/fr\/#\/schema\/logo\/image\/\"},\"sameAs\":[\"https:\/\/facebook.com\/CaliberEurope\/\",\"https:\/\/x.com\/calibereurope\",\"https:\/\/www.instagram.com\/calibereurope\/\"]}]}<\/script>\n<meta property=\"product:price:amount\" content=\"29.95\" \/>\n<meta property=\"product:price:currency\" content=\"EUR\" \/>\n<meta property=\"og:availability\" content=\"out of stock\" \/>\n<meta property=\"product:availability\" content=\"out of stock\" \/>\n<meta property=\"product:retailer_item_id\" content=\"RMD030BT\" \/>\n<meta property=\"product:condition\" content=\"new\" \/>\n<!-- \/ Yoast SEO plugin. -->","yoast_head_json":{"title":"Autoradio - Radio FM avec Bluetooth\u00ae technologie,USB,SD 4x 55Watt - Noir (RMD030BT) | Caliber","robots":{"index":"index","follow":"follow","max-snippet":"max-snippet:-1","max-image-preview":"max-image-preview:large","max-video-preview":"max-video-preview:-1"},"canonical":"https:\/\/www.calibereurope.com\/fr\/produit\/RMD030BT-fr_FR\/","og_locale":"fr_FR","og_type":"article","og_title":"Autoradio - Radio FM avec Bluetooth\u00ae technologie,USB,SD 4x 55Watt - Noir (RMD030BT) | Caliber","og_description":"Le Caliber RMD030BT est un simple autoradio Bluetooth\u00ae technologie. \u00c9coutez la radio ou \u00e9coutez de la musique \u00e0 partir de votre smartphone en le connectant facilement \u00e0 l&#39;autoradio par Bluetooth\u00ae technologie. Jouer de la musique Cette radio a, outre le Bluetooth\u00ae technologie, des entr\u00e9es pour une cl\u00e9 usb et une carte SD, avec lesquelles vous [&hellip;]","og_url":"https:\/\/www.calibereurope.com\/fr\/produit\/RMD030BT-fr_FR\/","og_site_name":"Caliber","article_publisher":"https:\/\/facebook.com\/CaliberEurope\/","article_modified_time":"2024-07-15T06:35:35+00:00","og_image":[{"width":1024,"height":768,"url":"https:\/\/www.calibereurope.com\/wp-content\/uploads\/2022\/11\/dcd30c15a712f6ba17b42a45ea2ca33b655b88cf_RMD030BT_web-2.jpg","type":"image\/jpeg"}],"twitter_card":"summary_large_image","twitter_site":"@calibereurope","twitter_misc":{"Prix":"29,95","Availability":"Out of stock"},"schema":{"@context":"https:\/\/schema.org","@graph":[{"@type":"WebPage","@id":"https:\/\/www.calibereurope.com\/fr\/produit\/RMD030BT-fr_FR\/","url":"https:\/\/www.calibereurope.com\/fr\/produit\/RMD030BT-fr_FR\/","name":"Autoradio - Radio FM avec Bluetooth\u00ae technologie,USB,SD 4x 55Watt - Noir (RMD030BT) | Caliber","isPartOf":{"@id":"https:\/\/www.calibereurope.com\/fr\/#website"},"primaryImageOfPage":{"@id":"https:\/\/www.calibereurope.com\/fr\/produit\/RMD030BT-fr_FR\/#primaryimage"},"image":{"@id":"https:\/\/www.calibereurope.com\/fr\/produit\/RMD030BT-fr_FR\/#primaryimage"},"thumbnailUrl":"https:\/\/www.calibereurope.com\/wp-content\/uploads\/2023\/02\/dcd30c15a712f6ba17b42a45ea2ca33b655b88cf_RMD030BT_web-2.jpg","datePublished":"2022-09-12T00:00:00+00:00","dateModified":"2024-07-15T06:35:35+00:00","breadcrumb":{"@id":"https:\/\/www.calibereurope.com\/fr\/produit\/RMD030BT-fr_FR\/#breadcrumb"},"inLanguage":"fr-FR","potentialAction":[{"@type":"ReadAction","target":["https:\/\/www.calibereurope.com\/fr\/produit\/RMD030BT-fr_FR\/"]}]},{"@type":"ImageObject","inLanguage":"fr-FR","@id":"https:\/\/www.calibereurope.com\/fr\/produit\/RMD030BT-fr_FR\/#primaryimage","url":"https:\/\/www.calibereurope.com\/wp-content\/uploads\/2023\/02\/dcd30c15a712f6ba17b42a45ea2ca33b655b88cf_RMD030BT_web-2.jpg","contentUrl":"https:\/\/www.calibereurope.com\/wp-content\/uploads\/2023\/02\/dcd30c15a712f6ba17b42a45ea2ca33b655b88cf_RMD030BT_web-2.jpg","width":1024,"height":768},{"@type":"BreadcrumbList","@id":"https:\/\/www.calibereurope.com\/fr\/produit\/RMD030BT-fr_FR\/#breadcrumb","itemListElement":[{"@type":"ListItem","position":1,"name":"Home","item":"https:\/\/www.calibereurope.com\/fr\/"},{"@type":"ListItem","position":2,"name":"Boutique en ligne","item":"https:\/\/www.calibereurope.com\/fr\/boutique-en-ligne\/"},{"@type":"ListItem","position":3,"name":"Voiture","item":"https:\/\/www.calibereurope.com\/fr\/auto_fr_FR\/"},{"@type":"ListItem","position":4,"name":"Radios","item":"https:\/\/www.calibereurope.com\/fr\/auto_fr_FR\/radios_auto_fr_FR\/"},{"@type":"ListItem","position":5,"name":"Autoradio &#8211; Radio FM avec Bluetooth\u00ae technologie,USB,SD 4x 55Watt &#8211; Noir (RMD030BT)"}]},{"@type":"WebSite","@id":"https:\/\/www.calibereurope.com\/fr\/#website","url":"https:\/\/www.calibereurope.com\/fr\/","name":"Caliber","description":"Sounds good!","publisher":{"@id":"https:\/\/www.calibereurope.com\/fr\/#organization"},"potentialAction":[{"@type":"SearchAction","target":{"@type":"EntryPoint","urlTemplate":"https:\/\/www.calibereurope.com\/fr\/?s={search_term_string}"},"query-input":{"@type":"PropertyValueSpecification","valueRequired":true,"valueName":"search_term_string"}}],"inLanguage":"fr-FR"},{"@type":"Organization","@id":"https:\/\/www.calibereurope.com\/fr\/#organization","name":"Caliber Europe B.V.","url":"https:\/\/www.calibereurope.com\/fr\/","logo":{"@type":"ImageObject","inLanguage":"fr-FR","@id":"https:\/\/www.calibereurope.com\/fr\/#\/schema\/logo\/image\/","url":"https:\/\/www.calibereurope.com\/wp-content\/uploads\/2019\/11\/Logo-Caliber-e1574846289621.png","contentUrl":"https:\/\/www.calibereurope.com\/wp-content\/uploads\/2019\/11\/Logo-Caliber-e1574846289621.png","width":400,"height":69,"caption":"Caliber Europe B.V."},"image":{"@id":"https:\/\/www.calibereurope.com\/fr\/#\/schema\/logo\/image\/"},"sameAs":["https:\/\/facebook.com\/CaliberEurope\/","https:\/\/x.com\/calibereurope","https:\/\/www.instagram.com\/calibereurope\/"]}]},"product_price_amount":"29.95","product_price_currency":"EUR","og_availability":"out of stock","product_availability":"out of stock","product_retailer_item_id":"RMD030BT","product_condition":"new"},"_links":{"self":[{"href":"https:\/\/www.calibereurope.com\/fr\/wp-json\/wp\/v2\/product\/73231","targetHints":{"allow":["GET"]}}],"collection":[{"href":"https:\/\/www.calibereurope.com\/fr\/wp-json\/wp\/v2\/product"}],"about":[{"href":"https:\/\/www.calibereurope.com\/fr\/wp-json\/wp\/v2\/types\/product"}],"replies":[{"embeddable":true,"href":"https:\/\/www.calibereurope.com\/fr\/wp-json\/wp\/v2\/comments?post=73231"}],"wp:featuredmedia":[{"embeddable":true,"href":"https:\/\/www.calibereurope.com\/fr\/wp-json\/wp\/v2\/media\/1448308"}],"wp:attachment":[{"href":"https:\/\/www.calibereurope.com\/fr\/wp-json\/wp\/v2\/media?parent=73231"}],"wp:term":[{"taxonomy":"product_brand","embeddable":true,"href":"https:\/\/www.calibereurope.com\/fr\/wp-json\/wp\/v2\/product_brand?post=73231"},{"taxonomy":"product_cat","embeddable":true,"href":"https:\/\/www.calibereurope.com\/fr\/wp-json\/wp\/v2\/product_cat?post=73231"},{"taxonomy":"product_tag","embeddable":true,"href":"https:\/\/www.calibereurope.com\/fr\/wp-json\/wp\/v2\/product_tag?post=73231"}],"curies":[{"name":"wp","href":"https:\/\/api.w.org\/{rel}","templated":true}]}}