{"id":74042,"date":"2024-03-05T01:00:00","date_gmt":"2022-12-19T00:00:00","guid":{"rendered":""},"modified":"2025-02-05T20:50:26","modified_gmt":"2025-02-05T19:50:26","slug":"BC108US-fr_FR","status":"publish","type":"product","link":"https:\/\/www.calibereurope.com\/fr\/produit\/BC108US-fr_FR\/","title":{"rendered":"Subwoofer Auto avec amplificateur &#8211; Montage sous-assaigne &#8211; 500 watt &#8211; 8 pouces &#8211; 50 \u00e0 160 Hz &#8211; RCA (BC108US)"},"content":{"rendered":"<p> Donnez \u00e0 votre musique une nouvelle dimension avec le Caliber BC108US Auto Subwoofer. Le subwoofer apporte <strong> des tons de basse profonds <\/strong> au premier plan. Gr\u00e2ce \u00e0 <strong> la plage de 50 \u00e0 160 Hz <\/strong>, vous pouvez profiter d&#39;un son <strong> d\u00e9fini <\/strong>. Avec la capacit\u00e9 de <strong> 100 watt rms <\/strong>, vous jouez de la musique sur <strong> volume \u00e9lev\u00e9 <\/strong>, afin que vous puissiez profiter de vos battements pr\u00e9f\u00e9r\u00e9s au maximum. Installez le sous-bas de sous-sombres <strong> compact <\/strong> sous le si\u00e8ge avant pour \u00e9conomiser de l&#39;espace dans votre coffre. La <strong> protection thermique <\/strong> garantit que vous appr\u00e9ciez toujours la musique en toute s\u00e9curit\u00e9. <\/p>\n<p> <strong> Caract\u00e9ristiques: <\/strong> <\/p>\n<ul>\n<li> 100 watts rms, 500 watts PIET POWER\n<li> avec amplificateur construit\n<li > 8 pouces \/ 20 cm Conducteur\n<li> Dimensions: 350 x 72 x 235 mm\n<li> Protection thermique\n<li> Contr\u00f4le de niveau d&#39;entr\u00e9e\n<li> Entr\u00e9e RCA\n<li> Recheur: 50 &#8211; 160 Hz\n<li> Commutateur de phase 0 \/ 180 degr\u00e9s\n<li> t\u00e9l\u00e9commande filaire (4 m)\n<li> Mat\u00e9riel de connexion connect\u00e9 <\/li>\n<\/ul>\n<h3> Le meilleur son sur la route <\/h3>\n<p> vous faites souvent de longs trajets en voiture ou \u00eates Vous avez r\u00e9guli\u00e8rement dans la voiture avec des amis et le gardez, aimez-vous une bonne basse? Installez ensuite ce haut-parleur de subwoofer dans votre voiture. Ce n&#39;est pas pour rien que le nom de sous-sol sous le nom existe: cet amplificateur s&#39;adapte exactement sous le si\u00e8ge avant de votre voiture. La protection thermique garantit alors que le subwoofer est prot\u00e9g\u00e9 en cours de route contre un court-circuit et une surchauffe. Pour un refroidissement optimal, il est pr\u00e9f\u00e9rable de conserver environ 5 cm d&#39;espace autour du subwoofer. <\/p>\n<h3> BEATS MAXIMUM <\/H3> <P> Avec ce subwoofer de voiture, vous d\u00e9couvrirez la musique d&#39;une mani\u00e8re nouvelle. Gr\u00e2ce \u00e0 la gamme de 50 \u00e0 160 Hz, les tons basses sont mieux lotis. Les haut-parleurs normaux ne peuvent souvent pas faire ces bien entendus. Avec pas moins de 100 watts RMS et 500 watts, les tons de basse peuvent \u00eatre entendus \u00e0 travers le subwoofer actif partout dans la voiture et certainement pour le ressentir. <\/p>\n<h3> Ajustez la fa\u00e7on dont vous le souhaitez <\/h3>\n<p> Le volume des tons de basse est r\u00e9glable via l&#39;amplificateur construit. Vous pouvez facilement le faire via la t\u00e9l\u00e9commande incluse. Gr\u00e2ce au fil de 4 m\u00e8tres, vous pouvez toujours le mettre dans un endroit pratique. Le commutateur de phase aide \u00e0 ajuster le subwoofer aux autres haut-parleurs de la voiture, afin qu&#39;ils travaillent parfaitement ensemble pour cr\u00e9er la meilleure exp\u00e9rience sonore en cours de route. <\/p>\n<p> <strong> <br \/> Inclus: <\/strong> <\/p>\n<ul>\n<li> Caliber BC108U<br \/>\n","protected":false},"excerpt":{"rendered":"<p>Donnez \u00e0 votre musique une nouvelle dimension avec le Caliber BC108US Auto Subwoofer. Le subwoofer apporte des tons de basse profonds au premier plan. Gr\u00e2ce \u00e0 la plage de 50 \u00e0 160 Hz , vous pouvez profiter d&#39;un son d\u00e9fini . Avec la capacit\u00e9 de 100 watt rms , vous jouez de la musique sur [&hellip;]<\/p>\n","protected":false},"featured_media":1571497,"comment_status":"open","ping_status":"closed","template":"","meta":{"inline_featured_image":false},"product_brand":[],"product_cat":[12360,7767],"product_tag":[],"class_list":{"0":"post-74042","1":"product","2":"type-product","3":"status-publish","4":"has-post-thumbnail","6":"product_cat-subwoofers_fr_FR","7":"product_cat-auto_fr_FR","9":"first","10":"outofstock","11":"taxable","12":"shipping-taxable","13":"purchasable","14":"product-type-simple"},"yoast_head":"<!-- This site is optimized with the Yoast SEO plugin v24.4 - https:\/\/yoast.com\/wordpress\/plugins\/seo\/ -->\n<title>Subwoofer Auto avec amplificateur - Montage sous-assaigne - 500 watt - 8 pouces - 50 \u00e0 160 Hz - RCA (BC108US) | Caliber<\/title>\n<meta name=\"robots\" content=\"index, follow, max-snippet:-1, max-image-preview:large, max-video-preview:-1\" \/>\n<link rel=\"canonical\" href=\"https:\/\/www.calibereurope.com\/fr\/produit\/BC108US-fr_FR\/\" \/>\n<meta property=\"og:locale\" content=\"fr_FR\" \/>\n<meta property=\"og:type\" content=\"article\" \/>\n<meta property=\"og:title\" content=\"Subwoofer Auto avec amplificateur - Montage sous-assaigne - 500 watt - 8 pouces - 50 \u00e0 160 Hz - RCA (BC108US) | Caliber\" \/>\n<meta property=\"og:description\" content=\"Donnez \u00e0 votre musique une nouvelle dimension avec le Caliber BC108US Auto Subwoofer. Le subwoofer apporte des tons de basse profonds au premier plan. Gr\u00e2ce \u00e0 la plage de 50 \u00e0 160 Hz , vous pouvez profiter d&#039;un son d\u00e9fini . Avec la capacit\u00e9 de 100 watt rms , vous jouez de la musique sur [&hellip;]\" \/>\n<meta property=\"og:url\" content=\"https:\/\/www.calibereurope.com\/fr\/produit\/BC108US-fr_FR\/\" \/>\n<meta property=\"og:site_name\" content=\"Caliber\" \/>\n<meta property=\"article:publisher\" content=\"https:\/\/facebook.com\/CaliberEurope\/\" \/>\n<meta property=\"article:modified_time\" content=\"2025-02-05T19:50:26+00:00\" \/>\n<meta property=\"og:image\" content=\"https:\/\/www.calibereurope.com\/wp-content\/uploads\/2022\/12\/eb1c2568dc35ff2cb91dd79897e3ab9b32ab4575_BC108US_front-scaled.jpg\" \/>\n\t<meta property=\"og:image:width\" content=\"2560\" \/>\n\t<meta property=\"og:image:height\" content=\"1920\" \/>\n\t<meta property=\"og:image:type\" content=\"image\/jpeg\" \/>\n<meta name=\"twitter:card\" content=\"summary_large_image\" \/>\n<meta name=\"twitter:site\" content=\"@calibereurope\" \/>\n<meta name=\"twitter:label1\" content=\"Prix\" \/>\n\t<meta name=\"twitter:data1\" content=\"179,00\" \/>\n\t<meta name=\"twitter:label2\" content=\"Availability\" \/>\n\t<meta name=\"twitter:data2\" content=\"Out of stock\" \/>\n<script type=\"application\/ld+json\" class=\"yoast-schema-graph\">{\"@context\":\"https:\/\/schema.org\",\"@graph\":[{\"@type\":\"WebPage\",\"@id\":\"https:\/\/www.calibereurope.com\/fr\/produit\/BC108US-fr_FR\/\",\"url\":\"https:\/\/www.calibereurope.com\/fr\/produit\/BC108US-fr_FR\/\",\"name\":\"Subwoofer Auto avec amplificateur - Montage sous-assaigne - 500 watt - 8 pouces - 50 \u00e0 160 Hz - RCA (BC108US) | Caliber\",\"isPartOf\":{\"@id\":\"https:\/\/www.calibereurope.com\/fr\/#website\"},\"primaryImageOfPage\":{\"@id\":\"https:\/\/www.calibereurope.com\/fr\/produit\/BC108US-fr_FR\/#primaryimage\"},\"image\":{\"@id\":\"https:\/\/www.calibereurope.com\/fr\/produit\/BC108US-fr_FR\/#primaryimage\"},\"thumbnailUrl\":\"https:\/\/www.calibereurope.com\/wp-content\/uploads\/2024\/03\/eb1c2568dc35ff2cb91dd79897e3ab9b32ab4575_BC108US_front-scaled.jpg\",\"datePublished\":\"2022-12-19T00:00:00+00:00\",\"dateModified\":\"2025-02-05T19:50:26+00:00\",\"breadcrumb\":{\"@id\":\"https:\/\/www.calibereurope.com\/fr\/produit\/BC108US-fr_FR\/#breadcrumb\"},\"inLanguage\":\"fr-FR\",\"potentialAction\":[{\"@type\":\"ReadAction\",\"target\":[\"https:\/\/www.calibereurope.com\/fr\/produit\/BC108US-fr_FR\/\"]}]},{\"@type\":\"ImageObject\",\"inLanguage\":\"fr-FR\",\"@id\":\"https:\/\/www.calibereurope.com\/fr\/produit\/BC108US-fr_FR\/#primaryimage\",\"url\":\"https:\/\/www.calibereurope.com\/wp-content\/uploads\/2024\/03\/eb1c2568dc35ff2cb91dd79897e3ab9b32ab4575_BC108US_front-scaled.jpg\",\"contentUrl\":\"https:\/\/www.calibereurope.com\/wp-content\/uploads\/2024\/03\/eb1c2568dc35ff2cb91dd79897e3ab9b32ab4575_BC108US_front-scaled.jpg\",\"width\":2560,\"height\":1920},{\"@type\":\"BreadcrumbList\",\"@id\":\"https:\/\/www.calibereurope.com\/fr\/produit\/BC108US-fr_FR\/#breadcrumb\",\"itemListElement\":[{\"@type\":\"ListItem\",\"position\":1,\"name\":\"Home\",\"item\":\"https:\/\/www.calibereurope.com\/fr\/\"},{\"@type\":\"ListItem\",\"position\":2,\"name\":\"Boutique en ligne\",\"item\":\"https:\/\/www.calibereurope.com\/fr\/boutique-en-ligne\/\"},{\"@type\":\"ListItem\",\"position\":3,\"name\":\"Voiture\",\"item\":\"https:\/\/www.calibereurope.com\/fr\/auto_fr_FR\/\"},{\"@type\":\"ListItem\",\"position\":4,\"name\":\"Subwoofers\",\"item\":\"https:\/\/www.calibereurope.com\/fr\/auto_fr_FR\/subwoofers_fr_FR\/\"},{\"@type\":\"ListItem\",\"position\":5,\"name\":\"Subwoofer Auto avec amplificateur &#8211; Montage sous-assaigne &#8211; 500 watt &#8211; 8 pouces &#8211; 50 \u00e0 160 Hz &#8211; RCA (BC108US)\"}]},{\"@type\":\"WebSite\",\"@id\":\"https:\/\/www.calibereurope.com\/fr\/#website\",\"url\":\"https:\/\/www.calibereurope.com\/fr\/\",\"name\":\"Caliber\",\"description\":\"Sounds good!\",\"publisher\":{\"@id\":\"https:\/\/www.calibereurope.com\/fr\/#organization\"},\"potentialAction\":[{\"@type\":\"SearchAction\",\"target\":{\"@type\":\"EntryPoint\",\"urlTemplate\":\"https:\/\/www.calibereurope.com\/fr\/?s={search_term_string}\"},\"query-input\":{\"@type\":\"PropertyValueSpecification\",\"valueRequired\":true,\"valueName\":\"search_term_string\"}}],\"inLanguage\":\"fr-FR\"},{\"@type\":\"Organization\",\"@id\":\"https:\/\/www.calibereurope.com\/fr\/#organization\",\"name\":\"Caliber Europe B.V.\",\"url\":\"https:\/\/www.calibereurope.com\/fr\/\",\"logo\":{\"@type\":\"ImageObject\",\"inLanguage\":\"fr-FR\",\"@id\":\"https:\/\/www.calibereurope.com\/fr\/#\/schema\/logo\/image\/\",\"url\":\"https:\/\/www.calibereurope.com\/wp-content\/uploads\/2019\/11\/Logo-Caliber-e1574846289621.png\",\"contentUrl\":\"https:\/\/www.calibereurope.com\/wp-content\/uploads\/2019\/11\/Logo-Caliber-e1574846289621.png\",\"width\":400,\"height\":69,\"caption\":\"Caliber Europe B.V.\"},\"image\":{\"@id\":\"https:\/\/www.calibereurope.com\/fr\/#\/schema\/logo\/image\/\"},\"sameAs\":[\"https:\/\/facebook.com\/CaliberEurope\/\",\"https:\/\/x.com\/calibereurope\",\"https:\/\/www.instagram.com\/calibereurope\/\"]}]}<\/script>\n<meta property=\"product:price:amount\" content=\"179.00\" \/>\n<meta property=\"product:price:currency\" content=\"EUR\" \/>\n<meta property=\"og:availability\" content=\"out of stock\" \/>\n<meta property=\"product:availability\" content=\"out of stock\" \/>\n<meta property=\"product:retailer_item_id\" content=\"BC108US\" \/>\n<meta property=\"product:condition\" content=\"new\" \/>\n<!-- \/ Yoast SEO plugin. -->","yoast_head_json":{"title":"Subwoofer Auto avec amplificateur - Montage sous-assaigne - 500 watt - 8 pouces - 50 \u00e0 160 Hz - RCA (BC108US) | Caliber","robots":{"index":"index","follow":"follow","max-snippet":"max-snippet:-1","max-image-preview":"max-image-preview:large","max-video-preview":"max-video-preview:-1"},"canonical":"https:\/\/www.calibereurope.com\/fr\/produit\/BC108US-fr_FR\/","og_locale":"fr_FR","og_type":"article","og_title":"Subwoofer Auto avec amplificateur - Montage sous-assaigne - 500 watt - 8 pouces - 50 \u00e0 160 Hz - RCA (BC108US) | Caliber","og_description":"Donnez \u00e0 votre musique une nouvelle dimension avec le Caliber BC108US Auto Subwoofer. Le subwoofer apporte des tons de basse profonds au premier plan. Gr\u00e2ce \u00e0 la plage de 50 \u00e0 160 Hz , vous pouvez profiter d&#39;un son d\u00e9fini . Avec la capacit\u00e9 de 100 watt rms , vous jouez de la musique sur [&hellip;]","og_url":"https:\/\/www.calibereurope.com\/fr\/produit\/BC108US-fr_FR\/","og_site_name":"Caliber","article_publisher":"https:\/\/facebook.com\/CaliberEurope\/","article_modified_time":"2025-02-05T19:50:26+00:00","og_image":[{"width":2560,"height":1920,"url":"https:\/\/www.calibereurope.com\/wp-content\/uploads\/2022\/12\/eb1c2568dc35ff2cb91dd79897e3ab9b32ab4575_BC108US_front-scaled.jpg","type":"image\/jpeg"}],"twitter_card":"summary_large_image","twitter_site":"@calibereurope","twitter_misc":{"Prix":"179,00","Availability":"Out of stock"},"schema":{"@context":"https:\/\/schema.org","@graph":[{"@type":"WebPage","@id":"https:\/\/www.calibereurope.com\/fr\/produit\/BC108US-fr_FR\/","url":"https:\/\/www.calibereurope.com\/fr\/produit\/BC108US-fr_FR\/","name":"Subwoofer Auto avec amplificateur - Montage sous-assaigne - 500 watt - 8 pouces - 50 \u00e0 160 Hz - RCA (BC108US) | Caliber","isPartOf":{"@id":"https:\/\/www.calibereurope.com\/fr\/#website"},"primaryImageOfPage":{"@id":"https:\/\/www.calibereurope.com\/fr\/produit\/BC108US-fr_FR\/#primaryimage"},"image":{"@id":"https:\/\/www.calibereurope.com\/fr\/produit\/BC108US-fr_FR\/#primaryimage"},"thumbnailUrl":"https:\/\/www.calibereurope.com\/wp-content\/uploads\/2024\/03\/eb1c2568dc35ff2cb91dd79897e3ab9b32ab4575_BC108US_front-scaled.jpg","datePublished":"2022-12-19T00:00:00+00:00","dateModified":"2025-02-05T19:50:26+00:00","breadcrumb":{"@id":"https:\/\/www.calibereurope.com\/fr\/produit\/BC108US-fr_FR\/#breadcrumb"},"inLanguage":"fr-FR","potentialAction":[{"@type":"ReadAction","target":["https:\/\/www.calibereurope.com\/fr\/produit\/BC108US-fr_FR\/"]}]},{"@type":"ImageObject","inLanguage":"fr-FR","@id":"https:\/\/www.calibereurope.com\/fr\/produit\/BC108US-fr_FR\/#primaryimage","url":"https:\/\/www.calibereurope.com\/wp-content\/uploads\/2024\/03\/eb1c2568dc35ff2cb91dd79897e3ab9b32ab4575_BC108US_front-scaled.jpg","contentUrl":"https:\/\/www.calibereurope.com\/wp-content\/uploads\/2024\/03\/eb1c2568dc35ff2cb91dd79897e3ab9b32ab4575_BC108US_front-scaled.jpg","width":2560,"height":1920},{"@type":"BreadcrumbList","@id":"https:\/\/www.calibereurope.com\/fr\/produit\/BC108US-fr_FR\/#breadcrumb","itemListElement":[{"@type":"ListItem","position":1,"name":"Home","item":"https:\/\/www.calibereurope.com\/fr\/"},{"@type":"ListItem","position":2,"name":"Boutique en ligne","item":"https:\/\/www.calibereurope.com\/fr\/boutique-en-ligne\/"},{"@type":"ListItem","position":3,"name":"Voiture","item":"https:\/\/www.calibereurope.com\/fr\/auto_fr_FR\/"},{"@type":"ListItem","position":4,"name":"Subwoofers","item":"https:\/\/www.calibereurope.com\/fr\/auto_fr_FR\/subwoofers_fr_FR\/"},{"@type":"ListItem","position":5,"name":"Subwoofer Auto avec amplificateur &#8211; Montage sous-assaigne &#8211; 500 watt &#8211; 8 pouces &#8211; 50 \u00e0 160 Hz &#8211; RCA (BC108US)"}]},{"@type":"WebSite","@id":"https:\/\/www.calibereurope.com\/fr\/#website","url":"https:\/\/www.calibereurope.com\/fr\/","name":"Caliber","description":"Sounds good!","publisher":{"@id":"https:\/\/www.calibereurope.com\/fr\/#organization"},"potentialAction":[{"@type":"SearchAction","target":{"@type":"EntryPoint","urlTemplate":"https:\/\/www.calibereurope.com\/fr\/?s={search_term_string}"},"query-input":{"@type":"PropertyValueSpecification","valueRequired":true,"valueName":"search_term_string"}}],"inLanguage":"fr-FR"},{"@type":"Organization","@id":"https:\/\/www.calibereurope.com\/fr\/#organization","name":"Caliber Europe B.V.","url":"https:\/\/www.calibereurope.com\/fr\/","logo":{"@type":"ImageObject","inLanguage":"fr-FR","@id":"https:\/\/www.calibereurope.com\/fr\/#\/schema\/logo\/image\/","url":"https:\/\/www.calibereurope.com\/wp-content\/uploads\/2019\/11\/Logo-Caliber-e1574846289621.png","contentUrl":"https:\/\/www.calibereurope.com\/wp-content\/uploads\/2019\/11\/Logo-Caliber-e1574846289621.png","width":400,"height":69,"caption":"Caliber Europe B.V."},"image":{"@id":"https:\/\/www.calibereurope.com\/fr\/#\/schema\/logo\/image\/"},"sameAs":["https:\/\/facebook.com\/CaliberEurope\/","https:\/\/x.com\/calibereurope","https:\/\/www.instagram.com\/calibereurope\/"]}]},"product_price_amount":"179.00","product_price_currency":"EUR","og_availability":"out of stock","product_availability":"out of stock","product_retailer_item_id":"BC108US","product_condition":"new"},"_links":{"self":[{"href":"https:\/\/www.calibereurope.com\/fr\/wp-json\/wp\/v2\/product\/74042","targetHints":{"allow":["GET"]}}],"collection":[{"href":"https:\/\/www.calibereurope.com\/fr\/wp-json\/wp\/v2\/product"}],"about":[{"href":"https:\/\/www.calibereurope.com\/fr\/wp-json\/wp\/v2\/types\/product"}],"replies":[{"embeddable":true,"href":"https:\/\/www.calibereurope.com\/fr\/wp-json\/wp\/v2\/comments?post=74042"}],"wp:featuredmedia":[{"embeddable":true,"href":"https:\/\/www.calibereurope.com\/fr\/wp-json\/wp\/v2\/media\/1571497"}],"wp:attachment":[{"href":"https:\/\/www.calibereurope.com\/fr\/wp-json\/wp\/v2\/media?parent=74042"}],"wp:term":[{"taxonomy":"product_brand","embeddable":true,"href":"https:\/\/www.calibereurope.com\/fr\/wp-json\/wp\/v2\/product_brand?post=74042"},{"taxonomy":"product_cat","embeddable":true,"href":"https:\/\/www.calibereurope.com\/fr\/wp-json\/wp\/v2\/product_cat?post=74042"},{"taxonomy":"product_tag","embeddable":true,"href":"https:\/\/www.calibereurope.com\/fr\/wp-json\/wp\/v2\/product_tag?post=74042"}],"curies":[{"name":"wp","href":"https:\/\/api.w.org\/{rel}","templated":true}]}}