{"id":74231,"date":"2024-03-05T01:00:00","date_gmt":"2023-01-12T00:00:00","guid":{"rendered":""},"modified":"2025-08-26T10:42:02","modified_gmt":"2025-08-26T08:42:02","slug":"csb3-fr_fr","status":"publish","type":"product","link":"https:\/\/www.calibereurope.com\/fr\/produit\/csb3-fr_fr\/","title":{"rendered":"Enceintes de voiture et de bateau pr\u00eat \u00e0 poser &#8211; Ensemble d\u2019enceintes \u00e9tanches &#8211; 40 Watts RMS &#8211; Enceintes de bateau (CSB3)"},"content":{"rendered":"<p>Faites passer la musique au niveau sup\u00e9rieur avec ces enceintes de voiture \u00e0 poser Caliber CSB3. L&#39;ensemble de haut-parleurs dot\u00e9 d&#39;une puissance de <strong> 40 watts RMS <\/strong> et d&#39;une puissance <strong> maximale de 80 watts <\/strong> offre un volume suffisant pour chanter en c\u0153ur avec votre musique pr\u00e9f\u00e9r\u00e9e. Installez facilement les haut-parleurs dans votre salle de bain, votre voiture ou votre jardin gr\u00e2ce aux supports de montage inclus. <\/strong> L&#39;ensemble d\u2019enceintes est <strong> \u00e9tanche <\/strong>et <strong> r\u00e9sistant au gel <\/strong>, vous pouvez donc l&#39;utiliser et le suspendre simplement \u00e0 l&#39;ext\u00e9rieur. Gr\u00e2ce au syst\u00e8me \u00e0 2 voies du haut-parleur <strong>coaxial <\/strong> les enceintes produisent \u00e0 la fois des aigus et des graves dans un bel \u00e9quilibre. <\/p>\n<p> <strong>Caract\u00e9ristiques :<\/strong> <\/p>\n<ul>\n<li>R\u00e9sistant \u00e0 l&#39;eau et au gel<\/li>\n<li>Ensemble de deux<\/li>\n<li>syst\u00e8mes \u00e0 2 voies<\/li>\n<li>40 watt RMS<\/li>\n<li>Max 80 watts de puissance max<\/li>\n<li>Coaxial<\/li>\n<li>Convient pour une utilisation en int\u00e9rieur et en ext\u00e9rieur<\/li>\n<li>Comprend des supports de montage\n<\/li>\n<\/ul>\n<h3>Une paire de haut-parleurs pour une utilisation en int\u00e9rieur et en ext\u00e9rieur <\/h3>\n<p> L&#39;ensemble d&#39;enceintes robuste convient \u00e0 une utilisation en int\u00e9rieur et en ext\u00e9rieur. Gr\u00e2ce \u00e0 leur rev\u00eatement UV, ils sont prot\u00e9g\u00e9s du soleil. Comme il s&#39;agit d&#39;enceintes \u00e9tanches, vous pouvez les installer dans la salle de bains, par exemple. Ainsi, vous pouvez chanter \u00e0 tue-t\u00eate lorsque vous \u00eates sous la douche et que la musique retentit dans les haut-parleurs. La voiture et le bateau sont \u00e9galement des endroits populaires pour installer ces haut-parleurs \u00e0 poser. En plus d&#39;\u00eatre \u00e9tanche, le jeu d&#39;enceintes est \u00e9galement r\u00e9sistant au gel, ce qui vous permet de laisser les enceintes dans votre v\u00e9randa ou votre bateau toute l&#39;ann\u00e9e. <\/p>\n<h3> Les meilleurs airs <\/h3>\n<p> Les haut-parleurs pr\u00eats \u00e0 poser sont dot\u00e9s d&#39;un syst\u00e8me coaxial \u00e0 2 voies. Tous vos morceaux pr\u00e9f\u00e9r\u00e9s sont alors restitu\u00e9s de mani\u00e8re claire et \u00e9quilibr\u00e9e gr\u00e2ce \u00e0 la combinaison d&#39;un tweeter et d&#39;un woofer. Ainsi, les aigus et les graves de la musique ressortent bien. Les enceintes ont une gamme de fr\u00e9quences de 110 Hz \u00e0 22 kilohertz et une puissance RMS de 40 watts. Avec une puissance max de 80 watts, vous disposerez toujours d\u2019un volume suffisant. <\/p>\n<h3>Une paire de haut-parleur facile \u00e0 utiliser <\/h3>\n<p> Les haut-parleurs \u00e0 poser sont faciles \u00e0 installer \u00e0 l&#39;ext\u00e9rieur comme dans la voiture ou la salle de bains. Gr\u00e2ce aux supports de fixation inclus, vous pouvez accrocher l&#39;ensemble de haut-parleurs dans la douche, sur la tablette arri\u00e8re de votre voiture ou sur le pont de votre bateau. Vous les montez avec des vis relativement petites, il n&#39;y aura donc pas non plus de gros trous de vis. <\/p>\n<p> <strong><br \/>Inclus :<\/strong> <\/p>\n<ul>\n<li>Ensemble de haut-parleurs \u00e9tanches Caliber CSB3<\/li>\n<li>Supports de montage<\/li>\n<\/ul>\n<p>\u2003<\/p>\n","protected":false},"excerpt":{"rendered":"<ul>\n<li>R\u00e9veil avec radio FM<\/li>\n<li>10 stations pr\u00e9r\u00e9gl\u00e9es<\/li>\n<li>2 heures d&#8217;alarme<\/li>\n<li>Fonction Snooze<\/li>\n<li>Grand \u00e9cran rouge<\/li>\n<li>Batterie de secours<\/li>\n<li>Couleur : noir<\/li>\n<\/ul>\n","protected":false},"featured_media":1571529,"comment_status":"open","ping_status":"closed","template":"","meta":{"inline_featured_image":false},"product_brand":[],"product_cat":[7803,7767],"product_tag":[],"class_list":{"0":"post-74231","1":"product","2":"type-product","3":"status-publish","4":"has-post-thumbnail","6":"product_cat-luidsprekers_auto_fr_FR","7":"product_cat-auto_fr_FR","9":"first","10":"outofstock","11":"taxable","12":"shipping-taxable","13":"purchasable","14":"product-type-simple"},"yoast_head":"<!-- This site is optimized with the Yoast SEO plugin v24.4 - https:\/\/yoast.com\/wordpress\/plugins\/seo\/ -->\n<title>Enceintes de voiture et de bateau pr\u00eat \u00e0 poser - Ensemble d\u2019enceintes \u00e9tanches - 40 Watts RMS - Enceintes de bateau (CSB3) | Caliber<\/title>\n<meta name=\"robots\" content=\"index, follow, max-snippet:-1, max-image-preview:large, max-video-preview:-1\" \/>\n<link rel=\"canonical\" href=\"https:\/\/www.calibereurope.com\/fr\/produit\/csb3-fr_fr\/\" \/>\n<meta property=\"og:locale\" content=\"fr_FR\" \/>\n<meta property=\"og:type\" content=\"article\" \/>\n<meta property=\"og:title\" content=\"Enceintes de voiture et de bateau pr\u00eat \u00e0 poser - Ensemble d\u2019enceintes \u00e9tanches - 40 Watts RMS - Enceintes de bateau (CSB3) | Caliber\" \/>\n<meta property=\"og:description\" content=\"R\u00e9veil avec radio FM10 stations pr\u00e9r\u00e9gl\u00e9es2 heures d&#039;alarmeFonction SnoozeGrand \u00e9cran rougeBatterie de secoursCouleur : noir\" \/>\n<meta property=\"og:url\" content=\"https:\/\/www.calibereurope.com\/fr\/produit\/csb3-fr_fr\/\" \/>\n<meta property=\"og:site_name\" content=\"Caliber\" \/>\n<meta property=\"article:publisher\" content=\"https:\/\/facebook.com\/CaliberEurope\/\" \/>\n<meta property=\"article:modified_time\" content=\"2025-08-26T08:42:02+00:00\" \/>\n<meta property=\"og:image\" content=\"https:\/\/www.calibereurope.com\/wp-content\/uploads\/2023\/01\/50f8461fee7e529bd71b9ac2741037f2f462d30f_csb3-8.jpg\" \/>\n\t<meta property=\"og:image:width\" content=\"550\" \/>\n\t<meta property=\"og:image:height\" content=\"413\" \/>\n\t<meta property=\"og:image:type\" content=\"image\/jpeg\" \/>\n<meta name=\"twitter:card\" content=\"summary_large_image\" \/>\n<meta name=\"twitter:site\" content=\"@calibereurope\" \/>\n<meta name=\"twitter:label1\" content=\"Prix\" \/>\n\t<meta name=\"twitter:data1\" content=\"39,95\" \/>\n\t<meta name=\"twitter:label2\" content=\"Availability\" \/>\n\t<meta name=\"twitter:data2\" content=\"Out of stock\" \/>\n<script type=\"application\/ld+json\" class=\"yoast-schema-graph\">{\"@context\":\"https:\/\/schema.org\",\"@graph\":[{\"@type\":\"WebPage\",\"@id\":\"https:\/\/www.calibereurope.com\/fr\/produit\/csb3-fr_fr\/\",\"url\":\"https:\/\/www.calibereurope.com\/fr\/produit\/csb3-fr_fr\/\",\"name\":\"Enceintes de voiture et de bateau pr\u00eat \u00e0 poser - Ensemble d\u2019enceintes \u00e9tanches - 40 Watts RMS - Enceintes de bateau (CSB3) | Caliber\",\"isPartOf\":{\"@id\":\"https:\/\/www.calibereurope.com\/fr\/#website\"},\"primaryImageOfPage\":{\"@id\":\"https:\/\/www.calibereurope.com\/fr\/produit\/csb3-fr_fr\/#primaryimage\"},\"image\":{\"@id\":\"https:\/\/www.calibereurope.com\/fr\/produit\/csb3-fr_fr\/#primaryimage\"},\"thumbnailUrl\":\"https:\/\/www.calibereurope.com\/wp-content\/uploads\/2024\/03\/50f8461fee7e529bd71b9ac2741037f2f462d30f_csb3.jpg\",\"datePublished\":\"2023-01-12T00:00:00+00:00\",\"dateModified\":\"2025-08-26T08:42:02+00:00\",\"breadcrumb\":{\"@id\":\"https:\/\/www.calibereurope.com\/fr\/produit\/csb3-fr_fr\/#breadcrumb\"},\"inLanguage\":\"fr-FR\",\"potentialAction\":[{\"@type\":\"ReadAction\",\"target\":[\"https:\/\/www.calibereurope.com\/fr\/produit\/csb3-fr_fr\/\"]}]},{\"@type\":\"ImageObject\",\"inLanguage\":\"fr-FR\",\"@id\":\"https:\/\/www.calibereurope.com\/fr\/produit\/csb3-fr_fr\/#primaryimage\",\"url\":\"https:\/\/www.calibereurope.com\/wp-content\/uploads\/2024\/03\/50f8461fee7e529bd71b9ac2741037f2f462d30f_csb3.jpg\",\"contentUrl\":\"https:\/\/www.calibereurope.com\/wp-content\/uploads\/2024\/03\/50f8461fee7e529bd71b9ac2741037f2f462d30f_csb3.jpg\",\"width\":550,\"height\":413},{\"@type\":\"BreadcrumbList\",\"@id\":\"https:\/\/www.calibereurope.com\/fr\/produit\/csb3-fr_fr\/#breadcrumb\",\"itemListElement\":[{\"@type\":\"ListItem\",\"position\":1,\"name\":\"Home\",\"item\":\"https:\/\/www.calibereurope.com\/fr\/\"},{\"@type\":\"ListItem\",\"position\":2,\"name\":\"Boutique en ligne\",\"item\":\"https:\/\/www.calibereurope.com\/fr\/boutique-en-ligne\/\"},{\"@type\":\"ListItem\",\"position\":3,\"name\":\"Voiture\",\"item\":\"https:\/\/www.calibereurope.com\/fr\/auto_fr_FR\/\"},{\"@type\":\"ListItem\",\"position\":4,\"name\":\"Intervenants\",\"item\":\"https:\/\/www.calibereurope.com\/fr\/auto_fr_FR\/luidsprekers_auto_fr_FR\/\"},{\"@type\":\"ListItem\",\"position\":5,\"name\":\"Enceintes de voiture et de bateau pr\u00eat \u00e0 poser &#8211; Ensemble d\u2019enceintes \u00e9tanches &#8211; 40 Watts RMS &#8211; Enceintes de bateau (CSB3)\"}]},{\"@type\":\"WebSite\",\"@id\":\"https:\/\/www.calibereurope.com\/fr\/#website\",\"url\":\"https:\/\/www.calibereurope.com\/fr\/\",\"name\":\"Caliber\",\"description\":\"Sounds good!\",\"publisher\":{\"@id\":\"https:\/\/www.calibereurope.com\/fr\/#organization\"},\"potentialAction\":[{\"@type\":\"SearchAction\",\"target\":{\"@type\":\"EntryPoint\",\"urlTemplate\":\"https:\/\/www.calibereurope.com\/fr\/?s={search_term_string}\"},\"query-input\":{\"@type\":\"PropertyValueSpecification\",\"valueRequired\":true,\"valueName\":\"search_term_string\"}}],\"inLanguage\":\"fr-FR\"},{\"@type\":\"Organization\",\"@id\":\"https:\/\/www.calibereurope.com\/fr\/#organization\",\"name\":\"Caliber Europe B.V.\",\"url\":\"https:\/\/www.calibereurope.com\/fr\/\",\"logo\":{\"@type\":\"ImageObject\",\"inLanguage\":\"fr-FR\",\"@id\":\"https:\/\/www.calibereurope.com\/fr\/#\/schema\/logo\/image\/\",\"url\":\"https:\/\/www.calibereurope.com\/wp-content\/uploads\/2019\/11\/Logo-Caliber-e1574846289621.png\",\"contentUrl\":\"https:\/\/www.calibereurope.com\/wp-content\/uploads\/2019\/11\/Logo-Caliber-e1574846289621.png\",\"width\":400,\"height\":69,\"caption\":\"Caliber Europe B.V.\"},\"image\":{\"@id\":\"https:\/\/www.calibereurope.com\/fr\/#\/schema\/logo\/image\/\"},\"sameAs\":[\"https:\/\/facebook.com\/CaliberEurope\/\",\"https:\/\/x.com\/calibereurope\",\"https:\/\/www.instagram.com\/calibereurope\/\"]}]}<\/script>\n<meta property=\"product:price:amount\" content=\"39.95\" \/>\n<meta property=\"product:price:currency\" content=\"EUR\" \/>\n<meta property=\"og:availability\" content=\"out of stock\" \/>\n<meta property=\"product:availability\" content=\"out of stock\" \/>\n<meta property=\"product:retailer_item_id\" content=\"CSB3\" \/>\n<meta property=\"product:condition\" content=\"new\" \/>\n<!-- \/ Yoast SEO plugin. -->","yoast_head_json":{"title":"Enceintes de voiture et de bateau pr\u00eat \u00e0 poser - Ensemble d\u2019enceintes \u00e9tanches - 40 Watts RMS - Enceintes de bateau (CSB3) | Caliber","robots":{"index":"index","follow":"follow","max-snippet":"max-snippet:-1","max-image-preview":"max-image-preview:large","max-video-preview":"max-video-preview:-1"},"canonical":"https:\/\/www.calibereurope.com\/fr\/produit\/csb3-fr_fr\/","og_locale":"fr_FR","og_type":"article","og_title":"Enceintes de voiture et de bateau pr\u00eat \u00e0 poser - Ensemble d\u2019enceintes \u00e9tanches - 40 Watts RMS - Enceintes de bateau (CSB3) | Caliber","og_description":"R\u00e9veil avec radio FM10 stations pr\u00e9r\u00e9gl\u00e9es2 heures d'alarmeFonction SnoozeGrand \u00e9cran rougeBatterie de secoursCouleur : noir","og_url":"https:\/\/www.calibereurope.com\/fr\/produit\/csb3-fr_fr\/","og_site_name":"Caliber","article_publisher":"https:\/\/facebook.com\/CaliberEurope\/","article_modified_time":"2025-08-26T08:42:02+00:00","og_image":[{"width":550,"height":413,"url":"https:\/\/www.calibereurope.com\/wp-content\/uploads\/2023\/01\/50f8461fee7e529bd71b9ac2741037f2f462d30f_csb3-8.jpg","type":"image\/jpeg"}],"twitter_card":"summary_large_image","twitter_site":"@calibereurope","twitter_misc":{"Prix":"39,95","Availability":"Out of stock"},"schema":{"@context":"https:\/\/schema.org","@graph":[{"@type":"WebPage","@id":"https:\/\/www.calibereurope.com\/fr\/produit\/csb3-fr_fr\/","url":"https:\/\/www.calibereurope.com\/fr\/produit\/csb3-fr_fr\/","name":"Enceintes de voiture et de bateau pr\u00eat \u00e0 poser - Ensemble d\u2019enceintes \u00e9tanches - 40 Watts RMS - Enceintes de bateau (CSB3) | Caliber","isPartOf":{"@id":"https:\/\/www.calibereurope.com\/fr\/#website"},"primaryImageOfPage":{"@id":"https:\/\/www.calibereurope.com\/fr\/produit\/csb3-fr_fr\/#primaryimage"},"image":{"@id":"https:\/\/www.calibereurope.com\/fr\/produit\/csb3-fr_fr\/#primaryimage"},"thumbnailUrl":"https:\/\/www.calibereurope.com\/wp-content\/uploads\/2024\/03\/50f8461fee7e529bd71b9ac2741037f2f462d30f_csb3.jpg","datePublished":"2023-01-12T00:00:00+00:00","dateModified":"2025-08-26T08:42:02+00:00","breadcrumb":{"@id":"https:\/\/www.calibereurope.com\/fr\/produit\/csb3-fr_fr\/#breadcrumb"},"inLanguage":"fr-FR","potentialAction":[{"@type":"ReadAction","target":["https:\/\/www.calibereurope.com\/fr\/produit\/csb3-fr_fr\/"]}]},{"@type":"ImageObject","inLanguage":"fr-FR","@id":"https:\/\/www.calibereurope.com\/fr\/produit\/csb3-fr_fr\/#primaryimage","url":"https:\/\/www.calibereurope.com\/wp-content\/uploads\/2024\/03\/50f8461fee7e529bd71b9ac2741037f2f462d30f_csb3.jpg","contentUrl":"https:\/\/www.calibereurope.com\/wp-content\/uploads\/2024\/03\/50f8461fee7e529bd71b9ac2741037f2f462d30f_csb3.jpg","width":550,"height":413},{"@type":"BreadcrumbList","@id":"https:\/\/www.calibereurope.com\/fr\/produit\/csb3-fr_fr\/#breadcrumb","itemListElement":[{"@type":"ListItem","position":1,"name":"Home","item":"https:\/\/www.calibereurope.com\/fr\/"},{"@type":"ListItem","position":2,"name":"Boutique en ligne","item":"https:\/\/www.calibereurope.com\/fr\/boutique-en-ligne\/"},{"@type":"ListItem","position":3,"name":"Voiture","item":"https:\/\/www.calibereurope.com\/fr\/auto_fr_FR\/"},{"@type":"ListItem","position":4,"name":"Intervenants","item":"https:\/\/www.calibereurope.com\/fr\/auto_fr_FR\/luidsprekers_auto_fr_FR\/"},{"@type":"ListItem","position":5,"name":"Enceintes de voiture et de bateau pr\u00eat \u00e0 poser &#8211; Ensemble d\u2019enceintes \u00e9tanches &#8211; 40 Watts RMS &#8211; Enceintes de bateau (CSB3)"}]},{"@type":"WebSite","@id":"https:\/\/www.calibereurope.com\/fr\/#website","url":"https:\/\/www.calibereurope.com\/fr\/","name":"Caliber","description":"Sounds good!","publisher":{"@id":"https:\/\/www.calibereurope.com\/fr\/#organization"},"potentialAction":[{"@type":"SearchAction","target":{"@type":"EntryPoint","urlTemplate":"https:\/\/www.calibereurope.com\/fr\/?s={search_term_string}"},"query-input":{"@type":"PropertyValueSpecification","valueRequired":true,"valueName":"search_term_string"}}],"inLanguage":"fr-FR"},{"@type":"Organization","@id":"https:\/\/www.calibereurope.com\/fr\/#organization","name":"Caliber Europe B.V.","url":"https:\/\/www.calibereurope.com\/fr\/","logo":{"@type":"ImageObject","inLanguage":"fr-FR","@id":"https:\/\/www.calibereurope.com\/fr\/#\/schema\/logo\/image\/","url":"https:\/\/www.calibereurope.com\/wp-content\/uploads\/2019\/11\/Logo-Caliber-e1574846289621.png","contentUrl":"https:\/\/www.calibereurope.com\/wp-content\/uploads\/2019\/11\/Logo-Caliber-e1574846289621.png","width":400,"height":69,"caption":"Caliber Europe B.V."},"image":{"@id":"https:\/\/www.calibereurope.com\/fr\/#\/schema\/logo\/image\/"},"sameAs":["https:\/\/facebook.com\/CaliberEurope\/","https:\/\/x.com\/calibereurope","https:\/\/www.instagram.com\/calibereurope\/"]}]},"product_price_amount":"39.95","product_price_currency":"EUR","og_availability":"out of stock","product_availability":"out of stock","product_retailer_item_id":"CSB3","product_condition":"new"},"_links":{"self":[{"href":"https:\/\/www.calibereurope.com\/fr\/wp-json\/wp\/v2\/product\/74231","targetHints":{"allow":["GET"]}}],"collection":[{"href":"https:\/\/www.calibereurope.com\/fr\/wp-json\/wp\/v2\/product"}],"about":[{"href":"https:\/\/www.calibereurope.com\/fr\/wp-json\/wp\/v2\/types\/product"}],"replies":[{"embeddable":true,"href":"https:\/\/www.calibereurope.com\/fr\/wp-json\/wp\/v2\/comments?post=74231"}],"wp:featuredmedia":[{"embeddable":true,"href":"https:\/\/www.calibereurope.com\/fr\/wp-json\/wp\/v2\/media\/1571529"}],"wp:attachment":[{"href":"https:\/\/www.calibereurope.com\/fr\/wp-json\/wp\/v2\/media?parent=74231"}],"wp:term":[{"taxonomy":"product_brand","embeddable":true,"href":"https:\/\/www.calibereurope.com\/fr\/wp-json\/wp\/v2\/product_brand?post=74231"},{"taxonomy":"product_cat","embeddable":true,"href":"https:\/\/www.calibereurope.com\/fr\/wp-json\/wp\/v2\/product_cat?post=74231"},{"taxonomy":"product_tag","embeddable":true,"href":"https:\/\/www.calibereurope.com\/fr\/wp-json\/wp\/v2\/product_tag?post=74231"}],"curies":[{"name":"wp","href":"https:\/\/api.w.org\/{rel}","templated":true}]}}