{"id":76039,"date":"2026-01-05T01:00:00","date_gmt":"2026-01-05T00:00:00","guid":{"rendered":"0"},"modified":"2026-01-05T14:31:15","modified_gmt":"2026-01-05T13:31:15","slug":"ANT614-fr_FR","status":"publish","type":"product","link":"https:\/\/www.calibereurope.com\/fr\/produit\/ANT614-fr_FR\/","title":{"rendered":"Adaptateur d&#8217;antenne (ANT614)"},"content":{"rendered":"<p>Avec l&#39;adaptateur d&#39;antenne Caliber ANT614, vous connectez une antenne ISO \u00e0 la connexion DIN de votre autoradio. Ceci convertira votre antenne ISO de femelle en m\u00e2le et est utile lorsque votre radio ne dispose pas d&#39;une connexion ISO. Ainsi, vous recevez les stations FM et AM et vous pouvez profiter de vos stations de radio pr\u00e9f\u00e9r\u00e9es en un rien de temps.<\/p>\n","protected":false},"excerpt":{"rendered":"<p>Avec l&#39;adaptateur d&#39;antenne Caliber ANT614, vous connectez une antenne ISO \u00e0 la connexion DIN de votre autoradio. Ceci convertira votre antenne ISO de femelle en m\u00e2le et est utile lorsque votre radio ne dispose pas d&#39;une connexion ISO. Ainsi, vous recevez les stations FM et AM et vous pouvez profiter de vos stations de radio [&hellip;]<\/p>\n","protected":false},"featured_media":1685434,"comment_status":"open","ping_status":"closed","template":"","meta":{"inline_featured_image":false},"product_brand":[],"product_cat":[7794,7767],"product_tag":[],"class_list":{"0":"post-76039","1":"product","2":"type-product","3":"status-publish","4":"has-post-thumbnail","6":"product_cat-antenne_en_adapters_auto_fr_FR","7":"product_cat-auto_fr_FR","9":"first","10":"instock","11":"taxable","12":"shipping-taxable","13":"purchasable","14":"product-type-simple"},"yoast_head":"<!-- This site is optimized with the Yoast SEO plugin v24.4 - https:\/\/yoast.com\/wordpress\/plugins\/seo\/ -->\n<title>Adaptateur d&#039;antenne (ANT614) | Caliber<\/title>\n<meta name=\"robots\" content=\"index, follow, max-snippet:-1, max-image-preview:large, max-video-preview:-1\" \/>\n<link rel=\"canonical\" href=\"https:\/\/www.calibereurope.com\/fr\/produit\/ANT614-fr_FR\/\" \/>\n<meta property=\"og:locale\" content=\"fr_FR\" \/>\n<meta property=\"og:type\" content=\"article\" \/>\n<meta property=\"og:title\" content=\"Adaptateur d&#039;antenne (ANT614) | Caliber\" \/>\n<meta property=\"og:description\" content=\"Avec l&#039;adaptateur d&#039;antenne Caliber ANT614, vous connectez une antenne ISO \u00e0 la connexion DIN de votre autoradio. Ceci convertira votre antenne ISO de femelle en m\u00e2le et est utile lorsque votre radio ne dispose pas d&#039;une connexion ISO. Ainsi, vous recevez les stations FM et AM et vous pouvez profiter de vos stations de radio [&hellip;]\" \/>\n<meta property=\"og:url\" content=\"https:\/\/www.calibereurope.com\/fr\/produit\/ANT614-fr_FR\/\" \/>\n<meta property=\"og:site_name\" content=\"Caliber\" \/>\n<meta property=\"article:publisher\" content=\"https:\/\/facebook.com\/CaliberEurope\/\" \/>\n<meta property=\"article:modified_time\" content=\"2026-01-05T13:31:15+00:00\" \/>\n<meta property=\"og:image\" content=\"https:\/\/www.calibereurope.com\/wp-content\/uploads\/2022\/05\/9f75b4694d1a74962b446a342c4763fae3055cd1_ANT_614.jpg\" \/>\n\t<meta property=\"og:image:width\" content=\"1024\" \/>\n\t<meta property=\"og:image:height\" content=\"768\" \/>\n\t<meta property=\"og:image:type\" content=\"image\/jpeg\" \/>\n<meta name=\"twitter:card\" content=\"summary_large_image\" \/>\n<meta name=\"twitter:site\" content=\"@calibereurope\" \/>\n<meta name=\"twitter:label1\" content=\"Prix\" \/>\n\t<meta name=\"twitter:data1\" content=\"5,95\" \/>\n\t<meta name=\"twitter:label2\" content=\"Availability\" \/>\n\t<meta name=\"twitter:data2\" content=\"In stock\" \/>\n<script type=\"application\/ld+json\" class=\"yoast-schema-graph\">{\"@context\":\"https:\/\/schema.org\",\"@graph\":[{\"@type\":\"WebPage\",\"@id\":\"https:\/\/www.calibereurope.com\/fr\/produit\/ANT614-fr_FR\/\",\"url\":\"https:\/\/www.calibereurope.com\/fr\/produit\/ANT614-fr_FR\/\",\"name\":\"Adaptateur d'antenne (ANT614) | Caliber\",\"isPartOf\":{\"@id\":\"https:\/\/www.calibereurope.com\/fr\/#website\"},\"primaryImageOfPage\":{\"@id\":\"https:\/\/www.calibereurope.com\/fr\/produit\/ANT614-fr_FR\/#primaryimage\"},\"image\":{\"@id\":\"https:\/\/www.calibereurope.com\/fr\/produit\/ANT614-fr_FR\/#primaryimage\"},\"thumbnailUrl\":\"https:\/\/www.calibereurope.com\/wp-content\/uploads\/2026\/01\/9f75b4694d1a74962b446a342c4763fae3055cd1_ANT_614.jpg\",\"datePublished\":\"2026-01-05T00:00:00+00:00\",\"dateModified\":\"2026-01-05T13:31:15+00:00\",\"breadcrumb\":{\"@id\":\"https:\/\/www.calibereurope.com\/fr\/produit\/ANT614-fr_FR\/#breadcrumb\"},\"inLanguage\":\"fr-FR\",\"potentialAction\":[{\"@type\":\"ReadAction\",\"target\":[\"https:\/\/www.calibereurope.com\/fr\/produit\/ANT614-fr_FR\/\"]}]},{\"@type\":\"ImageObject\",\"inLanguage\":\"fr-FR\",\"@id\":\"https:\/\/www.calibereurope.com\/fr\/produit\/ANT614-fr_FR\/#primaryimage\",\"url\":\"https:\/\/www.calibereurope.com\/wp-content\/uploads\/2026\/01\/9f75b4694d1a74962b446a342c4763fae3055cd1_ANT_614.jpg\",\"contentUrl\":\"https:\/\/www.calibereurope.com\/wp-content\/uploads\/2026\/01\/9f75b4694d1a74962b446a342c4763fae3055cd1_ANT_614.jpg\",\"width\":1024,\"height\":768},{\"@type\":\"BreadcrumbList\",\"@id\":\"https:\/\/www.calibereurope.com\/fr\/produit\/ANT614-fr_FR\/#breadcrumb\",\"itemListElement\":[{\"@type\":\"ListItem\",\"position\":1,\"name\":\"Home\",\"item\":\"https:\/\/www.calibereurope.com\/fr\/\"},{\"@type\":\"ListItem\",\"position\":2,\"name\":\"Boutique en ligne\",\"item\":\"https:\/\/www.calibereurope.com\/fr\/boutique-en-ligne\/\"},{\"@type\":\"ListItem\",\"position\":3,\"name\":\"Voiture\",\"item\":\"https:\/\/www.calibereurope.com\/fr\/auto_fr_FR\/\"},{\"@type\":\"ListItem\",\"position\":4,\"name\":\"Antenne et adaptateurs\",\"item\":\"https:\/\/www.calibereurope.com\/fr\/auto_fr_FR\/antenne_en_adapters_auto_fr_FR\/\"},{\"@type\":\"ListItem\",\"position\":5,\"name\":\"Adaptateur d&rsquo;antenne (ANT614)\"}]},{\"@type\":\"WebSite\",\"@id\":\"https:\/\/www.calibereurope.com\/fr\/#website\",\"url\":\"https:\/\/www.calibereurope.com\/fr\/\",\"name\":\"Caliber\",\"description\":\"Sounds good!\",\"publisher\":{\"@id\":\"https:\/\/www.calibereurope.com\/fr\/#organization\"},\"potentialAction\":[{\"@type\":\"SearchAction\",\"target\":{\"@type\":\"EntryPoint\",\"urlTemplate\":\"https:\/\/www.calibereurope.com\/fr\/?s={search_term_string}\"},\"query-input\":{\"@type\":\"PropertyValueSpecification\",\"valueRequired\":true,\"valueName\":\"search_term_string\"}}],\"inLanguage\":\"fr-FR\"},{\"@type\":\"Organization\",\"@id\":\"https:\/\/www.calibereurope.com\/fr\/#organization\",\"name\":\"Caliber Europe B.V.\",\"url\":\"https:\/\/www.calibereurope.com\/fr\/\",\"logo\":{\"@type\":\"ImageObject\",\"inLanguage\":\"fr-FR\",\"@id\":\"https:\/\/www.calibereurope.com\/fr\/#\/schema\/logo\/image\/\",\"url\":\"https:\/\/www.calibereurope.com\/wp-content\/uploads\/2019\/11\/Logo-Caliber-e1574846289621.png\",\"contentUrl\":\"https:\/\/www.calibereurope.com\/wp-content\/uploads\/2019\/11\/Logo-Caliber-e1574846289621.png\",\"width\":400,\"height\":69,\"caption\":\"Caliber Europe B.V.\"},\"image\":{\"@id\":\"https:\/\/www.calibereurope.com\/fr\/#\/schema\/logo\/image\/\"},\"sameAs\":[\"https:\/\/facebook.com\/CaliberEurope\/\",\"https:\/\/x.com\/calibereurope\",\"https:\/\/www.instagram.com\/calibereurope\/\"]}]}<\/script>\n<meta property=\"product:price:amount\" content=\"5.95\" \/>\n<meta property=\"product:price:currency\" content=\"EUR\" \/>\n<meta property=\"og:availability\" content=\"instock\" \/>\n<meta property=\"product:availability\" content=\"instock\" \/>\n<meta property=\"product:retailer_item_id\" content=\"ANT614\" \/>\n<meta property=\"product:condition\" content=\"new\" \/>\n<!-- \/ Yoast SEO plugin. -->","yoast_head_json":{"title":"Adaptateur d'antenne (ANT614) | Caliber","robots":{"index":"index","follow":"follow","max-snippet":"max-snippet:-1","max-image-preview":"max-image-preview:large","max-video-preview":"max-video-preview:-1"},"canonical":"https:\/\/www.calibereurope.com\/fr\/produit\/ANT614-fr_FR\/","og_locale":"fr_FR","og_type":"article","og_title":"Adaptateur d'antenne (ANT614) | Caliber","og_description":"Avec l&#39;adaptateur d&#39;antenne Caliber ANT614, vous connectez une antenne ISO \u00e0 la connexion DIN de votre autoradio. Ceci convertira votre antenne ISO de femelle en m\u00e2le et est utile lorsque votre radio ne dispose pas d&#39;une connexion ISO. Ainsi, vous recevez les stations FM et AM et vous pouvez profiter de vos stations de radio [&hellip;]","og_url":"https:\/\/www.calibereurope.com\/fr\/produit\/ANT614-fr_FR\/","og_site_name":"Caliber","article_publisher":"https:\/\/facebook.com\/CaliberEurope\/","article_modified_time":"2026-01-05T13:31:15+00:00","og_image":[{"width":1024,"height":768,"url":"https:\/\/www.calibereurope.com\/wp-content\/uploads\/2022\/05\/9f75b4694d1a74962b446a342c4763fae3055cd1_ANT_614.jpg","type":"image\/jpeg"}],"twitter_card":"summary_large_image","twitter_site":"@calibereurope","twitter_misc":{"Prix":"5,95","Availability":"In stock"},"schema":{"@context":"https:\/\/schema.org","@graph":[{"@type":"WebPage","@id":"https:\/\/www.calibereurope.com\/fr\/produit\/ANT614-fr_FR\/","url":"https:\/\/www.calibereurope.com\/fr\/produit\/ANT614-fr_FR\/","name":"Adaptateur d'antenne (ANT614) | Caliber","isPartOf":{"@id":"https:\/\/www.calibereurope.com\/fr\/#website"},"primaryImageOfPage":{"@id":"https:\/\/www.calibereurope.com\/fr\/produit\/ANT614-fr_FR\/#primaryimage"},"image":{"@id":"https:\/\/www.calibereurope.com\/fr\/produit\/ANT614-fr_FR\/#primaryimage"},"thumbnailUrl":"https:\/\/www.calibereurope.com\/wp-content\/uploads\/2026\/01\/9f75b4694d1a74962b446a342c4763fae3055cd1_ANT_614.jpg","datePublished":"2026-01-05T00:00:00+00:00","dateModified":"2026-01-05T13:31:15+00:00","breadcrumb":{"@id":"https:\/\/www.calibereurope.com\/fr\/produit\/ANT614-fr_FR\/#breadcrumb"},"inLanguage":"fr-FR","potentialAction":[{"@type":"ReadAction","target":["https:\/\/www.calibereurope.com\/fr\/produit\/ANT614-fr_FR\/"]}]},{"@type":"ImageObject","inLanguage":"fr-FR","@id":"https:\/\/www.calibereurope.com\/fr\/produit\/ANT614-fr_FR\/#primaryimage","url":"https:\/\/www.calibereurope.com\/wp-content\/uploads\/2026\/01\/9f75b4694d1a74962b446a342c4763fae3055cd1_ANT_614.jpg","contentUrl":"https:\/\/www.calibereurope.com\/wp-content\/uploads\/2026\/01\/9f75b4694d1a74962b446a342c4763fae3055cd1_ANT_614.jpg","width":1024,"height":768},{"@type":"BreadcrumbList","@id":"https:\/\/www.calibereurope.com\/fr\/produit\/ANT614-fr_FR\/#breadcrumb","itemListElement":[{"@type":"ListItem","position":1,"name":"Home","item":"https:\/\/www.calibereurope.com\/fr\/"},{"@type":"ListItem","position":2,"name":"Boutique en ligne","item":"https:\/\/www.calibereurope.com\/fr\/boutique-en-ligne\/"},{"@type":"ListItem","position":3,"name":"Voiture","item":"https:\/\/www.calibereurope.com\/fr\/auto_fr_FR\/"},{"@type":"ListItem","position":4,"name":"Antenne et adaptateurs","item":"https:\/\/www.calibereurope.com\/fr\/auto_fr_FR\/antenne_en_adapters_auto_fr_FR\/"},{"@type":"ListItem","position":5,"name":"Adaptateur d&rsquo;antenne (ANT614)"}]},{"@type":"WebSite","@id":"https:\/\/www.calibereurope.com\/fr\/#website","url":"https:\/\/www.calibereurope.com\/fr\/","name":"Caliber","description":"Sounds good!","publisher":{"@id":"https:\/\/www.calibereurope.com\/fr\/#organization"},"potentialAction":[{"@type":"SearchAction","target":{"@type":"EntryPoint","urlTemplate":"https:\/\/www.calibereurope.com\/fr\/?s={search_term_string}"},"query-input":{"@type":"PropertyValueSpecification","valueRequired":true,"valueName":"search_term_string"}}],"inLanguage":"fr-FR"},{"@type":"Organization","@id":"https:\/\/www.calibereurope.com\/fr\/#organization","name":"Caliber Europe B.V.","url":"https:\/\/www.calibereurope.com\/fr\/","logo":{"@type":"ImageObject","inLanguage":"fr-FR","@id":"https:\/\/www.calibereurope.com\/fr\/#\/schema\/logo\/image\/","url":"https:\/\/www.calibereurope.com\/wp-content\/uploads\/2019\/11\/Logo-Caliber-e1574846289621.png","contentUrl":"https:\/\/www.calibereurope.com\/wp-content\/uploads\/2019\/11\/Logo-Caliber-e1574846289621.png","width":400,"height":69,"caption":"Caliber Europe B.V."},"image":{"@id":"https:\/\/www.calibereurope.com\/fr\/#\/schema\/logo\/image\/"},"sameAs":["https:\/\/facebook.com\/CaliberEurope\/","https:\/\/x.com\/calibereurope","https:\/\/www.instagram.com\/calibereurope\/"]}]},"product_price_amount":"5.95","product_price_currency":"EUR","og_availability":"instock","product_availability":"instock","product_retailer_item_id":"ANT614","product_condition":"new"},"_links":{"self":[{"href":"https:\/\/www.calibereurope.com\/fr\/wp-json\/wp\/v2\/product\/76039","targetHints":{"allow":["GET"]}}],"collection":[{"href":"https:\/\/www.calibereurope.com\/fr\/wp-json\/wp\/v2\/product"}],"about":[{"href":"https:\/\/www.calibereurope.com\/fr\/wp-json\/wp\/v2\/types\/product"}],"replies":[{"embeddable":true,"href":"https:\/\/www.calibereurope.com\/fr\/wp-json\/wp\/v2\/comments?post=76039"}],"wp:featuredmedia":[{"embeddable":true,"href":"https:\/\/www.calibereurope.com\/fr\/wp-json\/wp\/v2\/media\/1685434"}],"wp:attachment":[{"href":"https:\/\/www.calibereurope.com\/fr\/wp-json\/wp\/v2\/media?parent=76039"}],"wp:term":[{"taxonomy":"product_brand","embeddable":true,"href":"https:\/\/www.calibereurope.com\/fr\/wp-json\/wp\/v2\/product_brand?post=76039"},{"taxonomy":"product_cat","embeddable":true,"href":"https:\/\/www.calibereurope.com\/fr\/wp-json\/wp\/v2\/product_cat?post=76039"},{"taxonomy":"product_tag","embeddable":true,"href":"https:\/\/www.calibereurope.com\/fr\/wp-json\/wp\/v2\/product_tag?post=76039"}],"curies":[{"name":"wp","href":"https:\/\/api.w.org\/{rel}","templated":true}]}}