{"id":76503,"date":"2024-06-17T02:00:00","date_gmt":"2022-11-17T00:00:00","guid":{"rendered":""},"modified":"2025-02-03T16:09:44","modified_gmt":"2025-02-03T15:09:44","slug":"RMD060DAB-BT-fr_FR","status":"publish","type":"product","link":"https:\/\/www.calibereurope.com\/fr\/produit\/RMD060DAB-BT-fr_FR\/","title":{"rendered":"Dab + Radio Auto avec Bluetooth &#8211; 1 Din &#8211; FM -Radio, USB, SD et AUX &#8211; USB suppl\u00e9mentaire pour la charge (RMD060DAB -BT)"},"content":{"rendered":"<p> Profitez de toutes vos chansons et \u00e9missions de radio pr\u00e9f\u00e9r\u00e9es avec ce Caliber moderne RMD060DAB-BT DAB + Car Radio avec Bluetooth. Gr\u00e2ce aux <strong> dab + et fm tuner <\/strong>, vous pouvez recevoir sans cesse de nombreuses stations de radio. Connectez votre smartphone via <strong> bluetooth <\/strong> avec le <strong> 1 din <\/strong> car radio et diffuser tous les podcasts et chansons que vous aimez entendre en cours de route. Vous pouvez \u00e9galement utiliser <strong> USB, SD et AUX <\/strong> pour jouer de la musique. Avec le <strong> microphone externe <\/strong>, vous avez \u00e9galement des conversations sans mains s\u00fbres et faciles lorsque vous \u00eates sur la route, pendant que vous chargez <strong> t\u00e9l\u00e9phone <\/strong> via la sortie <strong> USB 1A <\/ Strong>. <\/strong>. <\/strong>. <\/strong>. <\/strong>. Strong> <\/strong> <\/p>\n<p> <strong> Propri\u00e9t\u00e9s: <\/strong > <\/p>\n<ul>\n<li> Bluetooth Audio Technology\n<li> DAB + et FM-tuner << Li> AUX, USB et SD Option de lecture\n<li> CALLES DE MAINS via le microphone inclus\n<li> Charge de t\u00e9l\u00e9phone via Extra Port USB 1A\n<li> 1 DIN TAILLE AVEC 110 mm Profondeur d&#39;installation\n<li> 4 x 75 watt Power <L> 7 Couleurs LED r\u00e9glables\n<li> Affichage MP3 \/ WMA\n<li> RDS EON\n<li> Double sortie RCA <\/li > <\/ul>\n<h3> Options d&#39;\u00e9coute sans fin <\/h3>\n<p> attendez-vous avec impatience cette \u00e9mission de radio confortable aujourd&#39;hui, \u00e9coutez la prochaine fois que vous pr\u00e9f\u00e9rez un podcast informatif et voulez-vous chanter avec votre propre liste de lecture dans une autre temps? Ensuite, ce DAB + l&#39;autoradio moderne avec Bluetooth est votre nouvel ami. Vous \u00e9coutez toutes les stations de radio via DAB + ou FM et vous pouvez connecter votre smartphone via AUX ou Bluetooth. L&#39;\u00e9coute de la musique est \u00e9galement possible via un b\u00e2ton USB ou une carte SD. De cette fa\u00e7on, vous avez toujours le bon soutien musical sur le chemin! <\/p>\n<h3> \u00e0 port\u00e9e de main \u00e0 utiliser <\/h3>\n<p> Gr\u00e2ce au format standard 1 DIN et \u00e0 la profondeur de 110 mm, vous pouvez facilement installer cette radio-autonome dans votre voiture. Une fois install\u00e9, la t\u00e9l\u00e9commande facilite l&#39;exploitation de l&#39;autoradio avec USB et Bluetooth. De cette fa\u00e7on, le si\u00e8ge arri\u00e8re peut \u00e9galement appliquer ses num\u00e9ros de voix et sauter ou ajuster le volume. La sortie USB 1A garantit \u00e9galement que vous arrivez avec une batterie t\u00e9l\u00e9phonique compl\u00e8te. <\/p>\n<h3> D\u00e9finissez vos souhaits <\/h3>\n<p> Vous pouvez personnaliser cette radio-radio Bluetooth moderne de diverses mani\u00e8res. Par exemple, les boutons du panneau avant peuvent \u00eatre modifi\u00e9s de couleur, afin que vous puissiez ajuster l&#39;atmosph\u00e8re dans la voiture comme vous le souhaitez. De plus, vous pouvez d\u00e9finir plusieurs pr\u00e9r\u00e9glages sur ce caradio SMART DAB +, afin d&#39;\u00e9couter vos stations de radio pr\u00e9f\u00e9r\u00e9es avec une seule pouss\u00e9e d&#39;un bouton. <\/p>\n<p> <strong> <br \/> Inclus: <\/strong> <\/p>\n<ul>\n<li> Caliber DAB + auto radio avec Bluetooth\n<li> Remote Contr\u00f4le\n<li> Microphone <L> DAB + Antenne<br \/>\n","protected":false},"excerpt":{"rendered":"<p>Profitez de toutes vos chansons et \u00e9missions de radio pr\u00e9f\u00e9r\u00e9es avec ce Caliber moderne RMD060DAB-BT DAB + Car Radio avec Bluetooth. Gr\u00e2ce aux dab + et fm tuner , vous pouvez recevoir sans cesse de nombreuses stations de radio. Connectez votre smartphone via bluetooth avec le 1 din car radio et diffuser tous les podcasts [&hellip;]<\/p>\n","protected":false},"featured_media":1602638,"comment_status":"open","ping_status":"closed","template":"","meta":{"inline_featured_image":false},"product_brand":[],"product_cat":[7806,7767],"product_tag":[],"class_list":{"0":"post-76503","1":"product","2":"type-product","3":"status-publish","4":"has-post-thumbnail","6":"product_cat-radios_auto_fr_FR","7":"product_cat-auto_fr_FR","9":"first","10":"instock","11":"taxable","12":"shipping-taxable","13":"purchasable","14":"product-type-simple"},"yoast_head":"<!-- This site is optimized with the Yoast SEO plugin v24.4 - https:\/\/yoast.com\/wordpress\/plugins\/seo\/ -->\n<title>Dab + Radio Auto avec Bluetooth - 1 Din - FM -Radio, USB, SD et AUX - USB suppl\u00e9mentaire pour la charge (RMD060DAB -BT) | Caliber<\/title>\n<meta name=\"robots\" content=\"index, follow, max-snippet:-1, max-image-preview:large, max-video-preview:-1\" \/>\n<link rel=\"canonical\" href=\"https:\/\/www.calibereurope.com\/fr\/produit\/RMD060DAB-BT-fr_FR\/\" \/>\n<meta property=\"og:locale\" content=\"fr_FR\" \/>\n<meta property=\"og:type\" content=\"article\" \/>\n<meta property=\"og:title\" content=\"Dab + Radio Auto avec Bluetooth - 1 Din - FM -Radio, USB, SD et AUX - USB suppl\u00e9mentaire pour la charge (RMD060DAB -BT) | Caliber\" \/>\n<meta property=\"og:description\" content=\"Profitez de toutes vos chansons et \u00e9missions de radio pr\u00e9f\u00e9r\u00e9es avec ce Caliber moderne RMD060DAB-BT DAB + Car Radio avec Bluetooth. Gr\u00e2ce aux dab + et fm tuner , vous pouvez recevoir sans cesse de nombreuses stations de radio. Connectez votre smartphone via bluetooth avec le 1 din car radio et diffuser tous les podcasts [&hellip;]\" \/>\n<meta property=\"og:url\" content=\"https:\/\/www.calibereurope.com\/fr\/produit\/RMD060DAB-BT-fr_FR\/\" \/>\n<meta property=\"og:site_name\" content=\"Caliber\" \/>\n<meta property=\"article:publisher\" content=\"https:\/\/facebook.com\/CaliberEurope\/\" \/>\n<meta property=\"article:modified_time\" content=\"2025-02-03T15:09:44+00:00\" \/>\n<meta property=\"og:image\" content=\"https:\/\/www.calibereurope.com\/wp-content\/uploads\/2022\/11\/14b2e090d698cda2aa843d17f489cf30cff3962f_RMD060DAB_BT_web.jpg\" \/>\n\t<meta property=\"og:image:width\" content=\"1024\" \/>\n\t<meta property=\"og:image:height\" content=\"768\" \/>\n\t<meta property=\"og:image:type\" content=\"image\/jpeg\" \/>\n<meta name=\"twitter:card\" content=\"summary_large_image\" \/>\n<meta name=\"twitter:site\" content=\"@calibereurope\" \/>\n<meta name=\"twitter:label1\" content=\"Prix\" \/>\n\t<meta name=\"twitter:data1\" content=\"99,95\" \/>\n\t<meta name=\"twitter:label2\" content=\"Availability\" \/>\n\t<meta name=\"twitter:data2\" content=\"In stock\" \/>\n<script type=\"application\/ld+json\" class=\"yoast-schema-graph\">{\"@context\":\"https:\/\/schema.org\",\"@graph\":[{\"@type\":\"WebPage\",\"@id\":\"https:\/\/www.calibereurope.com\/fr\/produit\/RMD060DAB-BT-fr_FR\/\",\"url\":\"https:\/\/www.calibereurope.com\/fr\/produit\/RMD060DAB-BT-fr_FR\/\",\"name\":\"Dab + Radio Auto avec Bluetooth - 1 Din - FM -Radio, USB, SD et AUX - USB suppl\u00e9mentaire pour la charge (RMD060DAB -BT) | Caliber\",\"isPartOf\":{\"@id\":\"https:\/\/www.calibereurope.com\/fr\/#website\"},\"primaryImageOfPage\":{\"@id\":\"https:\/\/www.calibereurope.com\/fr\/produit\/RMD060DAB-BT-fr_FR\/#primaryimage\"},\"image\":{\"@id\":\"https:\/\/www.calibereurope.com\/fr\/produit\/RMD060DAB-BT-fr_FR\/#primaryimage\"},\"thumbnailUrl\":\"https:\/\/www.calibereurope.com\/wp-content\/uploads\/2024\/06\/14b2e090d698cda2aa843d17f489cf30cff3962f_RMD060DAB_BT_web.jpg\",\"datePublished\":\"2022-11-17T00:00:00+00:00\",\"dateModified\":\"2025-02-03T15:09:44+00:00\",\"breadcrumb\":{\"@id\":\"https:\/\/www.calibereurope.com\/fr\/produit\/RMD060DAB-BT-fr_FR\/#breadcrumb\"},\"inLanguage\":\"fr-FR\",\"potentialAction\":[{\"@type\":\"ReadAction\",\"target\":[\"https:\/\/www.calibereurope.com\/fr\/produit\/RMD060DAB-BT-fr_FR\/\"]}]},{\"@type\":\"ImageObject\",\"inLanguage\":\"fr-FR\",\"@id\":\"https:\/\/www.calibereurope.com\/fr\/produit\/RMD060DAB-BT-fr_FR\/#primaryimage\",\"url\":\"https:\/\/www.calibereurope.com\/wp-content\/uploads\/2024\/06\/14b2e090d698cda2aa843d17f489cf30cff3962f_RMD060DAB_BT_web.jpg\",\"contentUrl\":\"https:\/\/www.calibereurope.com\/wp-content\/uploads\/2024\/06\/14b2e090d698cda2aa843d17f489cf30cff3962f_RMD060DAB_BT_web.jpg\",\"width\":1024,\"height\":768},{\"@type\":\"BreadcrumbList\",\"@id\":\"https:\/\/www.calibereurope.com\/fr\/produit\/RMD060DAB-BT-fr_FR\/#breadcrumb\",\"itemListElement\":[{\"@type\":\"ListItem\",\"position\":1,\"name\":\"Home\",\"item\":\"https:\/\/www.calibereurope.com\/fr\/\"},{\"@type\":\"ListItem\",\"position\":2,\"name\":\"Boutique en ligne\",\"item\":\"https:\/\/www.calibereurope.com\/fr\/boutique-en-ligne\/\"},{\"@type\":\"ListItem\",\"position\":3,\"name\":\"Voiture\",\"item\":\"https:\/\/www.calibereurope.com\/fr\/auto_fr_FR\/\"},{\"@type\":\"ListItem\",\"position\":4,\"name\":\"Radios\",\"item\":\"https:\/\/www.calibereurope.com\/fr\/auto_fr_FR\/radios_auto_fr_FR\/\"},{\"@type\":\"ListItem\",\"position\":5,\"name\":\"Dab + Radio Auto avec Bluetooth &#8211; 1 Din &#8211; FM -Radio, USB, SD et AUX &#8211; USB suppl\u00e9mentaire pour la charge (RMD060DAB -BT)\"}]},{\"@type\":\"WebSite\",\"@id\":\"https:\/\/www.calibereurope.com\/fr\/#website\",\"url\":\"https:\/\/www.calibereurope.com\/fr\/\",\"name\":\"Caliber\",\"description\":\"Sounds good!\",\"publisher\":{\"@id\":\"https:\/\/www.calibereurope.com\/fr\/#organization\"},\"potentialAction\":[{\"@type\":\"SearchAction\",\"target\":{\"@type\":\"EntryPoint\",\"urlTemplate\":\"https:\/\/www.calibereurope.com\/fr\/?s={search_term_string}\"},\"query-input\":{\"@type\":\"PropertyValueSpecification\",\"valueRequired\":true,\"valueName\":\"search_term_string\"}}],\"inLanguage\":\"fr-FR\"},{\"@type\":\"Organization\",\"@id\":\"https:\/\/www.calibereurope.com\/fr\/#organization\",\"name\":\"Caliber Europe B.V.\",\"url\":\"https:\/\/www.calibereurope.com\/fr\/\",\"logo\":{\"@type\":\"ImageObject\",\"inLanguage\":\"fr-FR\",\"@id\":\"https:\/\/www.calibereurope.com\/fr\/#\/schema\/logo\/image\/\",\"url\":\"https:\/\/www.calibereurope.com\/wp-content\/uploads\/2019\/11\/Logo-Caliber-e1574846289621.png\",\"contentUrl\":\"https:\/\/www.calibereurope.com\/wp-content\/uploads\/2019\/11\/Logo-Caliber-e1574846289621.png\",\"width\":400,\"height\":69,\"caption\":\"Caliber Europe B.V.\"},\"image\":{\"@id\":\"https:\/\/www.calibereurope.com\/fr\/#\/schema\/logo\/image\/\"},\"sameAs\":[\"https:\/\/facebook.com\/CaliberEurope\/\",\"https:\/\/x.com\/calibereurope\",\"https:\/\/www.instagram.com\/calibereurope\/\"]}]}<\/script>\n<meta property=\"product:price:amount\" content=\"99.95\" \/>\n<meta property=\"product:price:currency\" content=\"EUR\" \/>\n<meta property=\"og:availability\" content=\"instock\" \/>\n<meta property=\"product:availability\" content=\"instock\" \/>\n<meta property=\"product:retailer_item_id\" content=\"RMD060DAB-BT\" \/>\n<meta property=\"product:condition\" content=\"new\" \/>\n<!-- \/ Yoast SEO plugin. -->","yoast_head_json":{"title":"Dab + Radio Auto avec Bluetooth - 1 Din - FM -Radio, USB, SD et AUX - USB suppl\u00e9mentaire pour la charge (RMD060DAB -BT) | Caliber","robots":{"index":"index","follow":"follow","max-snippet":"max-snippet:-1","max-image-preview":"max-image-preview:large","max-video-preview":"max-video-preview:-1"},"canonical":"https:\/\/www.calibereurope.com\/fr\/produit\/RMD060DAB-BT-fr_FR\/","og_locale":"fr_FR","og_type":"article","og_title":"Dab + Radio Auto avec Bluetooth - 1 Din - FM -Radio, USB, SD et AUX - USB suppl\u00e9mentaire pour la charge (RMD060DAB -BT) | Caliber","og_description":"Profitez de toutes vos chansons et \u00e9missions de radio pr\u00e9f\u00e9r\u00e9es avec ce Caliber moderne RMD060DAB-BT DAB + Car Radio avec Bluetooth. Gr\u00e2ce aux dab + et fm tuner , vous pouvez recevoir sans cesse de nombreuses stations de radio. Connectez votre smartphone via bluetooth avec le 1 din car radio et diffuser tous les podcasts [&hellip;]","og_url":"https:\/\/www.calibereurope.com\/fr\/produit\/RMD060DAB-BT-fr_FR\/","og_site_name":"Caliber","article_publisher":"https:\/\/facebook.com\/CaliberEurope\/","article_modified_time":"2025-02-03T15:09:44+00:00","og_image":[{"width":1024,"height":768,"url":"https:\/\/www.calibereurope.com\/wp-content\/uploads\/2022\/11\/14b2e090d698cda2aa843d17f489cf30cff3962f_RMD060DAB_BT_web.jpg","type":"image\/jpeg"}],"twitter_card":"summary_large_image","twitter_site":"@calibereurope","twitter_misc":{"Prix":"99,95","Availability":"In stock"},"schema":{"@context":"https:\/\/schema.org","@graph":[{"@type":"WebPage","@id":"https:\/\/www.calibereurope.com\/fr\/produit\/RMD060DAB-BT-fr_FR\/","url":"https:\/\/www.calibereurope.com\/fr\/produit\/RMD060DAB-BT-fr_FR\/","name":"Dab + Radio Auto avec Bluetooth - 1 Din - FM -Radio, USB, SD et AUX - USB suppl\u00e9mentaire pour la charge (RMD060DAB -BT) | Caliber","isPartOf":{"@id":"https:\/\/www.calibereurope.com\/fr\/#website"},"primaryImageOfPage":{"@id":"https:\/\/www.calibereurope.com\/fr\/produit\/RMD060DAB-BT-fr_FR\/#primaryimage"},"image":{"@id":"https:\/\/www.calibereurope.com\/fr\/produit\/RMD060DAB-BT-fr_FR\/#primaryimage"},"thumbnailUrl":"https:\/\/www.calibereurope.com\/wp-content\/uploads\/2024\/06\/14b2e090d698cda2aa843d17f489cf30cff3962f_RMD060DAB_BT_web.jpg","datePublished":"2022-11-17T00:00:00+00:00","dateModified":"2025-02-03T15:09:44+00:00","breadcrumb":{"@id":"https:\/\/www.calibereurope.com\/fr\/produit\/RMD060DAB-BT-fr_FR\/#breadcrumb"},"inLanguage":"fr-FR","potentialAction":[{"@type":"ReadAction","target":["https:\/\/www.calibereurope.com\/fr\/produit\/RMD060DAB-BT-fr_FR\/"]}]},{"@type":"ImageObject","inLanguage":"fr-FR","@id":"https:\/\/www.calibereurope.com\/fr\/produit\/RMD060DAB-BT-fr_FR\/#primaryimage","url":"https:\/\/www.calibereurope.com\/wp-content\/uploads\/2024\/06\/14b2e090d698cda2aa843d17f489cf30cff3962f_RMD060DAB_BT_web.jpg","contentUrl":"https:\/\/www.calibereurope.com\/wp-content\/uploads\/2024\/06\/14b2e090d698cda2aa843d17f489cf30cff3962f_RMD060DAB_BT_web.jpg","width":1024,"height":768},{"@type":"BreadcrumbList","@id":"https:\/\/www.calibereurope.com\/fr\/produit\/RMD060DAB-BT-fr_FR\/#breadcrumb","itemListElement":[{"@type":"ListItem","position":1,"name":"Home","item":"https:\/\/www.calibereurope.com\/fr\/"},{"@type":"ListItem","position":2,"name":"Boutique en ligne","item":"https:\/\/www.calibereurope.com\/fr\/boutique-en-ligne\/"},{"@type":"ListItem","position":3,"name":"Voiture","item":"https:\/\/www.calibereurope.com\/fr\/auto_fr_FR\/"},{"@type":"ListItem","position":4,"name":"Radios","item":"https:\/\/www.calibereurope.com\/fr\/auto_fr_FR\/radios_auto_fr_FR\/"},{"@type":"ListItem","position":5,"name":"Dab + Radio Auto avec Bluetooth &#8211; 1 Din &#8211; FM -Radio, USB, SD et AUX &#8211; USB suppl\u00e9mentaire pour la charge (RMD060DAB -BT)"}]},{"@type":"WebSite","@id":"https:\/\/www.calibereurope.com\/fr\/#website","url":"https:\/\/www.calibereurope.com\/fr\/","name":"Caliber","description":"Sounds good!","publisher":{"@id":"https:\/\/www.calibereurope.com\/fr\/#organization"},"potentialAction":[{"@type":"SearchAction","target":{"@type":"EntryPoint","urlTemplate":"https:\/\/www.calibereurope.com\/fr\/?s={search_term_string}"},"query-input":{"@type":"PropertyValueSpecification","valueRequired":true,"valueName":"search_term_string"}}],"inLanguage":"fr-FR"},{"@type":"Organization","@id":"https:\/\/www.calibereurope.com\/fr\/#organization","name":"Caliber Europe B.V.","url":"https:\/\/www.calibereurope.com\/fr\/","logo":{"@type":"ImageObject","inLanguage":"fr-FR","@id":"https:\/\/www.calibereurope.com\/fr\/#\/schema\/logo\/image\/","url":"https:\/\/www.calibereurope.com\/wp-content\/uploads\/2019\/11\/Logo-Caliber-e1574846289621.png","contentUrl":"https:\/\/www.calibereurope.com\/wp-content\/uploads\/2019\/11\/Logo-Caliber-e1574846289621.png","width":400,"height":69,"caption":"Caliber Europe B.V."},"image":{"@id":"https:\/\/www.calibereurope.com\/fr\/#\/schema\/logo\/image\/"},"sameAs":["https:\/\/facebook.com\/CaliberEurope\/","https:\/\/x.com\/calibereurope","https:\/\/www.instagram.com\/calibereurope\/"]}]},"product_price_amount":"99.95","product_price_currency":"EUR","og_availability":"instock","product_availability":"instock","product_retailer_item_id":"RMD060DAB-BT","product_condition":"new"},"_links":{"self":[{"href":"https:\/\/www.calibereurope.com\/fr\/wp-json\/wp\/v2\/product\/76503","targetHints":{"allow":["GET"]}}],"collection":[{"href":"https:\/\/www.calibereurope.com\/fr\/wp-json\/wp\/v2\/product"}],"about":[{"href":"https:\/\/www.calibereurope.com\/fr\/wp-json\/wp\/v2\/types\/product"}],"replies":[{"embeddable":true,"href":"https:\/\/www.calibereurope.com\/fr\/wp-json\/wp\/v2\/comments?post=76503"}],"wp:featuredmedia":[{"embeddable":true,"href":"https:\/\/www.calibereurope.com\/fr\/wp-json\/wp\/v2\/media\/1602638"}],"wp:attachment":[{"href":"https:\/\/www.calibereurope.com\/fr\/wp-json\/wp\/v2\/media?parent=76503"}],"wp:term":[{"taxonomy":"product_brand","embeddable":true,"href":"https:\/\/www.calibereurope.com\/fr\/wp-json\/wp\/v2\/product_brand?post=76503"},{"taxonomy":"product_cat","embeddable":true,"href":"https:\/\/www.calibereurope.com\/fr\/wp-json\/wp\/v2\/product_cat?post=76503"},{"taxonomy":"product_tag","embeddable":true,"href":"https:\/\/www.calibereurope.com\/fr\/wp-json\/wp\/v2\/product_tag?post=76503"}],"curies":[{"name":"wp","href":"https:\/\/api.w.org\/{rel}","templated":true}]}}