{"id":76611,"date":"2025-01-09T01:00:00","date_gmt":"2023-01-12T00:00:00","guid":{"rendered":""},"modified":"2025-07-10T16:09:28","modified_gmt":"2025-07-10T14:09:28","slug":"rmd579dab-bt-fr_fr","status":"publish","type":"product","link":"https:\/\/www.calibereurope.com\/fr\/produit\/rmd579dab-bt-fr_fr\/","title":{"rendered":"Autoradio Bluetooth avec \u00c9cran Rabattable &#8211; 1 DIN &#8211; DAB+ et FM (RMD579DAB-BT)"},"content":{"rendered":"<p>\u00c9coutez de la musique, passez des appels et regardez des vid\u00e9os avec cet autoradio Caliber RMD579DAB-BT Bluetooth avec \u00e9cran Rabattable. L\u2019<strong>\u00e9cran rabattable de 7 pouces<\/strong> permet au copilote de regarder une s\u00e9rie sur la route. Seul dans la voiture ? Connectez votre t\u00e9l\u00e9phone <strong>via Bluetooth<\/strong> ou <strong>AUX<\/strong> et \u00e9coutez vos propres playlists. En outre, l&#39;autoradio <strong>1 DIN<\/strong> est dot\u00e9 de <strong>la radio FM et DAB+<\/strong>, ce qui vous permet de toujours \u00e9couter vos stations de radio pr\u00e9f\u00e9r\u00e9es, que vous pouvez \u00e9galement d\u00e9finir comme <strong>pr\u00e9s\u00e9lections<\/strong>. En outre, les <strong>entr\u00e9es USB et SD<\/strong> offrent des options de lecture suppl\u00e9mentaires. <\/p>\n<p><strong>Caract\u00e9ristiques :<\/strong> <\/p>\n<ul>\n<li>Autoradio Bluetooth 1 DIN\n<li>\u00c9cran tactile rabattable de 7 pouces\n<li>Radio DAB+ et FM\n<li>Diff\u00e9rentes stations pr\u00e9r\u00e9gl\u00e9es s\u00e9lectionnables\n<li>Lecture USB et SD (jusqu&#39;\u00e0 32 Go)\n<li>Lecture MP3 \/ MPEG4 \/ DivX, WMA, JPEG et MP4,\n<li>Double sortie RCA, vid\u00e9o et subwoofer\n<li>Connecteur ISO int\u00e9gr\u00e9\n<li>Puissance de 4 x 75 watts\n<li>Microphone externe <\/li>\n<\/ul>\n<h3>Cet autoradio Bluetooth vous permet de regarder des vid\u00e9os et des films pendant vos d\u00e9placements <\/h3>\n<p>Un long trajet en voiture vous attend ? Alors cet autoradio \u00e0 \u00e9cran rabattable est la solution ! Il suffit de d\u00e9plier l&#39;\u00e9cran et le passager peut commencer \u00e0 regarder. Qu&#39;il s&#39;agisse d&#39;un seul film ou de plusieurs \u00e9pisodes d&#39;une s\u00e9rie : vous pouvez tout regarder sur l&#39;\u00e9cran de 7 pouces. Les images vid\u00e9o dans toutes sortes de formats de fichiers diff\u00e9rents peuvent toutes \u00eatre lues \u00e0 l&#39;\u00e9cran. <\/p>\n<h3>Profitez d&#39;un autoradio Bluetooth complet <\/h3>\n<p>Gr\u00e2ce \u00e0 l&#39;antenne DAB+, cet autoradio peut recevoir \u00e0 la fois la radio DAB+ et la radio FM. En outre, vous pouvez d\u00e9finir plusieurs stations pr\u00e9r\u00e9gl\u00e9es. Ainsi, vous avez toujours \u00e0 port\u00e9e de main pas moins de 10 stations DAB+, 18 stations FM et 12 stations AM. L&#39;\u00e9cran de l&#39;autoradio Bluetooth affiche toujours des informations utiles sur ce que vous \u00e9coutez et fournit des informations routi\u00e8res utiles. <\/p>\n<h3>Utilisez la radio Bluetooth de voiture comme bon vous semble <\/h3>\n<p>Quel que soit l\u2019endroit o\u00f9 se trouvent votre musique et vos vid\u00e9os : vous pouvez les \u00e9couter sur l&#39;autoradio DAB+ avec Bluetooth, USB, SD et AUX. Optez pour une connexion sans fil \u00e0 votre smartphone ou utilisez une cl\u00e9 USB ou une carte SD. L&#39;autoradio 1 DIN offre \u00e9galement plusieurs autres options. Par exemple, vous pouvez connecter une cam\u00e9ra de recul, qui s&#39;allume alors automatiquement. Vous pouvez \u00e9galement connecter vos commandes au volant \u00e0 la radio (compatible en option \u00e0 l&#39;aide d&#39;un c\u00e2ble), que vous pouvez ensuite contr\u00f4ler via votre volant. La sortie RCA vous permet \u00e9galement de connecter des amplificateurs s\u00e9par\u00e9s pour vos haut-parleurs, afin que vous puissiez r\u00e9gler le son \u00e0 votre go\u00fbt. <\/p>\n","protected":false},"excerpt":{"rendered":"<ul>\n<li>90 watts RMS, 450 watts puissance max<\/li>\n<li>T\u00e9l\u00e9commande filaire (4 m)<\/li>\n<li>Avec amplificateur int\u00e9gr\u00e9<\/li>\n<li>Woofer de 20 cm \/ 8 pouces<\/li>\n<li>Protection thermique<\/li>\n<li>Niveau d&#8217;entr\u00e9e r\u00e9glable<\/li>\n<li>Entr\u00e9e RCA<\/li>\n<li>Filtre haute fr\u00e9quence : 50 &#8211; 160 Hz<\/li>\n<li>Montage sous le si\u00e8ge possible<\/li>\n<\/ul>\n","protected":false},"featured_media":1454964,"comment_status":"open","ping_status":"closed","template":"","meta":{"inline_featured_image":false},"product_brand":[],"product_cat":[7806,7767],"product_tag":[],"class_list":{"0":"post-76611","1":"product","2":"type-product","3":"status-publish","4":"has-post-thumbnail","6":"product_cat-radios_auto_fr_FR","7":"product_cat-auto_fr_FR","9":"first","10":"outofstock","11":"taxable","12":"shipping-taxable","13":"purchasable","14":"product-type-simple"},"yoast_head":"<!-- This site is optimized with the Yoast SEO plugin v24.4 - https:\/\/yoast.com\/wordpress\/plugins\/seo\/ -->\n<title>Autoradio Bluetooth avec \u00c9cran Rabattable - 1 DIN - DAB+ et FM (RMD579DAB-BT) | Caliber<\/title>\n<meta name=\"robots\" content=\"index, follow, max-snippet:-1, max-image-preview:large, max-video-preview:-1\" \/>\n<link rel=\"canonical\" href=\"https:\/\/www.calibereurope.com\/fr\/produit\/rmd579dab-bt-fr_fr\/\" \/>\n<meta property=\"og:locale\" content=\"fr_FR\" \/>\n<meta property=\"og:type\" content=\"article\" \/>\n<meta property=\"og:title\" content=\"Autoradio Bluetooth avec \u00c9cran Rabattable - 1 DIN - DAB+ et FM (RMD579DAB-BT) | Caliber\" \/>\n<meta property=\"og:description\" content=\"90 watts RMS, 450 watts puissance maxT\u00e9l\u00e9commande filaire (4 m)Avec amplificateur int\u00e9gr\u00e9Woofer de 20 cm \/ 8 poucesProtection thermiqueNiveau d&#039;entr\u00e9e r\u00e9glableEntr\u00e9e RCAFiltre haute fr\u00e9quence : 50 - 160 HzMontage sous le si\u00e8ge possible\" \/>\n<meta property=\"og:url\" content=\"https:\/\/www.calibereurope.com\/fr\/produit\/rmd579dab-bt-fr_fr\/\" \/>\n<meta property=\"og:site_name\" content=\"Caliber\" \/>\n<meta property=\"article:publisher\" content=\"https:\/\/facebook.com\/CaliberEurope\/\" \/>\n<meta property=\"article:modified_time\" content=\"2025-07-10T14:09:28+00:00\" \/>\n<meta property=\"og:image\" content=\"https:\/\/www.calibereurope.com\/wp-content\/uploads\/2023\/01\/98a9881de2ebbbe85a152729f60ea5b3d48593d4_RMD579DAB_BT_open_web-6.jpg\" \/>\n\t<meta property=\"og:image:width\" content=\"1024\" \/>\n\t<meta property=\"og:image:height\" content=\"768\" \/>\n\t<meta property=\"og:image:type\" content=\"image\/jpeg\" \/>\n<meta name=\"twitter:card\" content=\"summary_large_image\" \/>\n<meta name=\"twitter:site\" content=\"@calibereurope\" \/>\n<meta name=\"twitter:label1\" content=\"Prix\" \/>\n\t<meta name=\"twitter:data1\" content=\"189,00\" \/>\n\t<meta name=\"twitter:label2\" content=\"Availability\" \/>\n\t<meta name=\"twitter:data2\" content=\"Out of stock\" \/>\n<script type=\"application\/ld+json\" class=\"yoast-schema-graph\">{\"@context\":\"https:\/\/schema.org\",\"@graph\":[{\"@type\":\"WebPage\",\"@id\":\"https:\/\/www.calibereurope.com\/fr\/produit\/rmd579dab-bt-fr_fr\/\",\"url\":\"https:\/\/www.calibereurope.com\/fr\/produit\/rmd579dab-bt-fr_fr\/\",\"name\":\"Autoradio Bluetooth avec \u00c9cran Rabattable - 1 DIN - DAB+ et FM (RMD579DAB-BT) | Caliber\",\"isPartOf\":{\"@id\":\"https:\/\/www.calibereurope.com\/fr\/#website\"},\"primaryImageOfPage\":{\"@id\":\"https:\/\/www.calibereurope.com\/fr\/produit\/rmd579dab-bt-fr_fr\/#primaryimage\"},\"image\":{\"@id\":\"https:\/\/www.calibereurope.com\/fr\/produit\/rmd579dab-bt-fr_fr\/#primaryimage\"},\"thumbnailUrl\":\"https:\/\/www.calibereurope.com\/wp-content\/uploads\/2023\/02\/98a9881de2ebbbe85a152729f60ea5b3d48593d4_RMD579DAB_BT_open_web-2.jpg\",\"datePublished\":\"2023-01-12T00:00:00+00:00\",\"dateModified\":\"2025-07-10T14:09:28+00:00\",\"breadcrumb\":{\"@id\":\"https:\/\/www.calibereurope.com\/fr\/produit\/rmd579dab-bt-fr_fr\/#breadcrumb\"},\"inLanguage\":\"fr-FR\",\"potentialAction\":[{\"@type\":\"ReadAction\",\"target\":[\"https:\/\/www.calibereurope.com\/fr\/produit\/rmd579dab-bt-fr_fr\/\"]}]},{\"@type\":\"ImageObject\",\"inLanguage\":\"fr-FR\",\"@id\":\"https:\/\/www.calibereurope.com\/fr\/produit\/rmd579dab-bt-fr_fr\/#primaryimage\",\"url\":\"https:\/\/www.calibereurope.com\/wp-content\/uploads\/2023\/02\/98a9881de2ebbbe85a152729f60ea5b3d48593d4_RMD579DAB_BT_open_web-2.jpg\",\"contentUrl\":\"https:\/\/www.calibereurope.com\/wp-content\/uploads\/2023\/02\/98a9881de2ebbbe85a152729f60ea5b3d48593d4_RMD579DAB_BT_open_web-2.jpg\",\"width\":1024,\"height\":768},{\"@type\":\"BreadcrumbList\",\"@id\":\"https:\/\/www.calibereurope.com\/fr\/produit\/rmd579dab-bt-fr_fr\/#breadcrumb\",\"itemListElement\":[{\"@type\":\"ListItem\",\"position\":1,\"name\":\"Home\",\"item\":\"https:\/\/www.calibereurope.com\/fr\/\"},{\"@type\":\"ListItem\",\"position\":2,\"name\":\"Boutique en ligne\",\"item\":\"https:\/\/www.calibereurope.com\/fr\/boutique-en-ligne\/\"},{\"@type\":\"ListItem\",\"position\":3,\"name\":\"Voiture\",\"item\":\"https:\/\/www.calibereurope.com\/fr\/auto_fr_FR\/\"},{\"@type\":\"ListItem\",\"position\":4,\"name\":\"Radios\",\"item\":\"https:\/\/www.calibereurope.com\/fr\/auto_fr_FR\/radios_auto_fr_FR\/\"},{\"@type\":\"ListItem\",\"position\":5,\"name\":\"Autoradio Bluetooth avec \u00c9cran Rabattable &#8211; 1 DIN &#8211; DAB+ et FM (RMD579DAB-BT)\"}]},{\"@type\":\"WebSite\",\"@id\":\"https:\/\/www.calibereurope.com\/fr\/#website\",\"url\":\"https:\/\/www.calibereurope.com\/fr\/\",\"name\":\"Caliber\",\"description\":\"Sounds good!\",\"publisher\":{\"@id\":\"https:\/\/www.calibereurope.com\/fr\/#organization\"},\"potentialAction\":[{\"@type\":\"SearchAction\",\"target\":{\"@type\":\"EntryPoint\",\"urlTemplate\":\"https:\/\/www.calibereurope.com\/fr\/?s={search_term_string}\"},\"query-input\":{\"@type\":\"PropertyValueSpecification\",\"valueRequired\":true,\"valueName\":\"search_term_string\"}}],\"inLanguage\":\"fr-FR\"},{\"@type\":\"Organization\",\"@id\":\"https:\/\/www.calibereurope.com\/fr\/#organization\",\"name\":\"Caliber Europe B.V.\",\"url\":\"https:\/\/www.calibereurope.com\/fr\/\",\"logo\":{\"@type\":\"ImageObject\",\"inLanguage\":\"fr-FR\",\"@id\":\"https:\/\/www.calibereurope.com\/fr\/#\/schema\/logo\/image\/\",\"url\":\"https:\/\/www.calibereurope.com\/wp-content\/uploads\/2019\/11\/Logo-Caliber-e1574846289621.png\",\"contentUrl\":\"https:\/\/www.calibereurope.com\/wp-content\/uploads\/2019\/11\/Logo-Caliber-e1574846289621.png\",\"width\":400,\"height\":69,\"caption\":\"Caliber Europe B.V.\"},\"image\":{\"@id\":\"https:\/\/www.calibereurope.com\/fr\/#\/schema\/logo\/image\/\"},\"sameAs\":[\"https:\/\/facebook.com\/CaliberEurope\/\",\"https:\/\/x.com\/calibereurope\",\"https:\/\/www.instagram.com\/calibereurope\/\"]}]}<\/script>\n<meta property=\"product:price:amount\" content=\"189.00\" \/>\n<meta property=\"product:price:currency\" content=\"EUR\" \/>\n<meta property=\"og:availability\" content=\"out of stock\" \/>\n<meta property=\"product:availability\" content=\"out of stock\" \/>\n<meta property=\"product:retailer_item_id\" content=\"RMD579DAB-BT\" \/>\n<meta property=\"product:condition\" content=\"new\" \/>\n<!-- \/ Yoast SEO plugin. -->","yoast_head_json":{"title":"Autoradio Bluetooth avec \u00c9cran Rabattable - 1 DIN - DAB+ et FM (RMD579DAB-BT) | Caliber","robots":{"index":"index","follow":"follow","max-snippet":"max-snippet:-1","max-image-preview":"max-image-preview:large","max-video-preview":"max-video-preview:-1"},"canonical":"https:\/\/www.calibereurope.com\/fr\/produit\/rmd579dab-bt-fr_fr\/","og_locale":"fr_FR","og_type":"article","og_title":"Autoradio Bluetooth avec \u00c9cran Rabattable - 1 DIN - DAB+ et FM (RMD579DAB-BT) | Caliber","og_description":"90 watts RMS, 450 watts puissance maxT\u00e9l\u00e9commande filaire (4 m)Avec amplificateur int\u00e9gr\u00e9Woofer de 20 cm \/ 8 poucesProtection thermiqueNiveau d'entr\u00e9e r\u00e9glableEntr\u00e9e RCAFiltre haute fr\u00e9quence : 50 - 160 HzMontage sous le si\u00e8ge possible","og_url":"https:\/\/www.calibereurope.com\/fr\/produit\/rmd579dab-bt-fr_fr\/","og_site_name":"Caliber","article_publisher":"https:\/\/facebook.com\/CaliberEurope\/","article_modified_time":"2025-07-10T14:09:28+00:00","og_image":[{"width":1024,"height":768,"url":"https:\/\/www.calibereurope.com\/wp-content\/uploads\/2023\/01\/98a9881de2ebbbe85a152729f60ea5b3d48593d4_RMD579DAB_BT_open_web-6.jpg","type":"image\/jpeg"}],"twitter_card":"summary_large_image","twitter_site":"@calibereurope","twitter_misc":{"Prix":"189,00","Availability":"Out of stock"},"schema":{"@context":"https:\/\/schema.org","@graph":[{"@type":"WebPage","@id":"https:\/\/www.calibereurope.com\/fr\/produit\/rmd579dab-bt-fr_fr\/","url":"https:\/\/www.calibereurope.com\/fr\/produit\/rmd579dab-bt-fr_fr\/","name":"Autoradio Bluetooth avec \u00c9cran Rabattable - 1 DIN - DAB+ et FM (RMD579DAB-BT) | Caliber","isPartOf":{"@id":"https:\/\/www.calibereurope.com\/fr\/#website"},"primaryImageOfPage":{"@id":"https:\/\/www.calibereurope.com\/fr\/produit\/rmd579dab-bt-fr_fr\/#primaryimage"},"image":{"@id":"https:\/\/www.calibereurope.com\/fr\/produit\/rmd579dab-bt-fr_fr\/#primaryimage"},"thumbnailUrl":"https:\/\/www.calibereurope.com\/wp-content\/uploads\/2023\/02\/98a9881de2ebbbe85a152729f60ea5b3d48593d4_RMD579DAB_BT_open_web-2.jpg","datePublished":"2023-01-12T00:00:00+00:00","dateModified":"2025-07-10T14:09:28+00:00","breadcrumb":{"@id":"https:\/\/www.calibereurope.com\/fr\/produit\/rmd579dab-bt-fr_fr\/#breadcrumb"},"inLanguage":"fr-FR","potentialAction":[{"@type":"ReadAction","target":["https:\/\/www.calibereurope.com\/fr\/produit\/rmd579dab-bt-fr_fr\/"]}]},{"@type":"ImageObject","inLanguage":"fr-FR","@id":"https:\/\/www.calibereurope.com\/fr\/produit\/rmd579dab-bt-fr_fr\/#primaryimage","url":"https:\/\/www.calibereurope.com\/wp-content\/uploads\/2023\/02\/98a9881de2ebbbe85a152729f60ea5b3d48593d4_RMD579DAB_BT_open_web-2.jpg","contentUrl":"https:\/\/www.calibereurope.com\/wp-content\/uploads\/2023\/02\/98a9881de2ebbbe85a152729f60ea5b3d48593d4_RMD579DAB_BT_open_web-2.jpg","width":1024,"height":768},{"@type":"BreadcrumbList","@id":"https:\/\/www.calibereurope.com\/fr\/produit\/rmd579dab-bt-fr_fr\/#breadcrumb","itemListElement":[{"@type":"ListItem","position":1,"name":"Home","item":"https:\/\/www.calibereurope.com\/fr\/"},{"@type":"ListItem","position":2,"name":"Boutique en ligne","item":"https:\/\/www.calibereurope.com\/fr\/boutique-en-ligne\/"},{"@type":"ListItem","position":3,"name":"Voiture","item":"https:\/\/www.calibereurope.com\/fr\/auto_fr_FR\/"},{"@type":"ListItem","position":4,"name":"Radios","item":"https:\/\/www.calibereurope.com\/fr\/auto_fr_FR\/radios_auto_fr_FR\/"},{"@type":"ListItem","position":5,"name":"Autoradio Bluetooth avec \u00c9cran Rabattable &#8211; 1 DIN &#8211; DAB+ et FM (RMD579DAB-BT)"}]},{"@type":"WebSite","@id":"https:\/\/www.calibereurope.com\/fr\/#website","url":"https:\/\/www.calibereurope.com\/fr\/","name":"Caliber","description":"Sounds good!","publisher":{"@id":"https:\/\/www.calibereurope.com\/fr\/#organization"},"potentialAction":[{"@type":"SearchAction","target":{"@type":"EntryPoint","urlTemplate":"https:\/\/www.calibereurope.com\/fr\/?s={search_term_string}"},"query-input":{"@type":"PropertyValueSpecification","valueRequired":true,"valueName":"search_term_string"}}],"inLanguage":"fr-FR"},{"@type":"Organization","@id":"https:\/\/www.calibereurope.com\/fr\/#organization","name":"Caliber Europe B.V.","url":"https:\/\/www.calibereurope.com\/fr\/","logo":{"@type":"ImageObject","inLanguage":"fr-FR","@id":"https:\/\/www.calibereurope.com\/fr\/#\/schema\/logo\/image\/","url":"https:\/\/www.calibereurope.com\/wp-content\/uploads\/2019\/11\/Logo-Caliber-e1574846289621.png","contentUrl":"https:\/\/www.calibereurope.com\/wp-content\/uploads\/2019\/11\/Logo-Caliber-e1574846289621.png","width":400,"height":69,"caption":"Caliber Europe B.V."},"image":{"@id":"https:\/\/www.calibereurope.com\/fr\/#\/schema\/logo\/image\/"},"sameAs":["https:\/\/facebook.com\/CaliberEurope\/","https:\/\/x.com\/calibereurope","https:\/\/www.instagram.com\/calibereurope\/"]}]},"product_price_amount":"189.00","product_price_currency":"EUR","og_availability":"out of stock","product_availability":"out of stock","product_retailer_item_id":"RMD579DAB-BT","product_condition":"new"},"_links":{"self":[{"href":"https:\/\/www.calibereurope.com\/fr\/wp-json\/wp\/v2\/product\/76611","targetHints":{"allow":["GET"]}}],"collection":[{"href":"https:\/\/www.calibereurope.com\/fr\/wp-json\/wp\/v2\/product"}],"about":[{"href":"https:\/\/www.calibereurope.com\/fr\/wp-json\/wp\/v2\/types\/product"}],"replies":[{"embeddable":true,"href":"https:\/\/www.calibereurope.com\/fr\/wp-json\/wp\/v2\/comments?post=76611"}],"wp:featuredmedia":[{"embeddable":true,"href":"https:\/\/www.calibereurope.com\/fr\/wp-json\/wp\/v2\/media\/1454964"}],"wp:attachment":[{"href":"https:\/\/www.calibereurope.com\/fr\/wp-json\/wp\/v2\/media?parent=76611"}],"wp:term":[{"taxonomy":"product_brand","embeddable":true,"href":"https:\/\/www.calibereurope.com\/fr\/wp-json\/wp\/v2\/product_brand?post=76611"},{"taxonomy":"product_cat","embeddable":true,"href":"https:\/\/www.calibereurope.com\/fr\/wp-json\/wp\/v2\/product_cat?post=76611"},{"taxonomy":"product_tag","embeddable":true,"href":"https:\/\/www.calibereurope.com\/fr\/wp-json\/wp\/v2\/product_tag?post=76611"}],"curies":[{"name":"wp","href":"https:\/\/api.w.org\/{rel}","templated":true}]}}