{"id":786806,"date":"2023-10-25T02:00:00","date_gmt":"2022-09-12T00:00:00","guid":{"rendered":""},"modified":"2025-07-15T16:25:04","modified_gmt":"2025-07-15T14:25:04","slug":"hpg319dab-fr_fr","status":"publish","type":"product","link":"https:\/\/www.calibereurope.com\/fr\/produit\/hpg319dab-fr_fr\/","title":{"rendered":"Radio DAB+ portable &#8211; Avec fonction FM et alarme Batterie int\u00e9gr\u00e9e &#8211; Noir (HPG319DAB)"},"content":{"rendered":"<p>Avec la radio portable DAB+\/FM Caliber HPG319DAB, vous pouvez \u00e9couter la radio en haute qualit\u00e9 sonore partout. Gr\u00e2ce \u00e0 sa taille compacte, vous pouvez facilement le mettre dans votre sac sur le chemin de la plage, du parc ou en vacances.<\/p>\n<p><span style=\"font-weight: bold;\">DAB+ : haute qualit\u00e9 sonore<br \/><\/span>Le HPG319DAB re\u00e7oit la radio par le biais de la FM et du DAB+. La FM est la norme bien connue, mais la DAB+ permet d&#39;\u00e9couter la radio en qualit\u00e9 num\u00e9rique. La DAB+ est la radio num\u00e9rique par l&#39;interm\u00e9diaire de l&#39;\u00e9ther, elle peut donc \u00eatre re\u00e7ue sur les radios et les r\u00e9cepteurs qui la prennent en charge. Le son est plus intelligible et il y a moins de risques de bruits et d&#39;interf\u00e9rences qu&#39;avec la FM. Parce que vous avez la possibilit\u00e9 de 10 stations pr\u00e9r\u00e9gl\u00e9es, vous pouvez facilement trouver la station que vous voulez \u00e0 ce moment-l\u00e0. Sans avoir \u00e0 passer par toutes les fr\u00e9quences. Pour une r\u00e9ception encore meilleure, le HPG319DAB dispose d&#39;une antenne extensible.<\/p>\n<p><span style=\"font-weight: bold;\">Syst\u00e8me de donn\u00e9es radio<br \/><\/span>Le HPG319DAB est dot\u00e9 du syst\u00e8me de donn\u00e9es radio (RDS), qui fournit des informations suppl\u00e9mentaires re\u00e7ues sur les ondes. Pensez aux informations concernant la station ou l&#39;artiste que vous \u00e9coutez, ou encore l&#39;heure et la date. Vous ne remarquerez rien de tout cela en tant qu&#39;auditeur et les informations sont clairement affich\u00e9es sur l&#39;\u00e9cran LCD.<\/p>\n<p><span style=\"font-weight: bold;\">Fonctions d&#39;alarme<br \/><\/span>Vous pouvez utiliser le HPG319DAB non seulement comme une radio, mais aussi comme un r\u00e9veil. Tr\u00e8s pratique si vous l&#39;avez dans la chambre \u00e0 coucher sur votre table de nuit. R\u00e9glez la minuterie de sommeil et la radio s&#39;\u00e9teint d&#39;elle-m\u00eame \u00e0 l&#39;heure que vous avez d\u00e9finie. Vous pouvez donc vous endormir avec votre station de radio pr\u00e9f\u00e9r\u00e9e en fond sonore. Tr\u00e8s pratique aussi si vous voulez dormir sur la plage, dans le parc ou tout simplement \u00e0 la maison sur le canap\u00e9. Bien entendu, vous pouvez \u00e9galement r\u00e9gler l&#39;heure \u00e0 laquelle l&#39;alarme sonne. Gr\u00e2ce \u00e0 la fonction de double alarme, vous pouvez le faire pour vous et votre partenaire.<\/p>\n<p><span style=\"font-weight: bold;\">Fonctionnement, connexions et batterie<br \/><\/span>Vous pouvez facilement faire fonctionner la radio portable en utilisant les boutons du panneau avant. Vous trouverez des boutons pour l&#39;alimentation\/le mode, le menu\/l&#39;information, la pr\u00e9s\u00e9lection\/l&#39;alarme, la s\u00e9lection\/le balayage et la r\u00e9p\u00e9tition de r\u00e9veil. Le volume est contr\u00f4l\u00e9 par le grand bouton rotatif. L&#39;entr\u00e9e jack 3,5 mm vous permet de brancher un casque ou des \u00e9couteurs. Le HPG319DAB poss\u00e8de une batterie int\u00e9gr\u00e9e qui peut durer jusqu&#39;\u00e0 8 heures. Vous pouvez charger la radio avec l&#39;adaptateur et le c\u00e2ble USB fournis.<\/p>\n<p><\/p>\n","protected":false},"excerpt":{"rendered":"<ul>\n<li>Puissance : 4 x 75 watts<\/li>\n<li>\u00c9clairage des touches personnalisable<\/li>\n<li>USB, AUX et SD (jusqu&#8217;\u00e0 32 Go)<\/li>\n<li>Lecture des fichiers MP3 et WMA<\/li>\n<li>ID3-Tag<\/li>\n<li>Port de charge USB 1.1 extra standard<\/li>\n<li>Tuner radio DAB+\/FM<\/li>\n<li>Sortie double RCA<\/li>\n<li>Format 1 DIN<\/li>\n<li>Profondeur d&#8217;installation 110 mm<\/li>\n<\/ul>\n","protected":false},"featured_media":1530242,"comment_status":"open","ping_status":"closed","template":"","meta":{"inline_featured_image":false},"product_brand":[],"product_cat":[7881],"product_tag":[],"class_list":{"0":"post-786806","1":"product","2":"type-product","3":"status-publish","4":"has-post-thumbnail","6":"product_cat-radios_geluid_fr_FR","8":"first","9":"outofstock","10":"taxable","11":"shipping-taxable","12":"purchasable","13":"product-type-simple"},"yoast_head":"<!-- This site is optimized with the Yoast SEO plugin v24.4 - https:\/\/yoast.com\/wordpress\/plugins\/seo\/ -->\n<title>Radio DAB+ portable - Avec fonction FM et alarme Batterie int\u00e9gr\u00e9e - Noir (HPG319DAB) | Caliber<\/title>\n<meta name=\"robots\" content=\"index, follow, max-snippet:-1, max-image-preview:large, max-video-preview:-1\" \/>\n<link rel=\"canonical\" href=\"https:\/\/www.calibereurope.com\/fr\/produit\/hpg319dab-fr_fr\/\" \/>\n<meta property=\"og:locale\" content=\"fr_FR\" \/>\n<meta property=\"og:type\" content=\"article\" \/>\n<meta property=\"og:title\" content=\"Radio DAB+ portable - Avec fonction FM et alarme Batterie int\u00e9gr\u00e9e - Noir (HPG319DAB) | Caliber\" \/>\n<meta property=\"og:description\" content=\"Puissance : 4 x 75 watts\u00c9clairage des touches personnalisableUSB, AUX et SD (jusqu&#039;\u00e0 32 Go)Lecture des fichiers MP3 et WMAID3-TagPort de charge USB 1.1 extra standardTuner radio DAB+\/FMSortie double RCAFormat 1 DINProfondeur d&#039;installation 110 mm\" \/>\n<meta property=\"og:url\" content=\"https:\/\/www.calibereurope.com\/fr\/produit\/hpg319dab-fr_fr\/\" \/>\n<meta property=\"og:site_name\" content=\"Caliber\" \/>\n<meta property=\"article:publisher\" content=\"https:\/\/facebook.com\/CaliberEurope\/\" \/>\n<meta property=\"article:modified_time\" content=\"2025-07-15T14:25:04+00:00\" \/>\n<meta property=\"og:image\" content=\"https:\/\/www.calibereurope.com\/wp-content\/uploads\/2023\/01\/cc578c16f55da22ae250165a3330114084b08c5b_HPG319DAB_front-8.jpg\" \/>\n\t<meta property=\"og:image:width\" content=\"1024\" \/>\n\t<meta property=\"og:image:height\" content=\"768\" \/>\n\t<meta property=\"og:image:type\" content=\"image\/jpeg\" \/>\n<meta name=\"twitter:card\" content=\"summary_large_image\" \/>\n<meta name=\"twitter:site\" content=\"@calibereurope\" \/>\n<meta name=\"twitter:label1\" content=\"Prix\" \/>\n\t<meta name=\"twitter:data1\" content=\"35,00\" \/>\n\t<meta name=\"twitter:label2\" content=\"Availability\" \/>\n\t<meta name=\"twitter:data2\" content=\"Out of stock\" \/>\n<script type=\"application\/ld+json\" class=\"yoast-schema-graph\">{\"@context\":\"https:\/\/schema.org\",\"@graph\":[{\"@type\":\"WebPage\",\"@id\":\"https:\/\/www.calibereurope.com\/fr\/produit\/hpg319dab-fr_fr\/\",\"url\":\"https:\/\/www.calibereurope.com\/fr\/produit\/hpg319dab-fr_fr\/\",\"name\":\"Radio DAB+ portable - Avec fonction FM et alarme Batterie int\u00e9gr\u00e9e - Noir (HPG319DAB) | Caliber\",\"isPartOf\":{\"@id\":\"https:\/\/www.calibereurope.com\/fr\/#website\"},\"primaryImageOfPage\":{\"@id\":\"https:\/\/www.calibereurope.com\/fr\/produit\/hpg319dab-fr_fr\/#primaryimage\"},\"image\":{\"@id\":\"https:\/\/www.calibereurope.com\/fr\/produit\/hpg319dab-fr_fr\/#primaryimage\"},\"thumbnailUrl\":\"https:\/\/www.calibereurope.com\/wp-content\/uploads\/2023\/10\/cc578c16f55da22ae250165a3330114084b08c5b_HPG319DAB_front-1.jpg\",\"datePublished\":\"2022-09-12T00:00:00+00:00\",\"dateModified\":\"2025-07-15T14:25:04+00:00\",\"breadcrumb\":{\"@id\":\"https:\/\/www.calibereurope.com\/fr\/produit\/hpg319dab-fr_fr\/#breadcrumb\"},\"inLanguage\":\"fr-FR\",\"potentialAction\":[{\"@type\":\"ReadAction\",\"target\":[\"https:\/\/www.calibereurope.com\/fr\/produit\/hpg319dab-fr_fr\/\"]}]},{\"@type\":\"ImageObject\",\"inLanguage\":\"fr-FR\",\"@id\":\"https:\/\/www.calibereurope.com\/fr\/produit\/hpg319dab-fr_fr\/#primaryimage\",\"url\":\"https:\/\/www.calibereurope.com\/wp-content\/uploads\/2023\/10\/cc578c16f55da22ae250165a3330114084b08c5b_HPG319DAB_front-1.jpg\",\"contentUrl\":\"https:\/\/www.calibereurope.com\/wp-content\/uploads\/2023\/10\/cc578c16f55da22ae250165a3330114084b08c5b_HPG319DAB_front-1.jpg\",\"width\":1024,\"height\":768},{\"@type\":\"BreadcrumbList\",\"@id\":\"https:\/\/www.calibereurope.com\/fr\/produit\/hpg319dab-fr_fr\/#breadcrumb\",\"itemListElement\":[{\"@type\":\"ListItem\",\"position\":1,\"name\":\"Home\",\"item\":\"https:\/\/www.calibereurope.com\/fr\/\"},{\"@type\":\"ListItem\",\"position\":2,\"name\":\"Boutique en ligne\",\"item\":\"https:\/\/www.calibereurope.com\/fr\/boutique-en-ligne\/\"},{\"@type\":\"ListItem\",\"position\":3,\"name\":\"Son\",\"item\":\"https:\/\/www.calibereurope.com\/fr\/geluid_fr_FR\/\"},{\"@type\":\"ListItem\",\"position\":4,\"name\":\"Radios\",\"item\":\"https:\/\/www.calibereurope.com\/fr\/geluid_fr_FR\/radios_geluid_fr_FR\/\"},{\"@type\":\"ListItem\",\"position\":5,\"name\":\"Radio DAB+ portable &#8211; Avec fonction FM et alarme Batterie int\u00e9gr\u00e9e &#8211; Noir (HPG319DAB)\"}]},{\"@type\":\"WebSite\",\"@id\":\"https:\/\/www.calibereurope.com\/fr\/#website\",\"url\":\"https:\/\/www.calibereurope.com\/fr\/\",\"name\":\"Caliber\",\"description\":\"Sounds good!\",\"publisher\":{\"@id\":\"https:\/\/www.calibereurope.com\/fr\/#organization\"},\"potentialAction\":[{\"@type\":\"SearchAction\",\"target\":{\"@type\":\"EntryPoint\",\"urlTemplate\":\"https:\/\/www.calibereurope.com\/fr\/?s={search_term_string}\"},\"query-input\":{\"@type\":\"PropertyValueSpecification\",\"valueRequired\":true,\"valueName\":\"search_term_string\"}}],\"inLanguage\":\"fr-FR\"},{\"@type\":\"Organization\",\"@id\":\"https:\/\/www.calibereurope.com\/fr\/#organization\",\"name\":\"Caliber Europe B.V.\",\"url\":\"https:\/\/www.calibereurope.com\/fr\/\",\"logo\":{\"@type\":\"ImageObject\",\"inLanguage\":\"fr-FR\",\"@id\":\"https:\/\/www.calibereurope.com\/fr\/#\/schema\/logo\/image\/\",\"url\":\"https:\/\/www.calibereurope.com\/wp-content\/uploads\/2019\/11\/Logo-Caliber-e1574846289621.png\",\"contentUrl\":\"https:\/\/www.calibereurope.com\/wp-content\/uploads\/2019\/11\/Logo-Caliber-e1574846289621.png\",\"width\":400,\"height\":69,\"caption\":\"Caliber Europe B.V.\"},\"image\":{\"@id\":\"https:\/\/www.calibereurope.com\/fr\/#\/schema\/logo\/image\/\"},\"sameAs\":[\"https:\/\/facebook.com\/CaliberEurope\/\",\"https:\/\/x.com\/calibereurope\",\"https:\/\/www.instagram.com\/calibereurope\/\"]}]}<\/script>\n<meta property=\"product:price:amount\" content=\"35.00\" \/>\n<meta property=\"product:price:currency\" content=\"EUR\" \/>\n<meta property=\"og:availability\" content=\"out of stock\" \/>\n<meta property=\"product:availability\" content=\"out of stock\" \/>\n<meta property=\"product:retailer_item_id\" content=\"HPG319DAB\" \/>\n<meta property=\"product:condition\" content=\"new\" \/>\n<!-- \/ Yoast SEO plugin. -->","yoast_head_json":{"title":"Radio DAB+ portable - Avec fonction FM et alarme Batterie int\u00e9gr\u00e9e - Noir (HPG319DAB) | Caliber","robots":{"index":"index","follow":"follow","max-snippet":"max-snippet:-1","max-image-preview":"max-image-preview:large","max-video-preview":"max-video-preview:-1"},"canonical":"https:\/\/www.calibereurope.com\/fr\/produit\/hpg319dab-fr_fr\/","og_locale":"fr_FR","og_type":"article","og_title":"Radio DAB+ portable - Avec fonction FM et alarme Batterie int\u00e9gr\u00e9e - Noir (HPG319DAB) | Caliber","og_description":"Puissance : 4 x 75 watts\u00c9clairage des touches personnalisableUSB, AUX et SD (jusqu'\u00e0 32 Go)Lecture des fichiers MP3 et WMAID3-TagPort de charge USB 1.1 extra standardTuner radio DAB+\/FMSortie double RCAFormat 1 DINProfondeur d'installation 110 mm","og_url":"https:\/\/www.calibereurope.com\/fr\/produit\/hpg319dab-fr_fr\/","og_site_name":"Caliber","article_publisher":"https:\/\/facebook.com\/CaliberEurope\/","article_modified_time":"2025-07-15T14:25:04+00:00","og_image":[{"width":1024,"height":768,"url":"https:\/\/www.calibereurope.com\/wp-content\/uploads\/2023\/01\/cc578c16f55da22ae250165a3330114084b08c5b_HPG319DAB_front-8.jpg","type":"image\/jpeg"}],"twitter_card":"summary_large_image","twitter_site":"@calibereurope","twitter_misc":{"Prix":"35,00","Availability":"Out of stock"},"schema":{"@context":"https:\/\/schema.org","@graph":[{"@type":"WebPage","@id":"https:\/\/www.calibereurope.com\/fr\/produit\/hpg319dab-fr_fr\/","url":"https:\/\/www.calibereurope.com\/fr\/produit\/hpg319dab-fr_fr\/","name":"Radio DAB+ portable - Avec fonction FM et alarme Batterie int\u00e9gr\u00e9e - Noir (HPG319DAB) | Caliber","isPartOf":{"@id":"https:\/\/www.calibereurope.com\/fr\/#website"},"primaryImageOfPage":{"@id":"https:\/\/www.calibereurope.com\/fr\/produit\/hpg319dab-fr_fr\/#primaryimage"},"image":{"@id":"https:\/\/www.calibereurope.com\/fr\/produit\/hpg319dab-fr_fr\/#primaryimage"},"thumbnailUrl":"https:\/\/www.calibereurope.com\/wp-content\/uploads\/2023\/10\/cc578c16f55da22ae250165a3330114084b08c5b_HPG319DAB_front-1.jpg","datePublished":"2022-09-12T00:00:00+00:00","dateModified":"2025-07-15T14:25:04+00:00","breadcrumb":{"@id":"https:\/\/www.calibereurope.com\/fr\/produit\/hpg319dab-fr_fr\/#breadcrumb"},"inLanguage":"fr-FR","potentialAction":[{"@type":"ReadAction","target":["https:\/\/www.calibereurope.com\/fr\/produit\/hpg319dab-fr_fr\/"]}]},{"@type":"ImageObject","inLanguage":"fr-FR","@id":"https:\/\/www.calibereurope.com\/fr\/produit\/hpg319dab-fr_fr\/#primaryimage","url":"https:\/\/www.calibereurope.com\/wp-content\/uploads\/2023\/10\/cc578c16f55da22ae250165a3330114084b08c5b_HPG319DAB_front-1.jpg","contentUrl":"https:\/\/www.calibereurope.com\/wp-content\/uploads\/2023\/10\/cc578c16f55da22ae250165a3330114084b08c5b_HPG319DAB_front-1.jpg","width":1024,"height":768},{"@type":"BreadcrumbList","@id":"https:\/\/www.calibereurope.com\/fr\/produit\/hpg319dab-fr_fr\/#breadcrumb","itemListElement":[{"@type":"ListItem","position":1,"name":"Home","item":"https:\/\/www.calibereurope.com\/fr\/"},{"@type":"ListItem","position":2,"name":"Boutique en ligne","item":"https:\/\/www.calibereurope.com\/fr\/boutique-en-ligne\/"},{"@type":"ListItem","position":3,"name":"Son","item":"https:\/\/www.calibereurope.com\/fr\/geluid_fr_FR\/"},{"@type":"ListItem","position":4,"name":"Radios","item":"https:\/\/www.calibereurope.com\/fr\/geluid_fr_FR\/radios_geluid_fr_FR\/"},{"@type":"ListItem","position":5,"name":"Radio DAB+ portable &#8211; Avec fonction FM et alarme Batterie int\u00e9gr\u00e9e &#8211; Noir (HPG319DAB)"}]},{"@type":"WebSite","@id":"https:\/\/www.calibereurope.com\/fr\/#website","url":"https:\/\/www.calibereurope.com\/fr\/","name":"Caliber","description":"Sounds good!","publisher":{"@id":"https:\/\/www.calibereurope.com\/fr\/#organization"},"potentialAction":[{"@type":"SearchAction","target":{"@type":"EntryPoint","urlTemplate":"https:\/\/www.calibereurope.com\/fr\/?s={search_term_string}"},"query-input":{"@type":"PropertyValueSpecification","valueRequired":true,"valueName":"search_term_string"}}],"inLanguage":"fr-FR"},{"@type":"Organization","@id":"https:\/\/www.calibereurope.com\/fr\/#organization","name":"Caliber Europe B.V.","url":"https:\/\/www.calibereurope.com\/fr\/","logo":{"@type":"ImageObject","inLanguage":"fr-FR","@id":"https:\/\/www.calibereurope.com\/fr\/#\/schema\/logo\/image\/","url":"https:\/\/www.calibereurope.com\/wp-content\/uploads\/2019\/11\/Logo-Caliber-e1574846289621.png","contentUrl":"https:\/\/www.calibereurope.com\/wp-content\/uploads\/2019\/11\/Logo-Caliber-e1574846289621.png","width":400,"height":69,"caption":"Caliber Europe B.V."},"image":{"@id":"https:\/\/www.calibereurope.com\/fr\/#\/schema\/logo\/image\/"},"sameAs":["https:\/\/facebook.com\/CaliberEurope\/","https:\/\/x.com\/calibereurope","https:\/\/www.instagram.com\/calibereurope\/"]}]},"product_price_amount":"35.00","product_price_currency":"EUR","og_availability":"out of stock","product_availability":"out of stock","product_retailer_item_id":"HPG319DAB","product_condition":"new"},"_links":{"self":[{"href":"https:\/\/www.calibereurope.com\/fr\/wp-json\/wp\/v2\/product\/786806","targetHints":{"allow":["GET"]}}],"collection":[{"href":"https:\/\/www.calibereurope.com\/fr\/wp-json\/wp\/v2\/product"}],"about":[{"href":"https:\/\/www.calibereurope.com\/fr\/wp-json\/wp\/v2\/types\/product"}],"replies":[{"embeddable":true,"href":"https:\/\/www.calibereurope.com\/fr\/wp-json\/wp\/v2\/comments?post=786806"}],"wp:featuredmedia":[{"embeddable":true,"href":"https:\/\/www.calibereurope.com\/fr\/wp-json\/wp\/v2\/media\/1530242"}],"wp:attachment":[{"href":"https:\/\/www.calibereurope.com\/fr\/wp-json\/wp\/v2\/media?parent=786806"}],"wp:term":[{"taxonomy":"product_brand","embeddable":true,"href":"https:\/\/www.calibereurope.com\/fr\/wp-json\/wp\/v2\/product_brand?post=786806"},{"taxonomy":"product_cat","embeddable":true,"href":"https:\/\/www.calibereurope.com\/fr\/wp-json\/wp\/v2\/product_cat?post=786806"},{"taxonomy":"product_tag","embeddable":true,"href":"https:\/\/www.calibereurope.com\/fr\/wp-json\/wp\/v2\/product_tag?post=786806"}],"curies":[{"name":"wp","href":"https:\/\/api.w.org\/{rel}","templated":true}]}}