{"id":80341,"date":"2024-07-25T02:00:00","date_gmt":"2023-01-12T00:00:00","guid":{"rendered":""},"modified":"2024-07-25T15:57:28","modified_gmt":"2024-07-25T13:57:28","slug":"bc109us-fr_fr","status":"publish","type":"product","link":"https:\/\/www.calibereurope.com\/fr\/produit\/bc109us-fr_fr\/","title":{"rendered":"Caisson actif sous si\u00e8ge avec subwoofer de 10 cm \u2013 Avec t\u00e9l\u00e9commande &#8211; 450 Watts &#8211; 90 Watts RMS (BC109US)"},"content":{"rendered":"<p> Profitez de <strong>basses profondes<\/strong> et d&#39;un <strong>volume \u00e9lev\u00e9 <\/strong> avec ce subwoofer de voiture Caliber BC109US. Filtrez vous-m\u00eame <strong> les fr\u00e9quences entre 50 et 160 Hz <\/strong> via <strong>le pr\u00e9amplificateur int\u00e9gr\u00e9<\/strong>. Gr\u00e2ce \u00e0 son <strong> format compact<\/strong> vous pouvez placer facilement le <strong>subwoofer de 8 pouces<\/strong> sous le si\u00e8ge avant. Gr\u00e2ce \u00e0 la <strong>t\u00e9l\u00e9commande filaire <\/strong> vous pouvez alors facilement contr\u00f4ler <strong> le volume des basses <\/strong>. Avec <strong>90 watts RMS <\/strong> vous disposez de suffisamment de puissance pour profiter pleinement de vos rythmes pr\u00e9f\u00e9r\u00e9s. Le subwoofer sous le si\u00e8ge dispose d&#39;une <strong> protection thermique <\/strong>, ce qui vous permet de profiter en toute s\u00e9curit\u00e9 de toutes les basses \u00e0 un volume \u00e9lev\u00e9.   <\/p>\n<p> <strong>Caract\u00e9ristiques :<\/strong> <\/p>\n<ul>\n<li>90 watts RMS, 450 watts puissance max<\/li>\n<li>T\u00e9l\u00e9commande filaire (4 m)<\/li>\n<li>Avec amplificateur int\u00e9gr\u00e9<\/li>\n<li>Woofer de 20 cm \/ 8 pouces<\/li>\n<li>Protection thermique<\/li>\n<li>Niveau d&#39;entr\u00e9e r\u00e9glable<\/li>\n<li>Entr\u00e9e RCA<\/li>\n<li>Filtre haute fr\u00e9quence : 50 &#8211; 160 Hz<\/li>\n<li>Montage sous le si\u00e8ge possible<\/li>\n<\/ul>\n<h3>R\u00e9glez le subwoofer pour la voiture \u00e0 votre convenance <\/h3>\n<p> Vous \u00e9coutez toujours de la musique avec beaucoup de basses ? Dans ce cas, ce type de subwoofer est un excellent compl\u00e9ment. Il garantit des sons de basse clairs dans chaque chanson, que vous exp\u00e9rimentez alors d&#39;une nouvelle mani\u00e8re. Le volume des basses est facilement contr\u00f4l\u00e9 par la t\u00e9l\u00e9commande. Ce subwoofer actif dispose d&#39;une puissance RMS de 90 watts et d&#39;une puissance max de pas moins de 450 watts, de sorte que les rythmes seront entendus m\u00eame en dehors de la voiture. <\/p>\n<h3> Un subwoofer con\u00e7u pour votre voiture <\/h3>\n<p> Ce subwoofer pour voiture est con\u00e7u pour \u00eatre install\u00e9 sous le si\u00e8ge avant. Gr\u00e2ce \u00e0 sa taille r\u00e9duite et compacte, vous pouvez facilement le glisser sous un si\u00e8ge ou dans le coffre. Le subwoofer sous le si\u00e8ge est dot\u00e9 d&#39;une protection thermique qui emp\u00eache les courts-circuits et la surchauffe. Laissez un espace de 5 cm de chaque c\u00f4t\u00e9 du subwoofer pour un refroidissement optimal. Compar\u00e9 aux ensembles d\u2019enceintes de taille plus importante, ce subwoofer permet de gagner facilement de la place dans la voiture.  <\/p>\n<h3> Le son parfait <\/h3>\n<p> Le subwoofer vous permet de profiter de la musique de mani\u00e8re optimale gr\u00e2ce \u00e0 sa gamme compl\u00e8te de 50 \u00e0 160 Hz. Le passage est facilement r\u00e9glable via le pr\u00e9amplificateur. Le subwoofer fonctionne de mani\u00e8re optimale avec les autres haut-parleurs de la voiture, gr\u00e2ce au commutateur de phase. Vous b\u00e9n\u00e9ficiez donc d&#39;un son d\u00e9fini avec des basses profondes, o\u00f9 que vous conduisiez.    <\/p>\n<p> <strong><br \/>Inclus :<\/strong> <\/p>\n<ul>\n<li>Caliber BC109US<\/li>\n<li>T\u00e9l\u00e9commande<\/li>\n<li>Mat\u00e9riel de connexion<\/li>\n<\/ul>\n","protected":false},"excerpt":{"rendered":"<ul>\n<li>Connecter le Bluetooth via FM \u00e0 votre voiture<\/li>\n<li>Fonction Bass Boost et Treble<\/li>\n<li>Chargeur rapide USB int\u00e9gr\u00e9<\/li>\n<li>Microphone int\u00e9gr\u00e9 pour les appels en mains libres<\/li>\n<li>\u00c9cran couleur LCD multifonctionnel<\/li>\n<li>Alimentation via la prise voiture 12V<\/li>\n<li>Reconnexion automatique du Bluetooth;<\/li>\n<li>Lecture Micro SD et USB<\/li>\n<\/ul>\n","protected":false},"featured_media":1616322,"comment_status":"open","ping_status":"closed","template":"","meta":{"inline_featured_image":false},"product_brand":[],"product_cat":[12360,7767],"product_tag":[],"class_list":{"0":"post-80341","1":"product","2":"type-product","3":"status-publish","4":"has-post-thumbnail","6":"product_cat-subwoofers_fr_FR","7":"product_cat-auto_fr_FR","9":"first","10":"outofstock","11":"taxable","12":"shipping-taxable","13":"purchasable","14":"product-type-simple"},"yoast_head":"<!-- This site is optimized with the Yoast SEO plugin v24.4 - https:\/\/yoast.com\/wordpress\/plugins\/seo\/ -->\n<title>Caisson actif sous si\u00e8ge avec subwoofer de 10 cm \u2013 Avec t\u00e9l\u00e9commande - 450 Watts - 90 Watts RMS (BC109US) | Caliber<\/title>\n<meta name=\"robots\" content=\"index, follow, max-snippet:-1, max-image-preview:large, max-video-preview:-1\" \/>\n<link rel=\"canonical\" href=\"https:\/\/www.calibereurope.com\/fr\/produit\/bc109us-fr_fr\/\" \/>\n<meta property=\"og:locale\" content=\"fr_FR\" \/>\n<meta property=\"og:type\" content=\"article\" \/>\n<meta property=\"og:title\" content=\"Caisson actif sous si\u00e8ge avec subwoofer de 10 cm \u2013 Avec t\u00e9l\u00e9commande - 450 Watts - 90 Watts RMS (BC109US) | Caliber\" \/>\n<meta property=\"og:description\" content=\"Connecter le Bluetooth via FM \u00e0 votre voitureFonction Bass Boost et TrebleChargeur rapide USB int\u00e9gr\u00e9Microphone int\u00e9gr\u00e9 pour les appels en mains libres\u00c9cran couleur LCD multifonctionnelAlimentation via la prise voiture 12VReconnexion automatique du Bluetooth;Lecture Micro SD et USB\" \/>\n<meta property=\"og:url\" content=\"https:\/\/www.calibereurope.com\/fr\/produit\/bc109us-fr_fr\/\" \/>\n<meta property=\"og:site_name\" content=\"Caliber\" \/>\n<meta property=\"article:publisher\" content=\"https:\/\/facebook.com\/CaliberEurope\/\" \/>\n<meta property=\"article:modified_time\" content=\"2024-07-25T13:57:28+00:00\" \/>\n<meta property=\"og:image\" content=\"https:\/\/www.calibereurope.com\/wp-content\/uploads\/2023\/01\/f587ac399df430660ba1d0e9bdbbb487c2ab6dc9_BC109US-8.jpg\" \/>\n\t<meta property=\"og:image:width\" content=\"1024\" \/>\n\t<meta property=\"og:image:height\" content=\"768\" \/>\n\t<meta property=\"og:image:type\" content=\"image\/jpeg\" \/>\n<meta name=\"twitter:card\" content=\"summary_large_image\" \/>\n<meta name=\"twitter:site\" content=\"@calibereurope\" \/>\n<meta name=\"twitter:label1\" content=\"Prix\" \/>\n\t<meta name=\"twitter:data1\" content=\"109,00\" \/>\n\t<meta name=\"twitter:label2\" content=\"Availability\" \/>\n\t<meta name=\"twitter:data2\" content=\"Out of stock\" \/>\n<script type=\"application\/ld+json\" class=\"yoast-schema-graph\">{\"@context\":\"https:\/\/schema.org\",\"@graph\":[{\"@type\":\"WebPage\",\"@id\":\"https:\/\/www.calibereurope.com\/fr\/produit\/bc109us-fr_fr\/\",\"url\":\"https:\/\/www.calibereurope.com\/fr\/produit\/bc109us-fr_fr\/\",\"name\":\"Caisson actif sous si\u00e8ge avec subwoofer de 10 cm \u2013 Avec t\u00e9l\u00e9commande - 450 Watts - 90 Watts RMS (BC109US) | Caliber\",\"isPartOf\":{\"@id\":\"https:\/\/www.calibereurope.com\/fr\/#website\"},\"primaryImageOfPage\":{\"@id\":\"https:\/\/www.calibereurope.com\/fr\/produit\/bc109us-fr_fr\/#primaryimage\"},\"image\":{\"@id\":\"https:\/\/www.calibereurope.com\/fr\/produit\/bc109us-fr_fr\/#primaryimage\"},\"thumbnailUrl\":\"https:\/\/www.calibereurope.com\/wp-content\/uploads\/2024\/07\/f587ac399df430660ba1d0e9bdbbb487c2ab6dc9_BC109US-1.jpg\",\"datePublished\":\"2023-01-12T00:00:00+00:00\",\"dateModified\":\"2024-07-25T13:57:28+00:00\",\"breadcrumb\":{\"@id\":\"https:\/\/www.calibereurope.com\/fr\/produit\/bc109us-fr_fr\/#breadcrumb\"},\"inLanguage\":\"fr-FR\",\"potentialAction\":[{\"@type\":\"ReadAction\",\"target\":[\"https:\/\/www.calibereurope.com\/fr\/produit\/bc109us-fr_fr\/\"]}]},{\"@type\":\"ImageObject\",\"inLanguage\":\"fr-FR\",\"@id\":\"https:\/\/www.calibereurope.com\/fr\/produit\/bc109us-fr_fr\/#primaryimage\",\"url\":\"https:\/\/www.calibereurope.com\/wp-content\/uploads\/2024\/07\/f587ac399df430660ba1d0e9bdbbb487c2ab6dc9_BC109US-1.jpg\",\"contentUrl\":\"https:\/\/www.calibereurope.com\/wp-content\/uploads\/2024\/07\/f587ac399df430660ba1d0e9bdbbb487c2ab6dc9_BC109US-1.jpg\",\"width\":1024,\"height\":768},{\"@type\":\"BreadcrumbList\",\"@id\":\"https:\/\/www.calibereurope.com\/fr\/produit\/bc109us-fr_fr\/#breadcrumb\",\"itemListElement\":[{\"@type\":\"ListItem\",\"position\":1,\"name\":\"Home\",\"item\":\"https:\/\/www.calibereurope.com\/fr\/\"},{\"@type\":\"ListItem\",\"position\":2,\"name\":\"Boutique en ligne\",\"item\":\"https:\/\/www.calibereurope.com\/fr\/boutique-en-ligne\/\"},{\"@type\":\"ListItem\",\"position\":3,\"name\":\"Voiture\",\"item\":\"https:\/\/www.calibereurope.com\/fr\/auto_fr_FR\/\"},{\"@type\":\"ListItem\",\"position\":4,\"name\":\"Subwoofers\",\"item\":\"https:\/\/www.calibereurope.com\/fr\/auto_fr_FR\/subwoofers_fr_FR\/\"},{\"@type\":\"ListItem\",\"position\":5,\"name\":\"Caisson actif sous si\u00e8ge avec subwoofer de 10 cm \u2013 Avec t\u00e9l\u00e9commande &#8211; 450 Watts &#8211; 90 Watts RMS (BC109US)\"}]},{\"@type\":\"WebSite\",\"@id\":\"https:\/\/www.calibereurope.com\/fr\/#website\",\"url\":\"https:\/\/www.calibereurope.com\/fr\/\",\"name\":\"Caliber\",\"description\":\"Sounds good!\",\"publisher\":{\"@id\":\"https:\/\/www.calibereurope.com\/fr\/#organization\"},\"potentialAction\":[{\"@type\":\"SearchAction\",\"target\":{\"@type\":\"EntryPoint\",\"urlTemplate\":\"https:\/\/www.calibereurope.com\/fr\/?s={search_term_string}\"},\"query-input\":{\"@type\":\"PropertyValueSpecification\",\"valueRequired\":true,\"valueName\":\"search_term_string\"}}],\"inLanguage\":\"fr-FR\"},{\"@type\":\"Organization\",\"@id\":\"https:\/\/www.calibereurope.com\/fr\/#organization\",\"name\":\"Caliber Europe B.V.\",\"url\":\"https:\/\/www.calibereurope.com\/fr\/\",\"logo\":{\"@type\":\"ImageObject\",\"inLanguage\":\"fr-FR\",\"@id\":\"https:\/\/www.calibereurope.com\/fr\/#\/schema\/logo\/image\/\",\"url\":\"https:\/\/www.calibereurope.com\/wp-content\/uploads\/2019\/11\/Logo-Caliber-e1574846289621.png\",\"contentUrl\":\"https:\/\/www.calibereurope.com\/wp-content\/uploads\/2019\/11\/Logo-Caliber-e1574846289621.png\",\"width\":400,\"height\":69,\"caption\":\"Caliber Europe B.V.\"},\"image\":{\"@id\":\"https:\/\/www.calibereurope.com\/fr\/#\/schema\/logo\/image\/\"},\"sameAs\":[\"https:\/\/facebook.com\/CaliberEurope\/\",\"https:\/\/x.com\/calibereurope\",\"https:\/\/www.instagram.com\/calibereurope\/\"]}]}<\/script>\n<meta property=\"product:price:amount\" content=\"109.00\" \/>\n<meta property=\"product:price:currency\" content=\"EUR\" \/>\n<meta property=\"og:availability\" content=\"out of stock\" \/>\n<meta property=\"product:availability\" content=\"out of stock\" \/>\n<meta property=\"product:retailer_item_id\" content=\"BC109US\" \/>\n<meta property=\"product:condition\" content=\"new\" \/>\n<!-- \/ Yoast SEO plugin. -->","yoast_head_json":{"title":"Caisson actif sous si\u00e8ge avec subwoofer de 10 cm \u2013 Avec t\u00e9l\u00e9commande - 450 Watts - 90 Watts RMS (BC109US) | Caliber","robots":{"index":"index","follow":"follow","max-snippet":"max-snippet:-1","max-image-preview":"max-image-preview:large","max-video-preview":"max-video-preview:-1"},"canonical":"https:\/\/www.calibereurope.com\/fr\/produit\/bc109us-fr_fr\/","og_locale":"fr_FR","og_type":"article","og_title":"Caisson actif sous si\u00e8ge avec subwoofer de 10 cm \u2013 Avec t\u00e9l\u00e9commande - 450 Watts - 90 Watts RMS (BC109US) | Caliber","og_description":"Connecter le Bluetooth via FM \u00e0 votre voitureFonction Bass Boost et TrebleChargeur rapide USB int\u00e9gr\u00e9Microphone int\u00e9gr\u00e9 pour les appels en mains libres\u00c9cran couleur LCD multifonctionnelAlimentation via la prise voiture 12VReconnexion automatique du Bluetooth;Lecture Micro SD et USB","og_url":"https:\/\/www.calibereurope.com\/fr\/produit\/bc109us-fr_fr\/","og_site_name":"Caliber","article_publisher":"https:\/\/facebook.com\/CaliberEurope\/","article_modified_time":"2024-07-25T13:57:28+00:00","og_image":[{"width":1024,"height":768,"url":"https:\/\/www.calibereurope.com\/wp-content\/uploads\/2023\/01\/f587ac399df430660ba1d0e9bdbbb487c2ab6dc9_BC109US-8.jpg","type":"image\/jpeg"}],"twitter_card":"summary_large_image","twitter_site":"@calibereurope","twitter_misc":{"Prix":"109,00","Availability":"Out of stock"},"schema":{"@context":"https:\/\/schema.org","@graph":[{"@type":"WebPage","@id":"https:\/\/www.calibereurope.com\/fr\/produit\/bc109us-fr_fr\/","url":"https:\/\/www.calibereurope.com\/fr\/produit\/bc109us-fr_fr\/","name":"Caisson actif sous si\u00e8ge avec subwoofer de 10 cm \u2013 Avec t\u00e9l\u00e9commande - 450 Watts - 90 Watts RMS (BC109US) | Caliber","isPartOf":{"@id":"https:\/\/www.calibereurope.com\/fr\/#website"},"primaryImageOfPage":{"@id":"https:\/\/www.calibereurope.com\/fr\/produit\/bc109us-fr_fr\/#primaryimage"},"image":{"@id":"https:\/\/www.calibereurope.com\/fr\/produit\/bc109us-fr_fr\/#primaryimage"},"thumbnailUrl":"https:\/\/www.calibereurope.com\/wp-content\/uploads\/2024\/07\/f587ac399df430660ba1d0e9bdbbb487c2ab6dc9_BC109US-1.jpg","datePublished":"2023-01-12T00:00:00+00:00","dateModified":"2024-07-25T13:57:28+00:00","breadcrumb":{"@id":"https:\/\/www.calibereurope.com\/fr\/produit\/bc109us-fr_fr\/#breadcrumb"},"inLanguage":"fr-FR","potentialAction":[{"@type":"ReadAction","target":["https:\/\/www.calibereurope.com\/fr\/produit\/bc109us-fr_fr\/"]}]},{"@type":"ImageObject","inLanguage":"fr-FR","@id":"https:\/\/www.calibereurope.com\/fr\/produit\/bc109us-fr_fr\/#primaryimage","url":"https:\/\/www.calibereurope.com\/wp-content\/uploads\/2024\/07\/f587ac399df430660ba1d0e9bdbbb487c2ab6dc9_BC109US-1.jpg","contentUrl":"https:\/\/www.calibereurope.com\/wp-content\/uploads\/2024\/07\/f587ac399df430660ba1d0e9bdbbb487c2ab6dc9_BC109US-1.jpg","width":1024,"height":768},{"@type":"BreadcrumbList","@id":"https:\/\/www.calibereurope.com\/fr\/produit\/bc109us-fr_fr\/#breadcrumb","itemListElement":[{"@type":"ListItem","position":1,"name":"Home","item":"https:\/\/www.calibereurope.com\/fr\/"},{"@type":"ListItem","position":2,"name":"Boutique en ligne","item":"https:\/\/www.calibereurope.com\/fr\/boutique-en-ligne\/"},{"@type":"ListItem","position":3,"name":"Voiture","item":"https:\/\/www.calibereurope.com\/fr\/auto_fr_FR\/"},{"@type":"ListItem","position":4,"name":"Subwoofers","item":"https:\/\/www.calibereurope.com\/fr\/auto_fr_FR\/subwoofers_fr_FR\/"},{"@type":"ListItem","position":5,"name":"Caisson actif sous si\u00e8ge avec subwoofer de 10 cm \u2013 Avec t\u00e9l\u00e9commande &#8211; 450 Watts &#8211; 90 Watts RMS (BC109US)"}]},{"@type":"WebSite","@id":"https:\/\/www.calibereurope.com\/fr\/#website","url":"https:\/\/www.calibereurope.com\/fr\/","name":"Caliber","description":"Sounds good!","publisher":{"@id":"https:\/\/www.calibereurope.com\/fr\/#organization"},"potentialAction":[{"@type":"SearchAction","target":{"@type":"EntryPoint","urlTemplate":"https:\/\/www.calibereurope.com\/fr\/?s={search_term_string}"},"query-input":{"@type":"PropertyValueSpecification","valueRequired":true,"valueName":"search_term_string"}}],"inLanguage":"fr-FR"},{"@type":"Organization","@id":"https:\/\/www.calibereurope.com\/fr\/#organization","name":"Caliber Europe B.V.","url":"https:\/\/www.calibereurope.com\/fr\/","logo":{"@type":"ImageObject","inLanguage":"fr-FR","@id":"https:\/\/www.calibereurope.com\/fr\/#\/schema\/logo\/image\/","url":"https:\/\/www.calibereurope.com\/wp-content\/uploads\/2019\/11\/Logo-Caliber-e1574846289621.png","contentUrl":"https:\/\/www.calibereurope.com\/wp-content\/uploads\/2019\/11\/Logo-Caliber-e1574846289621.png","width":400,"height":69,"caption":"Caliber Europe B.V."},"image":{"@id":"https:\/\/www.calibereurope.com\/fr\/#\/schema\/logo\/image\/"},"sameAs":["https:\/\/facebook.com\/CaliberEurope\/","https:\/\/x.com\/calibereurope","https:\/\/www.instagram.com\/calibereurope\/"]}]},"product_price_amount":"109.00","product_price_currency":"EUR","og_availability":"out of stock","product_availability":"out of stock","product_retailer_item_id":"BC109US","product_condition":"new"},"_links":{"self":[{"href":"https:\/\/www.calibereurope.com\/fr\/wp-json\/wp\/v2\/product\/80341","targetHints":{"allow":["GET"]}}],"collection":[{"href":"https:\/\/www.calibereurope.com\/fr\/wp-json\/wp\/v2\/product"}],"about":[{"href":"https:\/\/www.calibereurope.com\/fr\/wp-json\/wp\/v2\/types\/product"}],"replies":[{"embeddable":true,"href":"https:\/\/www.calibereurope.com\/fr\/wp-json\/wp\/v2\/comments?post=80341"}],"wp:featuredmedia":[{"embeddable":true,"href":"https:\/\/www.calibereurope.com\/fr\/wp-json\/wp\/v2\/media\/1616322"}],"wp:attachment":[{"href":"https:\/\/www.calibereurope.com\/fr\/wp-json\/wp\/v2\/media?parent=80341"}],"wp:term":[{"taxonomy":"product_brand","embeddable":true,"href":"https:\/\/www.calibereurope.com\/fr\/wp-json\/wp\/v2\/product_brand?post=80341"},{"taxonomy":"product_cat","embeddable":true,"href":"https:\/\/www.calibereurope.com\/fr\/wp-json\/wp\/v2\/product_cat?post=80341"},{"taxonomy":"product_tag","embeddable":true,"href":"https:\/\/www.calibereurope.com\/fr\/wp-json\/wp\/v2\/product_tag?post=80341"}],"curies":[{"name":"wp","href":"https:\/\/api.w.org\/{rel}","templated":true}]}}