{"id":80773,"date":"2025-01-09T01:00:00","date_gmt":"2022-11-17T00:00:00","guid":{"rendered":""},"modified":"2025-01-09T08:57:31","modified_gmt":"2025-01-09T07:57:31","slug":"HPA502BTL-fr_FR","status":"publish","type":"product","link":"https:\/\/www.calibereurope.com\/fr\/produit\/HPA502BTL-fr_FR\/","title":{"rendered":"Conf\u00e9rencier de f\u00eate Bluetooth &#8211; 16 heures de temps de jeu &#8211; Karaoke Set avec microphone et \u00e9clairage de f\u00eate (HPA502BTL)"},"content":{"rendered":"<p> Soyez le stimulateur cardiaque de chaque partie en apportant le conf\u00e9rencier du parti HPA502BTL de Caliber avec Bluetooth. Avec cette bo\u00eete de f\u00eate ultime, vous n&#39;avez toujours pas moins de <strong> 60 watt <\/strong> en son, vous \u00eates donc assur\u00e9 d&#39;une bonne f\u00eate. En raison de la batterie construite, vous avez <strong> 16 heures de jeu <\/strong>. Utilisez la fonction <strong> karaok\u00e9 <\/strong> et <strong> inclus Microphone <\/strong> pour transformer chaque f\u00eate en barre de karaok\u00e9. Vous pouvez m\u00eame connecter une <strong> guitare <\/strong> si vous pr\u00e9f\u00e9rez prendre soin des airs de fond vous-m\u00eame. Utilisez <strong> bluetooth <\/strong> pour connecter votre t\u00e9l\u00e9phone ou utiliser la <strong> entr\u00e9e AUX <\/strong>. <\/p>\n<p> <strong> Propri\u00e9t\u00e9s: <\/strong> <\/p>\n<ul>\n<li> Bluetooth Technology\n<li> avec \u00e9clairage LED\n<li> Fonction de karaok\u00e9 avec \u00e9cho\n<li> Y compris le microphone\n<li> jusqu&#39;\u00e0 16 heures de temps de jeu\n<li> Power de pointe Watt\n<li> Entr\u00e9e audio AUX\n<li> guitare et microphone 6,3 mm d&#39;entr\u00e9e\n<li> Contr\u00f4leurs de tonalit\u00e9 \u00e9lev\u00e9s et bas <\/li>\n<\/ul>\n<p> < H3> Partout entour\u00e9 de musique <\/h3>\n<p> Le conf\u00e9rencier du parti garantit que chaque occasion devient un vrai parti en un rien de temps. La batterie offre pas moins de 16 heures de temps de jeu. C&#39;est parfait pour, par exemple, un barbecue qui est lentement transform\u00e9 en un vrai festival de danse. Avec 60 watts de puissance, il y a suffisamment de volume pour un groupe d&#39;amis. <\/p>\n<h3> Tout pour un jeu de karaok\u00e9 <\/h3>\n<p> \u00cates-vous fan de karaok\u00e9? M\u00eame alors, cette bo\u00eete de f\u00eate est parfaite. La fonction de karaok\u00e9 garantit que vous pouvez utiliser les haut-parleurs pour une vraie bataille de chant. D\u00e9fiez vos amis et utilisez le microphone fourni pour cr\u00e9er suffisamment de volume. Si vous pr\u00e9f\u00e9rez ne pas d\u00e9ranger vos amis avec vos comp\u00e9tences en chant, vous pouvez \u00e9galement connecter une guitare \u00e0 la bo\u00eete. Cela rend \u00e9galement l&#39;orateur parfait pour une soir\u00e9e d&#39;\u00e9t\u00e9 autour du feu de camp. <\/p>\n<h3> Trouvez le son parfait <\/h3>\n<p> Vous pouvez ajuster les param\u00e8tres sonores sur la bo\u00eete de musique avec Bluetooth. Par exemple, d\u00e9finissez la basse et les aigus exactement comme vous le souhaitez. Les volumes du microphone et de la guitare peuvent \u00e9galement \u00eatre ajust\u00e9s s\u00e9par\u00e9ment, de sorte que le son est toujours en harmonie. <\/p>\n<p> <strong> inclus <\/strong>: <\/p>\n<ul>\n<li> Caliber HPA502BTL\n<li> Microphone filaire\n<li> Remote Contr\u00f4le\n<li> Adaptateur de puissance<br \/>\n","protected":false},"excerpt":{"rendered":"<p>Soyez le stimulateur cardiaque de chaque partie en apportant le conf\u00e9rencier du parti HPA502BTL de Caliber avec Bluetooth. Avec cette bo\u00eete de f\u00eate ultime, vous n&#39;avez toujours pas moins de 60 watt en son, vous \u00eates donc assur\u00e9 d&#39;une bonne f\u00eate. En raison de la batterie construite, vous avez 16 heures de jeu . Utilisez [&hellip;]<\/p>\n","protected":false},"featured_media":1455925,"comment_status":"open","ping_status":"closed","template":"","meta":{"inline_featured_image":false},"product_brand":[],"product_cat":[7872,7860],"product_tag":[],"class_list":{"0":"post-80773","1":"product","2":"type-product","3":"status-publish","4":"has-post-thumbnail","6":"product_cat-party_karaoke_speakers_fr_FR","7":"product_cat-geluid_fr_FR","9":"first","10":"outofstock","11":"featured","12":"taxable","13":"shipping-taxable","14":"purchasable","15":"product-type-simple"},"yoast_head":"<!-- This site is optimized with the Yoast SEO plugin v24.4 - https:\/\/yoast.com\/wordpress\/plugins\/seo\/ -->\n<title>Conf\u00e9rencier de f\u00eate Bluetooth - 16 heures de temps de jeu - Karaoke Set avec microphone et \u00e9clairage de f\u00eate (HPA502BTL) | Caliber<\/title>\n<meta name=\"robots\" content=\"index, follow, max-snippet:-1, max-image-preview:large, max-video-preview:-1\" \/>\n<link rel=\"canonical\" href=\"https:\/\/www.calibereurope.com\/fr\/produit\/HPA502BTL-fr_FR\/\" \/>\n<meta property=\"og:locale\" content=\"fr_FR\" \/>\n<meta property=\"og:type\" content=\"article\" \/>\n<meta property=\"og:title\" content=\"Conf\u00e9rencier de f\u00eate Bluetooth - 16 heures de temps de jeu - Karaoke Set avec microphone et \u00e9clairage de f\u00eate (HPA502BTL) | Caliber\" \/>\n<meta property=\"og:description\" content=\"Soyez le stimulateur cardiaque de chaque partie en apportant le conf\u00e9rencier du parti HPA502BTL de Caliber avec Bluetooth. Avec cette bo\u00eete de f\u00eate ultime, vous n&#039;avez toujours pas moins de 60 watt en son, vous \u00eates donc assur\u00e9 d&#039;une bonne f\u00eate. En raison de la batterie construite, vous avez 16 heures de jeu . Utilisez [&hellip;]\" \/>\n<meta property=\"og:url\" content=\"https:\/\/www.calibereurope.com\/fr\/produit\/HPA502BTL-fr_FR\/\" \/>\n<meta property=\"og:site_name\" content=\"Caliber\" \/>\n<meta property=\"article:publisher\" content=\"https:\/\/facebook.com\/CaliberEurope\/\" \/>\n<meta property=\"article:modified_time\" content=\"2025-01-09T07:57:31+00:00\" \/>\n<meta property=\"og:image\" content=\"https:\/\/www.calibereurope.com\/wp-content\/uploads\/2022\/11\/19cccaea1a6537d73971f53772c6f6c2222a6f78_HPA502BTL-2.jpg\" \/>\n\t<meta property=\"og:image:width\" content=\"1024\" \/>\n\t<meta property=\"og:image:height\" content=\"768\" \/>\n\t<meta property=\"og:image:type\" content=\"image\/jpeg\" \/>\n<meta name=\"twitter:card\" content=\"summary_large_image\" \/>\n<meta name=\"twitter:site\" content=\"@calibereurope\" \/>\n<meta name=\"twitter:label1\" content=\"Prix\" \/>\n\t<meta name=\"twitter:data1\" content=\"85,00\" \/>\n\t<meta name=\"twitter:label2\" content=\"Availability\" \/>\n\t<meta name=\"twitter:data2\" content=\"Out of stock\" \/>\n<script type=\"application\/ld+json\" class=\"yoast-schema-graph\">{\"@context\":\"https:\/\/schema.org\",\"@graph\":[{\"@type\":\"WebPage\",\"@id\":\"https:\/\/www.calibereurope.com\/fr\/produit\/HPA502BTL-fr_FR\/\",\"url\":\"https:\/\/www.calibereurope.com\/fr\/produit\/HPA502BTL-fr_FR\/\",\"name\":\"Conf\u00e9rencier de f\u00eate Bluetooth - 16 heures de temps de jeu - Karaoke Set avec microphone et \u00e9clairage de f\u00eate (HPA502BTL) | Caliber\",\"isPartOf\":{\"@id\":\"https:\/\/www.calibereurope.com\/fr\/#website\"},\"primaryImageOfPage\":{\"@id\":\"https:\/\/www.calibereurope.com\/fr\/produit\/HPA502BTL-fr_FR\/#primaryimage\"},\"image\":{\"@id\":\"https:\/\/www.calibereurope.com\/fr\/produit\/HPA502BTL-fr_FR\/#primaryimage\"},\"thumbnailUrl\":\"https:\/\/www.calibereurope.com\/wp-content\/uploads\/2023\/02\/19cccaea1a6537d73971f53772c6f6c2222a6f78_HPA502BTL-6.jpg\",\"datePublished\":\"2022-11-17T00:00:00+00:00\",\"dateModified\":\"2025-01-09T07:57:31+00:00\",\"breadcrumb\":{\"@id\":\"https:\/\/www.calibereurope.com\/fr\/produit\/HPA502BTL-fr_FR\/#breadcrumb\"},\"inLanguage\":\"fr-FR\",\"potentialAction\":[{\"@type\":\"ReadAction\",\"target\":[\"https:\/\/www.calibereurope.com\/fr\/produit\/HPA502BTL-fr_FR\/\"]}]},{\"@type\":\"ImageObject\",\"inLanguage\":\"fr-FR\",\"@id\":\"https:\/\/www.calibereurope.com\/fr\/produit\/HPA502BTL-fr_FR\/#primaryimage\",\"url\":\"https:\/\/www.calibereurope.com\/wp-content\/uploads\/2023\/02\/19cccaea1a6537d73971f53772c6f6c2222a6f78_HPA502BTL-6.jpg\",\"contentUrl\":\"https:\/\/www.calibereurope.com\/wp-content\/uploads\/2023\/02\/19cccaea1a6537d73971f53772c6f6c2222a6f78_HPA502BTL-6.jpg\",\"width\":1024,\"height\":768},{\"@type\":\"BreadcrumbList\",\"@id\":\"https:\/\/www.calibereurope.com\/fr\/produit\/HPA502BTL-fr_FR\/#breadcrumb\",\"itemListElement\":[{\"@type\":\"ListItem\",\"position\":1,\"name\":\"Home\",\"item\":\"https:\/\/www.calibereurope.com\/fr\/\"},{\"@type\":\"ListItem\",\"position\":2,\"name\":\"Boutique en ligne\",\"item\":\"https:\/\/www.calibereurope.com\/fr\/boutique-en-ligne\/\"},{\"@type\":\"ListItem\",\"position\":3,\"name\":\"Son\",\"item\":\"https:\/\/www.calibereurope.com\/fr\/geluid_fr_FR\/\"},{\"@type\":\"ListItem\",\"position\":4,\"name\":\"Intervenants de la f\u00eate\/du karaok\u00e9\",\"item\":\"https:\/\/www.calibereurope.com\/fr\/geluid_fr_FR\/party_karaoke_speakers_fr_FR\/\"},{\"@type\":\"ListItem\",\"position\":5,\"name\":\"Conf\u00e9rencier de f\u00eate Bluetooth &#8211; 16 heures de temps de jeu &#8211; Karaoke Set avec microphone et \u00e9clairage de f\u00eate (HPA502BTL)\"}]},{\"@type\":\"WebSite\",\"@id\":\"https:\/\/www.calibereurope.com\/fr\/#website\",\"url\":\"https:\/\/www.calibereurope.com\/fr\/\",\"name\":\"Caliber\",\"description\":\"Sounds good!\",\"publisher\":{\"@id\":\"https:\/\/www.calibereurope.com\/fr\/#organization\"},\"potentialAction\":[{\"@type\":\"SearchAction\",\"target\":{\"@type\":\"EntryPoint\",\"urlTemplate\":\"https:\/\/www.calibereurope.com\/fr\/?s={search_term_string}\"},\"query-input\":{\"@type\":\"PropertyValueSpecification\",\"valueRequired\":true,\"valueName\":\"search_term_string\"}}],\"inLanguage\":\"fr-FR\"},{\"@type\":\"Organization\",\"@id\":\"https:\/\/www.calibereurope.com\/fr\/#organization\",\"name\":\"Caliber Europe B.V.\",\"url\":\"https:\/\/www.calibereurope.com\/fr\/\",\"logo\":{\"@type\":\"ImageObject\",\"inLanguage\":\"fr-FR\",\"@id\":\"https:\/\/www.calibereurope.com\/fr\/#\/schema\/logo\/image\/\",\"url\":\"https:\/\/www.calibereurope.com\/wp-content\/uploads\/2019\/11\/Logo-Caliber-e1574846289621.png\",\"contentUrl\":\"https:\/\/www.calibereurope.com\/wp-content\/uploads\/2019\/11\/Logo-Caliber-e1574846289621.png\",\"width\":400,\"height\":69,\"caption\":\"Caliber Europe B.V.\"},\"image\":{\"@id\":\"https:\/\/www.calibereurope.com\/fr\/#\/schema\/logo\/image\/\"},\"sameAs\":[\"https:\/\/facebook.com\/CaliberEurope\/\",\"https:\/\/x.com\/calibereurope\",\"https:\/\/www.instagram.com\/calibereurope\/\"]}]}<\/script>\n<meta property=\"product:price:amount\" content=\"85.00\" \/>\n<meta property=\"product:price:currency\" content=\"EUR\" \/>\n<meta property=\"og:availability\" content=\"out of stock\" \/>\n<meta property=\"product:availability\" content=\"out of stock\" \/>\n<meta property=\"product:retailer_item_id\" content=\"HPA502BTL\" \/>\n<meta property=\"product:condition\" content=\"new\" \/>\n<!-- \/ Yoast SEO plugin. -->","yoast_head_json":{"title":"Conf\u00e9rencier de f\u00eate Bluetooth - 16 heures de temps de jeu - Karaoke Set avec microphone et \u00e9clairage de f\u00eate (HPA502BTL) | Caliber","robots":{"index":"index","follow":"follow","max-snippet":"max-snippet:-1","max-image-preview":"max-image-preview:large","max-video-preview":"max-video-preview:-1"},"canonical":"https:\/\/www.calibereurope.com\/fr\/produit\/HPA502BTL-fr_FR\/","og_locale":"fr_FR","og_type":"article","og_title":"Conf\u00e9rencier de f\u00eate Bluetooth - 16 heures de temps de jeu - Karaoke Set avec microphone et \u00e9clairage de f\u00eate (HPA502BTL) | Caliber","og_description":"Soyez le stimulateur cardiaque de chaque partie en apportant le conf\u00e9rencier du parti HPA502BTL de Caliber avec Bluetooth. Avec cette bo\u00eete de f\u00eate ultime, vous n&#39;avez toujours pas moins de 60 watt en son, vous \u00eates donc assur\u00e9 d&#39;une bonne f\u00eate. En raison de la batterie construite, vous avez 16 heures de jeu . Utilisez [&hellip;]","og_url":"https:\/\/www.calibereurope.com\/fr\/produit\/HPA502BTL-fr_FR\/","og_site_name":"Caliber","article_publisher":"https:\/\/facebook.com\/CaliberEurope\/","article_modified_time":"2025-01-09T07:57:31+00:00","og_image":[{"width":1024,"height":768,"url":"https:\/\/www.calibereurope.com\/wp-content\/uploads\/2022\/11\/19cccaea1a6537d73971f53772c6f6c2222a6f78_HPA502BTL-2.jpg","type":"image\/jpeg"}],"twitter_card":"summary_large_image","twitter_site":"@calibereurope","twitter_misc":{"Prix":"85,00","Availability":"Out of stock"},"schema":{"@context":"https:\/\/schema.org","@graph":[{"@type":"WebPage","@id":"https:\/\/www.calibereurope.com\/fr\/produit\/HPA502BTL-fr_FR\/","url":"https:\/\/www.calibereurope.com\/fr\/produit\/HPA502BTL-fr_FR\/","name":"Conf\u00e9rencier de f\u00eate Bluetooth - 16 heures de temps de jeu - Karaoke Set avec microphone et \u00e9clairage de f\u00eate (HPA502BTL) | Caliber","isPartOf":{"@id":"https:\/\/www.calibereurope.com\/fr\/#website"},"primaryImageOfPage":{"@id":"https:\/\/www.calibereurope.com\/fr\/produit\/HPA502BTL-fr_FR\/#primaryimage"},"image":{"@id":"https:\/\/www.calibereurope.com\/fr\/produit\/HPA502BTL-fr_FR\/#primaryimage"},"thumbnailUrl":"https:\/\/www.calibereurope.com\/wp-content\/uploads\/2023\/02\/19cccaea1a6537d73971f53772c6f6c2222a6f78_HPA502BTL-6.jpg","datePublished":"2022-11-17T00:00:00+00:00","dateModified":"2025-01-09T07:57:31+00:00","breadcrumb":{"@id":"https:\/\/www.calibereurope.com\/fr\/produit\/HPA502BTL-fr_FR\/#breadcrumb"},"inLanguage":"fr-FR","potentialAction":[{"@type":"ReadAction","target":["https:\/\/www.calibereurope.com\/fr\/produit\/HPA502BTL-fr_FR\/"]}]},{"@type":"ImageObject","inLanguage":"fr-FR","@id":"https:\/\/www.calibereurope.com\/fr\/produit\/HPA502BTL-fr_FR\/#primaryimage","url":"https:\/\/www.calibereurope.com\/wp-content\/uploads\/2023\/02\/19cccaea1a6537d73971f53772c6f6c2222a6f78_HPA502BTL-6.jpg","contentUrl":"https:\/\/www.calibereurope.com\/wp-content\/uploads\/2023\/02\/19cccaea1a6537d73971f53772c6f6c2222a6f78_HPA502BTL-6.jpg","width":1024,"height":768},{"@type":"BreadcrumbList","@id":"https:\/\/www.calibereurope.com\/fr\/produit\/HPA502BTL-fr_FR\/#breadcrumb","itemListElement":[{"@type":"ListItem","position":1,"name":"Home","item":"https:\/\/www.calibereurope.com\/fr\/"},{"@type":"ListItem","position":2,"name":"Boutique en ligne","item":"https:\/\/www.calibereurope.com\/fr\/boutique-en-ligne\/"},{"@type":"ListItem","position":3,"name":"Son","item":"https:\/\/www.calibereurope.com\/fr\/geluid_fr_FR\/"},{"@type":"ListItem","position":4,"name":"Intervenants de la f\u00eate\/du karaok\u00e9","item":"https:\/\/www.calibereurope.com\/fr\/geluid_fr_FR\/party_karaoke_speakers_fr_FR\/"},{"@type":"ListItem","position":5,"name":"Conf\u00e9rencier de f\u00eate Bluetooth &#8211; 16 heures de temps de jeu &#8211; Karaoke Set avec microphone et \u00e9clairage de f\u00eate (HPA502BTL)"}]},{"@type":"WebSite","@id":"https:\/\/www.calibereurope.com\/fr\/#website","url":"https:\/\/www.calibereurope.com\/fr\/","name":"Caliber","description":"Sounds good!","publisher":{"@id":"https:\/\/www.calibereurope.com\/fr\/#organization"},"potentialAction":[{"@type":"SearchAction","target":{"@type":"EntryPoint","urlTemplate":"https:\/\/www.calibereurope.com\/fr\/?s={search_term_string}"},"query-input":{"@type":"PropertyValueSpecification","valueRequired":true,"valueName":"search_term_string"}}],"inLanguage":"fr-FR"},{"@type":"Organization","@id":"https:\/\/www.calibereurope.com\/fr\/#organization","name":"Caliber Europe B.V.","url":"https:\/\/www.calibereurope.com\/fr\/","logo":{"@type":"ImageObject","inLanguage":"fr-FR","@id":"https:\/\/www.calibereurope.com\/fr\/#\/schema\/logo\/image\/","url":"https:\/\/www.calibereurope.com\/wp-content\/uploads\/2019\/11\/Logo-Caliber-e1574846289621.png","contentUrl":"https:\/\/www.calibereurope.com\/wp-content\/uploads\/2019\/11\/Logo-Caliber-e1574846289621.png","width":400,"height":69,"caption":"Caliber Europe B.V."},"image":{"@id":"https:\/\/www.calibereurope.com\/fr\/#\/schema\/logo\/image\/"},"sameAs":["https:\/\/facebook.com\/CaliberEurope\/","https:\/\/x.com\/calibereurope","https:\/\/www.instagram.com\/calibereurope\/"]}]},"product_price_amount":"85.00","product_price_currency":"EUR","og_availability":"out of stock","product_availability":"out of stock","product_retailer_item_id":"HPA502BTL","product_condition":"new"},"_links":{"self":[{"href":"https:\/\/www.calibereurope.com\/fr\/wp-json\/wp\/v2\/product\/80773","targetHints":{"allow":["GET"]}}],"collection":[{"href":"https:\/\/www.calibereurope.com\/fr\/wp-json\/wp\/v2\/product"}],"about":[{"href":"https:\/\/www.calibereurope.com\/fr\/wp-json\/wp\/v2\/types\/product"}],"replies":[{"embeddable":true,"href":"https:\/\/www.calibereurope.com\/fr\/wp-json\/wp\/v2\/comments?post=80773"}],"wp:featuredmedia":[{"embeddable":true,"href":"https:\/\/www.calibereurope.com\/fr\/wp-json\/wp\/v2\/media\/1455925"}],"wp:attachment":[{"href":"https:\/\/www.calibereurope.com\/fr\/wp-json\/wp\/v2\/media?parent=80773"}],"wp:term":[{"taxonomy":"product_brand","embeddable":true,"href":"https:\/\/www.calibereurope.com\/fr\/wp-json\/wp\/v2\/product_brand?post=80773"},{"taxonomy":"product_cat","embeddable":true,"href":"https:\/\/www.calibereurope.com\/fr\/wp-json\/wp\/v2\/product_cat?post=80773"},{"taxonomy":"product_tag","embeddable":true,"href":"https:\/\/www.calibereurope.com\/fr\/wp-json\/wp\/v2\/product_tag?post=80773"}],"curies":[{"name":"wp","href":"https:\/\/api.w.org\/{rel}","templated":true}]}}