{"id":81043,"date":"2025-01-09T01:00:00","date_gmt":"2022-09-27T00:00:00","guid":{"rendered":""},"modified":"2025-01-09T08:57:49","modified_gmt":"2025-01-09T07:57:49","slug":"hpg404bt-fr_fr","status":"publish","type":"product","link":"https:\/\/www.calibereurope.com\/fr\/produit\/hpg404bt-fr_fr\/","title":{"rendered":"Haut-parleur sans fil avec sangle de transport &#8211; Bluetooth, USB, SD et AUX &#8211; Batterie pendant 16 heures de temps de jeu (HPG404BT)"},"content":{"rendered":"<p> Prenez votre musique pr\u00e9f\u00e9r\u00e9e partout avec ce haut-parleur HPG404BT Wirelzoe de Caliber. Vous pouvez facilement connecter votre t\u00e9l\u00e9phone via <strong> bluetooth <\/strong> ou utiliser le <strong> USB &#8211; <\/strong>, <strong> sd- <\/strong> et <strong> connection <\/strong>. Ce haut-parleur <strong> fonctionne sur la batterie <\/strong> et offre <strong> jusqu&#39;\u00e0 16 heures de temps de jeu <\/strong>. Vous pouvez facilement charger une batterie vide via le c\u00e2ble de charge USB <strong> fourni. <\/strong> sauter, rincer ou faire une pause facilement la musique via les boutons de contr\u00f4le. Que vous soyez en vacances, allez \u00e0 la plage ou que vous soyez sur la route en voiture, gr\u00e2ce \u00e0 la sangle de transport <strong> \u00e0 port\u00e9e de main <\/strong>, vous prenez la bo\u00eete Bluetooth partout! <\/p>\n<p> <strong> Propri\u00e9t\u00e9s: <\/strong> <\/p>\n<ul>\n<li> Bluetooth Audio <L> Connexion USB\n<li> Connexion SD\n<li> AUX -cinin (3,5 mm)\n<li> Batterie int\u00e9gr\u00e9e\n<li> Temps de jeu\n<li> Carrier\n<li> y compris le c\u00e2ble de charge USB <\/li>\n<\/ul>\n<p> <strong> Remarque: <\/strong> fourni sans USB adaptateur <\/p>\n<h3> Toute musique <\/h3>\n<p> Tirez votre t\u00e9l\u00e9phone via Bluetooth pour jouer sans effort votre liste de lecture pr\u00e9f\u00e9r\u00e9e, d\u00e9couvrir une nouvelle musique ou \u00e9couter un podcast ensemble. Voulez-vous enregistrer la batterie de votre t\u00e9l\u00e9phone? Ensuite, vous utilisez simplement l&#39;une des autres options de connexion! Les haut-parleurs sans fil proposent \u00e9galement une connexion USB, SD et AUX. De cette fa\u00e7on, vous pouvez toujours jouer ce que vous voulez. <\/p>\n<h3> Id\u00e9al \u00e0 emporter avec vous <\/h3>\n<p> Cette bo\u00eete Bluetooth a une sangle de transport fournie. De cette fa\u00e7on, vous pouvez facilement accrocher l&#39;orateur autour de votre \u00e9paule et vous avez vos mains libres pour porter d&#39;autres choses. Que vous alliez sur la route ou que vous soyez sur le chemin du retour, gr\u00e2ce \u00e0 la sangle de transport, vous pouvez facilement emporter le haut-parleur sans fil avec vous. La batterie du haut-parleur portable offre jusqu&#39;\u00e0 16 heures de temps de jeu, afin que vous puissiez \u00e9couter sans cesse lorsque vous \u00eates loin de chez vous. <\/p>\n<h3> facile \u00e0 utiliser <\/h3>\n<p> Voulez-vous mettre le volume du haut-parleur Bluetooth r\u00e9gl\u00e9 de plus en plus? Ou cherchez-vous cette seule chanson? Faites facilement fonctionner la musique via les boutons de commande sur le c\u00f4t\u00e9 de la bo\u00eete Bluetooth. Charge la batterie du haut-parleur sans fil? Vous pouvez \u00e9galement le faire facilement via le c\u00f4t\u00e9 de la bo\u00eete avec le c\u00e2ble de charge USB fourni. <\/p>\n<p> <strong> <br \/> inclus: <\/strong> <\/p>\n<ul>\n<li> Caliber HPG404BT\n<li> C\u00e2ble de chargement USB<br \/>\n","protected":false},"excerpt":{"rendered":"<ul>\n<li>Transmetteur FM Bluetooth ultra compact ;<\/li>\n<li>Technologie de charge rapide int\u00e9gr\u00e9e (QC et PD 3.0)<\/li>\n<li>1 port USB-C et 1 port USB-A;<\/li>\n<li>Prise voiture 12V\/24V<\/li>\n<li>Fonction Bass Boost<\/li>\n<li>Micro int\u00e9gr\u00e9 pour les appels mains libres<\/li>\n<li>Avec bouton de prise d\u2019appel\/de raccrochage pratique<\/li>\n<\/ul>\n","protected":false},"featured_media":1667703,"comment_status":"open","ping_status":"closed","template":"","meta":{"inline_featured_image":false},"product_brand":[],"product_cat":[7875,7860],"product_tag":[],"class_list":{"0":"post-81043","1":"product","2":"type-product","3":"status-publish","4":"has-post-thumbnail","6":"product_cat-bluetooth_speakers_geluid_fr_FR","7":"product_cat-geluid_fr_FR","9":"first","10":"outofstock","11":"taxable","12":"shipping-taxable","13":"purchasable","14":"product-type-simple"},"yoast_head":"<!-- This site is optimized with the Yoast SEO plugin v24.4 - https:\/\/yoast.com\/wordpress\/plugins\/seo\/ -->\n<title>Haut-parleur sans fil avec sangle de transport - Bluetooth, USB, SD et AUX - Batterie pendant 16 heures de temps de jeu (HPG404BT) | Caliber<\/title>\n<meta name=\"robots\" content=\"index, follow, max-snippet:-1, max-image-preview:large, max-video-preview:-1\" \/>\n<link rel=\"canonical\" href=\"https:\/\/www.calibereurope.com\/fr\/produit\/hpg404bt-fr_fr\/\" \/>\n<meta property=\"og:locale\" content=\"fr_FR\" \/>\n<meta property=\"og:type\" content=\"article\" \/>\n<meta property=\"og:title\" content=\"Haut-parleur sans fil avec sangle de transport - Bluetooth, USB, SD et AUX - Batterie pendant 16 heures de temps de jeu (HPG404BT) | Caliber\" \/>\n<meta property=\"og:description\" content=\"Transmetteur FM Bluetooth ultra compact ;Technologie de charge rapide int\u00e9gr\u00e9e (QC et PD 3.0)1 port USB-C et 1 port USB-A;Prise voiture 12V\/24VFonction Bass BoostMicro int\u00e9gr\u00e9 pour les appels mains libresAvec bouton de prise d\u2019appel\/de raccrochage pratique\" \/>\n<meta property=\"og:url\" content=\"https:\/\/www.calibereurope.com\/fr\/produit\/hpg404bt-fr_fr\/\" \/>\n<meta property=\"og:site_name\" content=\"Caliber\" \/>\n<meta property=\"article:publisher\" content=\"https:\/\/facebook.com\/CaliberEurope\/\" \/>\n<meta property=\"article:modified_time\" content=\"2025-01-09T07:57:49+00:00\" \/>\n<meta property=\"og:image\" content=\"https:\/\/www.calibereurope.com\/wp-content\/uploads\/2023\/01\/99747827bd9c3355172f32fef0cc4aa0379ff679_HPG404BT_1.jpg\" \/>\n\t<meta property=\"og:image:width\" content=\"768\" \/>\n\t<meta property=\"og:image:height\" content=\"576\" \/>\n\t<meta property=\"og:image:type\" content=\"image\/jpeg\" \/>\n<meta name=\"twitter:card\" content=\"summary_large_image\" \/>\n<meta name=\"twitter:site\" content=\"@calibereurope\" \/>\n<meta name=\"twitter:label1\" content=\"Prix\" \/>\n\t<meta name=\"twitter:data1\" content=\"19,95\" \/>\n\t<meta name=\"twitter:label2\" content=\"Availability\" \/>\n\t<meta name=\"twitter:data2\" content=\"Out of stock\" \/>\n<script type=\"application\/ld+json\" class=\"yoast-schema-graph\">{\"@context\":\"https:\/\/schema.org\",\"@graph\":[{\"@type\":\"WebPage\",\"@id\":\"https:\/\/www.calibereurope.com\/fr\/produit\/hpg404bt-fr_fr\/\",\"url\":\"https:\/\/www.calibereurope.com\/fr\/produit\/hpg404bt-fr_fr\/\",\"name\":\"Haut-parleur sans fil avec sangle de transport - Bluetooth, USB, SD et AUX - Batterie pendant 16 heures de temps de jeu (HPG404BT) | Caliber\",\"isPartOf\":{\"@id\":\"https:\/\/www.calibereurope.com\/fr\/#website\"},\"primaryImageOfPage\":{\"@id\":\"https:\/\/www.calibereurope.com\/fr\/produit\/hpg404bt-fr_fr\/#primaryimage\"},\"image\":{\"@id\":\"https:\/\/www.calibereurope.com\/fr\/produit\/hpg404bt-fr_fr\/#primaryimage\"},\"thumbnailUrl\":\"https:\/\/www.calibereurope.com\/wp-content\/uploads\/2025\/01\/99747827bd9c3355172f32fef0cc4aa0379ff679_HPG404BT_1.jpg\",\"datePublished\":\"2022-09-27T00:00:00+00:00\",\"dateModified\":\"2025-01-09T07:57:49+00:00\",\"breadcrumb\":{\"@id\":\"https:\/\/www.calibereurope.com\/fr\/produit\/hpg404bt-fr_fr\/#breadcrumb\"},\"inLanguage\":\"fr-FR\",\"potentialAction\":[{\"@type\":\"ReadAction\",\"target\":[\"https:\/\/www.calibereurope.com\/fr\/produit\/hpg404bt-fr_fr\/\"]}]},{\"@type\":\"ImageObject\",\"inLanguage\":\"fr-FR\",\"@id\":\"https:\/\/www.calibereurope.com\/fr\/produit\/hpg404bt-fr_fr\/#primaryimage\",\"url\":\"https:\/\/www.calibereurope.com\/wp-content\/uploads\/2025\/01\/99747827bd9c3355172f32fef0cc4aa0379ff679_HPG404BT_1.jpg\",\"contentUrl\":\"https:\/\/www.calibereurope.com\/wp-content\/uploads\/2025\/01\/99747827bd9c3355172f32fef0cc4aa0379ff679_HPG404BT_1.jpg\",\"width\":768,\"height\":576},{\"@type\":\"BreadcrumbList\",\"@id\":\"https:\/\/www.calibereurope.com\/fr\/produit\/hpg404bt-fr_fr\/#breadcrumb\",\"itemListElement\":[{\"@type\":\"ListItem\",\"position\":1,\"name\":\"Home\",\"item\":\"https:\/\/www.calibereurope.com\/fr\/\"},{\"@type\":\"ListItem\",\"position\":2,\"name\":\"Boutique en ligne\",\"item\":\"https:\/\/www.calibereurope.com\/fr\/boutique-en-ligne\/\"},{\"@type\":\"ListItem\",\"position\":3,\"name\":\"Son\",\"item\":\"https:\/\/www.calibereurope.com\/fr\/geluid_fr_FR\/\"},{\"@type\":\"ListItem\",\"position\":4,\"name\":\"Haut-parleurs Bluetooth\",\"item\":\"https:\/\/www.calibereurope.com\/fr\/geluid_fr_FR\/bluetooth_speakers_geluid_fr_FR\/\"},{\"@type\":\"ListItem\",\"position\":5,\"name\":\"Haut-parleur sans fil avec sangle de transport &#8211; Bluetooth, USB, SD et AUX &#8211; Batterie pendant 16 heures de temps de jeu (HPG404BT)\"}]},{\"@type\":\"WebSite\",\"@id\":\"https:\/\/www.calibereurope.com\/fr\/#website\",\"url\":\"https:\/\/www.calibereurope.com\/fr\/\",\"name\":\"Caliber\",\"description\":\"Sounds good!\",\"publisher\":{\"@id\":\"https:\/\/www.calibereurope.com\/fr\/#organization\"},\"potentialAction\":[{\"@type\":\"SearchAction\",\"target\":{\"@type\":\"EntryPoint\",\"urlTemplate\":\"https:\/\/www.calibereurope.com\/fr\/?s={search_term_string}\"},\"query-input\":{\"@type\":\"PropertyValueSpecification\",\"valueRequired\":true,\"valueName\":\"search_term_string\"}}],\"inLanguage\":\"fr-FR\"},{\"@type\":\"Organization\",\"@id\":\"https:\/\/www.calibereurope.com\/fr\/#organization\",\"name\":\"Caliber Europe B.V.\",\"url\":\"https:\/\/www.calibereurope.com\/fr\/\",\"logo\":{\"@type\":\"ImageObject\",\"inLanguage\":\"fr-FR\",\"@id\":\"https:\/\/www.calibereurope.com\/fr\/#\/schema\/logo\/image\/\",\"url\":\"https:\/\/www.calibereurope.com\/wp-content\/uploads\/2019\/11\/Logo-Caliber-e1574846289621.png\",\"contentUrl\":\"https:\/\/www.calibereurope.com\/wp-content\/uploads\/2019\/11\/Logo-Caliber-e1574846289621.png\",\"width\":400,\"height\":69,\"caption\":\"Caliber Europe B.V.\"},\"image\":{\"@id\":\"https:\/\/www.calibereurope.com\/fr\/#\/schema\/logo\/image\/\"},\"sameAs\":[\"https:\/\/facebook.com\/CaliberEurope\/\",\"https:\/\/x.com\/calibereurope\",\"https:\/\/www.instagram.com\/calibereurope\/\"]}]}<\/script>\n<meta property=\"product:price:amount\" content=\"19.95\" \/>\n<meta property=\"product:price:currency\" content=\"EUR\" \/>\n<meta property=\"og:availability\" content=\"out of stock\" \/>\n<meta property=\"product:availability\" content=\"out of stock\" \/>\n<meta property=\"product:retailer_item_id\" content=\"HPG404BT\" \/>\n<meta property=\"product:condition\" content=\"new\" \/>\n<!-- \/ Yoast SEO plugin. -->","yoast_head_json":{"title":"Haut-parleur sans fil avec sangle de transport - Bluetooth, USB, SD et AUX - Batterie pendant 16 heures de temps de jeu (HPG404BT) | Caliber","robots":{"index":"index","follow":"follow","max-snippet":"max-snippet:-1","max-image-preview":"max-image-preview:large","max-video-preview":"max-video-preview:-1"},"canonical":"https:\/\/www.calibereurope.com\/fr\/produit\/hpg404bt-fr_fr\/","og_locale":"fr_FR","og_type":"article","og_title":"Haut-parleur sans fil avec sangle de transport - Bluetooth, USB, SD et AUX - Batterie pendant 16 heures de temps de jeu (HPG404BT) | Caliber","og_description":"Transmetteur FM Bluetooth ultra compact ;Technologie de charge rapide int\u00e9gr\u00e9e (QC et PD 3.0)1 port USB-C et 1 port USB-A;Prise voiture 12V\/24VFonction Bass BoostMicro int\u00e9gr\u00e9 pour les appels mains libresAvec bouton de prise d\u2019appel\/de raccrochage pratique","og_url":"https:\/\/www.calibereurope.com\/fr\/produit\/hpg404bt-fr_fr\/","og_site_name":"Caliber","article_publisher":"https:\/\/facebook.com\/CaliberEurope\/","article_modified_time":"2025-01-09T07:57:49+00:00","og_image":[{"width":768,"height":576,"url":"https:\/\/www.calibereurope.com\/wp-content\/uploads\/2023\/01\/99747827bd9c3355172f32fef0cc4aa0379ff679_HPG404BT_1.jpg","type":"image\/jpeg"}],"twitter_card":"summary_large_image","twitter_site":"@calibereurope","twitter_misc":{"Prix":"19,95","Availability":"Out of stock"},"schema":{"@context":"https:\/\/schema.org","@graph":[{"@type":"WebPage","@id":"https:\/\/www.calibereurope.com\/fr\/produit\/hpg404bt-fr_fr\/","url":"https:\/\/www.calibereurope.com\/fr\/produit\/hpg404bt-fr_fr\/","name":"Haut-parleur sans fil avec sangle de transport - Bluetooth, USB, SD et AUX - Batterie pendant 16 heures de temps de jeu (HPG404BT) | Caliber","isPartOf":{"@id":"https:\/\/www.calibereurope.com\/fr\/#website"},"primaryImageOfPage":{"@id":"https:\/\/www.calibereurope.com\/fr\/produit\/hpg404bt-fr_fr\/#primaryimage"},"image":{"@id":"https:\/\/www.calibereurope.com\/fr\/produit\/hpg404bt-fr_fr\/#primaryimage"},"thumbnailUrl":"https:\/\/www.calibereurope.com\/wp-content\/uploads\/2025\/01\/99747827bd9c3355172f32fef0cc4aa0379ff679_HPG404BT_1.jpg","datePublished":"2022-09-27T00:00:00+00:00","dateModified":"2025-01-09T07:57:49+00:00","breadcrumb":{"@id":"https:\/\/www.calibereurope.com\/fr\/produit\/hpg404bt-fr_fr\/#breadcrumb"},"inLanguage":"fr-FR","potentialAction":[{"@type":"ReadAction","target":["https:\/\/www.calibereurope.com\/fr\/produit\/hpg404bt-fr_fr\/"]}]},{"@type":"ImageObject","inLanguage":"fr-FR","@id":"https:\/\/www.calibereurope.com\/fr\/produit\/hpg404bt-fr_fr\/#primaryimage","url":"https:\/\/www.calibereurope.com\/wp-content\/uploads\/2025\/01\/99747827bd9c3355172f32fef0cc4aa0379ff679_HPG404BT_1.jpg","contentUrl":"https:\/\/www.calibereurope.com\/wp-content\/uploads\/2025\/01\/99747827bd9c3355172f32fef0cc4aa0379ff679_HPG404BT_1.jpg","width":768,"height":576},{"@type":"BreadcrumbList","@id":"https:\/\/www.calibereurope.com\/fr\/produit\/hpg404bt-fr_fr\/#breadcrumb","itemListElement":[{"@type":"ListItem","position":1,"name":"Home","item":"https:\/\/www.calibereurope.com\/fr\/"},{"@type":"ListItem","position":2,"name":"Boutique en ligne","item":"https:\/\/www.calibereurope.com\/fr\/boutique-en-ligne\/"},{"@type":"ListItem","position":3,"name":"Son","item":"https:\/\/www.calibereurope.com\/fr\/geluid_fr_FR\/"},{"@type":"ListItem","position":4,"name":"Haut-parleurs Bluetooth","item":"https:\/\/www.calibereurope.com\/fr\/geluid_fr_FR\/bluetooth_speakers_geluid_fr_FR\/"},{"@type":"ListItem","position":5,"name":"Haut-parleur sans fil avec sangle de transport &#8211; Bluetooth, USB, SD et AUX &#8211; Batterie pendant 16 heures de temps de jeu (HPG404BT)"}]},{"@type":"WebSite","@id":"https:\/\/www.calibereurope.com\/fr\/#website","url":"https:\/\/www.calibereurope.com\/fr\/","name":"Caliber","description":"Sounds good!","publisher":{"@id":"https:\/\/www.calibereurope.com\/fr\/#organization"},"potentialAction":[{"@type":"SearchAction","target":{"@type":"EntryPoint","urlTemplate":"https:\/\/www.calibereurope.com\/fr\/?s={search_term_string}"},"query-input":{"@type":"PropertyValueSpecification","valueRequired":true,"valueName":"search_term_string"}}],"inLanguage":"fr-FR"},{"@type":"Organization","@id":"https:\/\/www.calibereurope.com\/fr\/#organization","name":"Caliber Europe B.V.","url":"https:\/\/www.calibereurope.com\/fr\/","logo":{"@type":"ImageObject","inLanguage":"fr-FR","@id":"https:\/\/www.calibereurope.com\/fr\/#\/schema\/logo\/image\/","url":"https:\/\/www.calibereurope.com\/wp-content\/uploads\/2019\/11\/Logo-Caliber-e1574846289621.png","contentUrl":"https:\/\/www.calibereurope.com\/wp-content\/uploads\/2019\/11\/Logo-Caliber-e1574846289621.png","width":400,"height":69,"caption":"Caliber Europe B.V."},"image":{"@id":"https:\/\/www.calibereurope.com\/fr\/#\/schema\/logo\/image\/"},"sameAs":["https:\/\/facebook.com\/CaliberEurope\/","https:\/\/x.com\/calibereurope","https:\/\/www.instagram.com\/calibereurope\/"]}]},"product_price_amount":"19.95","product_price_currency":"EUR","og_availability":"out of stock","product_availability":"out of stock","product_retailer_item_id":"HPG404BT","product_condition":"new"},"_links":{"self":[{"href":"https:\/\/www.calibereurope.com\/fr\/wp-json\/wp\/v2\/product\/81043","targetHints":{"allow":["GET"]}}],"collection":[{"href":"https:\/\/www.calibereurope.com\/fr\/wp-json\/wp\/v2\/product"}],"about":[{"href":"https:\/\/www.calibereurope.com\/fr\/wp-json\/wp\/v2\/types\/product"}],"replies":[{"embeddable":true,"href":"https:\/\/www.calibereurope.com\/fr\/wp-json\/wp\/v2\/comments?post=81043"}],"wp:featuredmedia":[{"embeddable":true,"href":"https:\/\/www.calibereurope.com\/fr\/wp-json\/wp\/v2\/media\/1667703"}],"wp:attachment":[{"href":"https:\/\/www.calibereurope.com\/fr\/wp-json\/wp\/v2\/media?parent=81043"}],"wp:term":[{"taxonomy":"product_brand","embeddable":true,"href":"https:\/\/www.calibereurope.com\/fr\/wp-json\/wp\/v2\/product_brand?post=81043"},{"taxonomy":"product_cat","embeddable":true,"href":"https:\/\/www.calibereurope.com\/fr\/wp-json\/wp\/v2\/product_cat?post=81043"},{"taxonomy":"product_tag","embeddable":true,"href":"https:\/\/www.calibereurope.com\/fr\/wp-json\/wp\/v2\/product_tag?post=81043"}],"curies":[{"name":"wp","href":"https:\/\/api.w.org\/{rel}","templated":true}]}}