{"id":83332,"date":"2026-01-05T01:00:00","date_gmt":"2026-01-05T00:00:00","guid":{"rendered":"0"},"modified":"2026-01-19T16:44:14","modified_gmt":"2026-01-19T15:44:14","slug":"HPG311R-fr_FR","status":"publish","type":"product","link":"https:\/\/www.calibereurope.com\/fr\/produit\/HPG311R-fr_FR\/","title":{"rendered":"Radio Portable \u00e0 Piles &#8211; Mini Radio de Poche &#8211; Radio AM\/FM avec Prise Casque (HPG311R)"},"content":{"rendered":"<p>Qu\u2019est-ce qui ne prend pas de place mais qui vous permet d\u2019avoir toujours de la musique dans votre poche : cette radio portable \u00e0 piles Caliber HPG311R. La mini-radio se pr\u00e9sente sous la forme d&#39;un <strong>format de poche<\/strong>, ce qui lui permet de se glisser dans votre sac, votre poche de veste ou m\u00eame votre poche de pantalon. Comme la radio fonctionne <strong>sur piles<\/strong>, vous pouvez \u00e9couter de la musique o\u00f9 que vous soyez. Que ce soit sur la route, au parc ou \u00e0 la plage : vous pouvez facilement \u00e9couter la <strong>radio, aussi bien AM que FM <\/strong>. La radio portable au <strong>look r\u00e9tro<\/strong> est \u00e9quip\u00e9e d&#39;une <strong>prise casque<\/strong>, ce qui permet \u00e9galement de s&#39;isoler pour l\u2019\u00e9couter seul. <\/p>\n<p><strong>Caract\u00e9ristiques :<\/strong><\/p>\n<ul>\n<li>Format de poche : 9,6 x 5,8 cm <\/li>\n<li>Radio \u00e0 piles <\/li>\n<li>N\u00e9cessite 2 piles AA de 1,5 V <\/li>\n<li>Radio FM et AM <\/li>\n<li>Indicateur d&#39;alimentation LED <\/li>\n<li>Antenne t\u00e9lescopique en m\u00e9tal <\/li>\n<li>Prise casque (3,5 mm) <\/li>\n<\/ul>\n<h3>Radio id\u00e9ale pour les d\u00e9placements <\/h3>\n<p>Il existe des radios compactes et des radios miniatures. Cette radio de poche est si petite qu&#39;elle peut m\u00eame se glisser dans la poche int\u00e9rieure de votre veste. Il est donc toujours facile \u00e0 emporter avec soi. Mettez la lani\u00e8re pratique autour de votre poignet et vous pouvez transporter la radio confortablement partout o\u00f9 vous allez. <\/p>\n<h3>Vous avez toujours de la musique avec vous gr\u00e2ce \u00e0 cette radio portable<\/h3>\n<p>Avec cette radio portable, vous avez toujours de la musique avec vous. Votre train a du retard, vous partez en randonn\u00e9e tout seul ou vous organisez un pique-nique dans un parc ? La radio de poche cr\u00e9e une ambiance chaleureuse ! L&#39;antenne m\u00e9tallique vous permet d&#39;\u00e9couter toute la musique sur les radios AM et FM. Vous n&#39;\u00e9coutez que de la musique ? Il vous suffit alors de connecter vos \u00e9couteurs via l&#39;entr\u00e9e 3,5 mm pour vous immerger totalement dans vos stations de radio pr\u00e9f\u00e9r\u00e9es <\/p>\n<h3>Une radio \u00e0 piles, c\u2019est pratique <\/h3>\n<p>La radio portable fonctionne sur piles. Achetez 2 piles AA de 1,5 V et voil\u00e0 : vous pouvez \u00e9couter la radio o\u00f9 que vous soyez. De cette fa\u00e7on, vous n&#39;avez pas besoin d&#39;une prise de courant \u00e0 proximit\u00e9. Cela permet \u00e9galement de placer facilement la radio r\u00e9tro pour donner une touche amusante \u00e0 votre int\u00e9rieur. Vous pouvez toujours d\u00e9placer la radio \u00e0 piles ou l&#39;emporter avec vous lorsque vous sortez ! <\/p>\n","protected":false},"excerpt":{"rendered":"<ul>\n<li>Format de poche : 9,6 x 5,8 cm<\/li>\n<li>Radio \u00e0 piles<\/li>\n<li>N\u00e9cessite 2 piles AA de 1,5 V<\/li>\n<li>Radio FM et AM<\/li>\n<li>Indicateur d&#8217;alimentation LED<\/li>\n<li>Antenne t\u00e9lescopique en m\u00e9tal<\/li>\n<li>Prise casque (3,5 mm)<\/li>\n<\/ul>\n","protected":false},"featured_media":1685930,"comment_status":"open","ping_status":"closed","template":"","meta":{"inline_featured_image":false},"product_brand":[],"product_cat":[7881,7860],"product_tag":[],"class_list":{"0":"post-83332","1":"product","2":"type-product","3":"status-publish","4":"has-post-thumbnail","6":"product_cat-radios_geluid_fr_FR","7":"product_cat-geluid_fr_FR","9":"first","10":"instock","11":"taxable","12":"shipping-taxable","13":"purchasable","14":"product-type-simple"},"yoast_head":"<!-- This site is optimized with the Yoast SEO plugin v24.4 - https:\/\/yoast.com\/wordpress\/plugins\/seo\/ -->\n<title>Radio Portable \u00e0 Piles - Mini Radio de Poche - Radio AM\/FM avec Prise Casque (HPG311R) | Caliber<\/title>\n<meta name=\"robots\" content=\"index, follow, max-snippet:-1, max-image-preview:large, max-video-preview:-1\" \/>\n<link rel=\"canonical\" href=\"https:\/\/www.calibereurope.com\/fr\/produit\/HPG311R-fr_FR\/\" \/>\n<meta property=\"og:locale\" content=\"fr_FR\" \/>\n<meta property=\"og:type\" content=\"article\" \/>\n<meta property=\"og:title\" content=\"Radio Portable \u00e0 Piles - Mini Radio de Poche - Radio AM\/FM avec Prise Casque (HPG311R) | Caliber\" \/>\n<meta property=\"og:description\" content=\"Format de poche : 9,6 x 5,8 cmRadio \u00e0 pilesN\u00e9cessite 2 piles AA de 1,5 VRadio FM et AMIndicateur d&#039;alimentation LEDAntenne t\u00e9lescopique en m\u00e9talPrise casque (3,5 mm)\" \/>\n<meta property=\"og:url\" content=\"https:\/\/www.calibereurope.com\/fr\/produit\/HPG311R-fr_FR\/\" \/>\n<meta property=\"og:site_name\" content=\"Caliber\" \/>\n<meta property=\"article:publisher\" content=\"https:\/\/facebook.com\/CaliberEurope\/\" \/>\n<meta property=\"article:modified_time\" content=\"2026-01-19T15:44:14+00:00\" \/>\n<meta property=\"og:image\" content=\"https:\/\/www.calibereurope.com\/wp-content\/uploads\/2025\/03\/4607ec0f58885703cc4d9abb86f6f0bb7db92abf_HPG311R.jpg\" \/>\n\t<meta property=\"og:image:width\" content=\"2000\" \/>\n\t<meta property=\"og:image:height\" content=\"2000\" \/>\n\t<meta property=\"og:image:type\" content=\"image\/jpeg\" \/>\n<meta name=\"twitter:card\" content=\"summary_large_image\" \/>\n<meta name=\"twitter:site\" content=\"@calibereurope\" \/>\n<meta name=\"twitter:label1\" content=\"Prix\" \/>\n\t<meta name=\"twitter:data1\" content=\"17,95\" \/>\n\t<meta name=\"twitter:label2\" content=\"Availability\" \/>\n\t<meta name=\"twitter:data2\" content=\"In stock\" \/>\n<script type=\"application\/ld+json\" class=\"yoast-schema-graph\">{\"@context\":\"https:\/\/schema.org\",\"@graph\":[{\"@type\":\"WebPage\",\"@id\":\"https:\/\/www.calibereurope.com\/fr\/produit\/HPG311R-fr_FR\/\",\"url\":\"https:\/\/www.calibereurope.com\/fr\/produit\/HPG311R-fr_FR\/\",\"name\":\"Radio Portable \u00e0 Piles - Mini Radio de Poche - Radio AM\/FM avec Prise Casque (HPG311R) | Caliber\",\"isPartOf\":{\"@id\":\"https:\/\/www.calibereurope.com\/fr\/#website\"},\"primaryImageOfPage\":{\"@id\":\"https:\/\/www.calibereurope.com\/fr\/produit\/HPG311R-fr_FR\/#primaryimage\"},\"image\":{\"@id\":\"https:\/\/www.calibereurope.com\/fr\/produit\/HPG311R-fr_FR\/#primaryimage\"},\"thumbnailUrl\":\"https:\/\/www.calibereurope.com\/wp-content\/uploads\/2026\/01\/18e61a3d18d0490b9efb96fd345aabe7b84d8062_HPG311R_light_on.jpg\",\"datePublished\":\"2026-01-05T00:00:00+00:00\",\"dateModified\":\"2026-01-19T15:44:14+00:00\",\"breadcrumb\":{\"@id\":\"https:\/\/www.calibereurope.com\/fr\/produit\/HPG311R-fr_FR\/#breadcrumb\"},\"inLanguage\":\"fr-FR\",\"potentialAction\":[{\"@type\":\"ReadAction\",\"target\":[\"https:\/\/www.calibereurope.com\/fr\/produit\/HPG311R-fr_FR\/\"]}]},{\"@type\":\"ImageObject\",\"inLanguage\":\"fr-FR\",\"@id\":\"https:\/\/www.calibereurope.com\/fr\/produit\/HPG311R-fr_FR\/#primaryimage\",\"url\":\"https:\/\/www.calibereurope.com\/wp-content\/uploads\/2026\/01\/18e61a3d18d0490b9efb96fd345aabe7b84d8062_HPG311R_light_on.jpg\",\"contentUrl\":\"https:\/\/www.calibereurope.com\/wp-content\/uploads\/2026\/01\/18e61a3d18d0490b9efb96fd345aabe7b84d8062_HPG311R_light_on.jpg\",\"width\":2500,\"height\":2500},{\"@type\":\"BreadcrumbList\",\"@id\":\"https:\/\/www.calibereurope.com\/fr\/produit\/HPG311R-fr_FR\/#breadcrumb\",\"itemListElement\":[{\"@type\":\"ListItem\",\"position\":1,\"name\":\"Home\",\"item\":\"https:\/\/www.calibereurope.com\/fr\/\"},{\"@type\":\"ListItem\",\"position\":2,\"name\":\"Boutique en ligne\",\"item\":\"https:\/\/www.calibereurope.com\/fr\/boutique-en-ligne\/\"},{\"@type\":\"ListItem\",\"position\":3,\"name\":\"Son\",\"item\":\"https:\/\/www.calibereurope.com\/fr\/geluid_fr_FR\/\"},{\"@type\":\"ListItem\",\"position\":4,\"name\":\"Radios\",\"item\":\"https:\/\/www.calibereurope.com\/fr\/geluid_fr_FR\/radios_geluid_fr_FR\/\"},{\"@type\":\"ListItem\",\"position\":5,\"name\":\"Radio Portable \u00e0 Piles &#8211; Mini Radio de Poche &#8211; Radio AM\/FM avec Prise Casque (HPG311R)\"}]},{\"@type\":\"WebSite\",\"@id\":\"https:\/\/www.calibereurope.com\/fr\/#website\",\"url\":\"https:\/\/www.calibereurope.com\/fr\/\",\"name\":\"Caliber\",\"description\":\"Sounds good!\",\"publisher\":{\"@id\":\"https:\/\/www.calibereurope.com\/fr\/#organization\"},\"potentialAction\":[{\"@type\":\"SearchAction\",\"target\":{\"@type\":\"EntryPoint\",\"urlTemplate\":\"https:\/\/www.calibereurope.com\/fr\/?s={search_term_string}\"},\"query-input\":{\"@type\":\"PropertyValueSpecification\",\"valueRequired\":true,\"valueName\":\"search_term_string\"}}],\"inLanguage\":\"fr-FR\"},{\"@type\":\"Organization\",\"@id\":\"https:\/\/www.calibereurope.com\/fr\/#organization\",\"name\":\"Caliber Europe B.V.\",\"url\":\"https:\/\/www.calibereurope.com\/fr\/\",\"logo\":{\"@type\":\"ImageObject\",\"inLanguage\":\"fr-FR\",\"@id\":\"https:\/\/www.calibereurope.com\/fr\/#\/schema\/logo\/image\/\",\"url\":\"https:\/\/www.calibereurope.com\/wp-content\/uploads\/2019\/11\/Logo-Caliber-e1574846289621.png\",\"contentUrl\":\"https:\/\/www.calibereurope.com\/wp-content\/uploads\/2019\/11\/Logo-Caliber-e1574846289621.png\",\"width\":400,\"height\":69,\"caption\":\"Caliber Europe B.V.\"},\"image\":{\"@id\":\"https:\/\/www.calibereurope.com\/fr\/#\/schema\/logo\/image\/\"},\"sameAs\":[\"https:\/\/facebook.com\/CaliberEurope\/\",\"https:\/\/x.com\/calibereurope\",\"https:\/\/www.instagram.com\/calibereurope\/\"]}]}<\/script>\n<meta property=\"product:price:amount\" content=\"17.95\" \/>\n<meta property=\"product:price:currency\" content=\"EUR\" \/>\n<meta property=\"og:availability\" content=\"instock\" \/>\n<meta property=\"product:availability\" content=\"instock\" \/>\n<meta property=\"product:retailer_item_id\" content=\"HPG311R\" \/>\n<meta property=\"product:condition\" content=\"new\" \/>\n<!-- \/ Yoast SEO plugin. -->","yoast_head_json":{"title":"Radio Portable \u00e0 Piles - Mini Radio de Poche - Radio AM\/FM avec Prise Casque (HPG311R) | Caliber","robots":{"index":"index","follow":"follow","max-snippet":"max-snippet:-1","max-image-preview":"max-image-preview:large","max-video-preview":"max-video-preview:-1"},"canonical":"https:\/\/www.calibereurope.com\/fr\/produit\/HPG311R-fr_FR\/","og_locale":"fr_FR","og_type":"article","og_title":"Radio Portable \u00e0 Piles - Mini Radio de Poche - Radio AM\/FM avec Prise Casque (HPG311R) | Caliber","og_description":"Format de poche : 9,6 x 5,8 cmRadio \u00e0 pilesN\u00e9cessite 2 piles AA de 1,5 VRadio FM et AMIndicateur d'alimentation LEDAntenne t\u00e9lescopique en m\u00e9talPrise casque (3,5 mm)","og_url":"https:\/\/www.calibereurope.com\/fr\/produit\/HPG311R-fr_FR\/","og_site_name":"Caliber","article_publisher":"https:\/\/facebook.com\/CaliberEurope\/","article_modified_time":"2026-01-19T15:44:14+00:00","og_image":[{"width":2000,"height":2000,"url":"https:\/\/www.calibereurope.com\/wp-content\/uploads\/2025\/03\/4607ec0f58885703cc4d9abb86f6f0bb7db92abf_HPG311R.jpg","type":"image\/jpeg"}],"twitter_card":"summary_large_image","twitter_site":"@calibereurope","twitter_misc":{"Prix":"17,95","Availability":"In stock"},"schema":{"@context":"https:\/\/schema.org","@graph":[{"@type":"WebPage","@id":"https:\/\/www.calibereurope.com\/fr\/produit\/HPG311R-fr_FR\/","url":"https:\/\/www.calibereurope.com\/fr\/produit\/HPG311R-fr_FR\/","name":"Radio Portable \u00e0 Piles - Mini Radio de Poche - Radio AM\/FM avec Prise Casque (HPG311R) | Caliber","isPartOf":{"@id":"https:\/\/www.calibereurope.com\/fr\/#website"},"primaryImageOfPage":{"@id":"https:\/\/www.calibereurope.com\/fr\/produit\/HPG311R-fr_FR\/#primaryimage"},"image":{"@id":"https:\/\/www.calibereurope.com\/fr\/produit\/HPG311R-fr_FR\/#primaryimage"},"thumbnailUrl":"https:\/\/www.calibereurope.com\/wp-content\/uploads\/2026\/01\/18e61a3d18d0490b9efb96fd345aabe7b84d8062_HPG311R_light_on.jpg","datePublished":"2026-01-05T00:00:00+00:00","dateModified":"2026-01-19T15:44:14+00:00","breadcrumb":{"@id":"https:\/\/www.calibereurope.com\/fr\/produit\/HPG311R-fr_FR\/#breadcrumb"},"inLanguage":"fr-FR","potentialAction":[{"@type":"ReadAction","target":["https:\/\/www.calibereurope.com\/fr\/produit\/HPG311R-fr_FR\/"]}]},{"@type":"ImageObject","inLanguage":"fr-FR","@id":"https:\/\/www.calibereurope.com\/fr\/produit\/HPG311R-fr_FR\/#primaryimage","url":"https:\/\/www.calibereurope.com\/wp-content\/uploads\/2026\/01\/18e61a3d18d0490b9efb96fd345aabe7b84d8062_HPG311R_light_on.jpg","contentUrl":"https:\/\/www.calibereurope.com\/wp-content\/uploads\/2026\/01\/18e61a3d18d0490b9efb96fd345aabe7b84d8062_HPG311R_light_on.jpg","width":2500,"height":2500},{"@type":"BreadcrumbList","@id":"https:\/\/www.calibereurope.com\/fr\/produit\/HPG311R-fr_FR\/#breadcrumb","itemListElement":[{"@type":"ListItem","position":1,"name":"Home","item":"https:\/\/www.calibereurope.com\/fr\/"},{"@type":"ListItem","position":2,"name":"Boutique en ligne","item":"https:\/\/www.calibereurope.com\/fr\/boutique-en-ligne\/"},{"@type":"ListItem","position":3,"name":"Son","item":"https:\/\/www.calibereurope.com\/fr\/geluid_fr_FR\/"},{"@type":"ListItem","position":4,"name":"Radios","item":"https:\/\/www.calibereurope.com\/fr\/geluid_fr_FR\/radios_geluid_fr_FR\/"},{"@type":"ListItem","position":5,"name":"Radio Portable \u00e0 Piles &#8211; Mini Radio de Poche &#8211; Radio AM\/FM avec Prise Casque (HPG311R)"}]},{"@type":"WebSite","@id":"https:\/\/www.calibereurope.com\/fr\/#website","url":"https:\/\/www.calibereurope.com\/fr\/","name":"Caliber","description":"Sounds good!","publisher":{"@id":"https:\/\/www.calibereurope.com\/fr\/#organization"},"potentialAction":[{"@type":"SearchAction","target":{"@type":"EntryPoint","urlTemplate":"https:\/\/www.calibereurope.com\/fr\/?s={search_term_string}"},"query-input":{"@type":"PropertyValueSpecification","valueRequired":true,"valueName":"search_term_string"}}],"inLanguage":"fr-FR"},{"@type":"Organization","@id":"https:\/\/www.calibereurope.com\/fr\/#organization","name":"Caliber Europe B.V.","url":"https:\/\/www.calibereurope.com\/fr\/","logo":{"@type":"ImageObject","inLanguage":"fr-FR","@id":"https:\/\/www.calibereurope.com\/fr\/#\/schema\/logo\/image\/","url":"https:\/\/www.calibereurope.com\/wp-content\/uploads\/2019\/11\/Logo-Caliber-e1574846289621.png","contentUrl":"https:\/\/www.calibereurope.com\/wp-content\/uploads\/2019\/11\/Logo-Caliber-e1574846289621.png","width":400,"height":69,"caption":"Caliber Europe B.V."},"image":{"@id":"https:\/\/www.calibereurope.com\/fr\/#\/schema\/logo\/image\/"},"sameAs":["https:\/\/facebook.com\/CaliberEurope\/","https:\/\/x.com\/calibereurope","https:\/\/www.instagram.com\/calibereurope\/"]}]},"product_price_amount":"17.95","product_price_currency":"EUR","og_availability":"instock","product_availability":"instock","product_retailer_item_id":"HPG311R","product_condition":"new"},"_links":{"self":[{"href":"https:\/\/www.calibereurope.com\/fr\/wp-json\/wp\/v2\/product\/83332","targetHints":{"allow":["GET"]}}],"collection":[{"href":"https:\/\/www.calibereurope.com\/fr\/wp-json\/wp\/v2\/product"}],"about":[{"href":"https:\/\/www.calibereurope.com\/fr\/wp-json\/wp\/v2\/types\/product"}],"replies":[{"embeddable":true,"href":"https:\/\/www.calibereurope.com\/fr\/wp-json\/wp\/v2\/comments?post=83332"}],"wp:featuredmedia":[{"embeddable":true,"href":"https:\/\/www.calibereurope.com\/fr\/wp-json\/wp\/v2\/media\/1685930"}],"wp:attachment":[{"href":"https:\/\/www.calibereurope.com\/fr\/wp-json\/wp\/v2\/media?parent=83332"}],"wp:term":[{"taxonomy":"product_brand","embeddable":true,"href":"https:\/\/www.calibereurope.com\/fr\/wp-json\/wp\/v2\/product_brand?post=83332"},{"taxonomy":"product_cat","embeddable":true,"href":"https:\/\/www.calibereurope.com\/fr\/wp-json\/wp\/v2\/product_cat?post=83332"},{"taxonomy":"product_tag","embeddable":true,"href":"https:\/\/www.calibereurope.com\/fr\/wp-json\/wp\/v2\/product_tag?post=83332"}],"curies":[{"name":"wp","href":"https:\/\/api.w.org\/{rel}","templated":true}]}}