{"id":88927,"date":"2025-10-27T01:00:00","date_gmt":"2022-11-17T00:00:00","guid":{"rendered":""},"modified":"2025-10-27T12:40:33","modified_gmt":"2025-10-27T11:40:33","slug":"HCG010-fr_FR","status":"publish","type":"product","link":"https:\/\/www.calibereurope.com\/fr\/produit\/HCG010-fr_FR\/","title":{"rendered":"R\u00e9veil num\u00e9rique avec double alarme &#8211; double r\u00e9veil &#8211; grand \u00e9cran rouge &#8211; luminosit\u00e9 dimmable (HCG010)"},"content":{"rendered":"<p> Ce r\u00e9veil num\u00e9rique de Caliber avec double alarme est un bon choix pour les dormeurs lourds. Avec <strong> 2 temps d&#39;alarme <\/strong> et un <strong> buzzer avec un volume d\u00e9cent <\/strong>, il est difficile de dormir. Bien s\u00fbr, vous pouvez reporter la v\u00e9ritable erreur avec la fonction <strong> snooze <\/strong>. Gr\u00e2ce \u00e0 la luminosit\u00e9 <strong> dimmable <\/strong> et aux <strong> nombres rouges <\/strong> <strong> sur l&#39;affichage <\/strong> vous ne vous r\u00e9veillez que lorsque c&#39;est l&#39;intention. De plus, ce r\u00e9veil num\u00e9rique <strong> fonctionne sur le courant net et les batteries <\/strong>. De cette fa\u00e7on, vous pouvez cr\u00e9er un <strong> sauvegarde <\/strong> afin que vos alarmes se d\u00e9clenchent toujours lorsque l&#39;alimentation \u00e9choue. <\/p>\n<p> <strong> Propri\u00e9t\u00e9s: <\/strong> <\/p>\n<ul>\n<li> grand affichage rouge\n<li> luminosit\u00e9 dimmable\n<li> 2 Times d&#39;alarme <Looze Snooze Fonction \n\n<li> Fonctionne sur la puissance du secteur et 2 batteries AAA\n<li> Les batteries sont de sauvegarde (non incluses)\n<li> Clear Buzzer comme alarme <\/li>\n<\/ul>\n<p> <strong> Remarque: <\/strong> Non Fonction radio <\/p>\n<h3> efficace et fonctionnel <\/h3>\n<p> Le r\u00e9veil num\u00e9rique du Caliber est garanti pour obtenir votre sommeil profond. Le Sound Buzzer a un volume d\u00e9cent, vous vous r\u00e9veillez donc certainement. De plus, vous pouvez d\u00e9finir pas moins de deux temps d&#39;alarme en m\u00eame temps. Vous ne vous r\u00e9veillez pas le matin? Ensuite, vous pouvez d\u00e9finir deux alarmes avec ce r\u00e9veil peu de temps apr\u00e8s. La double alarme est \u00e9galement id\u00e9ale pour utiliser le r\u00e9veil avec votre partenaire lorsque vous vous levez \u00e0 diff\u00e9rents moments. Utilisez la fonction de r\u00e9p\u00e9tition pour \u00e9tirer le temps sans dormir imm\u00e9diatement. <\/p>\n<h3> En sommeil rapide <\/h3>\n<p> Les recherches du n\u00e9erlandais du cerveau montrent que la lumi\u00e8re rouge aide \u00e0 s&#39;endormir. Le grand affichage rouge de ce r\u00e9veil de Caliber est donc id\u00e9al. Les chiffres rouges donnent une lumi\u00e8re subtile et rendent le temps clairement visible dans toute la pi\u00e8ce. L&#39;\u00e9cran d&#39;alarme num\u00e9rique est \u00e9galement dimmable. De cette fa\u00e7on, vous pouvez choisir parmi deux luminosit\u00e9 diff\u00e9rentes. Un \u00e9cran trop brillant que vous vous r\u00e9veillez le soir est donc une chose du pass\u00e9! <\/p>\n<h3> avec et sans socket <\/h3>\n<p> Ce r\u00e9veil de Caliber fonctionne sur la puissance du secteur et sur deux batteries AAA (qui ne sont pas incluses). Il est intelligent de mettre ces batteries dans l&#39;alarme en standard. C&#39;est ainsi que vous cr\u00e9ez une sauvegarde au cas o\u00f9 la puissance \u00e9choue inattendue. Avec les batteries, vous pouvez toujours continuer \u00e0 faire confiance que vos alarmes r\u00e9gl\u00e9es se d\u00e9clenchent et que vous ne dormirez pas. <\/p>\n","protected":false},"excerpt":{"rendered":"<p>Ce r\u00e9veil num\u00e9rique de Caliber avec double alarme est un bon choix pour les dormeurs lourds. Avec 2 temps d&#39;alarme et un buzzer avec un volume d\u00e9cent , il est difficile de dormir. Bien s\u00fbr, vous pouvez reporter la v\u00e9ritable erreur avec la fonction snooze . Gr\u00e2ce \u00e0 la luminosit\u00e9 dimmable et aux nombres rouges [&hellip;]<\/p>\n","protected":false},"featured_media":1681223,"comment_status":"open","ping_status":"closed","template":"","meta":{"inline_featured_image":false},"product_brand":[],"product_cat":[7902,7884],"product_tag":[],"class_list":{"0":"post-88927","1":"product","2":"type-product","3":"status-publish","4":"has-post-thumbnail","6":"product_cat-wekker_radios_fr_FR","7":"product_cat-wonen_fr_FR","9":"first","10":"instock","11":"taxable","12":"shipping-taxable","13":"purchasable","14":"product-type-simple"},"yoast_head":"<!-- This site is optimized with the Yoast SEO plugin v24.4 - https:\/\/yoast.com\/wordpress\/plugins\/seo\/ -->\n<title>R\u00e9veil num\u00e9rique avec double alarme - double r\u00e9veil - grand \u00e9cran rouge - luminosit\u00e9 dimmable (HCG010) | Caliber<\/title>\n<meta name=\"robots\" content=\"index, follow, max-snippet:-1, max-image-preview:large, max-video-preview:-1\" \/>\n<link rel=\"canonical\" href=\"https:\/\/www.calibereurope.com\/fr\/produit\/HCG010-fr_FR\/\" \/>\n<meta property=\"og:locale\" content=\"fr_FR\" \/>\n<meta property=\"og:type\" content=\"article\" \/>\n<meta property=\"og:title\" content=\"R\u00e9veil num\u00e9rique avec double alarme - double r\u00e9veil - grand \u00e9cran rouge - luminosit\u00e9 dimmable (HCG010) | Caliber\" \/>\n<meta property=\"og:description\" content=\"Ce r\u00e9veil num\u00e9rique de Caliber avec double alarme est un bon choix pour les dormeurs lourds. Avec 2 temps d&#039;alarme et un buzzer avec un volume d\u00e9cent , il est difficile de dormir. Bien s\u00fbr, vous pouvez reporter la v\u00e9ritable erreur avec la fonction snooze . Gr\u00e2ce \u00e0 la luminosit\u00e9 dimmable et aux nombres rouges [&hellip;]\" \/>\n<meta property=\"og:url\" content=\"https:\/\/www.calibereurope.com\/fr\/produit\/HCG010-fr_FR\/\" \/>\n<meta property=\"og:site_name\" content=\"Caliber\" \/>\n<meta property=\"article:publisher\" content=\"https:\/\/facebook.com\/CaliberEurope\/\" \/>\n<meta property=\"article:modified_time\" content=\"2025-10-27T11:40:33+00:00\" \/>\n<meta property=\"og:image\" content=\"https:\/\/www.calibereurope.com\/wp-content\/uploads\/2022\/11\/3445ddaef84177a31f405abcf985ce525bf2ff98_HCG010_Front_web.jpg\" \/>\n\t<meta property=\"og:image:width\" content=\"1024\" \/>\n\t<meta property=\"og:image:height\" content=\"768\" \/>\n\t<meta property=\"og:image:type\" content=\"image\/jpeg\" \/>\n<meta name=\"twitter:card\" content=\"summary_large_image\" \/>\n<meta name=\"twitter:site\" content=\"@calibereurope\" \/>\n<meta name=\"twitter:label1\" content=\"Prix\" \/>\n\t<meta name=\"twitter:data1\" content=\"22,50\" \/>\n\t<meta name=\"twitter:label2\" content=\"Availability\" \/>\n\t<meta name=\"twitter:data2\" content=\"In stock\" \/>\n<script type=\"application\/ld+json\" class=\"yoast-schema-graph\">{\"@context\":\"https:\/\/schema.org\",\"@graph\":[{\"@type\":\"WebPage\",\"@id\":\"https:\/\/www.calibereurope.com\/fr\/produit\/HCG010-fr_FR\/\",\"url\":\"https:\/\/www.calibereurope.com\/fr\/produit\/HCG010-fr_FR\/\",\"name\":\"R\u00e9veil num\u00e9rique avec double alarme - double r\u00e9veil - grand \u00e9cran rouge - luminosit\u00e9 dimmable (HCG010) | Caliber\",\"isPartOf\":{\"@id\":\"https:\/\/www.calibereurope.com\/fr\/#website\"},\"primaryImageOfPage\":{\"@id\":\"https:\/\/www.calibereurope.com\/fr\/produit\/HCG010-fr_FR\/#primaryimage\"},\"image\":{\"@id\":\"https:\/\/www.calibereurope.com\/fr\/produit\/HCG010-fr_FR\/#primaryimage\"},\"thumbnailUrl\":\"https:\/\/www.calibereurope.com\/wp-content\/uploads\/2025\/10\/3445ddaef84177a31f405abcf985ce525bf2ff98_HCG010_Front_web.jpg\",\"datePublished\":\"2022-11-17T00:00:00+00:00\",\"dateModified\":\"2025-10-27T11:40:33+00:00\",\"breadcrumb\":{\"@id\":\"https:\/\/www.calibereurope.com\/fr\/produit\/HCG010-fr_FR\/#breadcrumb\"},\"inLanguage\":\"fr-FR\",\"potentialAction\":[{\"@type\":\"ReadAction\",\"target\":[\"https:\/\/www.calibereurope.com\/fr\/produit\/HCG010-fr_FR\/\"]}]},{\"@type\":\"ImageObject\",\"inLanguage\":\"fr-FR\",\"@id\":\"https:\/\/www.calibereurope.com\/fr\/produit\/HCG010-fr_FR\/#primaryimage\",\"url\":\"https:\/\/www.calibereurope.com\/wp-content\/uploads\/2025\/10\/3445ddaef84177a31f405abcf985ce525bf2ff98_HCG010_Front_web.jpg\",\"contentUrl\":\"https:\/\/www.calibereurope.com\/wp-content\/uploads\/2025\/10\/3445ddaef84177a31f405abcf985ce525bf2ff98_HCG010_Front_web.jpg\",\"width\":1024,\"height\":768},{\"@type\":\"BreadcrumbList\",\"@id\":\"https:\/\/www.calibereurope.com\/fr\/produit\/HCG010-fr_FR\/#breadcrumb\",\"itemListElement\":[{\"@type\":\"ListItem\",\"position\":1,\"name\":\"Home\",\"item\":\"https:\/\/www.calibereurope.com\/fr\/\"},{\"@type\":\"ListItem\",\"position\":2,\"name\":\"Boutique en ligne\",\"item\":\"https:\/\/www.calibereurope.com\/fr\/boutique-en-ligne\/\"},{\"@type\":\"ListItem\",\"position\":3,\"name\":\"Vivre\",\"item\":\"https:\/\/www.calibereurope.com\/fr\/wonen_fr_FR\/\"},{\"@type\":\"ListItem\",\"position\":4,\"name\":\"R\u00e9veil (radios)\",\"item\":\"https:\/\/www.calibereurope.com\/fr\/wonen_fr_FR\/wekker_radios_fr_FR\/\"},{\"@type\":\"ListItem\",\"position\":5,\"name\":\"R\u00e9veil num\u00e9rique avec double alarme &#8211; double r\u00e9veil &#8211; grand \u00e9cran rouge &#8211; luminosit\u00e9 dimmable (HCG010)\"}]},{\"@type\":\"WebSite\",\"@id\":\"https:\/\/www.calibereurope.com\/fr\/#website\",\"url\":\"https:\/\/www.calibereurope.com\/fr\/\",\"name\":\"Caliber\",\"description\":\"Sounds good!\",\"publisher\":{\"@id\":\"https:\/\/www.calibereurope.com\/fr\/#organization\"},\"potentialAction\":[{\"@type\":\"SearchAction\",\"target\":{\"@type\":\"EntryPoint\",\"urlTemplate\":\"https:\/\/www.calibereurope.com\/fr\/?s={search_term_string}\"},\"query-input\":{\"@type\":\"PropertyValueSpecification\",\"valueRequired\":true,\"valueName\":\"search_term_string\"}}],\"inLanguage\":\"fr-FR\"},{\"@type\":\"Organization\",\"@id\":\"https:\/\/www.calibereurope.com\/fr\/#organization\",\"name\":\"Caliber Europe B.V.\",\"url\":\"https:\/\/www.calibereurope.com\/fr\/\",\"logo\":{\"@type\":\"ImageObject\",\"inLanguage\":\"fr-FR\",\"@id\":\"https:\/\/www.calibereurope.com\/fr\/#\/schema\/logo\/image\/\",\"url\":\"https:\/\/www.calibereurope.com\/wp-content\/uploads\/2019\/11\/Logo-Caliber-e1574846289621.png\",\"contentUrl\":\"https:\/\/www.calibereurope.com\/wp-content\/uploads\/2019\/11\/Logo-Caliber-e1574846289621.png\",\"width\":400,\"height\":69,\"caption\":\"Caliber Europe B.V.\"},\"image\":{\"@id\":\"https:\/\/www.calibereurope.com\/fr\/#\/schema\/logo\/image\/\"},\"sameAs\":[\"https:\/\/facebook.com\/CaliberEurope\/\",\"https:\/\/x.com\/calibereurope\",\"https:\/\/www.instagram.com\/calibereurope\/\"]}]}<\/script>\n<meta property=\"product:price:amount\" content=\"22.50\" \/>\n<meta property=\"product:price:currency\" content=\"EUR\" \/>\n<meta property=\"og:availability\" content=\"instock\" \/>\n<meta property=\"product:availability\" content=\"instock\" \/>\n<meta property=\"product:retailer_item_id\" content=\"HCG010\" \/>\n<meta property=\"product:condition\" content=\"new\" \/>\n<!-- \/ Yoast SEO plugin. -->","yoast_head_json":{"title":"R\u00e9veil num\u00e9rique avec double alarme - double r\u00e9veil - grand \u00e9cran rouge - luminosit\u00e9 dimmable (HCG010) | Caliber","robots":{"index":"index","follow":"follow","max-snippet":"max-snippet:-1","max-image-preview":"max-image-preview:large","max-video-preview":"max-video-preview:-1"},"canonical":"https:\/\/www.calibereurope.com\/fr\/produit\/HCG010-fr_FR\/","og_locale":"fr_FR","og_type":"article","og_title":"R\u00e9veil num\u00e9rique avec double alarme - double r\u00e9veil - grand \u00e9cran rouge - luminosit\u00e9 dimmable (HCG010) | Caliber","og_description":"Ce r\u00e9veil num\u00e9rique de Caliber avec double alarme est un bon choix pour les dormeurs lourds. Avec 2 temps d&#39;alarme et un buzzer avec un volume d\u00e9cent , il est difficile de dormir. Bien s\u00fbr, vous pouvez reporter la v\u00e9ritable erreur avec la fonction snooze . Gr\u00e2ce \u00e0 la luminosit\u00e9 dimmable et aux nombres rouges [&hellip;]","og_url":"https:\/\/www.calibereurope.com\/fr\/produit\/HCG010-fr_FR\/","og_site_name":"Caliber","article_publisher":"https:\/\/facebook.com\/CaliberEurope\/","article_modified_time":"2025-10-27T11:40:33+00:00","og_image":[{"width":1024,"height":768,"url":"https:\/\/www.calibereurope.com\/wp-content\/uploads\/2022\/11\/3445ddaef84177a31f405abcf985ce525bf2ff98_HCG010_Front_web.jpg","type":"image\/jpeg"}],"twitter_card":"summary_large_image","twitter_site":"@calibereurope","twitter_misc":{"Prix":"22,50","Availability":"In stock"},"schema":{"@context":"https:\/\/schema.org","@graph":[{"@type":"WebPage","@id":"https:\/\/www.calibereurope.com\/fr\/produit\/HCG010-fr_FR\/","url":"https:\/\/www.calibereurope.com\/fr\/produit\/HCG010-fr_FR\/","name":"R\u00e9veil num\u00e9rique avec double alarme - double r\u00e9veil - grand \u00e9cran rouge - luminosit\u00e9 dimmable (HCG010) | Caliber","isPartOf":{"@id":"https:\/\/www.calibereurope.com\/fr\/#website"},"primaryImageOfPage":{"@id":"https:\/\/www.calibereurope.com\/fr\/produit\/HCG010-fr_FR\/#primaryimage"},"image":{"@id":"https:\/\/www.calibereurope.com\/fr\/produit\/HCG010-fr_FR\/#primaryimage"},"thumbnailUrl":"https:\/\/www.calibereurope.com\/wp-content\/uploads\/2025\/10\/3445ddaef84177a31f405abcf985ce525bf2ff98_HCG010_Front_web.jpg","datePublished":"2022-11-17T00:00:00+00:00","dateModified":"2025-10-27T11:40:33+00:00","breadcrumb":{"@id":"https:\/\/www.calibereurope.com\/fr\/produit\/HCG010-fr_FR\/#breadcrumb"},"inLanguage":"fr-FR","potentialAction":[{"@type":"ReadAction","target":["https:\/\/www.calibereurope.com\/fr\/produit\/HCG010-fr_FR\/"]}]},{"@type":"ImageObject","inLanguage":"fr-FR","@id":"https:\/\/www.calibereurope.com\/fr\/produit\/HCG010-fr_FR\/#primaryimage","url":"https:\/\/www.calibereurope.com\/wp-content\/uploads\/2025\/10\/3445ddaef84177a31f405abcf985ce525bf2ff98_HCG010_Front_web.jpg","contentUrl":"https:\/\/www.calibereurope.com\/wp-content\/uploads\/2025\/10\/3445ddaef84177a31f405abcf985ce525bf2ff98_HCG010_Front_web.jpg","width":1024,"height":768},{"@type":"BreadcrumbList","@id":"https:\/\/www.calibereurope.com\/fr\/produit\/HCG010-fr_FR\/#breadcrumb","itemListElement":[{"@type":"ListItem","position":1,"name":"Home","item":"https:\/\/www.calibereurope.com\/fr\/"},{"@type":"ListItem","position":2,"name":"Boutique en ligne","item":"https:\/\/www.calibereurope.com\/fr\/boutique-en-ligne\/"},{"@type":"ListItem","position":3,"name":"Vivre","item":"https:\/\/www.calibereurope.com\/fr\/wonen_fr_FR\/"},{"@type":"ListItem","position":4,"name":"R\u00e9veil (radios)","item":"https:\/\/www.calibereurope.com\/fr\/wonen_fr_FR\/wekker_radios_fr_FR\/"},{"@type":"ListItem","position":5,"name":"R\u00e9veil num\u00e9rique avec double alarme &#8211; double r\u00e9veil &#8211; grand \u00e9cran rouge &#8211; luminosit\u00e9 dimmable (HCG010)"}]},{"@type":"WebSite","@id":"https:\/\/www.calibereurope.com\/fr\/#website","url":"https:\/\/www.calibereurope.com\/fr\/","name":"Caliber","description":"Sounds good!","publisher":{"@id":"https:\/\/www.calibereurope.com\/fr\/#organization"},"potentialAction":[{"@type":"SearchAction","target":{"@type":"EntryPoint","urlTemplate":"https:\/\/www.calibereurope.com\/fr\/?s={search_term_string}"},"query-input":{"@type":"PropertyValueSpecification","valueRequired":true,"valueName":"search_term_string"}}],"inLanguage":"fr-FR"},{"@type":"Organization","@id":"https:\/\/www.calibereurope.com\/fr\/#organization","name":"Caliber Europe B.V.","url":"https:\/\/www.calibereurope.com\/fr\/","logo":{"@type":"ImageObject","inLanguage":"fr-FR","@id":"https:\/\/www.calibereurope.com\/fr\/#\/schema\/logo\/image\/","url":"https:\/\/www.calibereurope.com\/wp-content\/uploads\/2019\/11\/Logo-Caliber-e1574846289621.png","contentUrl":"https:\/\/www.calibereurope.com\/wp-content\/uploads\/2019\/11\/Logo-Caliber-e1574846289621.png","width":400,"height":69,"caption":"Caliber Europe B.V."},"image":{"@id":"https:\/\/www.calibereurope.com\/fr\/#\/schema\/logo\/image\/"},"sameAs":["https:\/\/facebook.com\/CaliberEurope\/","https:\/\/x.com\/calibereurope","https:\/\/www.instagram.com\/calibereurope\/"]}]},"product_price_amount":"22.50","product_price_currency":"EUR","og_availability":"instock","product_availability":"instock","product_retailer_item_id":"HCG010","product_condition":"new"},"_links":{"self":[{"href":"https:\/\/www.calibereurope.com\/fr\/wp-json\/wp\/v2\/product\/88927","targetHints":{"allow":["GET"]}}],"collection":[{"href":"https:\/\/www.calibereurope.com\/fr\/wp-json\/wp\/v2\/product"}],"about":[{"href":"https:\/\/www.calibereurope.com\/fr\/wp-json\/wp\/v2\/types\/product"}],"replies":[{"embeddable":true,"href":"https:\/\/www.calibereurope.com\/fr\/wp-json\/wp\/v2\/comments?post=88927"}],"wp:featuredmedia":[{"embeddable":true,"href":"https:\/\/www.calibereurope.com\/fr\/wp-json\/wp\/v2\/media\/1681223"}],"wp:attachment":[{"href":"https:\/\/www.calibereurope.com\/fr\/wp-json\/wp\/v2\/media?parent=88927"}],"wp:term":[{"taxonomy":"product_brand","embeddable":true,"href":"https:\/\/www.calibereurope.com\/fr\/wp-json\/wp\/v2\/product_brand?post=88927"},{"taxonomy":"product_cat","embeddable":true,"href":"https:\/\/www.calibereurope.com\/fr\/wp-json\/wp\/v2\/product_cat?post=88927"},{"taxonomy":"product_tag","embeddable":true,"href":"https:\/\/www.calibereurope.com\/fr\/wp-json\/wp\/v2\/product_tag?post=88927"}],"curies":[{"name":"wp","href":"https:\/\/api.w.org\/{rel}","templated":true}]}}