{"id":89205,"date":"2025-02-10T01:00:00","date_gmt":"2025-02-10T00:00:00","guid":{"rendered":""},"modified":"2025-02-10T14:26:33","modified_gmt":"2025-02-10T13:26:33","slug":"RMD033DAB-BT-fr_FR","status":"publish","type":"product","link":"https:\/\/www.calibereurope.com\/fr\/produit\/RMD033DAB-BT-fr_FR\/","title":{"rendered":"Autoradio Bluetooth DAB+ &#8211; FM, USB, SD et AUX &#8211; 1 DIN &#8211; 4 x 55W &#8211; Montage Peu Profond (RMD033DAB-BT)"},"content":{"rendered":"<p>Cet autoradio Bluetooth Caliber RMD033DAB-BT DAB+ a tout ce dont vous avez besoin pour de beaux voyages en voiture. Seul dans la voiture ? D\u00e9briefez les derni\u00e8res nouvelles avec cet ami ou ce coll\u00e8gue en connectant votre t\u00e9l\u00e9phone via <strong>Bluetooth en passant des<\/strong> et <strong>appels t\u00e9l\u00e9phoniques en mains libres<\/strong>. Chanter des tubes \u00e0 tue t\u00eate ? Choisissez vos <strong>stations de radio DAB+ ou FM-<\/strong> pr\u00e9f\u00e9r\u00e9es et laissez vos cordes vocales donner le meilleur d&#39;elles-m\u00eames. La t\u00e9l\u00e9commande permet \u00e0 tout passager de faire fonctionner l&#39;autoradio <strong>. Les <strong>ports USB, AUX et SD<\/strong> offrent des options suppl\u00e9mentaires pour \u00e9couter vos morceaux pr\u00e9f\u00e9r\u00e9s en d\u00e9placement. <\/p>\n<p><\/strong><\/p>\n<p><strong>Caract\u00e9ristiques :<\/strong> <\/p>\n<ul>\n<li>Technologie Bluetooth <\/li>\n<li>Tuner DAB+ et FM <\/li>\n<li>18 pr\u00e9s\u00e9lections DAB et 18 pr\u00e9s\u00e9lections FM <\/li>\n<li>Capacit\u00e9 de lecture AUX, USB et SD <\/li>\n<li>Appel mains libres avec microphone <\/li>\n<li>Format 1 DIN <\/li>\n<li>Extr\u00eamement peu profond : 35 mm <\/li>\n<li>Connecteur ISO encastr\u00e9 <\/li>\n<li>Puissance maximale de 4 x 55 watts <\/li>\n<li>Lecture MP3 <\/li>\n<li>Sortie RCA <\/li>\n<\/ul>\n<h3>Vous serez toujours de bonne humeur sur la route avec cet autoradio Bluetooth <\/h3>\n<p>Cet autoradio Bluetooth DAB+ dispose \u00e9galement de plusieurs connexions physiques, comme une entr\u00e9e USB, SD et AUX. Avec un tel choix, vous aurez toujours les hits qui vous plaisent \u00e0 port\u00e9e de main. Que ce soit une \u00e9mission de radio, un podcast ou une playlist : vous pouvez tout \u00e9couter avec cet autoradio polyvalent. Comme \u00e7a, un trajet en voiture ne vous para\u00eetra plus jamais long et vous arriverez toujours \u00e0 destination compl\u00e8tement d\u00e9tendu. <\/p>\n<h3>Profitez du Bluetooth de cet autoradio<\/h3>\n<p>La technologie Bluetooth de cet autoradio vous permet de connecter facilement votre smartphone. Ainsi, vous \u00eates toujours connect\u00e9 \u00e0 votre musique pr\u00e9f\u00e9r\u00e9e. De plus, gr\u00e2ce au microphone int\u00e9gr\u00e9, vous pouvez utiliser l&#39;autoradio Bluetooth comme un kit de voiture. La connexion Bluetooth vous permet de ne plus jamais manquer un appel. Passez d&#39;interminables appels t\u00e9l\u00e9phoniques en mains libres pour \u00eatre en s\u00e9curit\u00e9 sur la route ! <\/p>\n<h3>D\u00e9couvrez la DAB+ avec cette radio de voiture Bluetooth<\/h3>\n<p>Gr\u00e2ce \u00e0 l&#39;antenne DAB+ de cet autoradio 1 DIN, vous pouvez \u00e9couter \u00e0 la fois la radio FM et la radio DAB+. Si vous n&#39;avez jamais utilis\u00e9 la DAB+ auparavant, vous d\u00e9couvrirez que vous pouvez non seulement recevoir plus de cha\u00eenes, mais aussi que la qualit\u00e9 du son est bien meilleure. Par exemple, vous ne serez pas g\u00ean\u00e9 par le bruit. R\u00e9glez jusqu&#39;\u00e0 18 stations DAB+ et 18 stations FM comme pr\u00e9s\u00e9lections et vous pourrez toujours les syntoniser en un rien de temps. <\/p>\n<p><strong><br \/>Inclus :<\/strong> <\/p>\n<ul>\n<li>Autoradio Bluetooth Caliber DAB+<\/li>\n<li>T\u00e9l\u00e9commande <\/li>\n<li>Antenne DAB + <\/li>\n<\/ul>\n","protected":false},"excerpt":{"rendered":"<ul>\n<li>Technologie Bluetooth<\/li>\n<li>Tuner DAB+ et FM<\/li>\n<li>18 pr\u00e9s\u00e9lections DAB et 18 pr\u00e9s\u00e9lections FM<\/li>\n<li>Capacit\u00e9 de lecture AUX, USB et SD<\/li>\n<li>Appel mains libres avec microphone<\/li>\n<li>Format 1 DIN<\/li>\n<li>Extr\u00eamement peu profond : 35 mm<\/li>\n<li>Connecteur ISO encastr\u00e9<\/li>\n<li>Puissance maximale de 4 x 55 watts<\/li>\n<li>Lecture MP3<\/li>\n<li>Sortie RCA<\/li>\n<\/ul>\n","protected":false},"featured_media":1677284,"comment_status":"open","ping_status":"closed","template":"","meta":{"inline_featured_image":false},"product_brand":[],"product_cat":[7806,7767],"product_tag":[],"class_list":{"0":"post-89205","1":"product","2":"type-product","3":"status-publish","4":"has-post-thumbnail","6":"product_cat-radios_auto_fr_FR","7":"product_cat-auto_fr_FR","9":"first","10":"outofstock","11":"taxable","12":"shipping-taxable","13":"purchasable","14":"product-type-simple"},"yoast_head":"<!-- This site is optimized with the Yoast SEO plugin v24.4 - https:\/\/yoast.com\/wordpress\/plugins\/seo\/ -->\n<title>Autoradio Bluetooth DAB+ - FM, USB, SD et AUX - 1 DIN - 4 x 55W - Montage Peu Profond (RMD033DAB-BT) | Caliber<\/title>\n<meta name=\"robots\" content=\"index, follow, max-snippet:-1, max-image-preview:large, max-video-preview:-1\" \/>\n<link rel=\"canonical\" href=\"https:\/\/www.calibereurope.com\/fr\/produit\/RMD033DAB-BT-fr_FR\/\" \/>\n<meta property=\"og:locale\" content=\"fr_FR\" \/>\n<meta property=\"og:type\" content=\"article\" \/>\n<meta property=\"og:title\" content=\"Autoradio Bluetooth DAB+ - FM, USB, SD et AUX - 1 DIN - 4 x 55W - Montage Peu Profond (RMD033DAB-BT) | Caliber\" \/>\n<meta property=\"og:description\" content=\"Technologie BluetoothTuner DAB+ et FM18 pr\u00e9s\u00e9lections DAB et 18 pr\u00e9s\u00e9lections FMCapacit\u00e9 de lecture AUX, USB et SDAppel mains libres avec microphoneFormat 1 DINExtr\u00eamement peu profond : 35 mmConnecteur ISO encastr\u00e9Puissance maximale de 4 x 55 wattsLecture MP3Sortie RCA\" \/>\n<meta property=\"og:url\" content=\"https:\/\/www.calibereurope.com\/fr\/produit\/RMD033DAB-BT-fr_FR\/\" \/>\n<meta property=\"og:site_name\" content=\"Caliber\" \/>\n<meta property=\"article:publisher\" content=\"https:\/\/facebook.com\/CaliberEurope\/\" \/>\n<meta property=\"article:modified_time\" content=\"2025-02-10T13:26:33+00:00\" \/>\n<meta property=\"og:image\" content=\"https:\/\/www.calibereurope.com\/wp-content\/uploads\/2023\/01\/21a433de454520fbcfc1ca81e730fb1bd0ee87b3_RMD033DAB_BT_web-4.jpg\" \/>\n\t<meta property=\"og:image:width\" content=\"1024\" \/>\n\t<meta property=\"og:image:height\" content=\"768\" \/>\n\t<meta property=\"og:image:type\" content=\"image\/jpeg\" \/>\n<meta name=\"twitter:card\" content=\"summary_large_image\" \/>\n<meta name=\"twitter:site\" content=\"@calibereurope\" \/>\n<meta name=\"twitter:label1\" content=\"Prix\" \/>\n\t<meta name=\"twitter:data1\" content=\"64,95\" \/>\n\t<meta name=\"twitter:label2\" content=\"Availability\" \/>\n\t<meta name=\"twitter:data2\" content=\"Out of stock\" \/>\n<script type=\"application\/ld+json\" class=\"yoast-schema-graph\">{\"@context\":\"https:\/\/schema.org\",\"@graph\":[{\"@type\":\"WebPage\",\"@id\":\"https:\/\/www.calibereurope.com\/fr\/produit\/RMD033DAB-BT-fr_FR\/\",\"url\":\"https:\/\/www.calibereurope.com\/fr\/produit\/RMD033DAB-BT-fr_FR\/\",\"name\":\"Autoradio Bluetooth DAB+ - FM, USB, SD et AUX - 1 DIN - 4 x 55W - Montage Peu Profond (RMD033DAB-BT) | Caliber\",\"isPartOf\":{\"@id\":\"https:\/\/www.calibereurope.com\/fr\/#website\"},\"primaryImageOfPage\":{\"@id\":\"https:\/\/www.calibereurope.com\/fr\/produit\/RMD033DAB-BT-fr_FR\/#primaryimage\"},\"image\":{\"@id\":\"https:\/\/www.calibereurope.com\/fr\/produit\/RMD033DAB-BT-fr_FR\/#primaryimage\"},\"thumbnailUrl\":\"https:\/\/www.calibereurope.com\/wp-content\/uploads\/2025\/02\/21a433de454520fbcfc1ca81e730fb1bd0ee87b3_RMD033DAB_BT_web-1.jpg\",\"datePublished\":\"2025-02-10T00:00:00+00:00\",\"dateModified\":\"2025-02-10T13:26:33+00:00\",\"breadcrumb\":{\"@id\":\"https:\/\/www.calibereurope.com\/fr\/produit\/RMD033DAB-BT-fr_FR\/#breadcrumb\"},\"inLanguage\":\"fr-FR\",\"potentialAction\":[{\"@type\":\"ReadAction\",\"target\":[\"https:\/\/www.calibereurope.com\/fr\/produit\/RMD033DAB-BT-fr_FR\/\"]}]},{\"@type\":\"ImageObject\",\"inLanguage\":\"fr-FR\",\"@id\":\"https:\/\/www.calibereurope.com\/fr\/produit\/RMD033DAB-BT-fr_FR\/#primaryimage\",\"url\":\"https:\/\/www.calibereurope.com\/wp-content\/uploads\/2025\/02\/21a433de454520fbcfc1ca81e730fb1bd0ee87b3_RMD033DAB_BT_web-1.jpg\",\"contentUrl\":\"https:\/\/www.calibereurope.com\/wp-content\/uploads\/2025\/02\/21a433de454520fbcfc1ca81e730fb1bd0ee87b3_RMD033DAB_BT_web-1.jpg\",\"width\":1024,\"height\":768},{\"@type\":\"BreadcrumbList\",\"@id\":\"https:\/\/www.calibereurope.com\/fr\/produit\/RMD033DAB-BT-fr_FR\/#breadcrumb\",\"itemListElement\":[{\"@type\":\"ListItem\",\"position\":1,\"name\":\"Home\",\"item\":\"https:\/\/www.calibereurope.com\/fr\/\"},{\"@type\":\"ListItem\",\"position\":2,\"name\":\"Boutique en ligne\",\"item\":\"https:\/\/www.calibereurope.com\/fr\/boutique-en-ligne\/\"},{\"@type\":\"ListItem\",\"position\":3,\"name\":\"Voiture\",\"item\":\"https:\/\/www.calibereurope.com\/fr\/auto_fr_FR\/\"},{\"@type\":\"ListItem\",\"position\":4,\"name\":\"Radios\",\"item\":\"https:\/\/www.calibereurope.com\/fr\/auto_fr_FR\/radios_auto_fr_FR\/\"},{\"@type\":\"ListItem\",\"position\":5,\"name\":\"Autoradio Bluetooth DAB+ &#8211; FM, USB, SD et AUX &#8211; 1 DIN &#8211; 4 x 55W &#8211; Montage Peu Profond (RMD033DAB-BT)\"}]},{\"@type\":\"WebSite\",\"@id\":\"https:\/\/www.calibereurope.com\/fr\/#website\",\"url\":\"https:\/\/www.calibereurope.com\/fr\/\",\"name\":\"Caliber\",\"description\":\"Sounds good!\",\"publisher\":{\"@id\":\"https:\/\/www.calibereurope.com\/fr\/#organization\"},\"potentialAction\":[{\"@type\":\"SearchAction\",\"target\":{\"@type\":\"EntryPoint\",\"urlTemplate\":\"https:\/\/www.calibereurope.com\/fr\/?s={search_term_string}\"},\"query-input\":{\"@type\":\"PropertyValueSpecification\",\"valueRequired\":true,\"valueName\":\"search_term_string\"}}],\"inLanguage\":\"fr-FR\"},{\"@type\":\"Organization\",\"@id\":\"https:\/\/www.calibereurope.com\/fr\/#organization\",\"name\":\"Caliber Europe B.V.\",\"url\":\"https:\/\/www.calibereurope.com\/fr\/\",\"logo\":{\"@type\":\"ImageObject\",\"inLanguage\":\"fr-FR\",\"@id\":\"https:\/\/www.calibereurope.com\/fr\/#\/schema\/logo\/image\/\",\"url\":\"https:\/\/www.calibereurope.com\/wp-content\/uploads\/2019\/11\/Logo-Caliber-e1574846289621.png\",\"contentUrl\":\"https:\/\/www.calibereurope.com\/wp-content\/uploads\/2019\/11\/Logo-Caliber-e1574846289621.png\",\"width\":400,\"height\":69,\"caption\":\"Caliber Europe B.V.\"},\"image\":{\"@id\":\"https:\/\/www.calibereurope.com\/fr\/#\/schema\/logo\/image\/\"},\"sameAs\":[\"https:\/\/facebook.com\/CaliberEurope\/\",\"https:\/\/x.com\/calibereurope\",\"https:\/\/www.instagram.com\/calibereurope\/\"]}]}<\/script>\n<meta property=\"product:price:amount\" content=\"64.95\" \/>\n<meta property=\"product:price:currency\" content=\"EUR\" \/>\n<meta property=\"og:availability\" content=\"out of stock\" \/>\n<meta property=\"product:availability\" content=\"out of stock\" \/>\n<meta property=\"product:retailer_item_id\" content=\"RMD033DAB-BT\" \/>\n<meta property=\"product:condition\" content=\"new\" \/>\n<!-- \/ Yoast SEO plugin. -->","yoast_head_json":{"title":"Autoradio Bluetooth DAB+ - FM, USB, SD et AUX - 1 DIN - 4 x 55W - Montage Peu Profond (RMD033DAB-BT) | Caliber","robots":{"index":"index","follow":"follow","max-snippet":"max-snippet:-1","max-image-preview":"max-image-preview:large","max-video-preview":"max-video-preview:-1"},"canonical":"https:\/\/www.calibereurope.com\/fr\/produit\/RMD033DAB-BT-fr_FR\/","og_locale":"fr_FR","og_type":"article","og_title":"Autoradio Bluetooth DAB+ - FM, USB, SD et AUX - 1 DIN - 4 x 55W - Montage Peu Profond (RMD033DAB-BT) | Caliber","og_description":"Technologie BluetoothTuner DAB+ et FM18 pr\u00e9s\u00e9lections DAB et 18 pr\u00e9s\u00e9lections FMCapacit\u00e9 de lecture AUX, USB et SDAppel mains libres avec microphoneFormat 1 DINExtr\u00eamement peu profond : 35 mmConnecteur ISO encastr\u00e9Puissance maximale de 4 x 55 wattsLecture MP3Sortie RCA","og_url":"https:\/\/www.calibereurope.com\/fr\/produit\/RMD033DAB-BT-fr_FR\/","og_site_name":"Caliber","article_publisher":"https:\/\/facebook.com\/CaliberEurope\/","article_modified_time":"2025-02-10T13:26:33+00:00","og_image":[{"width":1024,"height":768,"url":"https:\/\/www.calibereurope.com\/wp-content\/uploads\/2023\/01\/21a433de454520fbcfc1ca81e730fb1bd0ee87b3_RMD033DAB_BT_web-4.jpg","type":"image\/jpeg"}],"twitter_card":"summary_large_image","twitter_site":"@calibereurope","twitter_misc":{"Prix":"64,95","Availability":"Out of stock"},"schema":{"@context":"https:\/\/schema.org","@graph":[{"@type":"WebPage","@id":"https:\/\/www.calibereurope.com\/fr\/produit\/RMD033DAB-BT-fr_FR\/","url":"https:\/\/www.calibereurope.com\/fr\/produit\/RMD033DAB-BT-fr_FR\/","name":"Autoradio Bluetooth DAB+ - FM, USB, SD et AUX - 1 DIN - 4 x 55W - Montage Peu Profond (RMD033DAB-BT) | Caliber","isPartOf":{"@id":"https:\/\/www.calibereurope.com\/fr\/#website"},"primaryImageOfPage":{"@id":"https:\/\/www.calibereurope.com\/fr\/produit\/RMD033DAB-BT-fr_FR\/#primaryimage"},"image":{"@id":"https:\/\/www.calibereurope.com\/fr\/produit\/RMD033DAB-BT-fr_FR\/#primaryimage"},"thumbnailUrl":"https:\/\/www.calibereurope.com\/wp-content\/uploads\/2025\/02\/21a433de454520fbcfc1ca81e730fb1bd0ee87b3_RMD033DAB_BT_web-1.jpg","datePublished":"2025-02-10T00:00:00+00:00","dateModified":"2025-02-10T13:26:33+00:00","breadcrumb":{"@id":"https:\/\/www.calibereurope.com\/fr\/produit\/RMD033DAB-BT-fr_FR\/#breadcrumb"},"inLanguage":"fr-FR","potentialAction":[{"@type":"ReadAction","target":["https:\/\/www.calibereurope.com\/fr\/produit\/RMD033DAB-BT-fr_FR\/"]}]},{"@type":"ImageObject","inLanguage":"fr-FR","@id":"https:\/\/www.calibereurope.com\/fr\/produit\/RMD033DAB-BT-fr_FR\/#primaryimage","url":"https:\/\/www.calibereurope.com\/wp-content\/uploads\/2025\/02\/21a433de454520fbcfc1ca81e730fb1bd0ee87b3_RMD033DAB_BT_web-1.jpg","contentUrl":"https:\/\/www.calibereurope.com\/wp-content\/uploads\/2025\/02\/21a433de454520fbcfc1ca81e730fb1bd0ee87b3_RMD033DAB_BT_web-1.jpg","width":1024,"height":768},{"@type":"BreadcrumbList","@id":"https:\/\/www.calibereurope.com\/fr\/produit\/RMD033DAB-BT-fr_FR\/#breadcrumb","itemListElement":[{"@type":"ListItem","position":1,"name":"Home","item":"https:\/\/www.calibereurope.com\/fr\/"},{"@type":"ListItem","position":2,"name":"Boutique en ligne","item":"https:\/\/www.calibereurope.com\/fr\/boutique-en-ligne\/"},{"@type":"ListItem","position":3,"name":"Voiture","item":"https:\/\/www.calibereurope.com\/fr\/auto_fr_FR\/"},{"@type":"ListItem","position":4,"name":"Radios","item":"https:\/\/www.calibereurope.com\/fr\/auto_fr_FR\/radios_auto_fr_FR\/"},{"@type":"ListItem","position":5,"name":"Autoradio Bluetooth DAB+ &#8211; FM, USB, SD et AUX &#8211; 1 DIN &#8211; 4 x 55W &#8211; Montage Peu Profond (RMD033DAB-BT)"}]},{"@type":"WebSite","@id":"https:\/\/www.calibereurope.com\/fr\/#website","url":"https:\/\/www.calibereurope.com\/fr\/","name":"Caliber","description":"Sounds good!","publisher":{"@id":"https:\/\/www.calibereurope.com\/fr\/#organization"},"potentialAction":[{"@type":"SearchAction","target":{"@type":"EntryPoint","urlTemplate":"https:\/\/www.calibereurope.com\/fr\/?s={search_term_string}"},"query-input":{"@type":"PropertyValueSpecification","valueRequired":true,"valueName":"search_term_string"}}],"inLanguage":"fr-FR"},{"@type":"Organization","@id":"https:\/\/www.calibereurope.com\/fr\/#organization","name":"Caliber Europe B.V.","url":"https:\/\/www.calibereurope.com\/fr\/","logo":{"@type":"ImageObject","inLanguage":"fr-FR","@id":"https:\/\/www.calibereurope.com\/fr\/#\/schema\/logo\/image\/","url":"https:\/\/www.calibereurope.com\/wp-content\/uploads\/2019\/11\/Logo-Caliber-e1574846289621.png","contentUrl":"https:\/\/www.calibereurope.com\/wp-content\/uploads\/2019\/11\/Logo-Caliber-e1574846289621.png","width":400,"height":69,"caption":"Caliber Europe B.V."},"image":{"@id":"https:\/\/www.calibereurope.com\/fr\/#\/schema\/logo\/image\/"},"sameAs":["https:\/\/facebook.com\/CaliberEurope\/","https:\/\/x.com\/calibereurope","https:\/\/www.instagram.com\/calibereurope\/"]}]},"product_price_amount":"64.95","product_price_currency":"EUR","og_availability":"out of stock","product_availability":"out of stock","product_retailer_item_id":"RMD033DAB-BT","product_condition":"new"},"_links":{"self":[{"href":"https:\/\/www.calibereurope.com\/fr\/wp-json\/wp\/v2\/product\/89205","targetHints":{"allow":["GET"]}}],"collection":[{"href":"https:\/\/www.calibereurope.com\/fr\/wp-json\/wp\/v2\/product"}],"about":[{"href":"https:\/\/www.calibereurope.com\/fr\/wp-json\/wp\/v2\/types\/product"}],"replies":[{"embeddable":true,"href":"https:\/\/www.calibereurope.com\/fr\/wp-json\/wp\/v2\/comments?post=89205"}],"wp:featuredmedia":[{"embeddable":true,"href":"https:\/\/www.calibereurope.com\/fr\/wp-json\/wp\/v2\/media\/1677284"}],"wp:attachment":[{"href":"https:\/\/www.calibereurope.com\/fr\/wp-json\/wp\/v2\/media?parent=89205"}],"wp:term":[{"taxonomy":"product_brand","embeddable":true,"href":"https:\/\/www.calibereurope.com\/fr\/wp-json\/wp\/v2\/product_brand?post=89205"},{"taxonomy":"product_cat","embeddable":true,"href":"https:\/\/www.calibereurope.com\/fr\/wp-json\/wp\/v2\/product_cat?post=89205"},{"taxonomy":"product_tag","embeddable":true,"href":"https:\/\/www.calibereurope.com\/fr\/wp-json\/wp\/v2\/product_tag?post=89205"}],"curies":[{"name":"wp","href":"https:\/\/api.w.org\/{rel}","templated":true}]}}