{"id":27512,"date":"2026-01-05T01:00:00","date_gmt":"2026-01-05T00:00:00","guid":{"rendered":"http:\/\/0"},"modified":"2026-04-24T17:17:44","modified_gmt":"2026-04-24T15:17:44","slug":"pmr206bt","status":"publish","type":"product","link":"https:\/\/www.calibereurope.com\/nl\/product\/pmr206bt\/","title":{"rendered":"Airbuddy Pro Bluetooth Zender en Ontvanger 10 Uur Accuduur 10 Meter Bereik 2-in-1 Transmitter (PMR206BT)"},"content":{"rendered":"<p>Met de Airbuddy Pro kun je jouw Apple AirPods, Samsung Earbuds of iedere andere Bluetooth\u00ae koptelefoon verbinden met het&nbsp;<strong>entertainmentsysteem in een vliegtuig<\/strong>, apparaten in de&nbsp;<strong>sportschool<\/strong>&nbsp;of op andere plekken waar je w\u00e9l een bekabelde aansluiting hebt maar g\u00e9\u00e9n Bluetooth-verbinding. De Airbuddy Pro heeft een&nbsp;<strong>accuduur tot wel 10 uur<\/strong>&nbsp;en je sluit de Airbuddy Pro gewoon aan op de&nbsp;<strong>jack-aansluiting<\/strong>&nbsp;in een vliegtuig om&nbsp;<strong>audio te streamen<\/strong>&nbsp;naar je eigen koptelefoon in plaats van de krakende koptelefoon die in het vliegtuig wordt uitgedeeld.<\/p>\n<\/p>\n<p><strong>Eigenschappen:<\/strong><\/p>\n<ul>\n<li>Alleen een jack-aansluiting nodig<\/li>\n<li>Werkt met alle soorten Bluetooth\u00ae koptelefoons\/oortjes.<\/li>\n<li>Accuduur tot wel 10 uur<\/li>\n<li>Zowel een zender als een ontvanger<\/li>\n<li>Bereik van 10 meter<\/li>\n<li>Vliegtuigadapter meegeleverd<\/li>\n<li>Jack-naar-jack kabel inclusief<\/li>\n<\/ul>\n<h3>Verbinding met elk apparaat<\/h3>\n<p>Met behulp van de bluetooth ontvanger maak je van elk apparaat een bluetooth streaming apparaat. De ontvanger verbindt met elk soort technologie, dus ook met bijvoorbeeld Apple Airpods of Samsung Earbuds. Door de bluetooth zender met bijvoorbeeld de meegeleverde mini-jack naar mini-jack kabel aan te sluiten op een apparaat naar wens, zorg je voor een sterke verbinding. Hierna hoef je alleen maar je draadloze koptelefoon of oortjes met de bluetooth transmitter te verbinden en kun je genieten van je favoriete muziek!<\/p>\n<h3>Pro functies<\/h3>\n<p>De Airbuddy Pro is zowel een zender als een ontvanger. Dit houdt in dat je hem op twee manieren kunt inzetten. Je kunt de transmitter verbinden aan je telefoon om zo je muziek naar voorkeur af te spelen op bijvoorbeeld een oude speaker. In dit geval sluit je de bijbehorende kabels op de speaker aan. Hetzelfde kan je bijvoorbeeld doen met een oude versterker of met de geluidsinstallatie in een boot of huurauto. Je maakt in een handomdraai van ieder device een bluetooth streaming device!<\/p>\n<\/p>\n<p><strong>Inhoud van de verpakking:<\/strong><\/p>\n<ul>\n<li>Airbuddy (Pro) Bluetooth-zender<\/li>\n<li>USB naar Micro USB oplaadkabel<\/li>\n<li>Jack-naar-jack kabel inclusief vliegtuig adapter<\/li>\n<li>Handleiding<\/li>\n<\/ul>\n","protected":false},"excerpt":{"rendered":"<ul>\n<li>Alleen een jack-aansluiting nodig<\/li>\n<li>Werkt met alle soorten Bluetooth\u00ae koptelefoons\/oortjes.<\/li>\n<li>Accuduur tot wel 10 uur<\/li>\n<li>Zowel een zender als een ontvanger<\/li>\n<li>Bereik van 10 meter<\/li>\n<li>Vliegtuigadapter meegeleverd<\/li>\n<li>Jack-naar-jack kabel inclusief<\/li>\n<\/ul>\n","protected":false},"featured_media":1686616,"comment_status":"open","ping_status":"open","template":"","meta":{"inline_featured_image":false},"product_brand":[],"product_cat":[1516,1518],"product_tag":[],"class_list":{"0":"post-27512","1":"product","2":"type-product","3":"status-publish","4":"has-post-thumbnail","6":"product_cat-geluid","7":"product_cat-multimedia","9":"first","10":"instock","11":"taxable","12":"shipping-taxable","13":"purchasable","14":"product-type-simple"},"yoast_head":"<!-- This site is optimized with the Yoast SEO plugin v24.4 - https:\/\/yoast.com\/wordpress\/plugins\/seo\/ -->\n<title>Airbuddy Pro Bluetooth Zender en Ontvanger 10 Uur Accuduur 10 Meter Bereik 2-in-1 Transmitter (PMR206BT) | Caliber<\/title>\n<meta name=\"description\" content=\"Ben jij op zoek naar een Bluetooth ontvanger en zender? \u2713 Bestel dan nu de PMR206BT bij Caliber. Gratis verzonden en snel geleverd \u2713\" \/>\n<meta name=\"robots\" content=\"index, follow, max-snippet:-1, max-image-preview:large, max-video-preview:-1\" \/>\n<link rel=\"canonical\" href=\"https:\/\/www.calibereurope.com\/nl\/product\/pmr206bt\/\" \/>\n<meta property=\"og:locale\" content=\"nl_NL\" \/>\n<meta property=\"og:type\" content=\"article\" \/>\n<meta property=\"og:title\" content=\"Airbuddy Pro Bluetooth Zender en Ontvanger 10 Uur Accuduur 10 Meter Bereik 2-in-1 Transmitter (PMR206BT) | Caliber\" \/>\n<meta property=\"og:description\" content=\"Ben jij op zoek naar een Bluetooth ontvanger en zender? \u2713 Bestel dan nu de PMR206BT bij Caliber. Gratis verzonden en snel geleverd \u2713\" \/>\n<meta property=\"og:url\" content=\"https:\/\/www.calibereurope.com\/nl\/product\/pmr206bt\/\" \/>\n<meta property=\"og:site_name\" content=\"Caliber\" \/>\n<meta property=\"article:publisher\" content=\"https:\/\/facebook.com\/CaliberEurope\/\" \/>\n<meta property=\"article:modified_time\" content=\"2026-04-24T15:17:44+00:00\" \/>\n<meta property=\"og:image\" content=\"https:\/\/www.calibereurope.com\/wp-content\/uploads\/2026\/01\/a9b8871c85e653d6283de8483daaf506f343ed8f_PMR206BT_topview.jpg\" \/>\n\t<meta property=\"og:image:width\" content=\"1024\" \/>\n\t<meta property=\"og:image:height\" content=\"768\" \/>\n\t<meta property=\"og:image:type\" content=\"image\/jpeg\" \/>\n<meta name=\"twitter:card\" content=\"summary_large_image\" \/>\n<meta name=\"twitter:site\" content=\"@calibereurope\" \/>\n<meta name=\"twitter:label1\" content=\"Prijs\" \/>\n\t<meta name=\"twitter:data1\" content=\"19,00\" \/>\n\t<meta name=\"twitter:label2\" content=\"Availability\" \/>\n\t<meta name=\"twitter:data2\" content=\"In stock\" \/>\n<script type=\"application\/ld+json\" class=\"yoast-schema-graph\">{\"@context\":\"https:\/\/schema.org\",\"@graph\":[{\"@type\":\"WebPage\",\"@id\":\"https:\/\/www.calibereurope.com\/nl\/product\/pmr206bt\/\",\"url\":\"https:\/\/www.calibereurope.com\/nl\/product\/pmr206bt\/\",\"name\":\"Airbuddy Pro Bluetooth Zender en Ontvanger 10 Uur Accuduur 10 Meter Bereik 2-in-1 Transmitter (PMR206BT) | Caliber\",\"isPartOf\":{\"@id\":\"https:\/\/www.calibereurope.com\/nl\/#website\"},\"primaryImageOfPage\":{\"@id\":\"https:\/\/www.calibereurope.com\/nl\/product\/pmr206bt\/#primaryimage\"},\"image\":{\"@id\":\"https:\/\/www.calibereurope.com\/nl\/product\/pmr206bt\/#primaryimage\"},\"thumbnailUrl\":\"https:\/\/www.calibereurope.com\/wp-content\/uploads\/2026\/01\/a9b8871c85e653d6283de8483daaf506f343ed8f_PMR206BT_topview.jpg\",\"datePublished\":\"2026-01-05T00:00:00+00:00\",\"dateModified\":\"2026-04-24T15:17:44+00:00\",\"description\":\"Ben jij op zoek naar een Bluetooth ontvanger en zender? \u2713 Bestel dan nu de PMR206BT bij Caliber. Gratis verzonden en snel geleverd \u2713\",\"breadcrumb\":{\"@id\":\"https:\/\/www.calibereurope.com\/nl\/product\/pmr206bt\/#breadcrumb\"},\"inLanguage\":\"nl-NL\",\"potentialAction\":[{\"@type\":\"ReadAction\",\"target\":[\"https:\/\/www.calibereurope.com\/nl\/product\/pmr206bt\/\"]}]},{\"@type\":\"ImageObject\",\"inLanguage\":\"nl-NL\",\"@id\":\"https:\/\/www.calibereurope.com\/nl\/product\/pmr206bt\/#primaryimage\",\"url\":\"https:\/\/www.calibereurope.com\/wp-content\/uploads\/2026\/01\/a9b8871c85e653d6283de8483daaf506f343ed8f_PMR206BT_topview.jpg\",\"contentUrl\":\"https:\/\/www.calibereurope.com\/wp-content\/uploads\/2026\/01\/a9b8871c85e653d6283de8483daaf506f343ed8f_PMR206BT_topview.jpg\",\"width\":1024,\"height\":768},{\"@type\":\"BreadcrumbList\",\"@id\":\"https:\/\/www.calibereurope.com\/nl\/product\/pmr206bt\/#breadcrumb\",\"itemListElement\":[{\"@type\":\"ListItem\",\"position\":1,\"name\":\"Home\",\"item\":\"https:\/\/www.calibereurope.com\/nl\/\"},{\"@type\":\"ListItem\",\"position\":2,\"name\":\"Webshop\",\"item\":\"https:\/\/www.calibereurope.com\/nl\/webshop\/\"},{\"@type\":\"ListItem\",\"position\":3,\"name\":\"Geluid\",\"item\":\"https:\/\/www.calibereurope.com\/nl\/geluid\/\"},{\"@type\":\"ListItem\",\"position\":4,\"name\":\"Multimedia\",\"item\":\"https:\/\/www.calibereurope.com\/nl\/geluid\/multimedia\/\"},{\"@type\":\"ListItem\",\"position\":5,\"name\":\"Airbuddy Pro Bluetooth Zender en Ontvanger 10 Uur Accuduur 10 Meter Bereik 2-in-1 Transmitter (PMR206BT)\"}]},{\"@type\":\"WebSite\",\"@id\":\"https:\/\/www.calibereurope.com\/nl\/#website\",\"url\":\"https:\/\/www.calibereurope.com\/nl\/\",\"name\":\"Caliber\",\"description\":\"Sounds good!\",\"publisher\":{\"@id\":\"https:\/\/www.calibereurope.com\/nl\/#organization\"},\"potentialAction\":[{\"@type\":\"SearchAction\",\"target\":{\"@type\":\"EntryPoint\",\"urlTemplate\":\"https:\/\/www.calibereurope.com\/nl\/?s={search_term_string}\"},\"query-input\":{\"@type\":\"PropertyValueSpecification\",\"valueRequired\":true,\"valueName\":\"search_term_string\"}}],\"inLanguage\":\"nl-NL\"},{\"@type\":\"Organization\",\"@id\":\"https:\/\/www.calibereurope.com\/nl\/#organization\",\"name\":\"Caliber Europe B.V.\",\"url\":\"https:\/\/www.calibereurope.com\/nl\/\",\"logo\":{\"@type\":\"ImageObject\",\"inLanguage\":\"nl-NL\",\"@id\":\"https:\/\/www.calibereurope.com\/nl\/#\/schema\/logo\/image\/\",\"url\":\"https:\/\/www.calibereurope.com\/wp-content\/uploads\/2019\/11\/Logo-Caliber-e1574846289621.png\",\"contentUrl\":\"https:\/\/www.calibereurope.com\/wp-content\/uploads\/2019\/11\/Logo-Caliber-e1574846289621.png\",\"width\":400,\"height\":69,\"caption\":\"Caliber Europe B.V.\"},\"image\":{\"@id\":\"https:\/\/www.calibereurope.com\/nl\/#\/schema\/logo\/image\/\"},\"sameAs\":[\"https:\/\/facebook.com\/CaliberEurope\/\",\"https:\/\/x.com\/calibereurope\",\"https:\/\/www.instagram.com\/calibereurope\/\"]}]}<\/script>\n<meta property=\"product:price:amount\" content=\"19.00\" \/>\n<meta property=\"product:price:currency\" content=\"EUR\" \/>\n<meta property=\"og:availability\" content=\"instock\" \/>\n<meta property=\"product:availability\" content=\"instock\" \/>\n<meta property=\"product:retailer_item_id\" content=\"PMR206BT\" \/>\n<meta property=\"product:condition\" content=\"new\" \/>\n<!-- \/ Yoast SEO plugin. -->","yoast_head_json":{"title":"Airbuddy Pro Bluetooth Zender en Ontvanger 10 Uur Accuduur 10 Meter Bereik 2-in-1 Transmitter (PMR206BT) | Caliber","description":"Ben jij op zoek naar een Bluetooth ontvanger en zender? \u2713 Bestel dan nu de PMR206BT bij Caliber. Gratis verzonden en snel geleverd \u2713","robots":{"index":"index","follow":"follow","max-snippet":"max-snippet:-1","max-image-preview":"max-image-preview:large","max-video-preview":"max-video-preview:-1"},"canonical":"https:\/\/www.calibereurope.com\/nl\/product\/pmr206bt\/","og_locale":"nl_NL","og_type":"article","og_title":"Airbuddy Pro Bluetooth Zender en Ontvanger 10 Uur Accuduur 10 Meter Bereik 2-in-1 Transmitter (PMR206BT) | Caliber","og_description":"Ben jij op zoek naar een Bluetooth ontvanger en zender? \u2713 Bestel dan nu de PMR206BT bij Caliber. Gratis verzonden en snel geleverd \u2713","og_url":"https:\/\/www.calibereurope.com\/nl\/product\/pmr206bt\/","og_site_name":"Caliber","article_publisher":"https:\/\/facebook.com\/CaliberEurope\/","article_modified_time":"2026-04-24T15:17:44+00:00","og_image":[{"width":1024,"height":768,"url":"https:\/\/www.calibereurope.com\/wp-content\/uploads\/2026\/01\/a9b8871c85e653d6283de8483daaf506f343ed8f_PMR206BT_topview.jpg","type":"image\/jpeg"}],"twitter_card":"summary_large_image","twitter_site":"@calibereurope","twitter_misc":{"Prijs":"19,00","Availability":"In stock"},"schema":{"@context":"https:\/\/schema.org","@graph":[{"@type":"WebPage","@id":"https:\/\/www.calibereurope.com\/nl\/product\/pmr206bt\/","url":"https:\/\/www.calibereurope.com\/nl\/product\/pmr206bt\/","name":"Airbuddy Pro Bluetooth Zender en Ontvanger 10 Uur Accuduur 10 Meter Bereik 2-in-1 Transmitter (PMR206BT) | Caliber","isPartOf":{"@id":"https:\/\/www.calibereurope.com\/nl\/#website"},"primaryImageOfPage":{"@id":"https:\/\/www.calibereurope.com\/nl\/product\/pmr206bt\/#primaryimage"},"image":{"@id":"https:\/\/www.calibereurope.com\/nl\/product\/pmr206bt\/#primaryimage"},"thumbnailUrl":"https:\/\/www.calibereurope.com\/wp-content\/uploads\/2026\/01\/a9b8871c85e653d6283de8483daaf506f343ed8f_PMR206BT_topview.jpg","datePublished":"2026-01-05T00:00:00+00:00","dateModified":"2026-04-24T15:17:44+00:00","description":"Ben jij op zoek naar een Bluetooth ontvanger en zender? \u2713 Bestel dan nu de PMR206BT bij Caliber. Gratis verzonden en snel geleverd \u2713","breadcrumb":{"@id":"https:\/\/www.calibereurope.com\/nl\/product\/pmr206bt\/#breadcrumb"},"inLanguage":"nl-NL","potentialAction":[{"@type":"ReadAction","target":["https:\/\/www.calibereurope.com\/nl\/product\/pmr206bt\/"]}]},{"@type":"ImageObject","inLanguage":"nl-NL","@id":"https:\/\/www.calibereurope.com\/nl\/product\/pmr206bt\/#primaryimage","url":"https:\/\/www.calibereurope.com\/wp-content\/uploads\/2026\/01\/a9b8871c85e653d6283de8483daaf506f343ed8f_PMR206BT_topview.jpg","contentUrl":"https:\/\/www.calibereurope.com\/wp-content\/uploads\/2026\/01\/a9b8871c85e653d6283de8483daaf506f343ed8f_PMR206BT_topview.jpg","width":1024,"height":768},{"@type":"BreadcrumbList","@id":"https:\/\/www.calibereurope.com\/nl\/product\/pmr206bt\/#breadcrumb","itemListElement":[{"@type":"ListItem","position":1,"name":"Home","item":"https:\/\/www.calibereurope.com\/nl\/"},{"@type":"ListItem","position":2,"name":"Webshop","item":"https:\/\/www.calibereurope.com\/nl\/webshop\/"},{"@type":"ListItem","position":3,"name":"Geluid","item":"https:\/\/www.calibereurope.com\/nl\/geluid\/"},{"@type":"ListItem","position":4,"name":"Multimedia","item":"https:\/\/www.calibereurope.com\/nl\/geluid\/multimedia\/"},{"@type":"ListItem","position":5,"name":"Airbuddy Pro Bluetooth Zender en Ontvanger 10 Uur Accuduur 10 Meter Bereik 2-in-1 Transmitter (PMR206BT)"}]},{"@type":"WebSite","@id":"https:\/\/www.calibereurope.com\/nl\/#website","url":"https:\/\/www.calibereurope.com\/nl\/","name":"Caliber","description":"Sounds good!","publisher":{"@id":"https:\/\/www.calibereurope.com\/nl\/#organization"},"potentialAction":[{"@type":"SearchAction","target":{"@type":"EntryPoint","urlTemplate":"https:\/\/www.calibereurope.com\/nl\/?s={search_term_string}"},"query-input":{"@type":"PropertyValueSpecification","valueRequired":true,"valueName":"search_term_string"}}],"inLanguage":"nl-NL"},{"@type":"Organization","@id":"https:\/\/www.calibereurope.com\/nl\/#organization","name":"Caliber Europe B.V.","url":"https:\/\/www.calibereurope.com\/nl\/","logo":{"@type":"ImageObject","inLanguage":"nl-NL","@id":"https:\/\/www.calibereurope.com\/nl\/#\/schema\/logo\/image\/","url":"https:\/\/www.calibereurope.com\/wp-content\/uploads\/2019\/11\/Logo-Caliber-e1574846289621.png","contentUrl":"https:\/\/www.calibereurope.com\/wp-content\/uploads\/2019\/11\/Logo-Caliber-e1574846289621.png","width":400,"height":69,"caption":"Caliber Europe B.V."},"image":{"@id":"https:\/\/www.calibereurope.com\/nl\/#\/schema\/logo\/image\/"},"sameAs":["https:\/\/facebook.com\/CaliberEurope\/","https:\/\/x.com\/calibereurope","https:\/\/www.instagram.com\/calibereurope\/"]}]},"product_price_amount":"19.00","product_price_currency":"EUR","og_availability":"instock","product_availability":"instock","product_retailer_item_id":"PMR206BT","product_condition":"new"},"_links":{"self":[{"href":"https:\/\/www.calibereurope.com\/nl\/wp-json\/wp\/v2\/product\/27512","targetHints":{"allow":["GET"]}}],"collection":[{"href":"https:\/\/www.calibereurope.com\/nl\/wp-json\/wp\/v2\/product"}],"about":[{"href":"https:\/\/www.calibereurope.com\/nl\/wp-json\/wp\/v2\/types\/product"}],"replies":[{"embeddable":true,"href":"https:\/\/www.calibereurope.com\/nl\/wp-json\/wp\/v2\/comments?post=27512"}],"wp:featuredmedia":[{"embeddable":true,"href":"https:\/\/www.calibereurope.com\/nl\/wp-json\/wp\/v2\/media\/1686616"}],"wp:attachment":[{"href":"https:\/\/www.calibereurope.com\/nl\/wp-json\/wp\/v2\/media?parent=27512"}],"wp:term":[{"taxonomy":"product_brand","embeddable":true,"href":"https:\/\/www.calibereurope.com\/nl\/wp-json\/wp\/v2\/product_brand?post=27512"},{"taxonomy":"product_cat","embeddable":true,"href":"https:\/\/www.calibereurope.com\/nl\/wp-json\/wp\/v2\/product_cat?post=27512"},{"taxonomy":"product_tag","embeddable":true,"href":"https:\/\/www.calibereurope.com\/nl\/wp-json\/wp\/v2\/product_tag?post=27512"}],"curies":[{"name":"wp","href":"https:\/\/api.w.org\/{rel}","templated":true}]}}