{"id":381675,"date":"2026-04-12T02:00:00","date_gmt":"2026-04-12T00:00:00","guid":{"rendered":"http:\/\/0"},"modified":"2026-04-20T14:50:50","modified_gmt":"2026-04-20T12:50:50","slug":"hcg019qi-sg","status":"publish","type":"product","link":"https:\/\/www.calibereurope.com\/nl\/product\/hcg019qi-sg\/","title":{"rendered":"Digitale Wekker &#8211; Draadloze Oplader Voor Telefoon &#8211; Wake Up Light &#8211; Space Grey (HCG019QI-SG)"},"content":{"rendered":"<p> De Caliber HCG019QI-SG digitale wekker is een <strong>wekker, nachtlamp \u00e9n oplader in \u00e9\u00e9n. <\/strong>Stel <strong>2 alarmtijden<\/strong> in voor door de week en in het weekend. Dankzij de <strong>back-up batterij <\/strong>weet je zeker dat je wekker af zal gaan, ook wanneer de stroom uitvalt. De <strong>snooze functie<\/strong> maakt het mogelijk langer in bed te blijven zonder je te verslapen. Deze draadloze wekker en oplader voor je telefoon heeft de <strong>iPhone kleur Space Grey. <\/strong>Dankzij het <strong>dimbare wake up light<\/strong> word je rustig en ontspannen wakker. <\/p>\n<p> <strong>Eigenschappen:<\/strong> <\/p>\n<ul>\n<li>Digitale wekker met oplader <\/li>\n<li>Snel draadloos laden dankzij Qi-technologie <\/li>\n<li>Opladen ook mogelijk via USB-poort <\/li>\n<li>Dezelfde kleur als de iPhone Space Grey <\/li>\n<li>Met dimbaar wake up light <\/li>\n<li>Licht instelbaar in diverse kleuren <\/li>\n<li>Snooze functie <\/li>\n<li>Dual alarm <\/li>\n<li>Geen FM functie <\/li>\n<li>Wit display <\/li>\n<\/ul>\n<h3>Opgeladen wakker worden <\/h3>\n<p> Naast een digitale wekker is deze Caliber wekker ook een draadloze oplader voor je telefoon. Je kunt je telefoon eenvoudig en snel draadloos opladen dankzij de Qi-technologie, door je telefoon bovenop de boogvorm te leggen. Ondersteunt jouw telefoon deze draadloze laadtechnologie niet? Dan kun je ook gebruik maken van een oplader via de USB-poort. <\/p>\n<h3>Wakker met wake up light<\/h3>\n<p> Deze wekker oplader voor telefoon beschikt ook over een wake up light. Door de boogvorm van de Caliber wekker, is er ruimte voor een dimbare lamp. Dit licht kun je als nachtlamp gebruiken en instellen in diverse kleuren. Kies bijvoorbeeld voor de standaard kleur van warm wit, ga voor paars of probeer eens een groene kleur! <\/p>\n<h3>Altijd op tijd<\/h3>\n<p> Met deze digitale wekker van Caliber draai jij je nog even om zonder bang te zijn om je te verslapen. Heb je een belangrijke dag op je werk of een leuk uitje gepland staan? Stel twee alarmtijden in en je weet zeker dat je je niet verslaapt. Of gebruik de handige snooze functie, zodat je na een tijdje nog een keer wordt gewekt met het zoemer geluid. Deze slimme wekker past de helderheid van de cijfers op het witte display aan op basis van de tijd. Als je \u2018s nachts wakker wordt en de tijd goed wilt zien, kun je deze in een handomdraai wat feller zetten.<\/p>\n","protected":false},"excerpt":{"rendered":"<ul>\n<li>Digitale wekker met oplader<\/li>\n<li>Snel draadloos laden dankzij Qi-technologie<\/li>\n<li>Opladen ook mogelijk via USB-poort<\/li>\n<li>Dezelfde kleur als de iPhone Space Grey<\/li>\n<li>Met dimbaar wake up light<\/li>\n<li>Licht instelbaar in diverse kleuren<\/li>\n<li>Snooze functie<\/li>\n<li>Dual alarm<\/li>\n<li>Geen FM functie<\/li>\n<li>Wit display<\/li>\n<\/ul>\n","protected":false},"featured_media":1688213,"comment_status":"open","ping_status":"open","template":"","meta":{"inline_featured_image":false},"product_brand":[],"product_cat":[1524,1530],"product_tag":[],"class_list":{"0":"post-381675","1":"product","2":"type-product","3":"status-publish","4":"has-post-thumbnail","6":"product_cat-wonen","7":"product_cat-wekker_radios","9":"first","10":"instock","11":"taxable","12":"shipping-taxable","13":"purchasable","14":"product-type-simple"},"yoast_head":"<!-- This site is optimized with the Yoast SEO plugin v24.4 - https:\/\/yoast.com\/wordpress\/plugins\/seo\/ -->\n<title>Digitale Wekker - Draadloze Oplader Voor Telefoon - Wake Up Light - Space Grey (HCG019QI-SG) | Caliber<\/title>\n<meta name=\"description\" content=\"Ben jij op zoek naar een Wekker? \u2713 Bestel dan nu de HCG019QI-SG bij Caliber. Gratis verzonden en snel geleverd \u2713\" \/>\n<meta name=\"robots\" content=\"index, follow, max-snippet:-1, max-image-preview:large, max-video-preview:-1\" \/>\n<link rel=\"canonical\" href=\"https:\/\/www.calibereurope.com\/nl\/product\/hcg019qi-sg\/\" \/>\n<meta property=\"og:locale\" content=\"nl_NL\" \/>\n<meta property=\"og:type\" content=\"article\" \/>\n<meta property=\"og:title\" content=\"Digitale Wekker - Draadloze Oplader Voor Telefoon - Wake Up Light - Space Grey (HCG019QI-SG) | Caliber\" \/>\n<meta property=\"og:description\" content=\"Ben jij op zoek naar een Wekker? \u2713 Bestel dan nu de HCG019QI-SG bij Caliber. Gratis verzonden en snel geleverd \u2713\" \/>\n<meta property=\"og:url\" content=\"https:\/\/www.calibereurope.com\/nl\/product\/hcg019qi-sg\/\" \/>\n<meta property=\"og:site_name\" content=\"Caliber\" \/>\n<meta property=\"article:publisher\" content=\"https:\/\/facebook.com\/CaliberEurope\/\" \/>\n<meta property=\"article:modified_time\" content=\"2026-04-20T12:50:50+00:00\" \/>\n<meta property=\"og:image\" content=\"https:\/\/www.calibereurope.com\/wp-content\/uploads\/2026\/04\/0e56d72a5f714c245729df000acc3f10ce6b0028_HCG019QI_PB_Enhanced_Images_SG_07.jpg\" \/>\n\t<meta property=\"og:image:width\" content=\"2500\" \/>\n\t<meta property=\"og:image:height\" content=\"2500\" \/>\n\t<meta property=\"og:image:type\" content=\"image\/jpeg\" \/>\n<meta name=\"twitter:card\" content=\"summary_large_image\" \/>\n<meta name=\"twitter:site\" content=\"@calibereurope\" \/>\n<meta name=\"twitter:label1\" content=\"Prijs\" \/>\n\t<meta name=\"twitter:data1\" content=\"37,95\" \/>\n\t<meta name=\"twitter:label2\" content=\"Availability\" \/>\n\t<meta name=\"twitter:data2\" content=\"In stock\" \/>\n<script type=\"application\/ld+json\" class=\"yoast-schema-graph\">{\"@context\":\"https:\/\/schema.org\",\"@graph\":[{\"@type\":\"WebPage\",\"@id\":\"https:\/\/www.calibereurope.com\/nl\/product\/hcg019qi-sg\/\",\"url\":\"https:\/\/www.calibereurope.com\/nl\/product\/hcg019qi-sg\/\",\"name\":\"Digitale Wekker - Draadloze Oplader Voor Telefoon - Wake Up Light - Space Grey (HCG019QI-SG) | Caliber\",\"isPartOf\":{\"@id\":\"https:\/\/www.calibereurope.com\/nl\/#website\"},\"primaryImageOfPage\":{\"@id\":\"https:\/\/www.calibereurope.com\/nl\/product\/hcg019qi-sg\/#primaryimage\"},\"image\":{\"@id\":\"https:\/\/www.calibereurope.com\/nl\/product\/hcg019qi-sg\/#primaryimage\"},\"thumbnailUrl\":\"https:\/\/www.calibereurope.com\/wp-content\/uploads\/2026\/04\/0e56d72a5f714c245729df000acc3f10ce6b0028_HCG019QI_PB_Enhanced_Images_SG_07.jpg\",\"datePublished\":\"2026-04-12T00:00:00+00:00\",\"dateModified\":\"2026-04-20T12:50:50+00:00\",\"description\":\"Ben jij op zoek naar een Wekker? \u2713 Bestel dan nu de HCG019QI-SG bij Caliber. Gratis verzonden en snel geleverd \u2713\",\"breadcrumb\":{\"@id\":\"https:\/\/www.calibereurope.com\/nl\/product\/hcg019qi-sg\/#breadcrumb\"},\"inLanguage\":\"nl-NL\",\"potentialAction\":[{\"@type\":\"ReadAction\",\"target\":[\"https:\/\/www.calibereurope.com\/nl\/product\/hcg019qi-sg\/\"]}]},{\"@type\":\"ImageObject\",\"inLanguage\":\"nl-NL\",\"@id\":\"https:\/\/www.calibereurope.com\/nl\/product\/hcg019qi-sg\/#primaryimage\",\"url\":\"https:\/\/www.calibereurope.com\/wp-content\/uploads\/2026\/04\/0e56d72a5f714c245729df000acc3f10ce6b0028_HCG019QI_PB_Enhanced_Images_SG_07.jpg\",\"contentUrl\":\"https:\/\/www.calibereurope.com\/wp-content\/uploads\/2026\/04\/0e56d72a5f714c245729df000acc3f10ce6b0028_HCG019QI_PB_Enhanced_Images_SG_07.jpg\",\"width\":2500,\"height\":2500},{\"@type\":\"BreadcrumbList\",\"@id\":\"https:\/\/www.calibereurope.com\/nl\/product\/hcg019qi-sg\/#breadcrumb\",\"itemListElement\":[{\"@type\":\"ListItem\",\"position\":1,\"name\":\"Home\",\"item\":\"https:\/\/www.calibereurope.com\/nl\/\"},{\"@type\":\"ListItem\",\"position\":2,\"name\":\"Webshop\",\"item\":\"https:\/\/www.calibereurope.com\/nl\/webshop\/\"},{\"@type\":\"ListItem\",\"position\":3,\"name\":\"Wonen\",\"item\":\"https:\/\/www.calibereurope.com\/nl\/wonen\/\"},{\"@type\":\"ListItem\",\"position\":4,\"name\":\"Wekker(radio's)\",\"item\":\"https:\/\/www.calibereurope.com\/nl\/wonen\/wekker_radios\/\"},{\"@type\":\"ListItem\",\"position\":5,\"name\":\"Digitale Wekker &#8211; Draadloze Oplader Voor Telefoon &#8211; Wake Up Light &#8211; Space Grey (HCG019QI-SG)\"}]},{\"@type\":\"WebSite\",\"@id\":\"https:\/\/www.calibereurope.com\/nl\/#website\",\"url\":\"https:\/\/www.calibereurope.com\/nl\/\",\"name\":\"Caliber\",\"description\":\"Sounds good!\",\"publisher\":{\"@id\":\"https:\/\/www.calibereurope.com\/nl\/#organization\"},\"potentialAction\":[{\"@type\":\"SearchAction\",\"target\":{\"@type\":\"EntryPoint\",\"urlTemplate\":\"https:\/\/www.calibereurope.com\/nl\/?s={search_term_string}\"},\"query-input\":{\"@type\":\"PropertyValueSpecification\",\"valueRequired\":true,\"valueName\":\"search_term_string\"}}],\"inLanguage\":\"nl-NL\"},{\"@type\":\"Organization\",\"@id\":\"https:\/\/www.calibereurope.com\/nl\/#organization\",\"name\":\"Caliber Europe B.V.\",\"url\":\"https:\/\/www.calibereurope.com\/nl\/\",\"logo\":{\"@type\":\"ImageObject\",\"inLanguage\":\"nl-NL\",\"@id\":\"https:\/\/www.calibereurope.com\/nl\/#\/schema\/logo\/image\/\",\"url\":\"https:\/\/www.calibereurope.com\/wp-content\/uploads\/2019\/11\/Logo-Caliber-e1574846289621.png\",\"contentUrl\":\"https:\/\/www.calibereurope.com\/wp-content\/uploads\/2019\/11\/Logo-Caliber-e1574846289621.png\",\"width\":400,\"height\":69,\"caption\":\"Caliber Europe B.V.\"},\"image\":{\"@id\":\"https:\/\/www.calibereurope.com\/nl\/#\/schema\/logo\/image\/\"},\"sameAs\":[\"https:\/\/facebook.com\/CaliberEurope\/\",\"https:\/\/x.com\/calibereurope\",\"https:\/\/www.instagram.com\/calibereurope\/\"]}]}<\/script>\n<meta property=\"product:price:amount\" content=\"37.95\" \/>\n<meta property=\"product:price:currency\" content=\"EUR\" \/>\n<meta property=\"og:availability\" content=\"instock\" \/>\n<meta property=\"product:availability\" content=\"instock\" \/>\n<meta property=\"product:retailer_item_id\" content=\"HCG019QI-SG\" \/>\n<meta property=\"product:condition\" content=\"new\" \/>\n<!-- \/ Yoast SEO plugin. -->","yoast_head_json":{"title":"Digitale Wekker - Draadloze Oplader Voor Telefoon - Wake Up Light - Space Grey (HCG019QI-SG) | Caliber","description":"Ben jij op zoek naar een Wekker? \u2713 Bestel dan nu de HCG019QI-SG bij Caliber. Gratis verzonden en snel geleverd \u2713","robots":{"index":"index","follow":"follow","max-snippet":"max-snippet:-1","max-image-preview":"max-image-preview:large","max-video-preview":"max-video-preview:-1"},"canonical":"https:\/\/www.calibereurope.com\/nl\/product\/hcg019qi-sg\/","og_locale":"nl_NL","og_type":"article","og_title":"Digitale Wekker - Draadloze Oplader Voor Telefoon - Wake Up Light - Space Grey (HCG019QI-SG) | Caliber","og_description":"Ben jij op zoek naar een Wekker? \u2713 Bestel dan nu de HCG019QI-SG bij Caliber. Gratis verzonden en snel geleverd \u2713","og_url":"https:\/\/www.calibereurope.com\/nl\/product\/hcg019qi-sg\/","og_site_name":"Caliber","article_publisher":"https:\/\/facebook.com\/CaliberEurope\/","article_modified_time":"2026-04-20T12:50:50+00:00","og_image":[{"width":2500,"height":2500,"url":"https:\/\/www.calibereurope.com\/wp-content\/uploads\/2026\/04\/0e56d72a5f714c245729df000acc3f10ce6b0028_HCG019QI_PB_Enhanced_Images_SG_07.jpg","type":"image\/jpeg"}],"twitter_card":"summary_large_image","twitter_site":"@calibereurope","twitter_misc":{"Prijs":"37,95","Availability":"In stock"},"schema":{"@context":"https:\/\/schema.org","@graph":[{"@type":"WebPage","@id":"https:\/\/www.calibereurope.com\/nl\/product\/hcg019qi-sg\/","url":"https:\/\/www.calibereurope.com\/nl\/product\/hcg019qi-sg\/","name":"Digitale Wekker - Draadloze Oplader Voor Telefoon - Wake Up Light - Space Grey (HCG019QI-SG) | Caliber","isPartOf":{"@id":"https:\/\/www.calibereurope.com\/nl\/#website"},"primaryImageOfPage":{"@id":"https:\/\/www.calibereurope.com\/nl\/product\/hcg019qi-sg\/#primaryimage"},"image":{"@id":"https:\/\/www.calibereurope.com\/nl\/product\/hcg019qi-sg\/#primaryimage"},"thumbnailUrl":"https:\/\/www.calibereurope.com\/wp-content\/uploads\/2026\/04\/0e56d72a5f714c245729df000acc3f10ce6b0028_HCG019QI_PB_Enhanced_Images_SG_07.jpg","datePublished":"2026-04-12T00:00:00+00:00","dateModified":"2026-04-20T12:50:50+00:00","description":"Ben jij op zoek naar een Wekker? \u2713 Bestel dan nu de HCG019QI-SG bij Caliber. Gratis verzonden en snel geleverd \u2713","breadcrumb":{"@id":"https:\/\/www.calibereurope.com\/nl\/product\/hcg019qi-sg\/#breadcrumb"},"inLanguage":"nl-NL","potentialAction":[{"@type":"ReadAction","target":["https:\/\/www.calibereurope.com\/nl\/product\/hcg019qi-sg\/"]}]},{"@type":"ImageObject","inLanguage":"nl-NL","@id":"https:\/\/www.calibereurope.com\/nl\/product\/hcg019qi-sg\/#primaryimage","url":"https:\/\/www.calibereurope.com\/wp-content\/uploads\/2026\/04\/0e56d72a5f714c245729df000acc3f10ce6b0028_HCG019QI_PB_Enhanced_Images_SG_07.jpg","contentUrl":"https:\/\/www.calibereurope.com\/wp-content\/uploads\/2026\/04\/0e56d72a5f714c245729df000acc3f10ce6b0028_HCG019QI_PB_Enhanced_Images_SG_07.jpg","width":2500,"height":2500},{"@type":"BreadcrumbList","@id":"https:\/\/www.calibereurope.com\/nl\/product\/hcg019qi-sg\/#breadcrumb","itemListElement":[{"@type":"ListItem","position":1,"name":"Home","item":"https:\/\/www.calibereurope.com\/nl\/"},{"@type":"ListItem","position":2,"name":"Webshop","item":"https:\/\/www.calibereurope.com\/nl\/webshop\/"},{"@type":"ListItem","position":3,"name":"Wonen","item":"https:\/\/www.calibereurope.com\/nl\/wonen\/"},{"@type":"ListItem","position":4,"name":"Wekker(radio's)","item":"https:\/\/www.calibereurope.com\/nl\/wonen\/wekker_radios\/"},{"@type":"ListItem","position":5,"name":"Digitale Wekker &#8211; Draadloze Oplader Voor Telefoon &#8211; Wake Up Light &#8211; Space Grey (HCG019QI-SG)"}]},{"@type":"WebSite","@id":"https:\/\/www.calibereurope.com\/nl\/#website","url":"https:\/\/www.calibereurope.com\/nl\/","name":"Caliber","description":"Sounds good!","publisher":{"@id":"https:\/\/www.calibereurope.com\/nl\/#organization"},"potentialAction":[{"@type":"SearchAction","target":{"@type":"EntryPoint","urlTemplate":"https:\/\/www.calibereurope.com\/nl\/?s={search_term_string}"},"query-input":{"@type":"PropertyValueSpecification","valueRequired":true,"valueName":"search_term_string"}}],"inLanguage":"nl-NL"},{"@type":"Organization","@id":"https:\/\/www.calibereurope.com\/nl\/#organization","name":"Caliber Europe B.V.","url":"https:\/\/www.calibereurope.com\/nl\/","logo":{"@type":"ImageObject","inLanguage":"nl-NL","@id":"https:\/\/www.calibereurope.com\/nl\/#\/schema\/logo\/image\/","url":"https:\/\/www.calibereurope.com\/wp-content\/uploads\/2019\/11\/Logo-Caliber-e1574846289621.png","contentUrl":"https:\/\/www.calibereurope.com\/wp-content\/uploads\/2019\/11\/Logo-Caliber-e1574846289621.png","width":400,"height":69,"caption":"Caliber Europe B.V."},"image":{"@id":"https:\/\/www.calibereurope.com\/nl\/#\/schema\/logo\/image\/"},"sameAs":["https:\/\/facebook.com\/CaliberEurope\/","https:\/\/x.com\/calibereurope","https:\/\/www.instagram.com\/calibereurope\/"]}]},"product_price_amount":"37.95","product_price_currency":"EUR","og_availability":"instock","product_availability":"instock","product_retailer_item_id":"HCG019QI-SG","product_condition":"new"},"_links":{"self":[{"href":"https:\/\/www.calibereurope.com\/nl\/wp-json\/wp\/v2\/product\/381675","targetHints":{"allow":["GET"]}}],"collection":[{"href":"https:\/\/www.calibereurope.com\/nl\/wp-json\/wp\/v2\/product"}],"about":[{"href":"https:\/\/www.calibereurope.com\/nl\/wp-json\/wp\/v2\/types\/product"}],"replies":[{"embeddable":true,"href":"https:\/\/www.calibereurope.com\/nl\/wp-json\/wp\/v2\/comments?post=381675"}],"wp:featuredmedia":[{"embeddable":true,"href":"https:\/\/www.calibereurope.com\/nl\/wp-json\/wp\/v2\/media\/1688213"}],"wp:attachment":[{"href":"https:\/\/www.calibereurope.com\/nl\/wp-json\/wp\/v2\/media?parent=381675"}],"wp:term":[{"taxonomy":"product_brand","embeddable":true,"href":"https:\/\/www.calibereurope.com\/nl\/wp-json\/wp\/v2\/product_brand?post=381675"},{"taxonomy":"product_cat","embeddable":true,"href":"https:\/\/www.calibereurope.com\/nl\/wp-json\/wp\/v2\/product_cat?post=381675"},{"taxonomy":"product_tag","embeddable":true,"href":"https:\/\/www.calibereurope.com\/nl\/wp-json\/wp\/v2\/product_tag?post=381675"}],"curies":[{"name":"wp","href":"https:\/\/api.w.org\/{rel}","templated":true}]}}