{"id":381963,"date":"2026-04-12T02:00:00","date_gmt":"2026-04-12T00:00:00","guid":{"rendered":"http:\/\/0"},"modified":"2026-04-15T12:27:48","modified_gmt":"2026-04-15T10:27:48","slug":"hcg019qi-ba","status":"publish","type":"product","link":"https:\/\/www.calibereurope.com\/nl\/product\/hcg019qi-ba\/","title":{"rendered":"Digitale Wekker met Draadloze Oplader &#8211; Dual Alarmklok &#8211; Nachtlamp en Wake Up Light (HCG019QI-BA)"},"content":{"rendered":"<p> De Caliber HCG019QI-BA digitale wekker met draadloze oplader is ideaal voor iedereen die houdt van moderne technologie. Je kunt er <strong>2 alarmtijden<\/strong> op instellen, je telefoon opladen met de <strong>draadloze oplader<\/strong> \u00e9n er zit een <strong>nachtlamp <\/strong>met <strong>verschillende sfeervolle kleuren <\/strong>in deze alarmklok. Het <strong>grote witte display <\/strong>is <strong>dimbaar<\/strong>. Dankzij het <strong>wake up light <\/strong>en de <strong>snooze functie <\/strong>wordt opstaan een stuk makkelijker! Deze digitale wekker oplader komt in een <strong>matchende zwarte iPhone kleur<\/strong> en de <strong>back-up batterij <\/strong>zorgt ervoor dat je altijd voorzien bent van een alarm! <\/p>\n<p> <strong>Eigenschappen:<\/strong> <\/p>\n<ul>\n<li>Wekker en draadloze telefoonlader in \u00e9\u00e9n <\/li>\n<li>Wake up light <\/li>\n<li>2 alarmtijden <\/li>\n<li>Snooze functie <\/li>\n<li>Groot wit display <\/li>\n<li>Dimbaar <\/li>\n<li>Nachtlamp in diverse kleuren <\/li>\n<li>Back-up batterij <\/li>\n<li>In de kleur van de iPhone zwart <\/li>\n<\/ul>\n<p> <strong>Let op: <\/strong>Geen FM\/radio functie <\/p>\n<h3>De beste features<\/h3>\n<p> Deze digitale wekker van Caliber is precies wat je nodig hebt. Dankzij de verschillende mogelijkheden kun je wakker worden zoals jij wilt. Stel bijvoorbeeld een aparte alarmtijd in voor jou \u00e9n je partner. De dual alarm functie maakt het mogelijk om twee wekkers tegelijkertijd te zetten. Gebruik de bekende snooze functie om nog eventjes te blijven liggen zonder een grote kans om je te verslapen. Door het grote witte display is de tijd altijd goed te lezen. Op deze Caliber wekker zit geen radio functie. Je wordt gewekt met een zoemer geluid. <\/p>\n<h3>Slimme technologie<\/h3>\n<p> Deze Caliber alarmklok is tegelijkertijd ook een oplader voor je telefoon. Met de wekker oplader kun je je iPhone of andere smartphone draadloos opladen. De wekker is namelijk voorzien van Qi-technologie, die fast charging mogelijk maakt. Als jouw telefoon dit ondersteunt, kun je in een handomdraai draadloos opladen. Is dat niet het geval? Dan kun je je telefoon gemakkelijk opladen via de USB-poort van de wekker oplader. Ook heeft deze digitale wekker een slimme dimfunctie. \u2018s Avonds wordt het licht vanzelf minder fel totdat het rond middernacht op zijn zachtst is, om vervolgens weer feller te worden richting de ochtend. Zo fungeert deze Caliber wekker ook direct als een wake up light, wat het makkelijker maakt om wakker te worden. <\/p>\n<h3>Handige extra\u2019s<\/h3>\n<p> Naast al deze functies en features heeft deze Caliber wekker met draadloze oplader ook een nachtlamp met verschillende kleuren. Hiermee kun je zelf de sfeer van de kamer bepalen. Zo heb je maar \u00e9\u00e9n stopcontact nodig voor je wekker, oplader \u00e9n nachtlampje. Ideaal! Verder heeft deze mooie zwarte wekker ook een back-up batterij, die zorgt dat je altijd op je alarm kunt vertrouwen, zelfs als de stroom even weggevallen is. <\/p>\n","protected":false},"excerpt":{"rendered":"<ul>\n<li>Wekker en draadloze telefoonlader in \u00e9\u00e9n<\/li>\n<li>Wake up light<\/li>\n<li>2 alarmtijden<\/li>\n<li>Snooze functie<\/li>\n<li>Groot wit display<\/li>\n<li>Dimbaar<\/li>\n<li>Nachtlamp in diverse kleuren<\/li>\n<li>Back-up batterij<\/li>\n<li>In de kleur van de iPhone zwart<\/li>\n<\/ul>\n","protected":false},"featured_media":1688405,"comment_status":"open","ping_status":"open","template":"","meta":{"inline_featured_image":false},"product_brand":[],"product_cat":[1524,1530],"product_tag":[],"class_list":{"0":"post-381963","1":"product","2":"type-product","3":"status-publish","4":"has-post-thumbnail","6":"product_cat-wonen","7":"product_cat-wekker_radios","9":"first","10":"instock","11":"taxable","12":"shipping-taxable","13":"purchasable","14":"product-type-simple"},"yoast_head":"<!-- This site is optimized with the Yoast SEO plugin v24.4 - https:\/\/yoast.com\/wordpress\/plugins\/seo\/ -->\n<title>Digitale Wekker met Draadloze Oplader - Dual Alarmklok - Nachtlamp en Wake Up Light (HCG019QI-BA) | Caliber<\/title>\n<meta name=\"description\" content=\"Ben jij op zoek naar een Wekker? \u2713 Bestel dan nu de HCG019QI-BA bij Caliber. Gratis verzonden en snel geleverd \u2713\" \/>\n<meta name=\"robots\" content=\"index, follow, max-snippet:-1, max-image-preview:large, max-video-preview:-1\" \/>\n<link rel=\"canonical\" href=\"https:\/\/www.calibereurope.com\/nl\/product\/hcg019qi-ba\/\" \/>\n<meta property=\"og:locale\" content=\"nl_NL\" \/>\n<meta property=\"og:type\" content=\"article\" \/>\n<meta property=\"og:title\" content=\"Digitale Wekker met Draadloze Oplader - Dual Alarmklok - Nachtlamp en Wake Up Light (HCG019QI-BA) | Caliber\" \/>\n<meta property=\"og:description\" content=\"Ben jij op zoek naar een Wekker? \u2713 Bestel dan nu de HCG019QI-BA bij Caliber. Gratis verzonden en snel geleverd \u2713\" \/>\n<meta property=\"og:url\" content=\"https:\/\/www.calibereurope.com\/nl\/product\/hcg019qi-ba\/\" \/>\n<meta property=\"og:site_name\" content=\"Caliber\" \/>\n<meta property=\"article:publisher\" content=\"https:\/\/facebook.com\/CaliberEurope\/\" \/>\n<meta property=\"article:modified_time\" content=\"2026-04-15T10:27:48+00:00\" \/>\n<meta property=\"og:image\" content=\"https:\/\/www.calibereurope.com\/wp-content\/uploads\/2026\/04\/be99945668c8fda55b953d03e279accfbc267674_HCG019QI_BA_Enhanced_Images_BA_07.jpg\" \/>\n\t<meta property=\"og:image:width\" content=\"2500\" \/>\n\t<meta property=\"og:image:height\" content=\"2500\" \/>\n\t<meta property=\"og:image:type\" content=\"image\/jpeg\" \/>\n<meta name=\"twitter:card\" content=\"summary_large_image\" \/>\n<meta name=\"twitter:site\" content=\"@calibereurope\" \/>\n<meta name=\"twitter:label1\" content=\"Prijs\" \/>\n\t<meta name=\"twitter:data1\" content=\"37,95\" \/>\n\t<meta name=\"twitter:label2\" content=\"Availability\" \/>\n\t<meta name=\"twitter:data2\" content=\"In stock\" \/>\n<script type=\"application\/ld+json\" class=\"yoast-schema-graph\">{\"@context\":\"https:\/\/schema.org\",\"@graph\":[{\"@type\":\"WebPage\",\"@id\":\"https:\/\/www.calibereurope.com\/nl\/product\/hcg019qi-ba\/\",\"url\":\"https:\/\/www.calibereurope.com\/nl\/product\/hcg019qi-ba\/\",\"name\":\"Digitale Wekker met Draadloze Oplader - Dual Alarmklok - Nachtlamp en Wake Up Light (HCG019QI-BA) | Caliber\",\"isPartOf\":{\"@id\":\"https:\/\/www.calibereurope.com\/nl\/#website\"},\"primaryImageOfPage\":{\"@id\":\"https:\/\/www.calibereurope.com\/nl\/product\/hcg019qi-ba\/#primaryimage\"},\"image\":{\"@id\":\"https:\/\/www.calibereurope.com\/nl\/product\/hcg019qi-ba\/#primaryimage\"},\"thumbnailUrl\":\"https:\/\/www.calibereurope.com\/wp-content\/uploads\/2026\/04\/be99945668c8fda55b953d03e279accfbc267674_HCG019QI_BA_Enhanced_Images_BA_07.jpg\",\"datePublished\":\"2026-04-12T00:00:00+00:00\",\"dateModified\":\"2026-04-15T10:27:48+00:00\",\"description\":\"Ben jij op zoek naar een Wekker? \u2713 Bestel dan nu de HCG019QI-BA bij Caliber. Gratis verzonden en snel geleverd \u2713\",\"breadcrumb\":{\"@id\":\"https:\/\/www.calibereurope.com\/nl\/product\/hcg019qi-ba\/#breadcrumb\"},\"inLanguage\":\"nl-NL\",\"potentialAction\":[{\"@type\":\"ReadAction\",\"target\":[\"https:\/\/www.calibereurope.com\/nl\/product\/hcg019qi-ba\/\"]}]},{\"@type\":\"ImageObject\",\"inLanguage\":\"nl-NL\",\"@id\":\"https:\/\/www.calibereurope.com\/nl\/product\/hcg019qi-ba\/#primaryimage\",\"url\":\"https:\/\/www.calibereurope.com\/wp-content\/uploads\/2026\/04\/be99945668c8fda55b953d03e279accfbc267674_HCG019QI_BA_Enhanced_Images_BA_07.jpg\",\"contentUrl\":\"https:\/\/www.calibereurope.com\/wp-content\/uploads\/2026\/04\/be99945668c8fda55b953d03e279accfbc267674_HCG019QI_BA_Enhanced_Images_BA_07.jpg\",\"width\":2500,\"height\":2500},{\"@type\":\"BreadcrumbList\",\"@id\":\"https:\/\/www.calibereurope.com\/nl\/product\/hcg019qi-ba\/#breadcrumb\",\"itemListElement\":[{\"@type\":\"ListItem\",\"position\":1,\"name\":\"Home\",\"item\":\"https:\/\/www.calibereurope.com\/nl\/\"},{\"@type\":\"ListItem\",\"position\":2,\"name\":\"Webshop\",\"item\":\"https:\/\/www.calibereurope.com\/nl\/webshop\/\"},{\"@type\":\"ListItem\",\"position\":3,\"name\":\"Wonen\",\"item\":\"https:\/\/www.calibereurope.com\/nl\/wonen\/\"},{\"@type\":\"ListItem\",\"position\":4,\"name\":\"Wekker(radio's)\",\"item\":\"https:\/\/www.calibereurope.com\/nl\/wonen\/wekker_radios\/\"},{\"@type\":\"ListItem\",\"position\":5,\"name\":\"Digitale Wekker met Draadloze Oplader &#8211; Dual Alarmklok &#8211; Nachtlamp en Wake Up Light (HCG019QI-BA)\"}]},{\"@type\":\"WebSite\",\"@id\":\"https:\/\/www.calibereurope.com\/nl\/#website\",\"url\":\"https:\/\/www.calibereurope.com\/nl\/\",\"name\":\"Caliber\",\"description\":\"Sounds good!\",\"publisher\":{\"@id\":\"https:\/\/www.calibereurope.com\/nl\/#organization\"},\"potentialAction\":[{\"@type\":\"SearchAction\",\"target\":{\"@type\":\"EntryPoint\",\"urlTemplate\":\"https:\/\/www.calibereurope.com\/nl\/?s={search_term_string}\"},\"query-input\":{\"@type\":\"PropertyValueSpecification\",\"valueRequired\":true,\"valueName\":\"search_term_string\"}}],\"inLanguage\":\"nl-NL\"},{\"@type\":\"Organization\",\"@id\":\"https:\/\/www.calibereurope.com\/nl\/#organization\",\"name\":\"Caliber Europe B.V.\",\"url\":\"https:\/\/www.calibereurope.com\/nl\/\",\"logo\":{\"@type\":\"ImageObject\",\"inLanguage\":\"nl-NL\",\"@id\":\"https:\/\/www.calibereurope.com\/nl\/#\/schema\/logo\/image\/\",\"url\":\"https:\/\/www.calibereurope.com\/wp-content\/uploads\/2019\/11\/Logo-Caliber-e1574846289621.png\",\"contentUrl\":\"https:\/\/www.calibereurope.com\/wp-content\/uploads\/2019\/11\/Logo-Caliber-e1574846289621.png\",\"width\":400,\"height\":69,\"caption\":\"Caliber Europe B.V.\"},\"image\":{\"@id\":\"https:\/\/www.calibereurope.com\/nl\/#\/schema\/logo\/image\/\"},\"sameAs\":[\"https:\/\/facebook.com\/CaliberEurope\/\",\"https:\/\/x.com\/calibereurope\",\"https:\/\/www.instagram.com\/calibereurope\/\"]}]}<\/script>\n<meta property=\"product:price:amount\" content=\"37.95\" \/>\n<meta property=\"product:price:currency\" content=\"EUR\" \/>\n<meta property=\"og:availability\" content=\"instock\" \/>\n<meta property=\"product:availability\" content=\"instock\" \/>\n<meta property=\"product:retailer_item_id\" content=\"HCG019QI-BA\" \/>\n<meta property=\"product:condition\" content=\"new\" \/>\n<!-- \/ Yoast SEO plugin. -->","yoast_head_json":{"title":"Digitale Wekker met Draadloze Oplader - Dual Alarmklok - Nachtlamp en Wake Up Light (HCG019QI-BA) | Caliber","description":"Ben jij op zoek naar een Wekker? \u2713 Bestel dan nu de HCG019QI-BA bij Caliber. Gratis verzonden en snel geleverd \u2713","robots":{"index":"index","follow":"follow","max-snippet":"max-snippet:-1","max-image-preview":"max-image-preview:large","max-video-preview":"max-video-preview:-1"},"canonical":"https:\/\/www.calibereurope.com\/nl\/product\/hcg019qi-ba\/","og_locale":"nl_NL","og_type":"article","og_title":"Digitale Wekker met Draadloze Oplader - Dual Alarmklok - Nachtlamp en Wake Up Light (HCG019QI-BA) | Caliber","og_description":"Ben jij op zoek naar een Wekker? \u2713 Bestel dan nu de HCG019QI-BA bij Caliber. Gratis verzonden en snel geleverd \u2713","og_url":"https:\/\/www.calibereurope.com\/nl\/product\/hcg019qi-ba\/","og_site_name":"Caliber","article_publisher":"https:\/\/facebook.com\/CaliberEurope\/","article_modified_time":"2026-04-15T10:27:48+00:00","og_image":[{"width":2500,"height":2500,"url":"https:\/\/www.calibereurope.com\/wp-content\/uploads\/2026\/04\/be99945668c8fda55b953d03e279accfbc267674_HCG019QI_BA_Enhanced_Images_BA_07.jpg","type":"image\/jpeg"}],"twitter_card":"summary_large_image","twitter_site":"@calibereurope","twitter_misc":{"Prijs":"37,95","Availability":"In stock"},"schema":{"@context":"https:\/\/schema.org","@graph":[{"@type":"WebPage","@id":"https:\/\/www.calibereurope.com\/nl\/product\/hcg019qi-ba\/","url":"https:\/\/www.calibereurope.com\/nl\/product\/hcg019qi-ba\/","name":"Digitale Wekker met Draadloze Oplader - Dual Alarmklok - Nachtlamp en Wake Up Light (HCG019QI-BA) | Caliber","isPartOf":{"@id":"https:\/\/www.calibereurope.com\/nl\/#website"},"primaryImageOfPage":{"@id":"https:\/\/www.calibereurope.com\/nl\/product\/hcg019qi-ba\/#primaryimage"},"image":{"@id":"https:\/\/www.calibereurope.com\/nl\/product\/hcg019qi-ba\/#primaryimage"},"thumbnailUrl":"https:\/\/www.calibereurope.com\/wp-content\/uploads\/2026\/04\/be99945668c8fda55b953d03e279accfbc267674_HCG019QI_BA_Enhanced_Images_BA_07.jpg","datePublished":"2026-04-12T00:00:00+00:00","dateModified":"2026-04-15T10:27:48+00:00","description":"Ben jij op zoek naar een Wekker? \u2713 Bestel dan nu de HCG019QI-BA bij Caliber. Gratis verzonden en snel geleverd \u2713","breadcrumb":{"@id":"https:\/\/www.calibereurope.com\/nl\/product\/hcg019qi-ba\/#breadcrumb"},"inLanguage":"nl-NL","potentialAction":[{"@type":"ReadAction","target":["https:\/\/www.calibereurope.com\/nl\/product\/hcg019qi-ba\/"]}]},{"@type":"ImageObject","inLanguage":"nl-NL","@id":"https:\/\/www.calibereurope.com\/nl\/product\/hcg019qi-ba\/#primaryimage","url":"https:\/\/www.calibereurope.com\/wp-content\/uploads\/2026\/04\/be99945668c8fda55b953d03e279accfbc267674_HCG019QI_BA_Enhanced_Images_BA_07.jpg","contentUrl":"https:\/\/www.calibereurope.com\/wp-content\/uploads\/2026\/04\/be99945668c8fda55b953d03e279accfbc267674_HCG019QI_BA_Enhanced_Images_BA_07.jpg","width":2500,"height":2500},{"@type":"BreadcrumbList","@id":"https:\/\/www.calibereurope.com\/nl\/product\/hcg019qi-ba\/#breadcrumb","itemListElement":[{"@type":"ListItem","position":1,"name":"Home","item":"https:\/\/www.calibereurope.com\/nl\/"},{"@type":"ListItem","position":2,"name":"Webshop","item":"https:\/\/www.calibereurope.com\/nl\/webshop\/"},{"@type":"ListItem","position":3,"name":"Wonen","item":"https:\/\/www.calibereurope.com\/nl\/wonen\/"},{"@type":"ListItem","position":4,"name":"Wekker(radio's)","item":"https:\/\/www.calibereurope.com\/nl\/wonen\/wekker_radios\/"},{"@type":"ListItem","position":5,"name":"Digitale Wekker met Draadloze Oplader &#8211; Dual Alarmklok &#8211; Nachtlamp en Wake Up Light (HCG019QI-BA)"}]},{"@type":"WebSite","@id":"https:\/\/www.calibereurope.com\/nl\/#website","url":"https:\/\/www.calibereurope.com\/nl\/","name":"Caliber","description":"Sounds good!","publisher":{"@id":"https:\/\/www.calibereurope.com\/nl\/#organization"},"potentialAction":[{"@type":"SearchAction","target":{"@type":"EntryPoint","urlTemplate":"https:\/\/www.calibereurope.com\/nl\/?s={search_term_string}"},"query-input":{"@type":"PropertyValueSpecification","valueRequired":true,"valueName":"search_term_string"}}],"inLanguage":"nl-NL"},{"@type":"Organization","@id":"https:\/\/www.calibereurope.com\/nl\/#organization","name":"Caliber Europe B.V.","url":"https:\/\/www.calibereurope.com\/nl\/","logo":{"@type":"ImageObject","inLanguage":"nl-NL","@id":"https:\/\/www.calibereurope.com\/nl\/#\/schema\/logo\/image\/","url":"https:\/\/www.calibereurope.com\/wp-content\/uploads\/2019\/11\/Logo-Caliber-e1574846289621.png","contentUrl":"https:\/\/www.calibereurope.com\/wp-content\/uploads\/2019\/11\/Logo-Caliber-e1574846289621.png","width":400,"height":69,"caption":"Caliber Europe B.V."},"image":{"@id":"https:\/\/www.calibereurope.com\/nl\/#\/schema\/logo\/image\/"},"sameAs":["https:\/\/facebook.com\/CaliberEurope\/","https:\/\/x.com\/calibereurope","https:\/\/www.instagram.com\/calibereurope\/"]}]},"product_price_amount":"37.95","product_price_currency":"EUR","og_availability":"instock","product_availability":"instock","product_retailer_item_id":"HCG019QI-BA","product_condition":"new"},"_links":{"self":[{"href":"https:\/\/www.calibereurope.com\/nl\/wp-json\/wp\/v2\/product\/381963","targetHints":{"allow":["GET"]}}],"collection":[{"href":"https:\/\/www.calibereurope.com\/nl\/wp-json\/wp\/v2\/product"}],"about":[{"href":"https:\/\/www.calibereurope.com\/nl\/wp-json\/wp\/v2\/types\/product"}],"replies":[{"embeddable":true,"href":"https:\/\/www.calibereurope.com\/nl\/wp-json\/wp\/v2\/comments?post=381963"}],"wp:featuredmedia":[{"embeddable":true,"href":"https:\/\/www.calibereurope.com\/nl\/wp-json\/wp\/v2\/media\/1688405"}],"wp:attachment":[{"href":"https:\/\/www.calibereurope.com\/nl\/wp-json\/wp\/v2\/media?parent=381963"}],"wp:term":[{"taxonomy":"product_brand","embeddable":true,"href":"https:\/\/www.calibereurope.com\/nl\/wp-json\/wp\/v2\/product_brand?post=381963"},{"taxonomy":"product_cat","embeddable":true,"href":"https:\/\/www.calibereurope.com\/nl\/wp-json\/wp\/v2\/product_cat?post=381963"},{"taxonomy":"product_tag","embeddable":true,"href":"https:\/\/www.calibereurope.com\/nl\/wp-json\/wp\/v2\/product_tag?post=381963"}],"curies":[{"name":"wp","href":"https:\/\/api.w.org\/{rel}","templated":true}]}}