{"id":622864,"date":"2022-05-23T00:00:00","date_gmt":"2022-05-23T00:00:00","guid":{"rendered":""},"modified":"2022-11-10T13:44:47","modified_gmt":"2022-11-10T12:44:47","slug":"vch602blblue-21-de_de","status":"publish","type":"product","link":"https:\/\/www.calibereurope.com\/nl\/product\/vch602blblue-21-de_de\/","title":{"rendered":"Schnurloser Staubsauger 135W blau (VCH602BLBLUE 2:1)"},"content":{"rendered":"<p>Ein Staubsauger ist ein Ger\u00e4t, ohne dass man sich den Alltag nur schwer vorstellen kann. Er ist ein ausgezeichneter Helfer bei der Hausreinigung, der wirksam Staub, Milben, Feinpartikel und andere Verunreinigungen aus Ihrer Umgebung entfernt und im Ger\u00e4t festh\u00e4lt.<\/p>\n<p>Das Modell VCH602 ist ein leistungsstarker kabelloser Standstaubsauger mit ausgezeichneter Energieeffizienz und hoher Saugleistung, der von einem leistungsstarken 22,2-V-Motor angetrieben wird.<\/p>\n<p>Der Betrieb des Ger\u00e4tes basiert auf der sogenannten Fliehkraftabscheidung von Staub. Im Beh\u00e4lter, in den die angesaugte Luft eintritt, wird der Staub durch Fliehkraft abgeschieden und die gereinigte Luft nach dem Durchstr\u00f6men der nachfolgenden Filter zum Auslass geleitet.<\/p>\n<p>Ausgestattet mit einem dreifachen Luftfiltersystem hat der Staubsauger auch einen wesentlichen Einfluss auf die Qualit\u00e4t der Luft im zu reinigenden Raum. Zwei Vorfilter und ein HEPA-Filter sorgen daf\u00fcr, dass keinerlei Staub, Bakterien oder Pilzzellen aus dem Ger\u00e4t austreten k\u00f6nnen.<\/p>\n<p>Es wird empfohlen, den HEPA-Filter alle 4 Monate und die Vorfilter alle 2 Monate zu wechseln, abh\u00e4ngig von der Intensit\u00e4t der Benutzung des Staubsaugers. Das Set, bestehend aus zwei Eingangsfiltern und einem Ausgangsfilter, ist als Zubeh\u00f6r unter dem Symbol ACC041 erh\u00e4ltlich.<\/p>\n<p>Die Verunreinigungen werden in einem 0,7-Liter-Beh\u00e4lter aus Kunststoff gesammelt, der leicht zu entleeren und zu reinigen ist.<\/p>\n<p>Das freie Man\u00f6vrieren w\u00e4hrend der Arbeit ist ein gro\u00dfer Vorteil dieses drahtlosen Modells. Dank der langlebigen Lithium-Batterie hat das Ger\u00e4t eine Betriebszeit von 30 Minuten, so dass Sie auch in einem gro\u00dfen Haus B\u00f6den saugen k\u00f6nnen.<\/p>\n<p>Den Bedienkomfort vervollst\u00e4ndigen eine 2-in-1-Universald\u00fcse, eine elektrische B\u00fcrste, die Haare und Fell von Teppichen und Bodenbel\u00e4gen perfekt ausk\u00e4mmt, sowie eine spezielle lange, schmale, flexible D\u00fcse, die alle Ecken erreicht, in denen Staub lauert.<\/p>\n<p>Die vertikale Bauweise des Modells VCH602, sein relativ geringes Gewicht von 2,4 kg und seine kompakte Gr\u00f6\u00dfe machen ihn \u00e4u\u00dferst komfortabel in der Handhabung, gleichzeitig nimmt er viel weniger Platz als herk\u00f6mmliche Staubsauger in Anspruch.<\/p>\n","protected":false},"excerpt":{"rendered":"<p>Ein Staubsauger ist ein Ger\u00e4t, ohne dass man sich den Alltag nur schwer vorstellen kann. Er ist ein ausgezeichneter Helfer bei der Hausreinigung, der wirksam Staub, Milben, Feinpartikel und andere Verunreinigungen aus Ihrer Umgebung entfernt und im Ger\u00e4t festh\u00e4lt. Das Modell VCH602 ist ein leistungsstarker kabelloser Standstaubsauger mit ausgezeichneter Energieeffizienz und hoher Saugleistung, der von [&hellip;]<\/p>\n","protected":false},"featured_media":1240151,"comment_status":"open","ping_status":"open","template":"","meta":{"inline_featured_image":false},"product_brand":[],"product_cat":[7915,7885],"product_tag":[],"class_list":{"0":"post-622864","1":"product","2":"type-product","3":"status-publish","4":"has-post-thumbnail","6":"product_cat-huishoudelijke_apparaten_de_DE","7":"product_cat-wonen_de_DE","9":"first","10":"outofstock","11":"taxable","12":"shipping-taxable","13":"purchasable","14":"product-type-simple"},"yoast_head":"<!-- This site is optimized with the Yoast SEO plugin v24.4 - https:\/\/yoast.com\/wordpress\/plugins\/seo\/ -->\n<title>Schnurloser Staubsauger 135W blau (VCH602BLBLUE 2:1) | Caliber<\/title>\n<meta name=\"robots\" content=\"index, follow, max-snippet:-1, max-image-preview:large, max-video-preview:-1\" \/>\n<link rel=\"canonical\" href=\"https:\/\/www.calibereurope.com\/nl\/product\/vch602blblue-21-de_de\/\" \/>\n<meta property=\"og:locale\" content=\"nl_NL\" \/>\n<meta property=\"og:type\" content=\"article\" \/>\n<meta property=\"og:title\" content=\"Schnurloser Staubsauger 135W blau (VCH602BLBLUE 2:1) | Caliber\" \/>\n<meta property=\"og:description\" content=\"Ein Staubsauger ist ein Ger\u00e4t, ohne dass man sich den Alltag nur schwer vorstellen kann. Er ist ein ausgezeichneter Helfer bei der Hausreinigung, der wirksam Staub, Milben, Feinpartikel und andere Verunreinigungen aus Ihrer Umgebung entfernt und im Ger\u00e4t festh\u00e4lt. Das Modell VCH602 ist ein leistungsstarker kabelloser Standstaubsauger mit ausgezeichneter Energieeffizienz und hoher Saugleistung, der von [&hellip;]\" \/>\n<meta property=\"og:url\" content=\"https:\/\/www.calibereurope.com\/nl\/product\/vch602blblue-21-de_de\/\" \/>\n<meta property=\"og:site_name\" content=\"Caliber\" \/>\n<meta property=\"article:publisher\" content=\"https:\/\/facebook.com\/CaliberEurope\/\" \/>\n<meta property=\"article:modified_time\" content=\"2022-11-10T12:44:47+00:00\" \/>\n<meta property=\"og:image\" content=\"https:\/\/www.calibereurope.com\/wp-content\/uploads\/2022\/05\/09511ace24ddbdf9770270d06e941cb829a5d820_VCH602BL-3.jpg\" \/>\n\t<meta property=\"og:image:width\" content=\"1024\" \/>\n\t<meta property=\"og:image:height\" content=\"768\" \/>\n\t<meta property=\"og:image:type\" content=\"image\/jpeg\" \/>\n<meta name=\"twitter:card\" content=\"summary_large_image\" \/>\n<meta name=\"twitter:site\" content=\"@calibereurope\" \/>\n<meta name=\"twitter:label1\" content=\"Prijs\" \/>\n\t<meta name=\"twitter:data1\" content=\"149,90\" \/>\n\t<meta name=\"twitter:label2\" content=\"Availability\" \/>\n\t<meta name=\"twitter:data2\" content=\"Out of stock\" \/>\n<script type=\"application\/ld+json\" class=\"yoast-schema-graph\">{\"@context\":\"https:\/\/schema.org\",\"@graph\":[{\"@type\":\"WebPage\",\"@id\":\"https:\/\/www.calibereurope.com\/nl\/product\/vch602blblue-21-de_de\/\",\"url\":\"https:\/\/www.calibereurope.com\/nl\/product\/vch602blblue-21-de_de\/\",\"name\":\"Schnurloser Staubsauger 135W blau (VCH602BLBLUE 2:1) | Caliber\",\"isPartOf\":{\"@id\":\"https:\/\/www.calibereurope.com\/nl\/#website\"},\"primaryImageOfPage\":{\"@id\":\"https:\/\/www.calibereurope.com\/nl\/product\/vch602blblue-21-de_de\/#primaryimage\"},\"image\":{\"@id\":\"https:\/\/www.calibereurope.com\/nl\/product\/vch602blblue-21-de_de\/#primaryimage\"},\"thumbnailUrl\":\"https:\/\/www.calibereurope.com\/wp-content\/uploads\/2022\/05\/09511ace24ddbdf9770270d06e941cb829a5d820_VCH602BL-3.jpg\",\"datePublished\":\"2022-05-23T00:00:00+00:00\",\"dateModified\":\"2022-11-10T12:44:47+00:00\",\"breadcrumb\":{\"@id\":\"https:\/\/www.calibereurope.com\/nl\/product\/vch602blblue-21-de_de\/#breadcrumb\"},\"inLanguage\":\"nl-NL\",\"potentialAction\":[{\"@type\":\"ReadAction\",\"target\":[\"https:\/\/www.calibereurope.com\/nl\/product\/vch602blblue-21-de_de\/\"]}]},{\"@type\":\"ImageObject\",\"inLanguage\":\"nl-NL\",\"@id\":\"https:\/\/www.calibereurope.com\/nl\/product\/vch602blblue-21-de_de\/#primaryimage\",\"url\":\"https:\/\/www.calibereurope.com\/wp-content\/uploads\/2022\/05\/09511ace24ddbdf9770270d06e941cb829a5d820_VCH602BL-3.jpg\",\"contentUrl\":\"https:\/\/www.calibereurope.com\/wp-content\/uploads\/2022\/05\/09511ace24ddbdf9770270d06e941cb829a5d820_VCH602BL-3.jpg\",\"width\":1024,\"height\":768},{\"@type\":\"BreadcrumbList\",\"@id\":\"https:\/\/www.calibereurope.com\/nl\/product\/vch602blblue-21-de_de\/#breadcrumb\",\"itemListElement\":[{\"@type\":\"ListItem\",\"position\":1,\"name\":\"Home\",\"item\":\"https:\/\/www.calibereurope.com\/nl\/\"},{\"@type\":\"ListItem\",\"position\":2,\"name\":\"Webshop\",\"item\":\"https:\/\/www.calibereurope.com\/nl\/webshop\/\"},{\"@type\":\"ListItem\",\"position\":3,\"name\":\"Wonen\",\"item\":\"https:\/\/www.calibereurope.com\/nl\/wonen\/\"},{\"@type\":\"ListItem\",\"position\":4,\"name\":\"SDA Klein huishoudelijk\",\"item\":\"https:\/\/www.calibereurope.com\/nl\/wonen\/huishoudelijke_apparaten\/\"},{\"@type\":\"ListItem\",\"position\":5,\"name\":\"Schnurloser Staubsauger 135W blau (VCH602BLBLUE 2:1)\"}]},{\"@type\":\"WebSite\",\"@id\":\"https:\/\/www.calibereurope.com\/nl\/#website\",\"url\":\"https:\/\/www.calibereurope.com\/nl\/\",\"name\":\"Caliber\",\"description\":\"Sounds good!\",\"publisher\":{\"@id\":\"https:\/\/www.calibereurope.com\/nl\/#organization\"},\"potentialAction\":[{\"@type\":\"SearchAction\",\"target\":{\"@type\":\"EntryPoint\",\"urlTemplate\":\"https:\/\/www.calibereurope.com\/nl\/?s={search_term_string}\"},\"query-input\":{\"@type\":\"PropertyValueSpecification\",\"valueRequired\":true,\"valueName\":\"search_term_string\"}}],\"inLanguage\":\"nl-NL\"},{\"@type\":\"Organization\",\"@id\":\"https:\/\/www.calibereurope.com\/nl\/#organization\",\"name\":\"Caliber Europe B.V.\",\"url\":\"https:\/\/www.calibereurope.com\/nl\/\",\"logo\":{\"@type\":\"ImageObject\",\"inLanguage\":\"nl-NL\",\"@id\":\"https:\/\/www.calibereurope.com\/nl\/#\/schema\/logo\/image\/\",\"url\":\"https:\/\/www.calibereurope.com\/wp-content\/uploads\/2019\/11\/Logo-Caliber-e1574846289621.png\",\"contentUrl\":\"https:\/\/www.calibereurope.com\/wp-content\/uploads\/2019\/11\/Logo-Caliber-e1574846289621.png\",\"width\":400,\"height\":69,\"caption\":\"Caliber Europe B.V.\"},\"image\":{\"@id\":\"https:\/\/www.calibereurope.com\/nl\/#\/schema\/logo\/image\/\"},\"sameAs\":[\"https:\/\/facebook.com\/CaliberEurope\/\",\"https:\/\/x.com\/calibereurope\",\"https:\/\/www.instagram.com\/calibereurope\/\"]}]}<\/script>\n<meta property=\"product:price:amount\" content=\"149.90\" \/>\n<meta property=\"product:price:currency\" content=\"EUR\" \/>\n<meta property=\"og:availability\" content=\"out of stock\" \/>\n<meta property=\"product:availability\" content=\"out of stock\" \/>\n<meta property=\"product:retailer_item_id\" content=\"VCH602BLBLUE 2:1\" \/>\n<meta property=\"product:condition\" content=\"new\" \/>\n<!-- \/ Yoast SEO plugin. -->","yoast_head_json":{"title":"Schnurloser Staubsauger 135W blau (VCH602BLBLUE 2:1) | Caliber","robots":{"index":"index","follow":"follow","max-snippet":"max-snippet:-1","max-image-preview":"max-image-preview:large","max-video-preview":"max-video-preview:-1"},"canonical":"https:\/\/www.calibereurope.com\/nl\/product\/vch602blblue-21-de_de\/","og_locale":"nl_NL","og_type":"article","og_title":"Schnurloser Staubsauger 135W blau (VCH602BLBLUE 2:1) | Caliber","og_description":"Ein Staubsauger ist ein Ger\u00e4t, ohne dass man sich den Alltag nur schwer vorstellen kann. Er ist ein ausgezeichneter Helfer bei der Hausreinigung, der wirksam Staub, Milben, Feinpartikel und andere Verunreinigungen aus Ihrer Umgebung entfernt und im Ger\u00e4t festh\u00e4lt. Das Modell VCH602 ist ein leistungsstarker kabelloser Standstaubsauger mit ausgezeichneter Energieeffizienz und hoher Saugleistung, der von [&hellip;]","og_url":"https:\/\/www.calibereurope.com\/nl\/product\/vch602blblue-21-de_de\/","og_site_name":"Caliber","article_publisher":"https:\/\/facebook.com\/CaliberEurope\/","article_modified_time":"2022-11-10T12:44:47+00:00","og_image":[{"width":1024,"height":768,"url":"https:\/\/www.calibereurope.com\/wp-content\/uploads\/2022\/05\/09511ace24ddbdf9770270d06e941cb829a5d820_VCH602BL-3.jpg","type":"image\/jpeg"}],"twitter_card":"summary_large_image","twitter_site":"@calibereurope","twitter_misc":{"Prijs":"149,90","Availability":"Out of stock"},"schema":{"@context":"https:\/\/schema.org","@graph":[{"@type":"WebPage","@id":"https:\/\/www.calibereurope.com\/nl\/product\/vch602blblue-21-de_de\/","url":"https:\/\/www.calibereurope.com\/nl\/product\/vch602blblue-21-de_de\/","name":"Schnurloser Staubsauger 135W blau (VCH602BLBLUE 2:1) | Caliber","isPartOf":{"@id":"https:\/\/www.calibereurope.com\/nl\/#website"},"primaryImageOfPage":{"@id":"https:\/\/www.calibereurope.com\/nl\/product\/vch602blblue-21-de_de\/#primaryimage"},"image":{"@id":"https:\/\/www.calibereurope.com\/nl\/product\/vch602blblue-21-de_de\/#primaryimage"},"thumbnailUrl":"https:\/\/www.calibereurope.com\/wp-content\/uploads\/2022\/05\/09511ace24ddbdf9770270d06e941cb829a5d820_VCH602BL-3.jpg","datePublished":"2022-05-23T00:00:00+00:00","dateModified":"2022-11-10T12:44:47+00:00","breadcrumb":{"@id":"https:\/\/www.calibereurope.com\/nl\/product\/vch602blblue-21-de_de\/#breadcrumb"},"inLanguage":"nl-NL","potentialAction":[{"@type":"ReadAction","target":["https:\/\/www.calibereurope.com\/nl\/product\/vch602blblue-21-de_de\/"]}]},{"@type":"ImageObject","inLanguage":"nl-NL","@id":"https:\/\/www.calibereurope.com\/nl\/product\/vch602blblue-21-de_de\/#primaryimage","url":"https:\/\/www.calibereurope.com\/wp-content\/uploads\/2022\/05\/09511ace24ddbdf9770270d06e941cb829a5d820_VCH602BL-3.jpg","contentUrl":"https:\/\/www.calibereurope.com\/wp-content\/uploads\/2022\/05\/09511ace24ddbdf9770270d06e941cb829a5d820_VCH602BL-3.jpg","width":1024,"height":768},{"@type":"BreadcrumbList","@id":"https:\/\/www.calibereurope.com\/nl\/product\/vch602blblue-21-de_de\/#breadcrumb","itemListElement":[{"@type":"ListItem","position":1,"name":"Home","item":"https:\/\/www.calibereurope.com\/nl\/"},{"@type":"ListItem","position":2,"name":"Webshop","item":"https:\/\/www.calibereurope.com\/nl\/webshop\/"},{"@type":"ListItem","position":3,"name":"Wonen","item":"https:\/\/www.calibereurope.com\/nl\/wonen\/"},{"@type":"ListItem","position":4,"name":"SDA Klein huishoudelijk","item":"https:\/\/www.calibereurope.com\/nl\/wonen\/huishoudelijke_apparaten\/"},{"@type":"ListItem","position":5,"name":"Schnurloser Staubsauger 135W blau (VCH602BLBLUE 2:1)"}]},{"@type":"WebSite","@id":"https:\/\/www.calibereurope.com\/nl\/#website","url":"https:\/\/www.calibereurope.com\/nl\/","name":"Caliber","description":"Sounds good!","publisher":{"@id":"https:\/\/www.calibereurope.com\/nl\/#organization"},"potentialAction":[{"@type":"SearchAction","target":{"@type":"EntryPoint","urlTemplate":"https:\/\/www.calibereurope.com\/nl\/?s={search_term_string}"},"query-input":{"@type":"PropertyValueSpecification","valueRequired":true,"valueName":"search_term_string"}}],"inLanguage":"nl-NL"},{"@type":"Organization","@id":"https:\/\/www.calibereurope.com\/nl\/#organization","name":"Caliber Europe B.V.","url":"https:\/\/www.calibereurope.com\/nl\/","logo":{"@type":"ImageObject","inLanguage":"nl-NL","@id":"https:\/\/www.calibereurope.com\/nl\/#\/schema\/logo\/image\/","url":"https:\/\/www.calibereurope.com\/wp-content\/uploads\/2019\/11\/Logo-Caliber-e1574846289621.png","contentUrl":"https:\/\/www.calibereurope.com\/wp-content\/uploads\/2019\/11\/Logo-Caliber-e1574846289621.png","width":400,"height":69,"caption":"Caliber Europe B.V."},"image":{"@id":"https:\/\/www.calibereurope.com\/nl\/#\/schema\/logo\/image\/"},"sameAs":["https:\/\/facebook.com\/CaliberEurope\/","https:\/\/x.com\/calibereurope","https:\/\/www.instagram.com\/calibereurope\/"]}]},"product_price_amount":"149.90","product_price_currency":"EUR","og_availability":"out of stock","product_availability":"out of stock","product_retailer_item_id":"VCH602BLBLUE 2:1","product_condition":"new"},"_links":{"self":[{"href":"https:\/\/www.calibereurope.com\/nl\/wp-json\/wp\/v2\/product\/622864","targetHints":{"allow":["GET"]}}],"collection":[{"href":"https:\/\/www.calibereurope.com\/nl\/wp-json\/wp\/v2\/product"}],"about":[{"href":"https:\/\/www.calibereurope.com\/nl\/wp-json\/wp\/v2\/types\/product"}],"replies":[{"embeddable":true,"href":"https:\/\/www.calibereurope.com\/nl\/wp-json\/wp\/v2\/comments?post=622864"}],"wp:featuredmedia":[{"embeddable":true,"href":"https:\/\/www.calibereurope.com\/nl\/wp-json\/wp\/v2\/media\/1240151"}],"wp:attachment":[{"href":"https:\/\/www.calibereurope.com\/nl\/wp-json\/wp\/v2\/media?parent=622864"}],"wp:term":[{"taxonomy":"product_brand","embeddable":true,"href":"https:\/\/www.calibereurope.com\/nl\/wp-json\/wp\/v2\/product_brand?post=622864"},{"taxonomy":"product_cat","embeddable":true,"href":"https:\/\/www.calibereurope.com\/nl\/wp-json\/wp\/v2\/product_cat?post=622864"},{"taxonomy":"product_tag","embeddable":true,"href":"https:\/\/www.calibereurope.com\/nl\/wp-json\/wp\/v2\/product_tag?post=622864"}],"curies":[{"name":"wp","href":"https:\/\/api.w.org\/{rel}","templated":true}]}}